{"id":28,"date":"2014-04-21T18:11:25","date_gmt":"2014-04-21T18:11:25","guid":{"rendered":"http:\/\/www.specijalna-olimpijada-hrvatske.hr\/?page_id=28"},"modified":"2026-04-22T14:44:49","modified_gmt":"2026-04-22T14:44:49","slug":"o-nama","status":"publish","type":"page","link":"https:\/\/pubweb.carnet.hr\/olimpijada-hr\/o-nama\/","title":{"rendered":"O nama"},"content":{"rendered":"<p><strong>Specijalna olimpijada Hrvatske<\/strong> je nacionalni sportski savez koji se bavi provo\u0111enjem specifi\u010dnih sportsko \u2013 rekreativnih aktivnosti osoba s intelektualnim o\u0161te\u0107enjima prema na\u010delima i pravilima <a href=\"http:\/\/www.specialolympics.org\/\">me\u0111unarodne organizacije Specijalne olimpijade<\/a> (eng. Special Olympics international) i propisa Republike Hrvatske koji ure\u0111uju pitanja sporta osoba s intelektualnim o\u0161te\u0107enjima.<\/p>\n<p>Osnovana je 22. travnja 1992. godine pod nazivom SPECIJALNA OLIMPIJADA HRVATSKE.<\/p>\n<p><strong>Specijalna olimpijada<\/strong> je me\u0111unarodna organizacija koja osobama s intelektualnim o\u0161te\u0107enjima daje priliku da ostvare svoj potencijal, razvijaju fizi\u010dke sposobnosti, poka\u017eu hrabrost, ali i radost zbog iskustva prijateljstva.<\/p>\n<p>Specijalnu olimpijadu 1968. osnovala je gospo\u0111a <a href=\"http:\/\/en.wikipedia.org\/wiki\/Eunice_Kennedy_Shriver\">Eunice Kennedy Shriver<\/a>.<\/p>\n<p>Specijalna olimpijada promi\u010de razumijevanje, prihva\u0107anje i integraciju ljudi sa i bez intelektualnih o\u0161te\u0107enja i to u vi\u0161e od 170 zemalja. Sudjelovanjem u SO programu osobe s intelektualnim o\u0161te\u0107enjima stje\u010du ve\u0107e samopouzdanje i bolju sliku o sebi. Kroz svoje aktivnosti rastu psihi\u010dki, duhovno i socijalno te pokazuju beskrajnu hrabrost i entuzijazam. Da bi se moglo sudjelovati u Specijalnoj olimpijadi treba imati najmanje 8 godina, od mjerodavnih organa biti identificiran kao osoba s intelektualnim o\u0161te\u0107enjima, ka\u0161njenjem kognitivnog razvoja ili zna\u010dajnim problemima u u\u010denju. U programu Specijalne olimpijade mogu sudjelovati svi pa i osobe s te\u0161kim invaliditetom kroz posebni program motori\u010dkih aktivnosti (MATP) koji nagla\u0161ava trening i sudjelovanje, a ne konkurenciju.<\/p>\n<p>Prisega sporta\u0161a Specijalne olimpijade glasi: \u201c<strong>Dopustite mi da pobijedim, ako ne pobijedim,\u00a0podr\u017eite me da\u00a0budem hrabar u poku\u0161aju.<\/strong>\u201c<\/p>\n","protected":false},"excerpt":{"rendered":"<p>Specijalna olimpijada Hrvatske je nacionalni sportski savez koji se bavi provo\u0111enjem specifi\u010dnih sportsko \u2013 rekreativnih aktivnosti osoba s intelektualnim o\u0161te\u0107enjima prema na\u010delima i pravilima me\u0111unarodne organizacije Specijalne olimpijade (eng. Special Olympics international) i propisa Republike Hrvatske koji ure\u0111uju pitanja sporta osoba s intelektualnim o\u0161te\u0107enjima. Osnovana je 22. travnja 1992. godine pod nazivom SPECIJALNA OLIMPIJADA HRVATSKE. [&hellip;]<\/p>\n","protected":false},"author":197,"featured_media":0,"parent":0,"menu_order":0,"comment_status":"closed","ping_status":"open","template":"","meta":{"footnotes":""},"class_list":["post-28","page","type-page","status-publish","hentry"],"_links":{"self":[{"href":"https:\/\/pubweb.carnet.hr\/olimpijada-hr\/wp-json\/wp\/v2\/pages\/28","targetHints":{"allow":["GET"]}}],"collection":[{"href":"https:\/\/pubweb.carnet.hr\/olimpijada-hr\/wp-json\/wp\/v2\/pages"}],"about":[{"href":"https:\/\/pubweb.carnet.hr\/olimpijada-hr\/wp-json\/wp\/v2\/types\/page"}],"author":[{"embeddable":true,"href":"https:\/\/pubweb.carnet.hr\/olimpijada-hr\/wp-json\/wp\/v2\/users\/197"}],"replies":[{"embeddable":true,"href":"https:\/\/pubweb.carnet.hr\/olimpijada-hr\/wp-json\/wp\/v2\/comments?post=28"}],"version-history":[{"count":2,"href":"https:\/\/pubweb.carnet.hr\/olimpijada-hr\/wp-json\/wp\/v2\/pages\/28\/revisions"}],"predecessor-version":[{"id":1870,"href":"https:\/\/pubweb.carnet.hr\/olimpijada-hr\/wp-json\/wp\/v2\/pages\/28\/revisions\/1870"}],"wp:attachment":[{"href":"https:\/\/pubweb.carnet.hr\/olimpijada-hr\/wp-json\/wp\/v2\/media?parent=28"}],"curies":[{"name":"wp","href":"https:\/\/api.w.org\/{rel}","templated":true}]}}