{"id":26,"date":"2014-04-21T18:09:21","date_gmt":"2014-04-21T18:09:21","guid":{"rendered":"http:\/\/www.specijalna-olimpijada-hrvatske.hr\/?page_id=26"},"modified":"2026-03-01T10:40:56","modified_gmt":"2026-03-01T10:40:56","slug":"kalendar","status":"publish","type":"page","link":"https:\/\/pubweb.carnet.hr\/olimpijada-hr\/kalendar\/","title":{"rendered":"Kalendar"},"content":{"rendered":"<p><a href=\"http:\/\/pubweb.carnet.hr\/olimpijada-hr\/wp-content\/uploads\/sites\/192\/2026\/03\/Kalendar-dogadanja-2026-SOH.pdf\">Kalendar doga\u0111anja 2026 SOH<\/a><\/p>\n<p><a href=\"http:\/\/pubweb.carnet.hr\/olimpijada-hr\/wp-content\/uploads\/sites\/192\/2024\/11\/Kalendar-doga\u0111anja-2025-SOH.pdf\">Kalendar doga\u0111anja 2025 SOH<\/a><\/p>\n<p><a href=\"http:\/\/pubweb.carnet.hr\/olimpijada-hr\/wp-content\/uploads\/sites\/192\/2024\/05\/Kalendar-doga\u0111anja-SOH-2024.pdf\">Kalendar doga\u0111anja SOH 2024<\/a><\/p>\n<p><a href=\"http:\/\/pubweb.carnet.hr\/olimpijada-hr\/wp-content\/uploads\/sites\/192\/2024\/01\/Kalendar-doga\u0111anja-2023-SOH.pdf\">Kalendar doga\u0111anja 2023 SOH<\/a><\/p>\n<p><a href=\"http:\/\/pubweb.carnet.hr\/olimpijada-hr\/wp-content\/uploads\/sites\/192\/2024\/01\/SOH-kalendar-doga\u0111anja-2022.pdf\">SOH kalendar doga\u0111anja 2022<\/a><\/p>\n<p><a href=\"http:\/\/pubweb.carnet.hr\/olimpijada-hr\/wp-content\/uploads\/sites\/192\/2024\/01\/SOH-kalendar-doga\u0111anja-2021.pdf\">SOH kalendar doga\u0111anja 2021<\/a><\/p>\n<p><a href=\"http:\/\/pubweb.carnet.hr\/olimpijada-hr\/wp-content\/uploads\/sites\/192\/2024\/01\/Kalendar-doga\u0111anja-2020.pdf\">Kalendar doga\u0111anja 2020<\/a><\/p>\n<p><a href=\"http:\/\/pubweb.carnet.hr\/olimpijada-hr\/kalendar\/kalendar-dogadanja-2019\/\" rel=\"attachment wp-att-872\">SOH kalendar doga\u0111anja 2019<\/a><\/p>\n<p><a href=\"http:\/\/pubweb.carnet.hr\/olimpijada-hr\/kalendar\/soh-kalendar-dogadanja-2018\/\" rel=\"attachment wp-att-742\">SOH kalendar doga\u0111anja 2018<\/a><\/p>\n<p><a href=\"http:\/\/pubweb.carnet.hr\/olimpijada-hr\/kalendar\/soh-kalendar-dogadanja-2017\/\" rel=\"attachment wp-att-674\">SOH kalendar doga\u0111anja 2017<\/a><\/p>\n<p><a href=\"http:\/\/pubweb.carnet.hr\/olimpijada-hr\/kalendar\/soh-kalendar-dogadanja-2016\/\" rel=\"attachment wp-att-673\">SOH kalendar doga\u0111anja 2016<\/a><\/p>\n<p><a href=\"http:\/\/pubweb.carnet.hr\/olimpijada-hr\/kalendar\/soh-kalendar-dogadanja-2015\/\" rel=\"attachment wp-att-676\">SOH kalendar doga\u0111anja 2015<\/a><\/p>\n","protected":false},"excerpt":{"rendered":"<p>Kalendar doga\u0111anja 2026 SOH Kalendar doga\u0111anja 2025 SOH Kalendar doga\u0111anja SOH 2024 Kalendar doga\u0111anja 2023 SOH SOH kalendar doga\u0111anja 2022 SOH kalendar doga\u0111anja 2021 Kalendar doga\u0111anja 2020 SOH kalendar doga\u0111anja 2019 SOH kalendar doga\u0111anja 2018 SOH kalendar doga\u0111anja 2017 SOH kalendar doga\u0111anja 2016 SOH kalendar doga\u0111anja 2015<\/p>\n","protected":false},"author":197,"featured_media":0,"parent":0,"menu_order":0,"comment_status":"closed","ping_status":"closed","template":"","meta":{"footnotes":""},"class_list":["post-26","page","type-page","status-publish","hentry"],"_links":{"self":[{"href":"https:\/\/pubweb.carnet.hr\/olimpijada-hr\/wp-json\/wp\/v2\/pages\/26","targetHints":{"allow":["GET"]}}],"collection":[{"href":"https:\/\/pubweb.carnet.hr\/olimpijada-hr\/wp-json\/wp\/v2\/pages"}],"about":[{"href":"https:\/\/pubweb.carnet.hr\/olimpijada-hr\/wp-json\/wp\/v2\/types\/page"}],"author":[{"embeddable":true,"href":"https:\/\/pubweb.carnet.hr\/olimpijada-hr\/wp-json\/wp\/v2\/users\/197"}],"replies":[{"embeddable":true,"href":"https:\/\/pubweb.carnet.hr\/olimpijada-hr\/wp-json\/wp\/v2\/comments?post=26"}],"version-history":[{"count":2,"href":"https:\/\/pubweb.carnet.hr\/olimpijada-hr\/wp-json\/wp\/v2\/pages\/26\/revisions"}],"predecessor-version":[{"id":1825,"href":"https:\/\/pubweb.carnet.hr\/olimpijada-hr\/wp-json\/wp\/v2\/pages\/26\/revisions\/1825"}],"wp:attachment":[{"href":"https:\/\/pubweb.carnet.hr\/olimpijada-hr\/wp-json\/wp\/v2\/media?parent=26"}],"curies":[{"name":"wp","href":"https:\/\/api.w.org\/{rel}","templated":true}]}}