{"id":92,"date":"2016-03-15T13:11:36","date_gmt":"2016-03-15T11:11:36","guid":{"rendered":"http:\/\/pubweb.carnet.hr\/minstrel\/?page_id=92"},"modified":"2017-02-06T20:16:57","modified_gmt":"2017-02-06T18:16:57","slug":"mmxvi-koncertni-ciklus-u-viteskoj-dvorani-druzbe-braca-hrvatskog-zmaja","status":"publish","type":"page","link":"https:\/\/pubweb.carnet.hr\/minstrel\/mmxvi-koncertni-ciklus-u-viteskoj-dvorani-druzbe-braca-hrvatskog-zmaja\/","title":{"rendered":"MMXVI. Ciklus koncerata u Vite\u0161koj dvorani 2016. g."},"content":{"rendered":"<p>KONCERTNI CIKLUS U VITE\u0160KOJ DVORANI<br \/>\nDru\u017ebe \u201eBra\u0107a Hrvatskog Zmaja\u201c<br \/>\nKamenita 3, Zagreb<\/p>\n<p style=\"text-align: center\"><strong>MMXVI. \u00a0<\/strong><\/p>\n<hr \/>\n<p style=\"text-align: left\">\n<hr \/>\n<ul>\n<li><strong>1. koncert ciklusa\u00a0<a href=\"http:\/\/pubweb.carnet.hr\/minstrel\/1-koncert-ciklusa-program\/\" target=\"_blank\">&#8220;Canzoni dall&#8217;amore di lontano&#8221;<\/a><\/strong><\/li>\n<\/ul>\n<p>ponedjeljak, 21. o\u017eujka 2016. u 20 sati<\/p>\n<ul>\n<li><strong>2. koncert ciklusa &#8220;Pisma o Kapspergeru&#8221;<\/strong><\/li>\n<\/ul>\n<p>subota,\u00a04.lipnja\u00a02016. u 20 sati<\/p>\n<hr \/>\n<ul>\n<li><strong>3. koncert ciklusa &#8220;Zlatno runo II &#8211; \u0161panjolski rani barok&#8221;<\/strong><\/li>\n<\/ul>\n<p>subota, 2.srpnja 2016. u 20 sati<\/p>\n<ul>\n<li><strong>4. koncert ciklusa &#8220;Monteverdi i Rossi kod Gonzaga&#8221;<\/strong><\/li>\n<\/ul>\n<p>subota, 15. listopada 2016. u 20h<\/p>\n<ul>\n<li><strong>5. koncert ciklusa &#8220;Hrvatska rana glazba&#8221;<\/strong><\/li>\n<\/ul>\n<p>petak, 9. prosinca 2016. u 20h<\/p>\n<p>&nbsp;<\/p>\n<p><em><strong>Zmajska dvorana<\/strong><\/em><\/p>\n<p>Dru\u017eba \u201eBra\u0107a Hrvatskog Zmaja\u201c. Dru\u017ebu \u201eBra\u0107a Hrvatskoga Zmaja\u201c su u Zagrebu utemeljili 16. studenoga 1905. godine Emilij pl. Laszowski i dr. Velimir De\u017eeli\u0107 st. sa \u017eeljom da ova izrazito hrvatska i domoljubna kulturna udruga bude potpuno slobodna od svake politi\u010dke stranke. Osebujno ime odabrano je po uzoru na Ordo equestris draconis (Red zmajskih vitezova) hrvatsko-ugarskog kralja Sigismunda, utemeljen 1408. u kojem su prvotno prete\u017eno bili Hrvati. Znakom Dru\u017ebe postao je zlatni zmaj zelenih krila koji \u010duva \u0161tit s povijesnim hrvatskim grbom, a za\u0161titnik je sv. Juraj Mu\u010denik, dok je Dru\u017ebino geslo Pro aris et focis Deo propitio (Za \u017ertvenike i ognji\u0161ta, s Bo\u017ejom pomo\u0107i). Prvo veliko djelo Dru\u017eba je ostvarila u Zagrebu spasiv\u0161i od ru\u0161enja jedan od simbola Zagreba, posljednja o\u010duvana gradska vrata podignuta sredinom XIII. stolje\u0107a, Kamenita vrata. Dru\u017eba je taj drevni objekt obnovila u vi\u0161e navrata: 1907., 1938., te nedavno, nakon obnove djelovanja. Kada je uspostavljena Republika Hrvatska, Dru\u017eba je obnovljena u Zagrebu 23. lipnja 1990. a sve\u010dano ponovo uspostavljena 16. studenog 1990. Sjedi\u0161te Dru\u017ebe ponovno se nalazi u Kuli nad Kamenitim vratima, koju je Dru\u017eba obnovila (1993.-1999.).<\/p>\n<p><strong><em>Ansambl za ranu glazbu Minstrel<\/em><\/strong><\/p>\n<p>Minstrel je bio srednjovjekovni pjesnik, pjeva\u010d, glazbenik. Putovao je od dvora do dvora, govorio, pjevao, svirao i zabavljao. Davne 1992. godine osnovan je Ansambl Minstrel s vizijom i misijom istra\u017eivanja i interpretacije rane glazbe; od rondeaua i virelaia, preko moteta i madrigala, do baletta, correnta i ciaccona. Udru\u017eeni dugogodi\u0161nje iskustvo \u010dlanova i ljubav prema vokalnim i instrumentalnim formama pro\u0161lih stolje\u0107a dovoljan su poticaj za nastavak putovanja kroz glazbene misli uhva\u0107ene u vremenu.<\/p>\n","protected":false},"excerpt":{"rendered":"<p>KONCERTNI CIKLUS U VITE\u0160KOJ DVORANI Dru\u017ebe \u201eBra\u0107a Hrvatskog Zmaja\u201c Kamenita 3, Zagreb MMXVI. \u00a0 1. koncert ciklusa\u00a0&#8220;Canzoni dall&#8217;amore di lontano&#8221; ponedjeljak, 21. o\u017eujka 2016. u 20 sati 2. koncert ciklusa &#8220;Pisma o Kapspergeru&#8221; subota,\u00a04.lipnja\u00a02016. u 20 sati 3. koncert ciklusa &#8220;Zlatno runo II &#8211; \u0161panjolski rani barok&#8221; subota, 2.srpnja 2016. u 20 sati 4. koncert <a href=\"https:\/\/pubweb.carnet.hr\/minstrel\/mmxvi-koncertni-ciklus-u-viteskoj-dvorani-druzbe-braca-hrvatskog-zmaja\/\" rel=\"nofollow\"><span class=\"sr-only\">Read more about MMXVI. Ciklus koncerata u Vite\u0161koj dvorani 2016. g.<\/span>[&hellip;]<\/a><\/p>\n","protected":false},"author":168,"featured_media":0,"parent":0,"menu_order":0,"comment_status":"closed","ping_status":"closed","template":"","meta":{"footnotes":""},"class_list":["post-92","page","type-page","status-publish","hentry"],"_links":{"self":[{"href":"https:\/\/pubweb.carnet.hr\/minstrel\/wp-json\/wp\/v2\/pages\/92","targetHints":{"allow":["GET"]}}],"collection":[{"href":"https:\/\/pubweb.carnet.hr\/minstrel\/wp-json\/wp\/v2\/pages"}],"about":[{"href":"https:\/\/pubweb.carnet.hr\/minstrel\/wp-json\/wp\/v2\/types\/page"}],"author":[{"embeddable":true,"href":"https:\/\/pubweb.carnet.hr\/minstrel\/wp-json\/wp\/v2\/users\/168"}],"replies":[{"embeddable":true,"href":"https:\/\/pubweb.carnet.hr\/minstrel\/wp-json\/wp\/v2\/comments?post=92"}],"version-history":[{"count":2,"href":"https:\/\/pubweb.carnet.hr\/minstrel\/wp-json\/wp\/v2\/pages\/92\/revisions"}],"predecessor-version":[{"id":256,"href":"https:\/\/pubweb.carnet.hr\/minstrel\/wp-json\/wp\/v2\/pages\/92\/revisions\/256"}],"wp:attachment":[{"href":"https:\/\/pubweb.carnet.hr\/minstrel\/wp-json\/wp\/v2\/media?parent=92"}],"curies":[{"name":"wp","href":"https:\/\/api.w.org\/{rel}","templated":true}]}}