{"id":55,"date":"2014-10-16T13:08:59","date_gmt":"2014-10-16T11:08:59","guid":{"rendered":"http:\/\/pubweb.carnet.hr\/minstrel\/?page_id=55"},"modified":"2018-11-21T02:00:12","modified_gmt":"2018-11-21T00:00:12","slug":"kontakt-2","status":"publish","type":"page","link":"https:\/\/pubweb.carnet.hr\/minstrel\/kontakt-2\/","title":{"rendered":"kontakt"},"content":{"rendered":"<p>Upi\u0161ite se na na\u0161u <strong><a title=\"mailing lista\" href=\"http:\/\/eepurl.com\/27yb1\" target=\"_blank\" rel=\"noopener\">mailing listu<\/a><\/strong> kako bi Vas mogli inforimirati<\/p>\n<p>__________________________<\/p>\n<p>Nazovite nas:<\/p>\n<p>Lada Magdaleni\u0107 Morpurgo &#8211; 098 99790 624<\/p>\n<p>Nenad Kosak &#8211; 098 569 628<\/p>\n<p>e-mail: <a title=\"e-mail\" href=\"mailto:ansamblminstrel@gmail.com\" target=\"_blank\" rel=\"noopener\">ansamblminstrel@gmail.com<\/a><\/p>\n<p><span style=\"text-decoration: underline\"><em>mailing adresa:<\/em><\/span><\/p>\n<p>Ansambl Minstrel<\/p>\n<p>Rapska 37\/1<\/p>\n<p>10000 Zagreb<\/p>\n","protected":false},"excerpt":{"rendered":"<p>Upi\u0161ite se na na\u0161u mailing listu kako bi Vas mogli inforimirati __________________________ Nazovite nas: Lada Magdaleni\u0107 Morpurgo &#8211; 098 99790 624 Nenad Kosak &#8211; 098 569 628 e-mail: ansamblminstrel@gmail.com mailing adresa: Ansambl Minstrel Rapska 37\/1 10000 Zagreb<\/p>\n","protected":false},"author":168,"featured_media":0,"parent":0,"menu_order":0,"comment_status":"closed","ping_status":"closed","template":"","meta":{"footnotes":""},"class_list":["post-55","page","type-page","status-publish","hentry"],"_links":{"self":[{"href":"https:\/\/pubweb.carnet.hr\/minstrel\/wp-json\/wp\/v2\/pages\/55","targetHints":{"allow":["GET"]}}],"collection":[{"href":"https:\/\/pubweb.carnet.hr\/minstrel\/wp-json\/wp\/v2\/pages"}],"about":[{"href":"https:\/\/pubweb.carnet.hr\/minstrel\/wp-json\/wp\/v2\/types\/page"}],"author":[{"embeddable":true,"href":"https:\/\/pubweb.carnet.hr\/minstrel\/wp-json\/wp\/v2\/users\/168"}],"replies":[{"embeddable":true,"href":"https:\/\/pubweb.carnet.hr\/minstrel\/wp-json\/wp\/v2\/comments?post=55"}],"version-history":[{"count":3,"href":"https:\/\/pubweb.carnet.hr\/minstrel\/wp-json\/wp\/v2\/pages\/55\/revisions"}],"predecessor-version":[{"id":400,"href":"https:\/\/pubweb.carnet.hr\/minstrel\/wp-json\/wp\/v2\/pages\/55\/revisions\/400"}],"wp:attachment":[{"href":"https:\/\/pubweb.carnet.hr\/minstrel\/wp-json\/wp\/v2\/media?parent=55"}],"curies":[{"name":"wp","href":"https:\/\/api.w.org\/{rel}","templated":true}]}}