{"id":280,"date":"2017-02-06T21:36:21","date_gmt":"2017-02-06T19:36:21","guid":{"rendered":"http:\/\/pubweb.carnet.hr\/minstrel\/?page_id=280"},"modified":"2017-02-06T21:43:42","modified_gmt":"2017-02-06T19:43:42","slug":"koncertni-ciklus-u-viteskoj-dvorani","status":"publish","type":"page","link":"https:\/\/pubweb.carnet.hr\/minstrel\/koncertni-ciklus-u-viteskoj-dvorani\/","title":{"rendered":"CIKLUS"},"content":{"rendered":"<p>MMXVII je ciklus koncerata rane glazbe u Vite\u0161koj dvorani Dru\u017ebe &#8220;Bra\u0107a Hrvatskog Zmaja&#8221;, Kamenita 3, u Zagrebu<\/p>\n<p>Drugi ciklus nam donosi <a href=\"http:\/\/pubweb.carnet.hr\/minstrel\/mmxvii-ciklus-koncerata-u-viteskoj-dvorani-2017\/\">4 programa<\/a> a po\u010dinje 18.3.2017. a zadnji koncert je 09.12.2017.<\/p>\n<p>Pro\u0161logodi\u0161njih 5 koncerata ciklusa <a href=\"http:\/\/pubweb.carnet.hr\/minstrel\/mmxvi-koncertni-ciklus-u-viteskoj-dvorani-druzbe-braca-hrvatskog-zmaja\/\">MMXVI<\/a> su \u00a0pro\u0161li na zadovoljstvo nas glazbenika kao i publike.<\/p>\n<p>Ulaznice i pretplata se mogu kupiti na ENTRIO.HR te na ulazu 1 sat prije po\u010detka svakog koncerta.<\/p>\n<p>Veselimo se novom ciklusu i vidimo se na koncertu<\/p>\n<p>Va\u0161 Minstrel<\/p>\n<p><img loading=\"lazy\" decoding=\"async\" class=\"wp-image-61 aligncenter\" src=\"http:\/\/pubweb.carnet.hr\/minstrel\/wp-content\/uploads\/sites\/165\/2014\/10\/logo_transp12.gif\" alt=\"\" width=\"201\" height=\"276\" \/><\/p>\n<p>&nbsp;<\/p>\n<p>&nbsp;<\/p>\n<p>&nbsp;<\/p>\n","protected":false},"excerpt":{"rendered":"<p>MMXVII je ciklus koncerata rane glazbe u Vite\u0161koj dvorani Dru\u017ebe &#8220;Bra\u0107a Hrvatskog Zmaja&#8221;, Kamenita 3, u Zagrebu Drugi ciklus nam donosi 4 programa a po\u010dinje 18.3.2017. a zadnji koncert je 09.12.2017. Pro\u0161logodi\u0161njih 5 koncerata ciklusa MMXVI su \u00a0pro\u0161li na zadovoljstvo nas glazbenika kao i publike. Ulaznice i pretplata se mogu kupiti na ENTRIO.HR te na <a href=\"https:\/\/pubweb.carnet.hr\/minstrel\/koncertni-ciklus-u-viteskoj-dvorani\/\" rel=\"nofollow\"><span class=\"sr-only\">Read more about CIKLUS<\/span>[&hellip;]<\/a><\/p>\n","protected":false},"author":168,"featured_media":0,"parent":0,"menu_order":0,"comment_status":"closed","ping_status":"closed","template":"","meta":{"footnotes":""},"class_list":["post-280","page","type-page","status-publish","hentry"],"_links":{"self":[{"href":"https:\/\/pubweb.carnet.hr\/minstrel\/wp-json\/wp\/v2\/pages\/280","targetHints":{"allow":["GET"]}}],"collection":[{"href":"https:\/\/pubweb.carnet.hr\/minstrel\/wp-json\/wp\/v2\/pages"}],"about":[{"href":"https:\/\/pubweb.carnet.hr\/minstrel\/wp-json\/wp\/v2\/types\/page"}],"author":[{"embeddable":true,"href":"https:\/\/pubweb.carnet.hr\/minstrel\/wp-json\/wp\/v2\/users\/168"}],"replies":[{"embeddable":true,"href":"https:\/\/pubweb.carnet.hr\/minstrel\/wp-json\/wp\/v2\/comments?post=280"}],"version-history":[{"count":2,"href":"https:\/\/pubweb.carnet.hr\/minstrel\/wp-json\/wp\/v2\/pages\/280\/revisions"}],"predecessor-version":[{"id":287,"href":"https:\/\/pubweb.carnet.hr\/minstrel\/wp-json\/wp\/v2\/pages\/280\/revisions\/287"}],"wp:attachment":[{"href":"https:\/\/pubweb.carnet.hr\/minstrel\/wp-json\/wp\/v2\/media?parent=280"}],"curies":[{"name":"wp","href":"https:\/\/api.w.org\/{rel}","templated":true}]}}