{"id":263,"date":"2017-02-06T20:46:53","date_gmt":"2017-02-06T18:46:53","guid":{"rendered":"http:\/\/pubweb.carnet.hr\/minstrel\/?page_id=263"},"modified":"2017-04-04T10:00:30","modified_gmt":"2017-04-04T08:00:30","slug":"mmxvii-1-koncert-18-3-2017-u-20h","status":"publish","type":"page","link":"https:\/\/pubweb.carnet.hr\/minstrel\/mmxvii-1-koncert-18-3-2017-u-20h\/","title":{"rendered":"MMXVII &#8211; 1. koncert &#8211; 18.3.2017. u 20h"},"content":{"rendered":"<h2>&#8220;Ve\u010der sa Johnom Dowlandom&#8221;<\/h2>\n<p>&nbsp;<\/p>\n<p><img loading=\"lazy\" decoding=\"async\" class=\"alignnone size-full wp-image-322\" src=\"http:\/\/pubweb.carnet.hr\/minstrel\/wp-content\/uploads\/sites\/165\/2017\/02\/20130427-Dverce_sa-Marom-Martinovicem-e1486421093894.jpeg\" alt=\"\" width=\"1280\" height=\"310\" srcset=\"https:\/\/pubweb.carnet.hr\/minstrel\/wp-content\/uploads\/sites\/165\/2017\/02\/20130427-Dverce_sa-Marom-Martinovicem-e1486421093894.jpeg 1280w, https:\/\/pubweb.carnet.hr\/minstrel\/wp-content\/uploads\/sites\/165\/2017\/02\/20130427-Dverce_sa-Marom-Martinovicem-e1486421093894-300x73.jpeg 300w, https:\/\/pubweb.carnet.hr\/minstrel\/wp-content\/uploads\/sites\/165\/2017\/02\/20130427-Dverce_sa-Marom-Martinovicem-e1486421093894-1024x248.jpeg 1024w\" sizes=\"auto, (max-width: 1280px) 100vw, 1280px\" \/><\/p>\n<p><span style=\"color: #808080\">izvo\u0111a\u010di:<\/span><\/p>\n<p><span style=\"color: #333333\">Ana Jembrek &#8211; <em>sopran<\/em><\/span><\/p>\n<h5><span style=\"color: #333333\">Sonja Runje &#8211; <em>alt<\/em><\/span><\/h5>\n<h5><span style=\"color: #333333\">Nenad Kosak \u2013 <em>tenor, blok flauta<\/em><\/span><\/h5>\n<h5><span style=\"color: #333333\">Goran Gr\u010di\u0107 &#8211; <em>tenor<\/em><\/span><\/h5>\n<h5><span style=\"color: #333333\">Boris Beus &#8211; <em>bas<\/em><\/span><\/h5>\n<h5><span style=\"color: #333333\">Lada Magdaleni\u0107 Morpurgo \u2013 <em>violina<\/em><\/span><\/h5>\n<h5><span style=\"color: #333333\">Ante Beno \u2013 <em>sopran v. da gamba, blok flauta<\/em><\/span><\/h5>\n<h5><span style=\"color: #333333\">Sebastian Sarapa \u2013<em> blok flauta<\/em><\/span><\/h5>\n<h5><span style=\"color: #333333\">Sandra Muni\u0107 \u2013 <em>alt v. da gamba, blok flauta<\/em><\/span><\/h5>\n<h5><span style=\"color: #333333\">Lea Su\u0161anj Lujo \u2013 <em>tenor bas v. da gamba<\/em><\/span><\/h5>\n<h5><span style=\"color: #333333\">Augustin Mr\u0161i\u0107 \u2013 <em>bas v. da gamba<br \/>\n<\/em><\/span><\/h5>\n<h5><span style=\"color: #333333\">Darko Karaji\u0107 \u2013 <em>teorba, lutnja<\/em><\/span><\/h5>\n<h5><span style=\"color: #333333\">Ema Stein &#8211; <em>lutnja<\/em><\/span><\/h5>\n<h5><span style=\"color: #333333\">Rupert \u010cunko\u00a0\u2013 <em>udaraljke<\/em><\/span><\/h5>\n<h5><span style=\"color: #333333\">Nik\u0161a Ku\u0161elj &#8211; <em>pripovjeda\u010d<\/em><\/span><\/h5>\n<h5><span style=\"color: #808080\">Program:<\/span><\/h5>\n<h5><span style=\"color: #808080\"><img loading=\"lazy\" decoding=\"async\" class=\"wp-image-266 alignright\" src=\"http:\/\/pubweb.carnet.hr\/minstrel\/wp-content\/uploads\/sites\/165\/2017\/02\/Dowland-e1486407214500.png\" alt=\"\" width=\"421\" height=\"274\" \/><\/span><\/h5>\n<ol>\n<li>Unqiet thoughts<\/li>\n<li>Stay time a while<\/li>\n<li>My Lord Willoughby&#8217;s Welcome home<\/li>\n<li>My thoughts are winged with hopes &#8211; Sir John Souch his Galiard<\/li>\n<li>Queen Elizabeth&#8217;s Galliard &#8211;\u00a0 King of Denmark&#8217;s galiard<\/li>\n<li>If my complaints &#8211; Capitane Dig. Galiard<\/li>\n<li>Wilt thou unkind thus reave me<\/li>\n<li>Earl of Essex galiard \u2013 Can she excause my wrongs<\/li>\n<li>Lachrimae Amantis<\/li>\n<li>Flow my tears &#8211; Lachrimae antique<\/li>\n<li>Now, o now &#8211; Frog galiard<\/li>\n<li>Fine knacks for ladies<\/li>\n<\/ol>\n","protected":false},"excerpt":{"rendered":"<p>&#8220;Ve\u010der sa Johnom Dowlandom&#8221; &nbsp; izvo\u0111a\u010di: Ana Jembrek &#8211; sopran Sonja Runje &#8211; alt Nenad Kosak \u2013 tenor, blok flauta Goran Gr\u010di\u0107 &#8211; tenor Boris Beus &#8211; bas Lada Magdaleni\u0107 Morpurgo \u2013 violina Ante Beno \u2013 sopran v. da gamba, blok flauta Sebastian Sarapa \u2013 blok flauta Sandra Muni\u0107 \u2013 alt v. da gamba, blok <a href=\"https:\/\/pubweb.carnet.hr\/minstrel\/mmxvii-1-koncert-18-3-2017-u-20h\/\" rel=\"nofollow\"><span class=\"sr-only\">Read more about MMXVII &#8211; 1. koncert &#8211; 18.3.2017. u 20h<\/span>[&hellip;]<\/a><\/p>\n","protected":false},"author":168,"featured_media":62,"parent":0,"menu_order":0,"comment_status":"closed","ping_status":"closed","template":"","meta":{"footnotes":""},"class_list":["post-263","page","type-page","status-publish","has-post-thumbnail","hentry"],"_links":{"self":[{"href":"https:\/\/pubweb.carnet.hr\/minstrel\/wp-json\/wp\/v2\/pages\/263","targetHints":{"allow":["GET"]}}],"collection":[{"href":"https:\/\/pubweb.carnet.hr\/minstrel\/wp-json\/wp\/v2\/pages"}],"about":[{"href":"https:\/\/pubweb.carnet.hr\/minstrel\/wp-json\/wp\/v2\/types\/page"}],"author":[{"embeddable":true,"href":"https:\/\/pubweb.carnet.hr\/minstrel\/wp-json\/wp\/v2\/users\/168"}],"replies":[{"embeddable":true,"href":"https:\/\/pubweb.carnet.hr\/minstrel\/wp-json\/wp\/v2\/comments?post=263"}],"version-history":[{"count":3,"href":"https:\/\/pubweb.carnet.hr\/minstrel\/wp-json\/wp\/v2\/pages\/263\/revisions"}],"predecessor-version":[{"id":386,"href":"https:\/\/pubweb.carnet.hr\/minstrel\/wp-json\/wp\/v2\/pages\/263\/revisions\/386"}],"wp:featuredmedia":[{"embeddable":true,"href":"https:\/\/pubweb.carnet.hr\/minstrel\/wp-json\/wp\/v2\/media\/62"}],"wp:attachment":[{"href":"https:\/\/pubweb.carnet.hr\/minstrel\/wp-json\/wp\/v2\/media?parent=263"}],"curies":[{"name":"wp","href":"https:\/\/api.w.org\/{rel}","templated":true}]}}