{"id":257,"date":"2017-02-06T20:22:00","date_gmt":"2017-02-06T18:22:00","guid":{"rendered":"http:\/\/pubweb.carnet.hr\/minstrel\/?page_id=257"},"modified":"2017-02-06T21:06:26","modified_gmt":"2017-02-06T19:06:26","slug":"mmxvii-ciklus-koncerata-u-viteskoj-dvorani-2017","status":"publish","type":"page","link":"https:\/\/pubweb.carnet.hr\/minstrel\/mmxvii-ciklus-koncerata-u-viteskoj-dvorani-2017\/","title":{"rendered":"MMXVII &#8211; Ciklus koncerata u Vite\u0161koj dvorani 2017."},"content":{"rendered":"<header class=\"entry-header\">\n<h2 class=\"entry-title\"><\/h2>\n<\/header>\n<div class=\"entry-content\">\n<p>Dvorana Dru\u017ebe \u201eBra\u0107a Hrvatskog Zmaja\u201c<br \/>\nKamenita 3, Zagreb<\/p>\n<hr \/>\n<hr \/>\n<ul>\n<li><strong>1. koncert ciklusa \u00a0<\/strong><strong>18.03.2017. \u2013 ususret Europskom danu rane glazbe<\/strong><strong><em>Ve\u010der s Johnom Dowlandom &#8211; <a href=\"http:\/\/pubweb.carnet.hr\/minstrel\/mmxvii-1-koncert-18-3-2017-u-20h\/\">program<\/a><\/em><\/strong><\/li>\n<\/ul>\n<p style=\"padding-left: 60px\">cjelove\u010dernji je koncert posve\u0107en engleskom skladatelju Johnu Dowlandu. Koncert se sastoji od govornih i glazbenih dijelova. U govornom dijelu pripovjeda\u010d izgovara stihove Dowladovih pjesama na hrvatskom jeziku i iznosi zanimljive pojedinosti o \u017eivotu i djelima Johna Dowlanda. Pri\u010du pripovjeda\u010da prate glazbeni dijelovi. U glazbenom dijelu programa izvode se vokalno \u2013 instrumentalne solo i vi\u0161eglasne skladbe, te instrumentalne skladbe Jonha Dowlanda pisane za consort viola ili solo lutnju<\/p>\n<ul>\n<li>.<strong>2. koncert ciklusa 03.06.2017. \u2013 Svjetski dan glazbe<\/strong><\/li>\n<\/ul>\n<p style=\"padding-left: 60px\">\u00a0Kao znak zahvale za obranu od Turaka, \u0161panjolski kralj Filip IV. odlikovao je Nikolu VII. \u0160ubi\u0107a Zrinskog Redom zlatnog runa. Na programu koncerta <strong><em>Zlatno runo III.<\/em><\/strong> nalaze se instrumentalna i vokalno \u2013 instrumentalna djela \u0161panjolskih skladatelja 16. i 17. stolje\u0107a. Nakon uspjeha Zlatnog runa I. (2013.) i Zlatnog runa II. (2016.), autori i izvo\u0111a\u010di programa odlu\u010dili su nastaviti istra\u017eivanje i izvo\u0111enje rane \u0161panjolske glazbe koja nije dovoljno poznata na\u0161oj publici.<\/p>\n<ul>\n<li><strong>3. koncert ciklusa01.10.2017. \u2013 Me\u0111unarodni dan glazbe<\/strong><\/li>\n<\/ul>\n<p style=\"padding-left: 60px\">Ponovno otkrivena ljepota i jednostavnost frottole, glazbenog oblika svjetovne i uglavnom talijanske pjesme s kraja 15. i po\u010detka 16. stolje\u0107a, publici \u0107e biti predstavljena kroz odabir djela trojice skladatelja koji su ostali zapam\u0107eni u povijesnom razvoju glazbe upravo po svojim frottolama. Koncert <strong><em>Frottola ritrovata<\/em><\/strong>, uz solo glas i pratnju consorta viola da gamba, potpomognuti lutnjom i udaraljkama, pribli\u017eit \u0107e nam vrijeme u kojem su stvarali Marchetto Cara, Bartolomeo Tromboncino i Andrija Motovunjanin.<\/p>\n<ul>\n<li><strong>4. koncert ciklusa09.12.2017. \u2013 bo\u017ei\u0107ni koncert hrvatske rane glazbe<\/strong><\/li>\n<\/ul>\n<p style=\"padding-left: 60px\">Bo\u017ei\u0107ni obi\u010daji obnavljaju niz ljudski vrijednosti, od \u010destitanja i darivanja do izmirenja zava\u0111enih, a glazba doprinosi ozra\u010dju radosti, sve\u010danosti, i obilja <em>na tom mladom letu. <\/em>Mnogi bo\u017ei\u0107ni obi\u010daji, a naro\u010dito glazbeni izri\u010daj, vjekovima su oblikovani pod utjecajem raznih naroda i njihovih tradicija. Osnovna ideja zajedni\u010dka je \u010ditavom kr\u0161\u0107anskom svijetu, a opet, svaka je sredina udahnula ne\u0161to svoga i tako je u\u010dinila prepoznatljivom. <strong><em>Kam Pavel putuje\u0161<\/em><\/strong> bo\u017ei\u0107ni je program koji prezentira zanimljiva i rijetko izvo\u0111ena glazbena djela hrvatskih skladatelja i skladatelja stranog podrijetla koji su djelovali na podru\u010djima Hrvatske.<\/p>\n<p style=\"padding-left: 30px\"><em><strong>Zmajska dvorana<img loading=\"lazy\" decoding=\"async\" class=\"size-full wp-image-272 alignright\" src=\"http:\/\/pubweb.carnet.hr\/minstrel\/wp-content\/uploads\/sites\/165\/2017\/02\/dbhz-logo-grb-230px.gif\" alt=\"\" width=\"246\" height=\"230\" \/><\/strong><\/em><\/p>\n<p style=\"padding-left: 60px\">Dru\u017eba \u201eBra\u0107a Hrvatskog Zmaja\u201c. Dru\u017ebu \u201eBra\u0107a Hrvatskoga Zmaja\u201c su u Zagrebu utemeljili 16. studenoga 1905. godine Emilij pl. Laszowski i dr. Velimir De\u017eeli\u0107 st. sa \u017eeljom da ova izrazito hrvatska i domoljubna kulturna udruga bude potpuno slobodna od svake politi\u010dke stranke. Osebujno ime odabrano je po uzoru na Ordo equestris draconis (Red zmajskih vitezova) hrvatsko-ugarskog kralja Sigismunda, utemeljen 1408. u kojem su prvotno prete\u017eno bili Hrvati. Znakom Dru\u017ebe postao je zlatni zmaj zelenih krila koji \u010duva \u0161tit s povijesnim hrvatskim grbom, a za\u0161titnik je sv. Juraj Mu\u010denik, dok je Dru\u017ebino geslo Pro aris et focis Deo propitio (Za \u017ertvenike i ognji\u0161ta, s Bo\u017ejom pomo\u0107i). Prvo veliko djelo Dru\u017eba je ostvarila u Zagrebu spasiv\u0161i od ru\u0161enja jedan od simbola Zagreba, posljednja o\u010duvana gradska vrata podignuta sredinom XIII. stolje\u0107a, Kamenita vrata. Dru\u017eba je taj drevni objekt obnovila u vi\u0161e navrata: 1907., 1938., te nedavno, nakon obnove djelovanja. Kada je uspostavljena Republika Hrvatska, Dru\u017eba je obnovljena u Zagrebu 23. lipnja 1990. a sve\u010dano ponovo uspostavljena 16. studenog 1990. Sjedi\u0161te Dru\u017ebe ponovno se nalazi u Kuli nad Kamenitim vratima, koju je Dru\u017eba obnovila (1993.-1999.).<\/p>\n<p><strong><em>Ansambl za ranu glazbu Minstrel<img loading=\"lazy\" decoding=\"async\" class=\" wp-image-68 alignright\" src=\"http:\/\/pubweb.carnet.hr\/minstrel\/wp-content\/uploads\/sites\/165\/2014\/11\/min-logo_crveni_mali-e1458005324749.jpg\" alt=\"\" width=\"138\" height=\"189\" \/><\/em><\/strong><\/p>\n<p style=\"padding-left: 90px\">Minstrel je bio srednjovjekovni pjesnik, pjeva\u010d, glazbenik. Putovao je od dvora do dvora, govorio, pjevao, svirao i zabavljao. Davne 1992. godine osnovan je Ansambl Minstrel s vizijom i misijom istra\u017eivanja i interpretacije rane glazbe; od rondeaua i\u00a0virelaia, preko moteta i madrigala, do baletta, correnta i ciaccona. Udru\u017eeni dugogodi\u0161nje iskustvo \u010dlanova i ljubav prema vokalnim i instrumentalnim formama pro\u0161lih stolje\u0107a dovoljan su poticaj za nastavak putovanja kroz glazbene misli uhva\u0107ene u vremenu.<\/p>\n<\/div>\n","protected":false},"excerpt":{"rendered":"<p>Dvorana Dru\u017ebe \u201eBra\u0107a Hrvatskog Zmaja\u201c Kamenita 3, Zagreb 1. koncert ciklusa \u00a018.03.2017. \u2013 ususret Europskom danu rane glazbeVe\u010der s Johnom Dowlandom &#8211; program cjelove\u010dernji je koncert posve\u0107en engleskom skladatelju Johnu Dowlandu. Koncert se sastoji od govornih i glazbenih dijelova. U govornom dijelu pripovjeda\u010d izgovara stihove Dowladovih pjesama na hrvatskom jeziku i iznosi zanimljive pojedinosti o <a href=\"https:\/\/pubweb.carnet.hr\/minstrel\/mmxvii-ciklus-koncerata-u-viteskoj-dvorani-2017\/\" rel=\"nofollow\"><span class=\"sr-only\">Read more about MMXVII &#8211; Ciklus koncerata u Vite\u0161koj dvorani 2017.<\/span>[&hellip;]<\/a><\/p>\n","protected":false},"author":168,"featured_media":0,"parent":0,"menu_order":0,"comment_status":"closed","ping_status":"closed","template":"","meta":{"footnotes":""},"class_list":["post-257","page","type-page","status-publish","hentry"],"_links":{"self":[{"href":"https:\/\/pubweb.carnet.hr\/minstrel\/wp-json\/wp\/v2\/pages\/257","targetHints":{"allow":["GET"]}}],"collection":[{"href":"https:\/\/pubweb.carnet.hr\/minstrel\/wp-json\/wp\/v2\/pages"}],"about":[{"href":"https:\/\/pubweb.carnet.hr\/minstrel\/wp-json\/wp\/v2\/types\/page"}],"author":[{"embeddable":true,"href":"https:\/\/pubweb.carnet.hr\/minstrel\/wp-json\/wp\/v2\/users\/168"}],"replies":[{"embeddable":true,"href":"https:\/\/pubweb.carnet.hr\/minstrel\/wp-json\/wp\/v2\/comments?post=257"}],"version-history":[{"count":2,"href":"https:\/\/pubweb.carnet.hr\/minstrel\/wp-json\/wp\/v2\/pages\/257\/revisions"}],"predecessor-version":[{"id":273,"href":"https:\/\/pubweb.carnet.hr\/minstrel\/wp-json\/wp\/v2\/pages\/257\/revisions\/273"}],"wp:attachment":[{"href":"https:\/\/pubweb.carnet.hr\/minstrel\/wp-json\/wp\/v2\/media?parent=257"}],"curies":[{"name":"wp","href":"https:\/\/api.w.org\/{rel}","templated":true}]}}