{"id":166,"date":"2016-03-24T21:44:10","date_gmt":"2016-03-24T19:44:10","guid":{"rendered":"http:\/\/pubweb.carnet.hr\/minstrel\/?page_id=166"},"modified":"2017-02-06T20:47:44","modified_gmt":"2017-02-06T18:47:44","slug":"1-koncert-ciklusa-program","status":"publish","type":"page","link":"https:\/\/pubweb.carnet.hr\/minstrel\/1-koncert-ciklusa-program\/","title":{"rendered":"MMXVI &#8211; 1. koncert 21.3.2016."},"content":{"rendered":"<ol>\n<li><strong>koncert ciklusa MMXVI ; \u201cCanzoni dall\u2019amore di lontano\u201d<\/strong><\/li>\n<\/ol>\n<p>ponedjeljak, 21. o\u017eujka 2016. u 20 sati<\/p>\n<p>&nbsp;<\/p>\n<p><em><b>program<\/b><\/em><\/p>\n<p><strong>Antonio Scandello<\/strong>: Bona sera, come stai cor mio<\/p>\n<p><strong>Biagio Marini<\/strong>: Hor che lungi\/Amante lontano<\/p>\n<p>*<\/p>\n<p><strong>Giovanni G. Kapsperger<\/strong>: Ballo secondo\/Gagliarda\/Corrente<\/p>\n<p><strong>Giovanni G. Kapsperger<\/strong>: Alla luce<\/p>\n<p><strong>Marco Uccellini<\/strong>: Aria sopra la Bergamasca<\/p>\n<p>*<\/p>\n<p><strong>Giovanni G. Kapsperger<\/strong>: O fronte serena<\/p>\n<p><strong>Biagio Marini<\/strong>: La Cominciola<\/p>\n<p><strong>Giovanni G. Kapsperger<\/strong>: Che fai tu<\/p>\n<p>*<\/p>\n<p><strong>Fillipo Azzaiollo<\/strong>: Chi passa per\u2019sta strada<\/p>\n<p><strong>Falconieri\/C. Monteverdi\/V. Calestani<\/strong>: Ciaccona\/Damigella tutta bella<\/p>\n<p><strong>\u00a0<\/strong><\/p>\n<p><strong>Vesna Matana Mati\u0107<\/strong> \u2013 sopran; <strong>Goran Gr\u010di\u0107<\/strong> \u2013 tenor; <strong>Nenad Kosak<\/strong> \u2013 tenor; <strong>Tomislav Vlahutin<\/strong> \u2013 bas; <strong>Sandra Muni\u0107<\/strong> \u2013 \u010dembalo, viola da gamba; <strong>Lada Magdaleni\u0107 Morpurgo<\/strong> \u2013 rebec, vielle, violina, <strong>Lea Su\u0161anj Lujo<\/strong> \u2013 violon\u010delo, viola da gamba,<strong>Kaja Farszky<\/strong> \u2013 udaraljke; <strong>Pedro Abreu<\/strong> \u2013 vihuela; <strong>Ante Beno<\/strong> \u2013 blokflauta, viola da gamba.<\/p>\n<p>&nbsp;<\/p>\n<p><span style=\"color: #800000\"><em>Ona je veselje, sre\u0107a, u\u017eitak, naslada. Ona je tako slatka vatra i ugodna om\u010da, velika ogrlica oko srca. Ona nam zadaje najve\u0107e patnje i radosti. Ona je Ljubav. I njoj su posve\u0107ene bezvremenske melodije i tekstovi. Kraljevi i prosjaci imaju istu potrebu. U potpunom transu progovaraju, sviraju i pjevaju o Njoj. O o\u010dima, usnama, osmjesima, kosama, rukama, pogledima \u2026 i op\u010dinjeni o\u010dekuju znak nade i uzvrat osje\u0107aja. Spremni su za let u bezazlene zore, osje\u0107aju kako \u0107e presko\u010diti svaku mre\u017eu i napokon pro\u0107i ispod slavoluka. Ako je ljubav neuzvra\u0107ena, nada postaje ljuta prijetnja, doziva se crna ptica no\u0107i, jadima nema utjehe. Ljubav udru\u017eena sa sudbinom postaje kobna i zbunjeno uzvikuje: \u201e\u0160to radi\u0161 tako daleko od mene? Bez tebe vi\u0161e ne mogu izdr\u017eati.\u201c<\/em><\/span><\/p>\n<p><span style=\"color: #800000\"><em>Vrata ljubavnog oltara zaklju\u010dana su, a klju\u010dari su raznoliki osje\u0107aji. U njezine odaje lako se ulazi, a te\u0161ko izlazi. Klju\u010dari, oni neuzvra\u0107eni osje\u0107aji, mogu stvoriti bol i patnju. Podsjetiti nas kako uz ljubav moraju i\u0107i bol i patnja jer samo tako mo\u017eemo nau\u010diti cijeniti \u0161to imamo.<\/em><\/span><\/p>\n<p><span style=\"color: #800000\"><em>Pri\u010da o Ljubavi: \u201eBio jednom jedan otok na kojem su \u017eivjeli svi osje\u0107aji i ljudske vrijednosti : Dobra Volja, Tuga, Ponos, Znanje \u2026 me\u0111u njima i Ljubav. Jednog su dana shvatili da \u0107e njihov otok potonuti , te su pripremili svoje brodove kako bi ga napustili . Jedino je Ljubav \u017eeljela ostati do posljednjeg trenutka. Kada je otok bio tren do potonu\u0107a, Ljubav je odlu\u010dila tra\u017eiti pomo\u0107 \u2026\u201c<\/em><\/span><\/p>\n","protected":false},"excerpt":{"rendered":"<p>koncert ciklusa MMXVI ; \u201cCanzoni dall\u2019amore di lontano\u201d ponedjeljak, 21. o\u017eujka 2016. u 20 sati &nbsp; program Antonio Scandello: Bona sera, come stai cor mio Biagio Marini: Hor che lungi\/Amante lontano * Giovanni G. Kapsperger: Ballo secondo\/Gagliarda\/Corrente Giovanni G. Kapsperger: Alla luce Marco Uccellini: Aria sopra la Bergamasca * Giovanni G. Kapsperger: O fronte serena <a href=\"https:\/\/pubweb.carnet.hr\/minstrel\/1-koncert-ciklusa-program\/\" rel=\"nofollow\"><span class=\"sr-only\">Read more about MMXVI &#8211; 1. koncert 21.3.2016.<\/span>[&hellip;]<\/a><\/p>\n","protected":false},"author":168,"featured_media":0,"parent":0,"menu_order":0,"comment_status":"closed","ping_status":"closed","template":"","meta":{"footnotes":""},"class_list":["post-166","page","type-page","status-publish","hentry"],"_links":{"self":[{"href":"https:\/\/pubweb.carnet.hr\/minstrel\/wp-json\/wp\/v2\/pages\/166","targetHints":{"allow":["GET"]}}],"collection":[{"href":"https:\/\/pubweb.carnet.hr\/minstrel\/wp-json\/wp\/v2\/pages"}],"about":[{"href":"https:\/\/pubweb.carnet.hr\/minstrel\/wp-json\/wp\/v2\/types\/page"}],"author":[{"embeddable":true,"href":"https:\/\/pubweb.carnet.hr\/minstrel\/wp-json\/wp\/v2\/users\/168"}],"replies":[{"embeddable":true,"href":"https:\/\/pubweb.carnet.hr\/minstrel\/wp-json\/wp\/v2\/comments?post=166"}],"version-history":[{"count":3,"href":"https:\/\/pubweb.carnet.hr\/minstrel\/wp-json\/wp\/v2\/pages\/166\/revisions"}],"predecessor-version":[{"id":265,"href":"https:\/\/pubweb.carnet.hr\/minstrel\/wp-json\/wp\/v2\/pages\/166\/revisions\/265"}],"wp:attachment":[{"href":"https:\/\/pubweb.carnet.hr\/minstrel\/wp-json\/wp\/v2\/media?parent=166"}],"curies":[{"name":"wp","href":"https:\/\/api.w.org\/{rel}","templated":true}]}}