{"id":11,"date":"2014-10-14T15:33:21","date_gmt":"2014-10-14T13:33:21","guid":{"rendered":"http:\/\/pubweb.carnet.hr\/minstrel\/?page_id=11"},"modified":"2016-06-05T20:49:24","modified_gmt":"2016-06-05T18:49:24","slug":"bio","status":"publish","type":"page","link":"https:\/\/pubweb.carnet.hr\/minstrel\/bio\/","title":{"rendered":"o nama"},"content":{"rendered":"<p><strong>Ansambl za ranu glazbu &#8220;MINSTREL&#8221;<\/strong>, je vokalno-instrumentalni ansambl koji se bavi izvo\u0111enjem srednjevjekovne i renesansne glazbe i nastupa u renesansnim kostimima, a izvodi i renesansne plesove, \u010desto se pojavljuje na manifestacijama poput vite\u0161kih turnira, na srednjevjekovnim domjencima, na sajmovima. U crkvama i koncertnim prostorima izvodi duhovne skladbe srednjeg vijeka, renesanse i ranog baroka te izvodi samostalne koncerte sa bo\u017ei\u0107nim programom.<\/p>\n<p>Djeluju\u0107i ve\u0107 du\u017ei niz\u00a0 godina ( od 1992. ), ansambl je dobio brojne dobre kritike u Hrvatskoj i u inozemstvu.<\/p>\n<p>Ansambl je odabrao ime MINSTREL (svira\u010d, pjeva\u010d i zabavlja\u010d na srednjovjekovnom engleskom dvoru), jer \u017eeli publici na takav na\u010din pribli\u017eiti najljep\u0161e skladbe rane glazbe.<\/p>\n<p>Te\u017enja ansambla je da pored vrhunskih europskih skladatelja (Dowland,\u00a0 Attaignant, Farmer, Susato, Arbeau&#8230;) predstavi slu\u0161ateljstvu rijetko izvo\u0111ena glazbena dostignu\u0107a hrvatskih autora toga vremena i stranih skladatelja koji su djelovali na na\u0161oj obali (djela Vinka Komnena, Julija Skjaveti\u0107a, Tomasa Cecchinija, Vinka Jeli\u0107a, Ivana Luka\u010di\u0107a, Lamberta Courtoysa&#8230;) te na taj na\u010dini educira doma\u0107u i stranu publiku i pribli\u017ei joj djela na\u0161e rane glazbene ba\u0161tine.<\/p>\n<p>Osim koncerata duhovne i svjetovne rane glazbe, ansambl prire\u0111uje i edukativne koncerte za djecu osnovnih i srednjih \u0161kola u kojima kroz govorne dijelove predstavljaju pri\u010de o \u017eivotu i radu ljudi u vrijeme renesanse.<\/p>\n<p>Minstrel je 2013. g\u00a0 pokrenuo\u00a0 Festival rane glazbe u Zagrebu \u201cCrna kraljica\u201d.<\/p>\n<ul>\n<li><em>snimanja;<\/em><\/li>\n<\/ul>\n<ol>\n<li>&#8211; CD &#8220;Dobrodo\u0161li u renesansu&#8221; \u2013 europski skladatelji ( izd. MENART )<\/li>\n<li>\u2013 CD \u201cVaghe ninfe\u201d \u2013 hrvatska rana glazba ( izd. Minstrel )<\/li>\n<\/ol>\n<p>HTV &#8211; \u00a0Filmska pri\u010da &#8220;San&#8221; .<\/p>\n<p>glazba za predstavu \u201cDundo Maroje\u201d Dramskog kazali\u0161ta \u201cGavella\u201d ( izvo\u0111eno na DLJI )<\/p>\n<ul>\n<li><em>Zna\u010dajniji nastupi;<\/em><\/li>\n<\/ul>\n<ul>\n<li>\u201cGri\u010dke ve\u010deri\u201d, &#8220;Pasionska ba\u0161tina&#8221;,<\/li>\n<li>Dubrova\u010dke ljetne igre, Ljetni Festival Rovinj,Ve\u010deri sv. Donata, Kr\u010dki festival, Idriart festival, \u00a0Gospi\u0107ki festival, \u201cGiostra\u201d,Engleska (London i York ), Francuska (\u00a0 Lyon, Tarare i Les Sauvages ), Finska ( Tampere ), Rumunjska ( Sibiu i Brasov ), Austrija ( Gussing ) u Sloveniji (na srednjevjekovnoj sve\u010danosti &#8220;Venerina pot&#8221; u \u0160kofjoj Loki I renesasnom festivalu na Ljubljanskom Gradu )<\/li>\n<\/ul>\n<ul>\n<li>Zagreba\u010dki prostori; KD &#8220;V.Lisinski&#8221;, HGZ, Mimara, Dverce, Povjesni muzej, Galerija SC, Ilirska dvorana;<\/li>\n<\/ul>\n<p>&nbsp;<\/p>\n","protected":false},"excerpt":{"rendered":"<p>Ansambl za ranu glazbu &#8220;MINSTREL&#8221;, je vokalno-instrumentalni ansambl koji se bavi izvo\u0111enjem srednjevjekovne i renesansne glazbe i nastupa u renesansnim kostimima, a izvodi i renesansne plesove, \u010desto se pojavljuje na manifestacijama poput vite\u0161kih turnira, na srednjevjekovnim domjencima, na sajmovima. U crkvama i koncertnim prostorima izvodi duhovne skladbe srednjeg vijeka, renesanse i ranog baroka te izvodi <a href=\"https:\/\/pubweb.carnet.hr\/minstrel\/bio\/\" rel=\"nofollow\"><span class=\"sr-only\">Read more about o nama<\/span>[&hellip;]<\/a><\/p>\n","protected":false},"author":168,"featured_media":61,"parent":0,"menu_order":0,"comment_status":"closed","ping_status":"closed","template":"","meta":{"footnotes":""},"class_list":["post-11","page","type-page","status-publish","has-post-thumbnail","hentry"],"_links":{"self":[{"href":"https:\/\/pubweb.carnet.hr\/minstrel\/wp-json\/wp\/v2\/pages\/11","targetHints":{"allow":["GET"]}}],"collection":[{"href":"https:\/\/pubweb.carnet.hr\/minstrel\/wp-json\/wp\/v2\/pages"}],"about":[{"href":"https:\/\/pubweb.carnet.hr\/minstrel\/wp-json\/wp\/v2\/types\/page"}],"author":[{"embeddable":true,"href":"https:\/\/pubweb.carnet.hr\/minstrel\/wp-json\/wp\/v2\/users\/168"}],"replies":[{"embeddable":true,"href":"https:\/\/pubweb.carnet.hr\/minstrel\/wp-json\/wp\/v2\/comments?post=11"}],"version-history":[{"count":2,"href":"https:\/\/pubweb.carnet.hr\/minstrel\/wp-json\/wp\/v2\/pages\/11\/revisions"}],"predecessor-version":[{"id":247,"href":"https:\/\/pubweb.carnet.hr\/minstrel\/wp-json\/wp\/v2\/pages\/11\/revisions\/247"}],"wp:featuredmedia":[{"embeddable":true,"href":"https:\/\/pubweb.carnet.hr\/minstrel\/wp-json\/wp\/v2\/media\/61"}],"wp:attachment":[{"href":"https:\/\/pubweb.carnet.hr\/minstrel\/wp-json\/wp\/v2\/media?parent=11"}],"curies":[{"name":"wp","href":"https:\/\/api.w.org\/{rel}","templated":true}]}}