{"id":927,"date":"2025-02-26T17:55:33","date_gmt":"2025-02-26T17:55:33","guid":{"rendered":"http:\/\/pubweb.carnet.hr\/matica\/?page_id=927"},"modified":"2026-03-26T19:03:08","modified_gmt":"2026-03-26T19:03:08","slug":"financijsko-izvjesce-za-2017","status":"publish","type":"page","link":"https:\/\/pubweb.carnet.hr\/matica\/financijsko-izvjesce-za-2017\/","title":{"rendered":"FINANCIJSKA  IZVJE\u0160\u0106A"},"content":{"rendered":"<h3><em>2025. godina<\/em><\/h3>\n<h3><\/h3>\n<p class=\"wp-block-file\"><a id=\"wp-block-file--media-d138ca73-9915-4699-a57e-3e520af43925\" href=\"http:\/\/pubweb.carnet.hr\/matica\/wp-content\/uploads\/sites\/132\/2026\/03\/PCELE-25.xls\"><strong>PCELE-25<\/strong><\/a><\/p>\n<h3><\/h3>\n<h3><em>2024. godina<\/em><\/h3>\n<h3><a href=\"http:\/\/pubweb.carnet.hr\/matica\/wp-content\/uploads\/sites\/132\/2025\/08\/Financijski-izzvje\u0161taj-knjigovodstva-za-2024.xlsx\">Financijski izvje\u0161taj knjigovodstva za 2024<\/a><\/h3>\n<h3><em><strong>2023. godina<\/strong><\/em><\/h3>\n<h3><a href=\"http:\/\/pubweb.carnet.hr\/matica\/wp-content\/uploads\/sites\/132\/2024\/02\/Kopija-23-P\u010cELE.xls\"> Financijsko izvje\u0161\u0107e za 2023. g. <\/a><\/h3>\n<h3><em><strong>2022. godina<\/strong><\/em><\/h3>\n<p><a href=\"http:\/\/pubweb.carnet.hr\/matica\/wp-content\/uploads\/sites\/132\/2023\/02\/Kopija-P\u010cELE-22-2.xls\">Financijsko izvje\u0161\u0107e 2022.g.<\/a><\/p>\n<h3><em><strong>2021. godina<\/strong><\/em><\/h3>\n<p><a href=\"http:\/\/pubweb.carnet.hr\/matica\/wp-content\/uploads\/sites\/132\/2022\/04\/Kopija-PCELE-2021-final.xls\">Financijsko izvje\u0161\u0107e\u00a0 2021.g.<\/a><\/p>\n<h3><em><strong>2020. godina<\/strong><\/em><\/h3>\n<h4><a href=\"http:\/\/pubweb.carnet.hr\/matica\/wp-content\/uploads\/sites\/132\/2021\/03\/Financijsko-izvje\u0161\u0107e-2020.g..xls\">Financijsko izvje\u0161\u0107e 2020.g.<\/a><\/h4>\n<p><a href=\"http:\/\/pubweb.carnet.hr\/matica\/wp-content\/uploads\/sites\/132\/2021\/03\/Bilje\u0161ke-uz-financijsko-izvje\u0161\u0107e-2020.g..pdf\">Bilje\u0161ke uz financijsko izvje\u0161\u0107e 2020.g<\/a><\/p>\n<h4><em><strong>2019. godina<br \/><\/strong><\/em><a href=\"http:\/\/pubweb.carnet.hr\/matica\/wp-content\/uploads\/sites\/132\/2020\/04\/Maticari-financijski-1od-FINA-e-za-20200226.pdf\">\u00a0Financijsko izvje\u0161\u0107e (1) <\/a><br \/><a href=\"http:\/\/pubweb.carnet.hr\/matica\/wp-content\/uploads\/sites\/132\/2020\/04\/Maticari-financijski-2od-FINA-e-za-20200226.pdf\">Financijsko izvje\u0161\u0107e (2)<\/a><\/h4>\n<h3><em><strong>2018. godina<\/strong><\/em><\/h3>\n<p><a href=\"http:\/\/pubweb.carnet.hr\/matica\/wp-content\/uploads\/sites\/132\/2019\/03\/FINA.pdf\">Pozvrda &#8211; FINA<\/a><br \/><a href=\"http:\/\/pubweb.carnet.hr\/matica\/wp-content\/uploads\/sites\/132\/2019\/03\/Financijsko-izvje\u0161\u0107e-1.pdf\">Financijsko izvje\u0161\u0107e 1<\/a><br \/><a href=\"http:\/\/pubweb.carnet.hr\/matica\/wp-content\/uploads\/sites\/132\/2019\/03\/Financijsko-izvje\u0161\u0107e-2.pdf\">Financijsko izvje\u0161\u0107e 2<\/a><br \/><a href=\"http:\/\/pubweb.carnet.hr\/matica\/wp-content\/uploads\/sites\/132\/2019\/03\/BILJE\u0160KE-2018.docx\">BILJE\u0160KE 2018<\/a><\/p>\n<h3><em><strong>2017. godina<br \/><\/strong><\/em><a href=\"http:\/\/pubweb.carnet.hr\/matica\/wp-content\/uploads\/sites\/132\/2018\/02\/Potvrda-FINA-2017.pdf\" target=\"_blank\" rel=\"noopener\">Potvrda-FINA-2017<br \/><\/a><a href=\"http:\/\/pubweb.carnet.hr\/matica\/wp-content\/uploads\/sites\/132\/2018\/02\/Financijski-izvje\u0161taj-2017.-1.pdf\" target=\"_blank\" rel=\"noopener\">Financijski izvje\u0161taj 2017.-1<\/a><br \/><a href=\"http:\/\/pubweb.carnet.hr\/matica\/wp-content\/uploads\/sites\/132\/2018\/02\/Financijski-izvje\u0161taj-2017.-2.pdf\" target=\"_blank\" rel=\"noopener\">Financijski izvje\u0161taj 2017.-2<br \/><\/a><a href=\"http:\/\/pubweb.carnet.hr\/matica\/wp-content\/uploads\/sites\/132\/2018\/02\/BILJE\u0160KE-1.pdf\" target=\"_blank\" rel=\"noopener\">BILJE\u0160KE 1<\/a><\/h3>\n<p><a href=\"http:\/\/pubweb.carnet.hr\/matica\/wp-content\/uploads\/sites\/132\/2021\/03\/Bilje\u0161ke-uz-financijsko-izvje\u0161\u0107e-2020.g..pdf\">.<\/a><\/p>\n\n\n<figure class=\"wp-block-gallery has-nested-images columns-default is-cropped wp-block-gallery-1 is-layout-flex wp-block-gallery-is-layout-flex\"><\/figure>\n\n\n\n\n\n<p><\/p>\n","protected":false},"excerpt":{"rendered":"<p>2025. godina 2024. godina Financijski izvje\u0161taj knjigovodstva za 2024 2023. godina Financijsko izvje\u0161\u0107e za 2023. g. 2022. godina Financijsko izvje\u0161\u0107e 2022.g. 2021. godina Financijsko izvje\u0161\u0107e\u00a0 2021.g. 2020. godina Financijsko izvje\u0161\u0107e 2020.g. Bilje\u0161ke uz financijsko izvje\u0161\u0107e 2020.g 2019. godina\u00a0Financijsko izvje\u0161\u0107e (1) Financijsko izvje\u0161\u0107e (2) 2018. godina Pozvrda &#8211; FINAFinancijsko izvje\u0161\u0107e 1Financijsko izvje\u0161\u0107e 2BILJE\u0160KE 2018 2017. godinaPotvrda-FINA-2017Financijski [&hellip;]<\/p>\n","protected":false},"author":129,"featured_media":0,"parent":0,"menu_order":0,"comment_status":"closed","ping_status":"closed","template":"","meta":{"footnotes":""},"class_list":["post-927","page","type-page","status-publish","hentry"],"_links":{"self":[{"href":"https:\/\/pubweb.carnet.hr\/matica\/wp-json\/wp\/v2\/pages\/927","targetHints":{"allow":["GET"]}}],"collection":[{"href":"https:\/\/pubweb.carnet.hr\/matica\/wp-json\/wp\/v2\/pages"}],"about":[{"href":"https:\/\/pubweb.carnet.hr\/matica\/wp-json\/wp\/v2\/types\/page"}],"author":[{"embeddable":true,"href":"https:\/\/pubweb.carnet.hr\/matica\/wp-json\/wp\/v2\/users\/129"}],"replies":[{"embeddable":true,"href":"https:\/\/pubweb.carnet.hr\/matica\/wp-json\/wp\/v2\/comments?post=927"}],"version-history":[{"count":2,"href":"https:\/\/pubweb.carnet.hr\/matica\/wp-json\/wp\/v2\/pages\/927\/revisions"}],"predecessor-version":[{"id":2426,"href":"https:\/\/pubweb.carnet.hr\/matica\/wp-json\/wp\/v2\/pages\/927\/revisions\/2426"}],"wp:attachment":[{"href":"https:\/\/pubweb.carnet.hr\/matica\/wp-json\/wp\/v2\/media?parent=927"}],"curies":[{"name":"wp","href":"https:\/\/api.w.org\/{rel}","templated":true}]}}