{"id":91,"date":"2014-12-31T10:15:02","date_gmt":"2014-12-31T10:15:02","guid":{"rendered":"http:\/\/pubweb.carnet.hr\/matica\/?page_id=91"},"modified":"2023-01-18T17:15:29","modified_gmt":"2023-01-18T17:15:29","slug":"kontrola-proizvodnje-matica","status":"publish","type":"page","link":"https:\/\/pubweb.carnet.hr\/matica\/kontrola-proizvodnje-matica\/","title":{"rendered":"Kontrola proizvodnje matica"},"content":{"rendered":"<h3><strong>Kontrolu proizvodnje matica temeljem Uzgojnog programa vr\u0161i Udruga uzgajiva\u010da selekcioniranih matica p\u010dela Hrvatske, Ministarstvo poljpoprivrede i nadle\u017ena inspekcija.<br \/>\n<\/strong><\/h3>\n<h3><strong>Registar uzgajiva\u010da matica\u00a0 vodi Udruga uzgajiva\u010da selekcioniranih matica p\u010dela Hrvatske, temeljem Zakona o uzgoju doma\u0107ih \u017eivotinja.<\/strong><\/h3>\n<h3><strong>Specifi\u010dne tehni\u010dke aktivnosti povezane sa upravljanjem Uzgojnim programom Udruge povjerene su Hrvatskoj agenciji za poljoprivredu i hranu ( HAPIH ) u Osijeku.<br \/>\n<\/strong><\/h3>\n<p>&nbsp;<\/p>\n<h3><strong>KONTROLA PROVEDBE UZGOJNOG PROGRAMA SIVE P\u010cELE<br \/>\nOdluka Skup\u0161tine Udruge:<br \/>\n<\/strong><\/h3>\n<h3><a href=\"http:\/\/pubweb.carnet.hr\/matica\/wp-content\/uploads\/sites\/132\/2018\/10\/Odluka-o-kontroli-provedbe-UP-2018.doc\">Odluka o kontroli provedbe UZGOJNOG PRGOGRAMA <\/a><\/h3>\n","protected":false},"excerpt":{"rendered":"<p>Kontrolu proizvodnje matica temeljem Uzgojnog programa vr\u0161i Udruga uzgajiva\u010da selekcioniranih matica p\u010dela Hrvatske, Ministarstvo poljpoprivrede i nadle\u017ena inspekcija. Registar uzgajiva\u010da matica\u00a0 vodi Udruga uzgajiva\u010da selekcioniranih matica p\u010dela Hrvatske, temeljem Zakona o uzgoju doma\u0107ih \u017eivotinja. Specifi\u010dne tehni\u010dke aktivnosti povezane sa upravljanjem Uzgojnim programom Udruge povjerene su Hrvatskoj agenciji za poljoprivredu i hranu ( HAPIH ) u [&hellip;]<\/p>\n","protected":false},"author":129,"featured_media":0,"parent":0,"menu_order":0,"comment_status":"closed","ping_status":"closed","template":"","meta":{"footnotes":""},"class_list":["post-91","page","type-page","status-publish","hentry"],"_links":{"self":[{"href":"https:\/\/pubweb.carnet.hr\/matica\/wp-json\/wp\/v2\/pages\/91","targetHints":{"allow":["GET"]}}],"collection":[{"href":"https:\/\/pubweb.carnet.hr\/matica\/wp-json\/wp\/v2\/pages"}],"about":[{"href":"https:\/\/pubweb.carnet.hr\/matica\/wp-json\/wp\/v2\/types\/page"}],"author":[{"embeddable":true,"href":"https:\/\/pubweb.carnet.hr\/matica\/wp-json\/wp\/v2\/users\/129"}],"replies":[{"embeddable":true,"href":"https:\/\/pubweb.carnet.hr\/matica\/wp-json\/wp\/v2\/comments?post=91"}],"version-history":[{"count":3,"href":"https:\/\/pubweb.carnet.hr\/matica\/wp-json\/wp\/v2\/pages\/91\/revisions"}],"predecessor-version":[{"id":2049,"href":"https:\/\/pubweb.carnet.hr\/matica\/wp-json\/wp\/v2\/pages\/91\/revisions\/2049"}],"wp:attachment":[{"href":"https:\/\/pubweb.carnet.hr\/matica\/wp-json\/wp\/v2\/media?parent=91"}],"curies":[{"name":"wp","href":"https:\/\/api.w.org\/{rel}","templated":true}]}}