{"id":674,"date":"2017-01-09T17:46:13","date_gmt":"2017-01-09T17:46:13","guid":{"rendered":"http:\/\/pubweb.carnet.hr\/matica\/?page_id=674"},"modified":"2024-01-19T21:02:32","modified_gmt":"2024-01-19T21:02:32","slug":"registravija-novih-uzgajivaca-matica","status":"publish","type":"page","link":"https:\/\/pubweb.carnet.hr\/matica\/registravija-novih-uzgajivaca-matica\/","title":{"rendered":"REGISTRACIJA NOVIH UZGAJIVA\u010cA MATICA"},"content":{"rendered":"<h2><strong>UPUTE ZA PRIJAVU NOVIH UZGAJIVA\u010cA MATICA<br \/>\n<a href=\"http:\/\/pubweb.carnet.hr\/matica\/wp-content\/uploads\/sites\/132\/2024\/01\/Upute-za-prijavu-novih-uzgajiva\u010da-20200111.docx\">Upute za prijavu novih uzgajiva\u010da 20200111<\/a><br \/>\n<\/strong><\/h2>\n<h4>Slijedom izmjena propisa o uzgoju doma\u0107ih \u017eivotinja (prestanak va\u017eenja Zakona o sto\u010darstvu i stuUpute za prijavu novih uzgajiva\u010da 20200111panje na snagu Zakona o uzgoju doma\u0107ih \u017eivotinja),<br \/>\nUdruga uzgajiva\u010da selekcioniranih matica p\u010dela Hrvatske je, kao i sve ostale uzgojne udruge i savezi, tijekom 2019. godine provela prilagodbu novim propisima<br \/>\nu sklopu koje je pro\u0161la proces odobravanja Udruge kao uzgojne organizacije te odobravanje Uzgojnog programa u Ministarstvu poljoprivrede.<br \/>\nU Uzgojnom programu su, izme\u0111u ostalog, jasnije definirani uvjeti za registraciju novih uzgajiva\u010da, te uvjeti za registrirane uzgajiva\u010de matica.<br \/>\nOvdje su pripremljene upute kako bi svim p\u010delarima koji bi se \u017eeljeli baviti uzgojem matica i prihvatiti odredbe Uzgojnog programa sive p\u010dele bilo jasnije koje<br \/>\nuvjete i dokaze trebaju prilo\u017eiti prilikom prijave Udruzi. Uslijed specifi\u010dnosti p\u010dela (poliandrija, mogu\u0107 veliki broj potomaka od jedne zajednice\u2013trutova i matica<br \/>\nte njihov utjecaj na okolne p\u010delinjake), naglasak u ovom Uzgojnom programu daje se na preduvjete koje moraju ispuniti p\u010delari koji se \u017eele baviti ili se bave<br \/>\nuzgojem matica. Upis novog \u010dlana u Upisnik uzgajiva\u010da matica Udruge uzgajiva\u010da matica izvr\u0161it \u0107e se u skladu sa<br \/>\nZakonom o uzgoju doma\u0107ih \u017eivotinja (NN 115\/2018).<\/h4>\n<h3><strong><u>Kandidat za upis u Upisnik uzgajiva\u010da matica mora ispuniti sljede\u0107e uvjete<\/u>:<\/strong><\/h3>\n<ol>\n<li>\n<h4><strong> da je detaljno upoznat s Uzgojnim programom i pravilima vo\u0111enja evidencije o zajednicama.<br \/>\n<\/strong><strong>Uzgojni program sive p\u010dele Apis mellifera carnica<\/strong> dostupan je na web stranici Udruge: <a href=\"http:\/\/pubweb.carnet.hr\/matica\/\">http:\/\/pubweb.carnet.hr\/matica\/<\/a><\/h4>\n<h4>P\u010delar koji se \u017eeli baviti uzgojem matica, treba poznavati pasminske karakteristike sive p\u010dele, tehnike uzgoja, uzgojne (selekcijske) ciljeve, uvjete za<br \/>\nregistraciju uzgajiva\u010da, uzgojne metode, svojstva koja se prate na uzgojnom p\u010delinjaku, testiranja (slanje matica u test, prihvat matica u test),<br \/>\nuzgone vrijednosti, vo\u0111enje mati\u010dnih knjiga (mati\u010dno knjigovodstvo) te poznavati organizaciju provedbe uzgojnog programa.<\/h4>\n<\/li>\n<li>\n<h4><strong> da u svom vlasni\u0161tvu ima najmanje 100 p\u010delinjih zajednica sive p\u010dele upisanih u Evidenciju p\u010delara i p\u010delinjaka, te su p\u010delinje matice i<br \/>\nzajednice individualno ozna\u010dene.<br \/>\n<\/strong>Prijavi za upis u upisnik uzgajiva\u010da matica obavezno se prila\u017ee potvrda nadle\u017ene p\u010delarske udruge (ili Hrvatskog p\u010delarskog saveza) o broju p\u010delinjih<br \/>\nzajednica koje kandidat ima upisane u Evidenciju.<\/h4>\n<h4>Svaka p\u010delinja matica i zajednica mora biti ozna\u010dena brojem, kako bi se mogli voditi podaci za svaku zajednicu.<a href=\"http:\/\/pubweb.carnet.hr\/matica\/wp-content\/uploads\/sites\/132\/2020\/01\/Image1.jpg\"><img loading=\"lazy\" decoding=\"async\" class=\"aligncenter size-full wp-image-1490\" src=\"http:\/\/pubweb.carnet.hr\/matica\/wp-content\/uploads\/sites\/132\/2020\/01\/Image1.jpg\" alt=\"\" width=\"289\" height=\"217\" \/><\/a><\/h4>\n<\/li>\n<li>\n<h4><strong>Za sve zajednice mora <u>imati podatke o pra\u0107enju njihovih svojstava<\/u> najmanje jednu sezonu prije nego se \u017eeli registrirati u Udrugu,<br \/>\nte iste dostavlja u Udrugu sa zahtjevom za upis.<br \/>\n<\/strong>U sezoni koja prethodi podno\u0161enju zahtjeva za upis, p\u010delar treba provesti ocjenjivanje svojih zajednica prema uputama u Uzgojnom programu.<br \/>\nPodatke treba upisati u za to predvi\u0111eni obrazac (Obrazac za ocjenjivanje zajednica na uzgojnim p\u010delinjacima \u2013\u00a0 ( excel ). Za svaku zajednicu treba<br \/>\npopuniti zaseban obrazac, kojeg vodi po broju zajednice\/ko\u0161nice.<\/h4>\n<h4>Obrazac je dostupan na web stranici Udruge pod izbornikom: Obrazci za uzgajiva\u010de: <a href=\"http:\/\/pubweb.carnet.hr\/matica\/obrasci-za-uzgajivace\/\">http:\/\/pubweb.carnet.hr\/matica\/obrasci-za-uzgajivace\/<\/a><a href=\"http:\/\/pubweb.carnet.hr\/matica\/obrasci-za-uzgajivace\/\"><strong><br \/>\n<\/strong><\/a><\/h4>\n<h4><strong><a href=\"http:\/\/pubweb.carnet.hr\/matica\/wp-content\/uploads\/sites\/132\/2020\/01\/Image2.jpg\"><img loading=\"lazy\" decoding=\"async\" class=\" wp-image-1491 aligncenter\" src=\"http:\/\/pubweb.carnet.hr\/matica\/wp-content\/uploads\/sites\/132\/2020\/01\/Image2-300x217.jpg\" alt=\"\" width=\"503\" height=\"364\" srcset=\"https:\/\/pubweb.carnet.hr\/matica\/wp-content\/uploads\/sites\/132\/2020\/01\/Image2-300x217.jpg 300w, https:\/\/pubweb.carnet.hr\/matica\/wp-content\/uploads\/sites\/132\/2020\/01\/Image2-1x1.jpg 1w, https:\/\/pubweb.carnet.hr\/matica\/wp-content\/uploads\/sites\/132\/2020\/01\/Image2.jpg 320w\" sizes=\"auto, (max-width: 503px) 100vw, 503px\" \/><\/a><a href=\"http:\/\/pubweb.carnet.hr\/matica\/wp-content\/uploads\/sites\/132\/2020\/01\/Image3.jpg\"><img loading=\"lazy\" decoding=\"async\" class=\"aligncenter wp-image-1492\" src=\"http:\/\/pubweb.carnet.hr\/matica\/wp-content\/uploads\/sites\/132\/2020\/01\/Image3-300x213.jpg\" alt=\"\" width=\"519\" height=\"368\" srcset=\"https:\/\/pubweb.carnet.hr\/matica\/wp-content\/uploads\/sites\/132\/2020\/01\/Image3-300x213.jpg 300w, https:\/\/pubweb.carnet.hr\/matica\/wp-content\/uploads\/sites\/132\/2020\/01\/Image3-1x1.jpg 1w, https:\/\/pubweb.carnet.hr\/matica\/wp-content\/uploads\/sites\/132\/2020\/01\/Image3.jpg 323w\" sizes=\"auto, (max-width: 519px) 100vw, 519px\" \/><\/a>Uz prijavu potrebno je dostaviti meilom (<\/strong><a href=\"mailto:uzgajivaci.matica@gmail.com\"><strong>uzgajivaci.matica@gmail.com<\/strong><\/a><strong>) u excelu ili preslike provedenih ocjenjivanja za vlastiti p\u010delinjak<br \/>\n(za 100 zajednica).<\/strong><\/h4>\n<\/li>\n<li>\n<h4><strong>da potvrdi i potpi\u0161e izjavu da su p\u010dele iz lokalnog, vlastitog uzgoja i pripadaju pasmini: siva p\u010dela.<br \/>\n<\/strong>Kroz ovaj Uzgojni program \u017eelimo o\u010duvati izvornost i unaprijediti svojstva na\u0161e izvorne pasmine p\u010dela, ali ne naru\u0161iti biolo\u0161ku raznolikost unutar pasmine.<br \/>\nS obzirom da je cilj uzgojnog programa za\u0161tita izvorne populacije p\u010dela u uzgoj se ne prihva\u0107aju matice sive p\u010dele uzgojene izvan Republike Hrvatske,<br \/>\na poti\u010de se uzgoj lokalnih populacija prilago\u0111enih klimi, pa\u0161ama i tehnologiji na prostoru Republike Hrvatske.<strong>Primjer izjave:<\/strong>P\u010delar: Ime i prezime<\/h4>\n<h4>Adresa:<\/h4>\n<h4>OIB:<\/h4>\n<h4>Broj u Evidenciji p\u010delara i p\u010delinjaka:Mjesto i datum:<\/h4>\n<h4 style=\"text-align: center\"><strong> IZJAVA<\/strong><\/h4>\n<h4>kojom potvr\u0111ujem da su p\u010dele iz lokalnog, vlastitog uzgoja te da za svoje potrebe uzgajam matice na vlastitom p\u010delinjaku posljednjih _____ godina a iste<br \/>\npripadaju pasmini: siva p\u010dela. kojom tako\u0111er potvr\u0111ujem da posljednjih 5 godina nisam nabavljao matice p\u010dela izvan Republike Hrvatske.<\/h4>\n<h4>_____________________<br \/>\nPotpis p\u010delara<\/h4>\n<ol start=\"5\">\n<li>\n<h4><strong> da posjeduje odgovaraju\u0107i prostor, opremu i pribor za uzgoj matica<\/strong><\/h4>\n<\/li>\n<\/ol>\n<h4>Za uzgoj matica je potrebno osigurati odgovaraju\u0107i prostor, opremu i pribor. Potrebno je imati prostoriju u kojoj se \u010duva potrebna oprema i pribor, te sva<br \/>\ndokumentacija vezana za uzgoj matica.<\/h4>\n<ol start=\"6\">\n<li>\n<h4><strong> da se bavio p\u010delarstvom najmanje 5 godina i zavr\u0161enu p\u010delarsku \u0161kolu (potvrda temeljne udruge \u010diji je \u010dlan)<\/strong><\/h4>\n<\/li>\n<\/ol>\n<h4>Za uzgoj matica je neophodno znanje i iskustvo u radu s p\u010delama, stoga se prijavi za registraciju treba prilo\u017eiti:<br \/>\na) uvjerenje o zavr\u0161enoj p\u010delarskoj \u0161koli<br \/>\nb) potvrda temeljne udruge \u010diji je \u010dlan, da je aktivan p\u010delar najmanje 5 godina<\/h4>\n<ol start=\"7\">\n<li>\n<h4><strong> da ima odobrenu lokaciju za oplodnu stanicu (potvrda HPS)<\/strong><\/h4>\n<\/li>\n<\/ol>\n<h4>Za oplodne stanice propisano je da trebaju biti udaljene najmanje 2 kilometra od drugih p\u010delinjaka. Kako bi Udruga prihvatila p\u010delara, potrebno je prilo\u017eiti<br \/>\npotvrdu Hrvatskog p\u010delarskog saveza o odobrenoj\u00a0\u00a0 lokaciji oplodne stanice.<\/h4>\n<ol start=\"8\">\n<li>\n<h4><strong> da ima registriran OPG <\/strong><\/h4>\n<\/li>\n<\/ol>\n<h4>U skladu s \u010dlancima 118, 119 i 120 Zakona o poljoprivredi (\u201eNarodne novine\u201c broj 118\/2018), upis u Upisnik poljoprivrednika ili upis u Upisnik obiteljskih<br \/>\npoljoprivrednih gospodarstava obavezan je, izme\u0111u ostalog, za: poljoprivrednika koji stavlja na tr\u017ei\u0161te vlastite poljoprivredne proizvode proizvedene na<br \/>\npoljoprivrednom gospodarstvu.<br \/>\nAgencija za pla\u0107anja u poljoprivredi, ribarstvu i ruralnom razvoju na temelju podnesenog zahtjeva poljoprivrednika provodi postupak i izdaje rje\u0161enje o upisu<br \/>\nu Upisnik poljoprivrednika.<br \/>\nPotrebno je prilo\u017eiti presliku rje\u0161enja o upisu u Upisnik poljoprivrednika ili u Upisnik OPG-a (gospodarstvo ima Mati\u010dni identifikacijski broj poljoprivrednoga<br \/>\ngospodarstva &#8211; MIBPG).<br \/>\nFizi\u010dka osoba koja se bavi poljoprivredom u organizacijskom obliku OPG-a, a ekonomska veli\u010dina njenog poljoprivrednog gospodarstva manja je od 3.000 eura<br \/>\nte nije porezni obveznik nije se obvezna upisati u Upisnik OPG-ova ve\u0107 se upisuje u <strong>Upisnik poljoprivrednika<\/strong> koji vodi Agencija za pla\u0107anja sukladno<br \/>\n<a href=\"https:\/\/narodne-novine.nn.hr\/clanci\/sluzbeni\/2018_12_118_2343.html\">Zakonu o poljoprivredi (Narodne novine, broj: 118\/2018<\/a><em>)<\/em>.<br \/>\nAko fizi\u010dka osoba tijekom kalendarske godine ostvari ekonomsku veli\u010dinu gospodarstva ve\u0107u od kunske protuvrijednosti izra\u017eene u stranoj valuti od 3000 eura<br \/>\nili ako postane obveznik poreza na dohodak ili\u00a0\u00a0\u00a0 poreza na dobit ili ako dobrovoljno odabere organizacijski oblik OPG-a i pripadaju\u0107i status jer se namjerava u<br \/>\nidu\u0107oj kalendarskoj godini baviti gospodarskom djelatnosti poljoprivrede u ekonomskoj veli\u010dini gospodarstva ve\u0107oj od kunske protuvrijednosti izra\u017eene u<br \/>\nstranoj valuti od 3000 eura, mora do 15. lipnja idu\u0107e kalendarske godine podnijeti zahtjev za upis u Upisnik OPG-ova sukladno Zakonu o OPG-u.<\/h4>\n<ol start=\"9\">\n<li>\n<h4><strong> da koristi osobno ra\u010dunalo i ima pristup internetu<\/strong><\/h4>\n<\/li>\n<\/ol>\n<h4>Sve obavijesti za uzgajiva\u010de objavljuju se na web stranici Udruge, te je obaveza uzgajiva\u010da pra\u0107enje obavijesti i postupanje u skladu s istima.<br \/>\nDio komunikacije i dostave podataka prema Udruzi i iz Udruge prema uzgajiva\u010dima vr\u0161i se e-mailom, stoga se preporu\u010duje da svaki uzgajiva\u010d ima osobnu<br \/>\ne-mail adresu.<br \/>\nPrema mogu\u0107nostima koje nudi razvoj informati\u010dke tehnologije, Udruga namjerava izgra\u0111ivati sustav dojave podataka izravno od uzgajiva\u010da prema Udruzi.<br \/>\nU osobnim podacima potrebno je navesti e-mail adresu.<\/h4>\n<ol start=\"10\">\n<li>\n<h4><strong> da udovoljava ostalim uvjetima sukladno Zakonu o uzgoju doma\u0107ih \u017eivotinja (NN 115\/2018) i propisima proiza\u0161lim iz Zakona. <\/strong><\/h4>\n<\/li>\n<\/ol>\n<h4>Ovdje se prije svega naglasak stavlja da p\u010delar mora udovoljiti normama koje propisuje Pravilnik o dr\u017eanju p\u010dela i katastru p\u010delinje pa\u0161e, te svim ostalim<br \/>\npropisima koji se odnose na p\u010delarstvo.<br \/>\nZa ovaj uvjet, p\u010delar ne mora dostaviti nikakav dokument.<\/h4>\n<h4>11.<strong> Nepotpuni zahtijevi ne\u0107e se razmatrati<br \/>\n<\/strong><strong>12. Po zaprimanju cjelovitog zahtjeva, ocjenu kandidata vr\u0161i ovla\u0161teno tijelo Udruge u skladu sa Zakonom o uzgoju doma\u0107ih \u017eivotinja (NN 115\/2018),<br \/>\nodobrenim uzgojnim programom i drugim propisima koji ure\u0111uju ovo podru\u010dje.<\/strong><br \/>\nTijekom sezone uzgoja matica ovla\u0161teni predstavnici Udruge kontaktiraju kandidata i dogovaraju obilazak, prema redoslijedu zaprimljenih zahtjeva te<br \/>\nmogu\u0107nostima izlaska na teren.<br \/>\nTijekom postupka ocjenjivanja Povjerenstvo uzima uzorke p\u010dela radilica iz najmanje 10% p\u010delinjih zajednica na kojima se provjerava pripadnost pasmini.<br \/>\nPovjerenstvo \u0107e uzeti uzorke iz najmanje 10 zajednica, nasumi\u010dno odabranih na p\u010delinjaku. Svaki uzorak treba sadr\u017eavati najmanje 100 p\u010dela radilica.<br \/>\nUzorak \u0107e se analizirati na morfolo\u0161ke odlike u laboratoriju. Ukoliko se utvrdi da p\u010dele odstupaju od standarda za sivu p\u010delu, o istome \u0107e obavijestiti p\u010delara.<br \/>\nPrilikom ocjene p\u010delinjaka, povjerenstvo ocjenjuje biolo\u0161ke i etolo\u0161ke odlike na slu\u010dajno odabranim p\u010delinjim zajednicama.<br \/>\nTijekom postupka ocjenjivanja, kandidat Povjerenstvu treba prikazati sve klju\u010dne procese uzgoja matica:<br \/>\n&#8211; evidenciju o zajednicama i provedenim ocjenjivanjima<br \/>\n&#8211; odabir maj\u010dinskih zajednica (svojstva, ocjene)<br \/>\n&#8211; odabir trutovskih zajednica (svojstva, ocjene)<br \/>\n&#8211; postupak uzimanja legla za uzgoj matica (presa\u0111ivanje)<br \/>\n&#8211; prihvatne zajednice<br \/>\n&#8211; oplodnjake<br \/>\n&#8211; ozna\u010davanje matica (opalitnim plo\u010dicama ili flomasterom)<br \/>\n&#8211; kaveze za transport matica (hranu za kaveze<\/h4>\n<\/li>\n<\/ol>\n<h4><strong><a href=\"http:\/\/pubweb.carnet.hr\/matica\/wp-content\/uploads\/sites\/132\/2014\/08\/Graphic2-e1452445500994.jpg\" rel=\"attachment wp-att-176\"><img loading=\"lazy\" decoding=\"async\" class=\"aligncenter wp-image-176\" src=\"http:\/\/pubweb.carnet.hr\/matica\/wp-content\/uploads\/sites\/132\/2014\/08\/Graphic2-e1452445500994.jpg\" alt=\"Graphic2\" width=\"117\" height=\"102\" \/><\/a><\/strong><\/h4>\n","protected":false},"excerpt":{"rendered":"<p>UPUTE ZA PRIJAVU NOVIH UZGAJIVA\u010cA MATICA Upute za prijavu novih uzgajiva\u010da 20200111 Slijedom izmjena propisa o uzgoju doma\u0107ih \u017eivotinja (prestanak va\u017eenja Zakona o sto\u010darstvu i stuUpute za prijavu novih uzgajiva\u010da 20200111panje na snagu Zakona o uzgoju doma\u0107ih \u017eivotinja), Udruga uzgajiva\u010da selekcioniranih matica p\u010dela Hrvatske je, kao i sve ostale uzgojne udruge i savezi, tijekom 2019. [&hellip;]<\/p>\n","protected":false},"author":129,"featured_media":0,"parent":0,"menu_order":0,"comment_status":"closed","ping_status":"closed","template":"","meta":{"footnotes":""},"class_list":["post-674","page","type-page","status-publish","hentry"],"_links":{"self":[{"href":"https:\/\/pubweb.carnet.hr\/matica\/wp-json\/wp\/v2\/pages\/674","targetHints":{"allow":["GET"]}}],"collection":[{"href":"https:\/\/pubweb.carnet.hr\/matica\/wp-json\/wp\/v2\/pages"}],"about":[{"href":"https:\/\/pubweb.carnet.hr\/matica\/wp-json\/wp\/v2\/types\/page"}],"author":[{"embeddable":true,"href":"https:\/\/pubweb.carnet.hr\/matica\/wp-json\/wp\/v2\/users\/129"}],"replies":[{"embeddable":true,"href":"https:\/\/pubweb.carnet.hr\/matica\/wp-json\/wp\/v2\/comments?post=674"}],"version-history":[{"count":1,"href":"https:\/\/pubweb.carnet.hr\/matica\/wp-json\/wp\/v2\/pages\/674\/revisions"}],"predecessor-version":[{"id":2172,"href":"https:\/\/pubweb.carnet.hr\/matica\/wp-json\/wp\/v2\/pages\/674\/revisions\/2172"}],"wp:attachment":[{"href":"https:\/\/pubweb.carnet.hr\/matica\/wp-json\/wp\/v2\/media?parent=674"}],"curies":[{"name":"wp","href":"https:\/\/api.w.org\/{rel}","templated":true}]}}