{"id":369,"date":"2015-11-04T19:29:02","date_gmt":"2015-11-04T19:29:02","guid":{"rendered":"http:\/\/pubweb.carnet.hr\/matica\/?page_id=369"},"modified":"2026-03-26T19:21:50","modified_gmt":"2026-03-26T19:21:50","slug":"obrasci-za-uzgajivace","status":"publish","type":"page","link":"https:\/\/pubweb.carnet.hr\/matica\/obrasci-za-uzgajivace\/","title":{"rendered":"OBRAZCI ZA UZGAJIVA\u010cE"},"content":{"rendered":"<h2><strong>OBRAZCE <\/strong><strong>uzgajiva\u010di mogu preuzeti ovdje:<\/strong><\/h2>\n<h3><span style=\"color: #ff0000\"><strong>AKO OTVARATE U CHROME PREGLEDNIKU,<\/strong> <\/span><br \/><span style=\"color: #ff0000\"><em>DESNOM TIPKOM MI\u0160A KLIKNITE NA POTREBAN OBRAZAC, otvorit \u0107e se izbornik na kojem pritisnite lijevom tipkom mi\u0161a na &#8220;Spremi vezu kao&#8221;, tako \u0107ete obrazac usnimiti na svoje ra\u010dunalo u neku datoteku i mo\u017eete je otvoriti.<\/em><\/span><\/h3>\n<p>\u00a0<\/p>\n<h3><a href=\"http:\/\/pubweb.carnet.hr\/matica\/wp-content\/uploads\/sites\/132\/2021\/06\/Tablica-za-unos-ocjena-za-100-zajednica.xlsx\" target=\"_blank\" rel=\"noopener\">Tablica-za-unos-ocjena-za-100-zajednica<\/a><\/h3>\n<h3><a href=\"http:\/\/pubweb.carnet.hr\/matica\/wp-content\/uploads\/sites\/132\/2024\/01\/Plan-uzgoja-po-mjesecima-2024.docx\">Plan-uzgoja-po-mjesecima<\/a><\/h3>\n<h3><a href=\"http:\/\/pubweb.carnet.hr\/matica\/wp-content\/uploads\/sites\/132\/2015\/11\/Maticni-list-prijava.docx\">Maticni-list-prijava<\/a><\/h3>\n<h3><a href=\"http:\/\/pubweb.carnet.hr\/matica\/wp-content\/uploads\/sites\/132\/2019\/04\/Uzgojan-knjiga.xls\">Uzgojan knjiga- (excel )\u00a0 &#8211; ( da vam stane obrazac na A4 list postavite margine: gore 1, dolje 1, lijevo 0,4, desno 0 )<\/a><\/h3>\n<h3><a href=\"http:\/\/pubweb.carnet.hr\/matica\/wp-content\/uploads\/sites\/132\/2015\/11\/Mati\u010dni-list.xlsx\">Obrazac za ocjenjivanje zajednica na uzgojnim p\u010delinjacima &#8211;\u00a0 ( excel )<\/a><\/h3>\n<h3><a href=\"http:\/\/pubweb.carnet.hr\/matica\/wp-content\/uploads\/sites\/132\/2015\/11\/Kopija-Testni-karton-za-maticu.xlsx\">Testni-karton-za-maticu<\/a><\/h3>\n<h3><a href=\"http:\/\/pubweb.carnet.hr\/matica\/wp-content\/uploads\/sites\/132\/2015\/11\/Blok.docx\" rel=\"\">Otkupni Blok\u00a0 ( za OPG koji nije u sustavu PDV )<\/a><\/h3>\n<h3><a href=\"http:\/\/pubweb.carnet.hr\/matica\/wp-content\/uploads\/sites\/132\/2025\/09\/PODATCI-o-uzgoju-matica-u-2025.-g..docx\">PODACI o uzgoju matica u 2025. g.<\/a><\/h3>\n\n\n<div class=\"wp-block-file\"><a id=\"wp-block-file--media-0b6363d1-4902-4524-bf88-293fcd6cbbd5\" href=\"http:\/\/pubweb.carnet.hr\/matica\/wp-content\/uploads\/sites\/132\/2019\/03\/PRISTUPNICA-2019.docx\">PRISTUPNICA 2019<\/a><a href=\"http:\/\/pubweb.carnet.hr\/matica\/wp-content\/uploads\/sites\/132\/2019\/03\/PRISTUPNICA-2019.docx\" class=\"wp-block-file__button wp-element-button\" download aria-describedby=\"wp-block-file--media-0b6363d1-4902-4524-bf88-293fcd6cbbd5\">Preuzmi<\/a><\/div>\n\n\n\n\n\n<figure class=\"wp-block-gallery has-nested-images columns-default is-cropped wp-block-gallery-1 is-layout-flex wp-block-gallery-is-layout-flex\">\n\n<\/figure>\n\n\n\n<figure class=\"wp-block-image size-full\"><a href=\"https:\/\/pubweb.carnet.hr\/matica\/wp-content\/uploads\/sites\/132\/2026\/02\/slika.png\"><img loading=\"lazy\" decoding=\"async\" width=\"663\" height=\"510\" src=\"https:\/\/pubweb.carnet.hr\/matica\/wp-content\/uploads\/sites\/132\/2026\/02\/slika.png\" alt=\"\" class=\"wp-image-2336\" srcset=\"https:\/\/pubweb.carnet.hr\/matica\/wp-content\/uploads\/sites\/132\/2026\/02\/slika.png 663w, https:\/\/pubweb.carnet.hr\/matica\/wp-content\/uploads\/sites\/132\/2026\/02\/slika-300x231.png 300w, https:\/\/pubweb.carnet.hr\/matica\/wp-content\/uploads\/sites\/132\/2026\/02\/slika-1x1.png 1w\" sizes=\"auto, (max-width: 663px) 100vw, 663px\" \/><\/a><\/figure>\n","protected":false},"excerpt":{"rendered":"<p>OBRAZCE uzgajiva\u010di mogu preuzeti ovdje: AKO OTVARATE U CHROME PREGLEDNIKU, DESNOM TIPKOM MI\u0160A KLIKNITE NA POTREBAN OBRAZAC, otvorit \u0107e se izbornik na kojem pritisnite lijevom tipkom mi\u0161a na &#8220;Spremi vezu kao&#8221;, tako \u0107ete obrazac usnimiti na svoje ra\u010dunalo u neku datoteku i mo\u017eete je otvoriti. \u00a0 Tablica-za-unos-ocjena-za-100-zajednica Plan-uzgoja-po-mjesecima Maticni-list-prijava Uzgojan knjiga- (excel )\u00a0 &#8211; ( [&hellip;]<\/p>\n","protected":false},"author":129,"featured_media":0,"parent":0,"menu_order":0,"comment_status":"closed","ping_status":"closed","template":"","meta":{"footnotes":""},"class_list":["post-369","page","type-page","status-publish","hentry"],"_links":{"self":[{"href":"https:\/\/pubweb.carnet.hr\/matica\/wp-json\/wp\/v2\/pages\/369","targetHints":{"allow":["GET"]}}],"collection":[{"href":"https:\/\/pubweb.carnet.hr\/matica\/wp-json\/wp\/v2\/pages"}],"about":[{"href":"https:\/\/pubweb.carnet.hr\/matica\/wp-json\/wp\/v2\/types\/page"}],"author":[{"embeddable":true,"href":"https:\/\/pubweb.carnet.hr\/matica\/wp-json\/wp\/v2\/users\/129"}],"replies":[{"embeddable":true,"href":"https:\/\/pubweb.carnet.hr\/matica\/wp-json\/wp\/v2\/comments?post=369"}],"version-history":[{"count":1,"href":"https:\/\/pubweb.carnet.hr\/matica\/wp-json\/wp\/v2\/pages\/369\/revisions"}],"predecessor-version":[{"id":2435,"href":"https:\/\/pubweb.carnet.hr\/matica\/wp-json\/wp\/v2\/pages\/369\/revisions\/2435"}],"wp:attachment":[{"href":"https:\/\/pubweb.carnet.hr\/matica\/wp-json\/wp\/v2\/media?parent=369"}],"curies":[{"name":"wp","href":"https:\/\/api.w.org\/{rel}","templated":true}]}}