{"id":214,"date":"2015-04-19T09:23:47","date_gmt":"2015-04-19T09:23:47","guid":{"rendered":"http:\/\/pubweb.carnet.hr\/matica\/?page_id=214"},"modified":"2021-03-17T09:51:15","modified_gmt":"2021-03-17T09:51:15","slug":"pravilnik-o-upisniku-nuzgajivaca-i-provedbi-uzgojnog-programa","status":"publish","type":"page","link":"https:\/\/pubweb.carnet.hr\/matica\/pravilnik-o-upisniku-nuzgajivaca-i-provedbi-uzgojnog-programa\/","title":{"rendered":"PRAVILNIK O PROVEDBI UZGOJNOG PROGRAMA"},"content":{"rendered":"<p>&nbsp;<\/p>\n<h3>Temeljem \u010dlanka 37. Statuta Upravni odbor\u00a0 Udruge uzgajiva\u010da selekcioniranih matica p\u010dela Hrvatske na sjednici 09.velja\u010de 2021. godine donosi<br \/>\n<strong>PRAVILNIK O PROVEDBI UZGOJNOG PROGRAMA SIVE P\u010cELE<br \/>\n<\/strong><\/h3>\n<h3><a href=\"http:\/\/pubweb.carnet.hr\/matica\/wp-content\/uploads\/sites\/132\/2021\/02\/PRAVILNIK-o-provedbi-uzgijnog-programa-sive-pcele-2021a.pdf\">PRAVILNIK o provedbi uzgojnog programa sive pcele-2021<\/a><\/h3>\n<p>&nbsp;<\/p>\n<h3><a href=\"http:\/\/pubweb.carnet.hr\/matica\/wp-content\/uploads\/sites\/132\/2014\/08\/Graphic2-e1452445500994.jpg\" rel=\"attachment wp-att-176\"><img loading=\"lazy\" decoding=\"async\" class=\"aligncenter wp-image-176\" src=\"http:\/\/pubweb.carnet.hr\/matica\/wp-content\/uploads\/sites\/132\/2014\/08\/Graphic2-e1452445500994.jpg\" alt=\"Graphic2\" width=\"117\" height=\"102\" \/><\/a><\/h3>\n","protected":false},"excerpt":{"rendered":"<p>&nbsp; Temeljem \u010dlanka 37. Statuta Upravni odbor\u00a0 Udruge uzgajiva\u010da selekcioniranih matica p\u010dela Hrvatske na sjednici 09.velja\u010de 2021. godine donosi PRAVILNIK O PROVEDBI UZGOJNOG PROGRAMA SIVE P\u010cELE PRAVILNIK o provedbi uzgojnog programa sive pcele-2021 &nbsp;<\/p>\n","protected":false},"author":129,"featured_media":0,"parent":0,"menu_order":0,"comment_status":"closed","ping_status":"closed","template":"","meta":{"footnotes":""},"class_list":["post-214","page","type-page","status-publish","hentry"],"_links":{"self":[{"href":"https:\/\/pubweb.carnet.hr\/matica\/wp-json\/wp\/v2\/pages\/214","targetHints":{"allow":["GET"]}}],"collection":[{"href":"https:\/\/pubweb.carnet.hr\/matica\/wp-json\/wp\/v2\/pages"}],"about":[{"href":"https:\/\/pubweb.carnet.hr\/matica\/wp-json\/wp\/v2\/types\/page"}],"author":[{"embeddable":true,"href":"https:\/\/pubweb.carnet.hr\/matica\/wp-json\/wp\/v2\/users\/129"}],"replies":[{"embeddable":true,"href":"https:\/\/pubweb.carnet.hr\/matica\/wp-json\/wp\/v2\/comments?post=214"}],"version-history":[{"count":3,"href":"https:\/\/pubweb.carnet.hr\/matica\/wp-json\/wp\/v2\/pages\/214\/revisions"}],"predecessor-version":[{"id":1891,"href":"https:\/\/pubweb.carnet.hr\/matica\/wp-json\/wp\/v2\/pages\/214\/revisions\/1891"}],"wp:attachment":[{"href":"https:\/\/pubweb.carnet.hr\/matica\/wp-json\/wp\/v2\/media?parent=214"}],"curies":[{"name":"wp","href":"https:\/\/api.w.org\/{rel}","templated":true}]}}