{"id":203,"date":"2015-04-19T08:34:10","date_gmt":"2015-04-19T08:34:10","guid":{"rendered":"http:\/\/pubweb.carnet.hr\/matica\/?page_id=203"},"modified":"2026-03-26T18:23:17","modified_gmt":"2026-03-26T18:23:17","slug":"vijesti-iz-udruge","status":"publish","type":"page","link":"https:\/\/pubweb.carnet.hr\/matica\/vijesti-iz-udruge\/","title":{"rendered":"VIJESTI IZ UDRUGE"},"content":{"rendered":"\n<p><\/p>\n\n\n\n<h2 class=\"wp-block-heading has-x-large-font-size\">21. o\u017eujka 2026.<\/h2>\n\n\n\n<h2 class=\"wp-block-heading\"><strong>ODR\u017dANA IZBORNA SKUP\u0160TINA UDRUGE<\/strong><\/h2>\n\n\n\n<div class=\"wp-block-group\"><div class=\"wp-block-group__inner-container is-layout-constrained wp-block-group-is-layout-constrained\">\n<p class=\"has-medium-font-size\"><strong>U prostoru Srednje strukovne \u0161kole u Velikoj Gorici, &nbsp;21. o\u017eujka 2026. godine odr\u017eana je izborna skup\u0161tinu Udruge uzgajiva\u010da selekcioniranih matica p\u010dela Hrvatske .<\/strong><\/p>\n\n\n\n<p class=\"has-medium-font-size\"><strong>Na po\u0107etku rada Skup\u0161tine Zamjenik predsjednika Udruge Miroslav Kobra,dipl.ing.polj. pozdravio je goste i sve \u010dlanove Udruge.<br>Od 47 \u010dlanova Udruge skup\u0161tini je prisustvovalo 26 \u010dlanova.<\/strong><\/p>\n\n\n\n<p class=\"has-medium-font-size\"><strong>Skup\u0161tina je usvojila Izvje\u0161\u0107e o radu udruge u 2025. godini, Financijsko izvje\u0161\u0107e za 2025.godinu, Izvje\u0161\u0107e Nadzornog odbora za 2025.godinu te Izvje\u0161\u0107e o provedbi Uzgojnog programa sive p\u010dele u 2025.godini.<\/strong><\/p>\n\n\n\n<p class=\"has-medium-font-size\"><strong>Skup\u0161tina je usvojila i program rada i financijski plan za 2026. godinu.<br>Skup\u0161tina je tako\u0111er donesla Odluku o visini \u010dlanarine za 2026. godinu te Odluku o visini \u010dlanskog udjela za provedbu Uzgojnog program u 2026. godini.<br>\u010clanarina za 2026. godinu iznosi &nbsp;40,00 eura, upla\u0107uje se na \u017eiro ra\u010dun Udruge.<br>Naknada za provedbu Uzgojnog programa u 2026.godini iznosi:<br>\u2013 za \u010dlanove udruge 0,15 eura po proizvedenoj matici<br>\u2013 za uzgajiva\u010de koji nisu \u010dlanovi Udruge&nbsp; 0,30 eura po proizvedenoj matici.<\/strong><\/p>\n\n\n\n<p class=\"has-medium-font-size\"><strong><em>Skup\u0161tina je izabrala nova tijela udruge:<\/em><\/strong><br>a) Upravni odbor<br>&nbsp;&nbsp;&nbsp; &nbsp;1. Miroslav Filko, predsjednik<br>&nbsp;&nbsp;&nbsp;&nbsp; 2. Miroslav Kobra, zamjenik predsjednika<br>&nbsp;&nbsp;&nbsp;&nbsp; 3. Ageli\u0107 Nikola, \u010dlan<br>&nbsp;&nbsp;&nbsp;&nbsp; 4. Miroslav Antol\u010di\u0107, \u010dlan<br>&nbsp;&nbsp;&nbsp;&nbsp; 5. Jurica Manestar, \u010dlan<\/p>\n\n\n\n<p class=\"has-medium-font-size\">b) Nadzorni odbor<br>&nbsp;&nbsp;&nbsp; 1. Zdenko Crnkovi\u0107, predsjednik<br>&nbsp;&nbsp;&nbsp; 2.Darko Hru\u0161kar, \u010dlan<br>&nbsp;&nbsp;&nbsp; 3. Ivica Grguri\u0107, \u010dlan<\/p>\n\n\n\n<p class=\"has-medium-font-size\">c) Sud \u010dasti<br>&nbsp;&nbsp;&nbsp; 1. Zlatko Pemper, predsjednik<br>&nbsp;&nbsp;&nbsp; 2.Stjepan Smi\u010di\u0107, \u010dlan<br>&nbsp;&nbsp;&nbsp; 3. Alen Zori\u0107, \u010dlan<\/p>\n\n\n\n<p class=\"has-medium-font-size\">d) Likvidator<br>&nbsp;&nbsp;&nbsp; 1. Miroslav Filko<br><br><strong>Skup\u0161tini su prisustvovali gosti: Gordana Duvnjak, \u2013 voditeljica odijela u Ministarstvu poljoprivrede, Mr.sc. Nevija \u010cirko \u2013 Agencija za pla\u0107anja u poljoprivredi, morskom ribarstvu i ruralnom razvoju. Uzgajiva\u010di matica su iskoristili prisustvo&nbsp; dr. Gordane Duvnjak, i Mr.sc. Nevije \u010cirko za pitanja o poticajima za matice u 2026.g. &nbsp;Dobili su va\u017ene informacije o intervencijama u sektoru p\u010delarstva.<\/strong><\/p>\n\n\n\n<p><em><strong>IZVJE\u0160\u0106E: Miroslav Kobra, dipl.ing.polj.<\/strong><\/em><\/p>\n<\/div><\/div>\n\n\n\n<h4 class=\"wp-block-heading\"><a href=\"http:\/\/pubweb.carnet.hr\/matica\/wp-content\/uploads\/sites\/132\/2014\/08\/Graphic2-e1452445500994.jpg\"><\/a><img loading=\"lazy\" decoding=\"async\" width=\"52\" height=\"45\" class=\"wp-image-176\" style=\"width: 52px\" src=\"http:\/\/pubweb.carnet.hr\/matica\/wp-content\/uploads\/sites\/132\/2014\/08\/Graphic2-e1452445500994.jpg\" alt=\"\"><a href=\"http:\/\/pubweb.carnet.hr\/matica\/wp-content\/uploads\/sites\/132\/2014\/08\/Graphic2-e1452445500994.jpg\"><\/a><\/h4>\n\n\n<h2><strong><em><span style=\"color: #ff0000\">24. &#8211; 25. LISTOPADA 2024.<\/span><\/em><\/strong><\/h2>\n<h2><strong>RADIONICA<br \/>&#8220;ANALIZA NOZEMOZE I PLODNOSTI VAROE&#8221;<\/strong><\/h2>\n<h3 style=\"text-align: left\">U organizaciji Fakulteta agrobiotehni\u010dkih znanosti Osijek i Udruge uzgajiva\u010da selekcioniranih matica p\u010dela Hrvatske, 24. i 25.10.2024. na fakultetu Je odr\u017eana radionica \u201eAnaliza nozemoze i plodnosti varoe\u201c.<br \/>Cilj radionice je bio\u00a0 pokazati i osposobiti uzgajiva\u010de matica za analizu prisutnosti spora nozemoze u p\u010delama radilicama, analizu plodnost varoe u p\u010delinjem leglu te analizu otklapanja\/poklapanja legla.<br \/>U\u010destvovalo je 25 uzgajiva\u010da matica.<\/h3>\n<h3>Izvje\u0161\u0107uje: Miroslav Kobra,dipl.ing.polj.<\/h3>\n<p><a href=\"http:\/\/pubweb.carnet.hr\/matica\/wp-content\/uploads\/sites\/132\/2024\/11\/aNALIZA-NOZEMOZE-I-PLODNOSRT-VAROE-a.jpg\"><img loading=\"lazy\" decoding=\"async\" class=\"size-full wp-image-2238 alignleft\" src=\"http:\/\/pubweb.carnet.hr\/matica\/wp-content\/uploads\/sites\/132\/2024\/11\/aNALIZA-NOZEMOZE-I-PLODNOSRT-VAROE-a.jpg\" alt=\"\" width=\"263\" height=\"380\" srcset=\"https:\/\/pubweb.carnet.hr\/matica\/wp-content\/uploads\/sites\/132\/2024\/11\/aNALIZA-NOZEMOZE-I-PLODNOSRT-VAROE-a.jpg 263w, https:\/\/pubweb.carnet.hr\/matica\/wp-content\/uploads\/sites\/132\/2024\/11\/aNALIZA-NOZEMOZE-I-PLODNOSRT-VAROE-a-208x300.jpg 208w, https:\/\/pubweb.carnet.hr\/matica\/wp-content\/uploads\/sites\/132\/2024\/11\/aNALIZA-NOZEMOZE-I-PLODNOSRT-VAROE-a-1x1.jpg 1w\" sizes=\"auto, (max-width: 263px) 100vw, 263px\" \/><\/a><\/p>\n<p><a href=\"http:\/\/pubweb.carnet.hr\/matica\/wp-content\/uploads\/sites\/132\/2024\/11\/20180127_101139-a.jpg\"><img loading=\"lazy\" decoding=\"async\" class=\"wp-image-2240 alignnone\" src=\"http:\/\/pubweb.carnet.hr\/matica\/wp-content\/uploads\/sites\/132\/2024\/11\/20180127_101139-a.jpg\" alt=\"\" width=\"316\" height=\"237\" srcset=\"https:\/\/pubweb.carnet.hr\/matica\/wp-content\/uploads\/sites\/132\/2024\/11\/20180127_101139-a.jpg 800w, https:\/\/pubweb.carnet.hr\/matica\/wp-content\/uploads\/sites\/132\/2024\/11\/20180127_101139-a-300x225.jpg 300w, https:\/\/pubweb.carnet.hr\/matica\/wp-content\/uploads\/sites\/132\/2024\/11\/20180127_101139-a-768x576.jpg 768w, https:\/\/pubweb.carnet.hr\/matica\/wp-content\/uploads\/sites\/132\/2024\/11\/20180127_101139-a-1x1.jpg 1w\" sizes=\"auto, (max-width: 316px) 100vw, 316px\" \/><\/a><a href=\"http:\/\/pubweb.carnet.hr\/matica\/wp-content\/uploads\/sites\/132\/2024\/11\/WhatsApp-Slika-2024-10-26-u-17.54.40_a50c74cb-a.jpg\"><img loading=\"lazy\" decoding=\"async\" class=\"wp-image-2241 alignleft\" src=\"http:\/\/pubweb.carnet.hr\/matica\/wp-content\/uploads\/sites\/132\/2024\/11\/WhatsApp-Slika-2024-10-26-u-17.54.40_a50c74cb-a.jpg\" alt=\"\" width=\"389\" height=\"175\" srcset=\"https:\/\/pubweb.carnet.hr\/matica\/wp-content\/uploads\/sites\/132\/2024\/11\/WhatsApp-Slika-2024-10-26-u-17.54.40_a50c74cb-a.jpg 800w, https:\/\/pubweb.carnet.hr\/matica\/wp-content\/uploads\/sites\/132\/2024\/11\/WhatsApp-Slika-2024-10-26-u-17.54.40_a50c74cb-a-300x135.jpg 300w, https:\/\/pubweb.carnet.hr\/matica\/wp-content\/uploads\/sites\/132\/2024\/11\/WhatsApp-Slika-2024-10-26-u-17.54.40_a50c74cb-a-768x346.jpg 768w, https:\/\/pubweb.carnet.hr\/matica\/wp-content\/uploads\/sites\/132\/2024\/11\/WhatsApp-Slika-2024-10-26-u-17.54.40_a50c74cb-a-2x1.jpg 2w\" sizes=\"auto, (max-width: 389px) 100vw, 389px\" \/><\/a><\/p>\n<h2>\u00a0<\/h2>\n<p><a href=\"http:\/\/pubweb.carnet.hr\/matica\/wp-content\/uploads\/sites\/132\/2024\/11\/4.jpg\"><img loading=\"lazy\" decoding=\"async\" class=\"size-full wp-image-2244 alignleft\" src=\"http:\/\/pubweb.carnet.hr\/matica\/wp-content\/uploads\/sites\/132\/2024\/11\/4.jpg\" alt=\"\" width=\"300\" height=\"400\" srcset=\"https:\/\/pubweb.carnet.hr\/matica\/wp-content\/uploads\/sites\/132\/2024\/11\/4.jpg 300w, https:\/\/pubweb.carnet.hr\/matica\/wp-content\/uploads\/sites\/132\/2024\/11\/4-225x300.jpg 225w, https:\/\/pubweb.carnet.hr\/matica\/wp-content\/uploads\/sites\/132\/2024\/11\/4-1x1.jpg 1w\" sizes=\"auto, (max-width: 300px) 100vw, 300px\" \/><\/a><\/p>\n<h2><strong><em><span style=\"color: #ff0000\">23. o\u017eujka 2024.<\/span><\/em><\/strong><\/h2>\n<h1>\u00a0<\/h1>\n<h1>\u00a0<\/h1>\n<h1>\u00a0<\/h1>\n<h1>\u00a0<\/h1>\n<h1>\u00a0<\/h1>\n<h1 style=\"text-align: center\"><strong>ODR\u017dANA REDOVNA SKUP\u0160TINA UDRUGE<\/strong><\/h1>\n<h3>U prostoru SD Sutinska Vrela, Podsusedski trg 14b, Podsused, \u00a023. o\u017eujka 2024. godine odr\u017eana je redovna skup\u0161tinu Udruge uzgajiva\u010da selekcioniranih matica p\u010dela Hrvatske .<\/h3>\n<h3>Na po\u0107etku rada Skup\u0161tine Zamjenik predsjednika Udruge Miroslav Kobra,dipl.ing.polj. pozdravio je goste i sve \u010dlanove Udruge.<br \/>Minutom \u0161utnje odana je po\u010dast preminulom uzgajiva\u010du matica i \u010dlanu Upravnog odbora Dragutinu Jure\u0161i.<br \/>Od 47 \u010dlanova Udruge skup\u0161tini je prisustvovalo 38 \u010dlanova.<\/h3>\n<h3>Skup\u0161tina je usvojila Izvje\u0161\u0107e o radu udruge u 2023. godini, Financijsko izvje\u0161\u0107e za 2023.godinu, Izvje\u0161\u0107e Nadzornog odbora za 2023.godinu te Izvje\u0161\u0107e o provedbi Uzgojnog programa sive p\u010dele u 2023.godini.<\/h3>\n<h3>Skup\u0161tina je usvojila i program rada i financijski plan za 2024. godinu.<br \/>Skup\u0161tina je tako\u0111er donesla Odluku o visini \u010dlanarine za 2024. godinu te Odliku o visini \u010dlanskog udjela za provedbu Uzgojnog program u 2024. godini.<br \/>\u010clanarina za 2024. godinu iznosi \u00a040,00 eura, upla\u0107uje se na \u017eiro ra\u010dun Udruge.<br \/>Naknada za provedbu Uzgojnog programa u 2024.godini iznosi:<br \/>&#8211; za \u010dlanove udruge 0,15 eura po proizvedenoj matici<br \/>&#8211; za uzgajiva\u010de koji nisu \u010dlanovi Udruge\u00a0 0,30 eura po proizvedenoj matici.<\/h3>\n<h3>Skup\u0161tina je izabrala jednog \u010dlana Upravnog odbora umjesto pokojnog Dragutina Jure\u0161e.<br \/>Izabran je <strong>Miroslav Antol\u010di\u0107,dipl.ing.elektrotehnike iz Velike Gorice.<\/strong><\/h3>\n<h3>Skup\u0161tini su prisustvovali gosti: \u00a0<strong> Darko Jurkovi\u0107, dipl.ing. <\/strong>\u2013 Rukovoditelj Odjela za ov\u010darstvo, kozarstvo i male \u017eivotinje u HAPIH, <strong>Gordana Duvnjak,dipl.ing.agr. &#8211; <\/strong>voditeljica odijela u Ministarstvu poljoprivrede, <strong>Mr.sc. Nevija \u010cirko &#8211; Agencija za pla\u0107anja u poljoprivredi, morskom ribarstvu i ruralnom razvoju.<\/strong><\/h3>\n<h3>Uzgajiva\u010di matica su iskoristili prisustvo\u00a0 Gordane Duvnjak,dipl.ing.polj. i Mr.sc. Nevije \u010cirko za pitanja o poticajima za matice u 2024.g. i narednom periodu. Dobili su va\u017ene informacije o intervencijama u sektoru p\u010delarstva te odre\u0111enim pitanjma iz rada OPG-a.<\/h3>\n<h3>Poslije sjednice skup\u0161tine odr\u017eano je predavanje: <strong>Prof.dr.sc. Dragan Bubalo: <\/strong>Trutovi i sparivali\u0161ta za matice<\/h3>\n<p><a href=\"http:\/\/pubweb.carnet.hr\/matica\/wp-content\/uploads\/sites\/132\/2024\/03\/1.jpg\"><img loading=\"lazy\" decoding=\"async\" class=\"wp-image-2201 alignleft\" src=\"http:\/\/pubweb.carnet.hr\/matica\/wp-content\/uploads\/sites\/132\/2024\/03\/1.jpg\" alt=\"\" width=\"739\" height=\"554\" srcset=\"https:\/\/pubweb.carnet.hr\/matica\/wp-content\/uploads\/sites\/132\/2024\/03\/1.jpg 1600w, https:\/\/pubweb.carnet.hr\/matica\/wp-content\/uploads\/sites\/132\/2024\/03\/1-300x225.jpg 300w, https:\/\/pubweb.carnet.hr\/matica\/wp-content\/uploads\/sites\/132\/2024\/03\/1-768x576.jpg 768w, https:\/\/pubweb.carnet.hr\/matica\/wp-content\/uploads\/sites\/132\/2024\/03\/1-1024x768.jpg 1024w, https:\/\/pubweb.carnet.hr\/matica\/wp-content\/uploads\/sites\/132\/2024\/03\/1-1x1.jpg 1w\" sizes=\"auto, (max-width: 739px) 100vw, 739px\" \/><\/a> <a href=\"http:\/\/pubweb.carnet.hr\/matica\/wp-content\/uploads\/sites\/132\/2024\/03\/2.jpg\"><img loading=\"lazy\" decoding=\"async\" class=\"aligncenter wp-image-2202\" src=\"http:\/\/pubweb.carnet.hr\/matica\/wp-content\/uploads\/sites\/132\/2024\/03\/2.jpg\" alt=\"\" width=\"734\" height=\"550\" srcset=\"https:\/\/pubweb.carnet.hr\/matica\/wp-content\/uploads\/sites\/132\/2024\/03\/2.jpg 1600w, https:\/\/pubweb.carnet.hr\/matica\/wp-content\/uploads\/sites\/132\/2024\/03\/2-300x225.jpg 300w, https:\/\/pubweb.carnet.hr\/matica\/wp-content\/uploads\/sites\/132\/2024\/03\/2-768x576.jpg 768w, https:\/\/pubweb.carnet.hr\/matica\/wp-content\/uploads\/sites\/132\/2024\/03\/2-1024x768.jpg 1024w, https:\/\/pubweb.carnet.hr\/matica\/wp-content\/uploads\/sites\/132\/2024\/03\/2-1x1.jpg 1w\" sizes=\"auto, (max-width: 734px) 100vw, 734px\" \/><\/a> <a href=\"http:\/\/pubweb.carnet.hr\/matica\/wp-content\/uploads\/sites\/132\/2024\/03\/3.jpg\"><img loading=\"lazy\" decoding=\"async\" class=\"wp-image-2203 alignleft\" src=\"http:\/\/pubweb.carnet.hr\/matica\/wp-content\/uploads\/sites\/132\/2024\/03\/3.jpg\" alt=\"\" width=\"744\" height=\"558\" srcset=\"https:\/\/pubweb.carnet.hr\/matica\/wp-content\/uploads\/sites\/132\/2024\/03\/3.jpg 1600w, https:\/\/pubweb.carnet.hr\/matica\/wp-content\/uploads\/sites\/132\/2024\/03\/3-300x225.jpg 300w, https:\/\/pubweb.carnet.hr\/matica\/wp-content\/uploads\/sites\/132\/2024\/03\/3-768x576.jpg 768w, https:\/\/pubweb.carnet.hr\/matica\/wp-content\/uploads\/sites\/132\/2024\/03\/3-1024x768.jpg 1024w, https:\/\/pubweb.carnet.hr\/matica\/wp-content\/uploads\/sites\/132\/2024\/03\/3-1x1.jpg 1w\" sizes=\"auto, (max-width: 744px) 100vw, 744px\" \/><\/a><\/p>\n<h4>Izvje\u0161\u0107uje:<\/h4>\n<h4>Miroslav Kobra,dipl.ing.polj.<\/h4>\n<h4><a href=\"http:\/\/pubweb.carnet.hr\/matica\/wp-content\/uploads\/sites\/132\/2014\/08\/Graphic2-e1452445500994.jpg\" rel=\"attachment wp-att-176\"><img loading=\"lazy\" decoding=\"async\" class=\"wp-image-176 aligncenter\" src=\"http:\/\/pubweb.carnet.hr\/matica\/wp-content\/uploads\/sites\/132\/2014\/08\/Graphic2-e1452445500994.jpg\" alt=\"Graphic2\" width=\"131\" height=\"113\" \/><\/a><\/h4>\n<p style=\"text-align: left\">\n\n\n<p><\/p>\n","protected":false},"excerpt":{"rendered":"<p>21. o\u017eujka 2026. ODR\u017dANA IZBORNA SKUP\u0160TINA UDRUGE U prostoru Srednje strukovne \u0161kole u Velikoj Gorici, &nbsp;21. o\u017eujka 2026. godine odr\u017eana je izborna skup\u0161tinu Udruge uzgajiva\u010da selekcioniranih matica p\u010dela Hrvatske . Na po\u0107etku rada Skup\u0161tine Zamjenik predsjednika Udruge Miroslav Kobra,dipl.ing.polj. pozdravio je goste i sve \u010dlanove Udruge.Od 47 \u010dlanova Udruge skup\u0161tini je prisustvovalo 26 \u010dlanova. Skup\u0161tina [&hellip;]<\/p>\n","protected":false},"author":129,"featured_media":0,"parent":0,"menu_order":0,"comment_status":"closed","ping_status":"closed","template":"","meta":{"footnotes":""},"class_list":["post-203","page","type-page","status-publish","hentry"],"_links":{"self":[{"href":"https:\/\/pubweb.carnet.hr\/matica\/wp-json\/wp\/v2\/pages\/203","targetHints":{"allow":["GET"]}}],"collection":[{"href":"https:\/\/pubweb.carnet.hr\/matica\/wp-json\/wp\/v2\/pages"}],"about":[{"href":"https:\/\/pubweb.carnet.hr\/matica\/wp-json\/wp\/v2\/types\/page"}],"author":[{"embeddable":true,"href":"https:\/\/pubweb.carnet.hr\/matica\/wp-json\/wp\/v2\/users\/129"}],"replies":[{"embeddable":true,"href":"https:\/\/pubweb.carnet.hr\/matica\/wp-json\/wp\/v2\/comments?post=203"}],"version-history":[{"count":2,"href":"https:\/\/pubweb.carnet.hr\/matica\/wp-json\/wp\/v2\/pages\/203\/revisions"}],"predecessor-version":[{"id":2405,"href":"https:\/\/pubweb.carnet.hr\/matica\/wp-json\/wp\/v2\/pages\/203\/revisions\/2405"}],"wp:attachment":[{"href":"https:\/\/pubweb.carnet.hr\/matica\/wp-json\/wp\/v2\/media?parent=203"}],"curies":[{"name":"wp","href":"https:\/\/api.w.org\/{rel}","templated":true}]}}