{"id":189,"date":"2015-04-19T07:55:42","date_gmt":"2015-04-19T07:55:42","guid":{"rendered":"http:\/\/pubweb.carnet.hr\/matica\/?page_id=189"},"modified":"2026-02-16T15:04:07","modified_gmt":"2026-02-16T15:04:07","slug":"za-uzgajivace-matica","status":"publish","type":"page","link":"https:\/\/pubweb.carnet.hr\/matica\/za-uzgajivace-matica\/","title":{"rendered":"OBAVIJESTI ZA UZGAJIVA\u010cE MATICA"},"content":{"rendered":"<h2><em><span style=\"color: #ff0000\">15. sije\u010dnja 2026.<\/span><\/em><\/h2>\n<h2>PLAN PROIZVODNJE U 2026. GODINI<\/h2>\n<h3>Molim sve uzgajiva\u010de matica da do 25.01.2026. godine dostave <br \/><span style=\"color: #ff0000\"><strong>Plan uzgoja matica u 2026. godini.<\/strong><\/span><br \/>Podaci su potrebni kako bi \u0161to prije mogli dogovoriti \u0161tampanje markica, Uzgojnih karsti i Licenci.<\/h3>\n<h3>Podsje\u010dam uzgajiva\u0107e na obveze:<br \/>&#8211; da dostave Uzgojne knjige<br \/>&#8211; da dostave ocijene matica u testu 2024\/2025\u00a0<br \/>&#8211; ocjene 50 zajednica<br \/>&#8211; podmiriti \u010dlanarinu i ra\u010dun za provedbu uzgojnog programa u 2025.g.<\/h3>\n<h3><strong>Voditelj Uzgojnog programa:<\/strong><\/h3>\n<h3>dr.sc. Marin Kova\u010di\u0107<\/h3>\n<p><img decoding=\"async\" src=\"http:\/\/pubweb.carnet.hr\/matica\/wp-content\/uploads\/sites\/132\/2021\/01\/Untitled-5.jpg\" \/><\/p>\n<h2><strong><em><span style=\"color: #ff0000\">20. sije\u010dnja 2021.<\/span><\/em><\/strong><\/h2>\n<h3>Ministarstvo poljoprivrede dostavilo je o\u010ditovanje u vezi imenovanja novog Voditelja uzgojnog programa.<br \/><a href=\"http:\/\/pubweb.carnet.hr\/matica\/wp-content\/uploads\/sites\/132\/2021\/01\/Izmjena-voditelja-Uzgojnog-programa-sive-p\u010dele.pdf\"><strong>Izmjena voditelja Uzgojnog programa sive p\u010dele<\/strong><\/a><\/h3>\n<p><a href=\"http:\/\/pubweb.carnet.hr\/matica\/wp-content\/uploads\/sites\/132\/2021\/01\/MP-voditelj.jpg\"><img loading=\"lazy\" decoding=\"async\" class=\"aligncenter size-full wp-image-1806\" src=\"http:\/\/pubweb.carnet.hr\/matica\/wp-content\/uploads\/sites\/132\/2021\/01\/MP-voditelj.jpg\" alt=\"\" width=\"2048\" height=\"2002\" srcset=\"https:\/\/pubweb.carnet.hr\/matica\/wp-content\/uploads\/sites\/132\/2021\/01\/MP-voditelj.jpg 2048w, https:\/\/pubweb.carnet.hr\/matica\/wp-content\/uploads\/sites\/132\/2021\/01\/MP-voditelj-300x293.jpg 300w, https:\/\/pubweb.carnet.hr\/matica\/wp-content\/uploads\/sites\/132\/2021\/01\/MP-voditelj-768x751.jpg 768w, https:\/\/pubweb.carnet.hr\/matica\/wp-content\/uploads\/sites\/132\/2021\/01\/MP-voditelj-1024x1001.jpg 1024w, https:\/\/pubweb.carnet.hr\/matica\/wp-content\/uploads\/sites\/132\/2021\/01\/MP-voditelj-1x1.jpg 1w\" sizes=\"auto, (max-width: 2048px) 100vw, 2048px\" \/><\/a><\/p>\n<h3><a href=\"http:\/\/pubweb.carnet.hr\/matica\/wp-content\/uploads\/sites\/132\/2014\/08\/Graphic2-e1452445500994.jpg\" rel=\"attachment wp-att-176\"><img loading=\"lazy\" decoding=\"async\" class=\"aligncenter wp-image-176\" src=\"http:\/\/pubweb.carnet.hr\/matica\/wp-content\/uploads\/sites\/132\/2014\/08\/Graphic2-e1452445500994.jpg\" alt=\"Graphic2\" width=\"117\" height=\"102\" \/><\/a><\/h3>\n<h2><strong><em><span style=\"color: #ff0000\">23. prosinca 2020.<\/span><\/em><\/strong><\/h2>\n<h3>Temeljem Odluke o izmjenama i dopunama Uzgojnog programa sive p\u010dele koju je Skup\u0161tina udruge<br \/>donijela 17.-27.11.2020. g., na na\u0161 zahtijev Ministarstvo poljoprivrede donijelo je Rje\u0161enje o odobravanju<br \/>izmjena i dopuna. Dakle od 17.12.2020. vrijedi izmjenjeni Uzgojni program sive p\u010dele koji je objavljen na ovoj<br \/>web stranici ( &#8220;Uzgojni program&#8221; ).<br \/><a href=\"http:\/\/pubweb.carnet.hr\/matica\/wp-content\/uploads\/sites\/132\/2020\/12\/Rje\u0161enje1.jpg\"><img loading=\"lazy\" decoding=\"async\" class=\"aligncenter size-full wp-image-1761\" src=\"http:\/\/pubweb.carnet.hr\/matica\/wp-content\/uploads\/sites\/132\/2020\/12\/Rje\u0161enje1.jpg\" alt=\"\" width=\"1658\" height=\"2048\" srcset=\"https:\/\/pubweb.carnet.hr\/matica\/wp-content\/uploads\/sites\/132\/2020\/12\/Rje\u0161enje1.jpg 1658w, https:\/\/pubweb.carnet.hr\/matica\/wp-content\/uploads\/sites\/132\/2020\/12\/Rje\u0161enje1-243x300.jpg 243w, https:\/\/pubweb.carnet.hr\/matica\/wp-content\/uploads\/sites\/132\/2020\/12\/Rje\u0161enje1-768x949.jpg 768w, https:\/\/pubweb.carnet.hr\/matica\/wp-content\/uploads\/sites\/132\/2020\/12\/Rje\u0161enje1-829x1024.jpg 829w, https:\/\/pubweb.carnet.hr\/matica\/wp-content\/uploads\/sites\/132\/2020\/12\/Rje\u0161enje1-1x1.jpg 1w\" sizes=\"auto, (max-width: 1658px) 100vw, 1658px\" \/><\/a><a href=\"http:\/\/pubweb.carnet.hr\/matica\/wp-content\/uploads\/sites\/132\/2020\/12\/Rje\u0161enje2.jpg\"><img loading=\"lazy\" decoding=\"async\" class=\"aligncenter size-full wp-image-1762\" src=\"http:\/\/pubweb.carnet.hr\/matica\/wp-content\/uploads\/sites\/132\/2020\/12\/Rje\u0161enje2.jpg\" alt=\"\" width=\"2166\" height=\"2078\" srcset=\"https:\/\/pubweb.carnet.hr\/matica\/wp-content\/uploads\/sites\/132\/2020\/12\/Rje\u0161enje2.jpg 2166w, https:\/\/pubweb.carnet.hr\/matica\/wp-content\/uploads\/sites\/132\/2020\/12\/Rje\u0161enje2-300x288.jpg 300w, https:\/\/pubweb.carnet.hr\/matica\/wp-content\/uploads\/sites\/132\/2020\/12\/Rje\u0161enje2-768x737.jpg 768w, https:\/\/pubweb.carnet.hr\/matica\/wp-content\/uploads\/sites\/132\/2020\/12\/Rje\u0161enje2-1024x982.jpg 1024w, https:\/\/pubweb.carnet.hr\/matica\/wp-content\/uploads\/sites\/132\/2020\/12\/Rje\u0161enje2-1x1.jpg 1w\" sizes=\"auto, (max-width: 2166px) 100vw, 2166px\" \/><\/a><\/h3>\n<h3><a href=\"http:\/\/pubweb.carnet.hr\/matica\/wp-content\/uploads\/sites\/132\/2014\/08\/Graphic2-e1452445500994.jpg\" rel=\"attachment wp-att-176\"><img loading=\"lazy\" decoding=\"async\" class=\"aligncenter wp-image-176\" src=\"http:\/\/pubweb.carnet.hr\/matica\/wp-content\/uploads\/sites\/132\/2014\/08\/Graphic2-e1452445500994.jpg\" alt=\"Graphic2\" width=\"117\" height=\"102\" \/><\/a><\/h3>\n<h2><strong><em><span style=\"color: #ff0000\">27. studenog 2020.<\/span><\/em><\/strong><\/h2>\n<h2><a href=\"http:\/\/pubweb.carnet.hr\/matica\/wp-content\/uploads\/sites\/132\/2020\/11\/Objava.jpg\"><img loading=\"lazy\" decoding=\"async\" class=\"wp-image-1742 aligncenter\" src=\"http:\/\/pubweb.carnet.hr\/matica\/wp-content\/uploads\/sites\/132\/2020\/11\/Objava.jpg\" alt=\"\" width=\"953\" height=\"1409\" \/><\/a><\/h2>\n<h3><a href=\"http:\/\/pubweb.carnet.hr\/matica\/wp-content\/uploads\/sites\/132\/2014\/08\/Graphic2-e1452445500994.jpg\" rel=\"attachment wp-att-176\"><img loading=\"lazy\" decoding=\"async\" class=\"aligncenter wp-image-176\" src=\"http:\/\/pubweb.carnet.hr\/matica\/wp-content\/uploads\/sites\/132\/2014\/08\/Graphic2-e1452445500994.jpg\" alt=\"Graphic2\" width=\"117\" height=\"102\" \/><\/a><\/h3>\n<h3>\u00a0<\/h3>\n<h2><strong><em><span style=\"color: #ff0000\"> 23. listopada 2020.<br \/><\/span><\/em><\/strong><\/h2>\n<h2><strong>Javna isprika Veterinarskom fakultetu Sveu\u010dili\u0161ta u Zagrebu<\/strong><\/h2>\n<h3>\u00a0<\/h3>\n<h3>U internom dokumentu \u2013 Zapisniku Povjerenstva za odabir ponuda za utvr\u0111ivanje najmanjeg broja spora nozeme u zajednicama uzgajiva\u010da matica Udruge uzgajiva\u010da selekcioniranih matica p\u010dela Hrvatske navedeno je da <strong>\u201eAPISLab ne broji spore u uzorcima koji imaju ispod milijun spora, \u0161to za potrebe selekcije nije dobro\u201c. <\/strong><\/h3>\n<h3><em><strong>Navedena tvrdnja nije to\u010dna. <\/strong><\/em><\/h3>\n<h3><em><strong>U Laboratoriju za bolesti p\u010dela APISlab sve dijagnosti\u010dke pretrage obavljaju se sukladno validiranim i verificiranim radnim uputama i OIE priru\u010dniku, od zaprimanja do izdavanja nalaza. U nalazima APISlaba se prikazuju <u>svi rezultati<\/u> provedenih pretraga, uklju\u010duju\u0107i one koji u dostavljenim uzorcima imaju utvr\u0111eno manje od milijun spora Nosema spp. po p\u010deli.<\/strong><\/em><\/h3>\n<h3>Ovime se javno ispri\u010davamo Veterinarskom fakultetu i APISlab-u.<\/h3>\n<h3>Predsjednik Udruge:<\/h3>\n<h3>Zdenko Crnkovi\u0107<a href=\"http:\/\/pubweb.carnet.hr\/matica\/wp-content\/uploads\/sites\/132\/2014\/08\/Graphic2-e1452445500994.jpg\" rel=\"attachment wp-att-176\"><img loading=\"lazy\" decoding=\"async\" class=\"aligncenter wp-image-176\" src=\"http:\/\/pubweb.carnet.hr\/matica\/wp-content\/uploads\/sites\/132\/2014\/08\/Graphic2-e1452445500994.jpg\" alt=\"Graphic2\" width=\"117\" height=\"102\" \/><\/a><\/h3>\n<h2><strong><a href=\"http:\/\/pubweb.carnet.hr\/matica\/wp-content\/uploads\/sites\/132\/2014\/08\/Graphic2-e1452445500994.jpg\" rel=\"attachment wp-att-176\"><img loading=\"lazy\" decoding=\"async\" class=\"aligncenter wp-image-176\" src=\"http:\/\/pubweb.carnet.hr\/matica\/wp-content\/uploads\/sites\/132\/2014\/08\/Graphic2-e1452445500994.jpg\" alt=\"Graphic2\" width=\"117\" height=\"102\" \/><\/a><\/strong><\/h2>\n<h1 style=\"text-align: left\"><strong><em><span style=\"color: #ff0000\">18. srpnja 2020.<\/span><\/em><\/strong><\/h1>\n<h1><a href=\"http:\/\/pubweb.carnet.hr\/matica\/wp-content\/uploads\/sites\/132\/2020\/07\/Uputa-za-uzimanje-uzoraka-za-analizu-na-nozemozu-.jpg\"><img loading=\"lazy\" decoding=\"async\" class=\"aligncenter wp-image-1638\" src=\"http:\/\/pubweb.carnet.hr\/matica\/wp-content\/uploads\/sites\/132\/2020\/07\/Uputa-za-uzimanje-uzoraka-za-analizu-na-nozemozu-.jpg\" alt=\"\" width=\"1223\" height=\"1639\" srcset=\"https:\/\/pubweb.carnet.hr\/matica\/wp-content\/uploads\/sites\/132\/2020\/07\/Uputa-za-uzimanje-uzoraka-za-analizu-na-nozemozu-.jpg 559w, https:\/\/pubweb.carnet.hr\/matica\/wp-content\/uploads\/sites\/132\/2020\/07\/Uputa-za-uzimanje-uzoraka-za-analizu-na-nozemozu--224x300.jpg 224w, https:\/\/pubweb.carnet.hr\/matica\/wp-content\/uploads\/sites\/132\/2020\/07\/Uputa-za-uzimanje-uzoraka-za-analizu-na-nozemozu--1x1.jpg 1w\" sizes=\"auto, (max-width: 1223px) 100vw, 1223px\" \/><\/a><\/h1>\n<h2><strong><a href=\"http:\/\/pubweb.carnet.hr\/matica\/wp-content\/uploads\/sites\/132\/2014\/08\/Graphic2-e1452445500994.jpg\" rel=\"attachment wp-att-176\"><img loading=\"lazy\" decoding=\"async\" class=\"aligncenter wp-image-176\" src=\"http:\/\/pubweb.carnet.hr\/matica\/wp-content\/uploads\/sites\/132\/2014\/08\/Graphic2-e1452445500994.jpg\" alt=\"Graphic2\" width=\"117\" height=\"102\" \/><\/a><\/strong><\/h2>\n<h2>\u00a0<\/h2>\n<h4><em><strong>22. listopada 2019.<\/strong><\/em><\/h4>\n<p>22. srpnja 2019. Ministarstvu poljoprivrede Republike Hrvatske priznalo je \u00a0Udrugu uzgajiva\u010da selekcioniranih matica p\u010dela Hrvatske je kao uzgojno udru\u017eenje za bavljenje uzgojem doma\u0107ih \u017eivotinja s namjerom stvaranja uzgojno valjanih matica p\u010dela sive p\u010dele, prema Zakonu o uzgoju doma\u0107ih \u017eivotinja (NN 115\/2018).<\/p>\n<p>Udruga je ovla\u0161tena za uzgojno selekcijski rad na 10 godina .<\/p>\n<p><a href=\"http:\/\/pubweb.carnet.hr\/matica\/wp-content\/uploads\/sites\/132\/2019\/10\/Scan0001.jpg\"><img loading=\"lazy\" decoding=\"async\" class=\"aligncenter size-full wp-image-1335\" src=\"http:\/\/pubweb.carnet.hr\/matica\/wp-content\/uploads\/sites\/132\/2019\/10\/Scan0001.jpg\" alt=\"\" width=\"1700\" height=\"2338\" srcset=\"https:\/\/pubweb.carnet.hr\/matica\/wp-content\/uploads\/sites\/132\/2019\/10\/Scan0001.jpg 1700w, https:\/\/pubweb.carnet.hr\/matica\/wp-content\/uploads\/sites\/132\/2019\/10\/Scan0001-218x300.jpg 218w, https:\/\/pubweb.carnet.hr\/matica\/wp-content\/uploads\/sites\/132\/2019\/10\/Scan0001-768x1056.jpg 768w, https:\/\/pubweb.carnet.hr\/matica\/wp-content\/uploads\/sites\/132\/2019\/10\/Scan0001-745x1024.jpg 745w, https:\/\/pubweb.carnet.hr\/matica\/wp-content\/uploads\/sites\/132\/2019\/10\/Scan0001-1x1.jpg 1w\" sizes=\"auto, (max-width: 1700px) 100vw, 1700px\" \/><\/a><a href=\"http:\/\/pubweb.carnet.hr\/matica\/wp-content\/uploads\/sites\/132\/2019\/10\/Scan0002.jpg\"><img loading=\"lazy\" decoding=\"async\" class=\"aligncenter size-full wp-image-1336\" src=\"http:\/\/pubweb.carnet.hr\/matica\/wp-content\/uploads\/sites\/132\/2019\/10\/Scan0002.jpg\" alt=\"\" width=\"1700\" height=\"2338\" srcset=\"https:\/\/pubweb.carnet.hr\/matica\/wp-content\/uploads\/sites\/132\/2019\/10\/Scan0002.jpg 1700w, https:\/\/pubweb.carnet.hr\/matica\/wp-content\/uploads\/sites\/132\/2019\/10\/Scan0002-218x300.jpg 218w, https:\/\/pubweb.carnet.hr\/matica\/wp-content\/uploads\/sites\/132\/2019\/10\/Scan0002-768x1056.jpg 768w, https:\/\/pubweb.carnet.hr\/matica\/wp-content\/uploads\/sites\/132\/2019\/10\/Scan0002-745x1024.jpg 745w, https:\/\/pubweb.carnet.hr\/matica\/wp-content\/uploads\/sites\/132\/2019\/10\/Scan0002-1x1.jpg 1w\" sizes=\"auto, (max-width: 1700px) 100vw, 1700px\" \/><\/a><\/p>\n<h2>\u00a0<\/h2>\n<p><strong>\u00a0<\/strong><\/p>\n<h2>\u00a0<\/h2>\n<h2>\u00a0<\/h2>\n<h3><em><strong><span style=\"color: #ff0000\">\u00a0<\/span><\/strong><\/em><\/h3>\n<h3>\u00a0<\/h3>\n<h4 style=\"text-align: center\">\u00a0<\/h4>\n<h4>\u00a0<\/h4>\n<h3>\u00a0<\/h3>\n<h3>\u00a0<\/h3>\n<h3>\u00a0<\/h3>\n\n\n<figure class=\"wp-block-gallery has-nested-images columns-default is-cropped wp-block-gallery-1 is-layout-flex wp-block-gallery-is-layout-flex\"><\/figure>\n\n\n\n<figure class=\"wp-block-gallery has-nested-images columns-default is-cropped wp-block-gallery-2 is-layout-flex wp-block-gallery-is-layout-flex\"><\/figure>\n","protected":false},"excerpt":{"rendered":"<p>15. sije\u010dnja 2026. PLAN PROIZVODNJE U 2026. GODINI Molim sve uzgajiva\u010de matica da do 25.01.2026. godine dostave Plan uzgoja matica u 2026. godini.Podaci su potrebni kako bi \u0161to prije mogli dogovoriti \u0161tampanje markica, Uzgojnih karsti i Licenci. Podsje\u010dam uzgajiva\u0107e na obveze:&#8211; da dostave Uzgojne knjige&#8211; da dostave ocijene matica u testu 2024\/2025\u00a0&#8211; ocjene 50 zajednica&#8211; [&hellip;]<\/p>\n","protected":false},"author":129,"featured_media":0,"parent":0,"menu_order":0,"comment_status":"closed","ping_status":"closed","template":"","meta":{"footnotes":""},"class_list":["post-189","page","type-page","status-publish","hentry"],"_links":{"self":[{"href":"https:\/\/pubweb.carnet.hr\/matica\/wp-json\/wp\/v2\/pages\/189","targetHints":{"allow":["GET"]}}],"collection":[{"href":"https:\/\/pubweb.carnet.hr\/matica\/wp-json\/wp\/v2\/pages"}],"about":[{"href":"https:\/\/pubweb.carnet.hr\/matica\/wp-json\/wp\/v2\/types\/page"}],"author":[{"embeddable":true,"href":"https:\/\/pubweb.carnet.hr\/matica\/wp-json\/wp\/v2\/users\/129"}],"replies":[{"embeddable":true,"href":"https:\/\/pubweb.carnet.hr\/matica\/wp-json\/wp\/v2\/comments?post=189"}],"version-history":[{"count":1,"href":"https:\/\/pubweb.carnet.hr\/matica\/wp-json\/wp\/v2\/pages\/189\/revisions"}],"predecessor-version":[{"id":2331,"href":"https:\/\/pubweb.carnet.hr\/matica\/wp-json\/wp\/v2\/pages\/189\/revisions\/2331"}],"wp:attachment":[{"href":"https:\/\/pubweb.carnet.hr\/matica\/wp-json\/wp\/v2\/media?parent=189"}],"curies":[{"name":"wp","href":"https:\/\/api.w.org\/{rel}","templated":true}]}}