{"id":153,"date":"2014-12-31T15:00:43","date_gmt":"2014-12-31T15:00:43","guid":{"rendered":"http:\/\/pubweb.carnet.hr\/matica\/?page_id=153"},"modified":"2026-03-26T18:27:23","modified_gmt":"2026-03-26T18:27:23","slug":"kontakt","status":"publish","type":"page","link":"https:\/\/pubweb.carnet.hr\/matica\/kontakt\/","title":{"rendered":"Kontakt"},"content":{"rendered":"<h3><a href=\"http:\/\/pubweb.carnet.hr\/matica\/wp-content\/uploads\/sites\/132\/2024\/02\/LOGO-19.02.2024.jpg\"><img loading=\"lazy\" decoding=\"async\" class=\" wp-image-2185 alignleft\" src=\"http:\/\/pubweb.carnet.hr\/matica\/wp-content\/uploads\/sites\/132\/2024\/02\/LOGO-19.02.2024.jpg\" alt=\"\" width=\"1036\" height=\"175\" srcset=\"https:\/\/pubweb.carnet.hr\/matica\/wp-content\/uploads\/sites\/132\/2024\/02\/LOGO-19.02.2024.jpg 740w, https:\/\/pubweb.carnet.hr\/matica\/wp-content\/uploads\/sites\/132\/2024\/02\/LOGO-19.02.2024-300x51.jpg 300w, https:\/\/pubweb.carnet.hr\/matica\/wp-content\/uploads\/sites\/132\/2024\/02\/LOGO-19.02.2024-6x1.jpg 6w\" sizes=\"auto, (max-width: 1036px) 100vw, 1036px\" \/><\/a><\/h3>\n<h3>Udruga uzgajiva\u010da slekcioniranih matica p\u010dela Hrvatske<br \/>\nSveto\u0161imunska 25<br \/>\n10000 ZAGREB<\/h3>\n<h3>IBAN: HR 6324840081100688964<strong> &#8211; <\/strong>Raiffeisenbank Austria d.d., Zagreb.<\/h3>\n<h3><strong>\u00a0Ured Udruge:\u00a0 <\/strong><\/h3>\n<h3 style=\"text-align: left\">Andrije Ka\u010di\u0107a Mio\u0161i\u0107a 54<br \/>\n10410 Velika Gorica<\/h3>\n<h3>\u00a0\u00a0\u00a0\u00a0\u00a0\u00a0\u00a0\u00a0\u00a0\u00a0\u00a0\u00a0\u00a0\u00a0\u00a0\u00a0\u00a0\u00a0\u00a0\u00a0\u00a0\u00a0\u00a0\u00a0\u00a0\u00a0 <strong><br \/>\n<\/strong><\/h3>\n<h3><\/h3>\n<p><strong><img loading=\"lazy\" decoding=\"async\" class=\"aligncenter size-full wp-image-158\" src=\"http:\/\/pubweb.carnet.hr\/matica\/wp-content\/uploads\/sites\/132\/2014\/12\/email2.gif\" alt=\"email[2]\" width=\"100\" height=\"62\" srcset=\"https:\/\/pubweb.carnet.hr\/matica\/wp-content\/uploads\/sites\/132\/2014\/12\/email2.gif 100w, https:\/\/pubweb.carnet.hr\/matica\/wp-content\/uploads\/sites\/132\/2014\/12\/email2-1x1.gif 1w\" sizes=\"auto, (max-width: 100px) 100vw, 100px\" \/><\/strong><\/p>\n<p style=\"text-align: center\"><strong> <a href=\"mailto:uzgajivaci.matica@gmail.com\">uzgajivaci.matica@gmail.com\u00a0<\/a><\/strong><\/p>\n<h3><em><strong>telefon <\/strong><\/em><\/h3>\n<h3><strong>099 292 8988\u00a0 &#8211;\u00a0 \u00a0Filko Miroslav, predsjednik Udruge<br \/>\n<\/strong><\/h3>\n<h3><strong>098 9335 200\u00a0 &#8211;\u00a0\u00a0 Miroslav Kobra,dipl.ing.polj., zamjenik predsjednika Udruge<\/strong><\/h3>\n<h3><strong>098 868 724\u00a0 \u00a0 &#8211;\u00a0\u00a0 doc.dr.sc. Marin Kova\u010di\u0107, Voditelj Uzgojnog programa sive p\u010dele<\/strong><\/h3>\n","protected":false},"excerpt":{"rendered":"<p>Udruga uzgajiva\u010da slekcioniranih matica p\u010dela Hrvatske Sveto\u0161imunska 25 10000 ZAGREB IBAN: HR 6324840081100688964 &#8211; Raiffeisenbank Austria d.d., Zagreb. \u00a0Ured Udruge:\u00a0 Andrije Ka\u010di\u0107a Mio\u0161i\u0107a 54 10410 Velika Gorica \u00a0\u00a0\u00a0\u00a0\u00a0\u00a0\u00a0\u00a0\u00a0\u00a0\u00a0\u00a0\u00a0\u00a0\u00a0\u00a0\u00a0\u00a0\u00a0\u00a0\u00a0\u00a0\u00a0\u00a0\u00a0\u00a0 uzgajivaci.matica@gmail.com\u00a0 telefon 099 292 8988\u00a0 &#8211;\u00a0 \u00a0Filko Miroslav, predsjednik Udruge 098 9335 200\u00a0 &#8211;\u00a0\u00a0 Miroslav Kobra,dipl.ing.polj., zamjenik predsjednika Udruge 098 868 724\u00a0 \u00a0 &#8211;\u00a0\u00a0 doc.dr.sc. Marin Kova\u010di\u0107, [&hellip;]<\/p>\n","protected":false},"author":129,"featured_media":0,"parent":0,"menu_order":0,"comment_status":"closed","ping_status":"closed","template":"","meta":{"footnotes":""},"class_list":["post-153","page","type-page","status-publish","hentry"],"_links":{"self":[{"href":"https:\/\/pubweb.carnet.hr\/matica\/wp-json\/wp\/v2\/pages\/153","targetHints":{"allow":["GET"]}}],"collection":[{"href":"https:\/\/pubweb.carnet.hr\/matica\/wp-json\/wp\/v2\/pages"}],"about":[{"href":"https:\/\/pubweb.carnet.hr\/matica\/wp-json\/wp\/v2\/types\/page"}],"author":[{"embeddable":true,"href":"https:\/\/pubweb.carnet.hr\/matica\/wp-json\/wp\/v2\/users\/129"}],"replies":[{"embeddable":true,"href":"https:\/\/pubweb.carnet.hr\/matica\/wp-json\/wp\/v2\/comments?post=153"}],"version-history":[{"count":1,"href":"https:\/\/pubweb.carnet.hr\/matica\/wp-json\/wp\/v2\/pages\/153\/revisions"}],"predecessor-version":[{"id":2407,"href":"https:\/\/pubweb.carnet.hr\/matica\/wp-json\/wp\/v2\/pages\/153\/revisions\/2407"}],"wp:attachment":[{"href":"https:\/\/pubweb.carnet.hr\/matica\/wp-json\/wp\/v2\/media?parent=153"}],"curies":[{"name":"wp","href":"https:\/\/api.w.org\/{rel}","templated":true}]}}