{"id":131,"date":"2014-12-31T13:07:03","date_gmt":"2014-12-31T13:07:03","guid":{"rendered":"http:\/\/pubweb.carnet.hr\/matica\/?page_id=131"},"modified":"2026-03-26T18:21:26","modified_gmt":"2026-03-26T18:21:26","slug":"izvrsni-i-nadzorni-odbor-udruge","status":"publish","type":"page","link":"https:\/\/pubweb.carnet.hr\/matica\/izvrsni-i-nadzorni-odbor-udruge\/","title":{"rendered":"Izbrana tijela Udruge"},"content":{"rendered":"<h3><em><strong>UPRAVNI ODBOR<\/strong><\/em><\/h3>\n<h3>1. Miroslav Filko, Dubrava Vrbove\u010dka, predsjednik<br \/>\n2. Miroslav Kobra, Grubi\u0161no Polje, zamjenik predsjednika<br \/>\n3. Nikola Ageli\u0107, Vrbanja, \u010dlan<br \/>\n4. Miroslav Antol\u010di\u0107, Velika Gorica, \u010dlan<br \/>\n5. Jurica Manestar, Crikvenica, \u010dlan<\/h3>\n<h2><em><strong>\u00a0NADZORNI ODBOR<\/strong><\/em><\/h2>\n<h3>1. Zdenko Crnkovi\u0107, Zagreb, predsjednik<br \/>\n2. Darko Hru\u0161kar, Belec, \u010dlan<br \/>\n3. Ivica Grguri\u0107, V. Svinji\u010dko, \u010dlan<\/h3>\n<h2><em><strong>SUD \u010cASTI<\/strong><\/em><\/h2>\n<h3>1. Zlatko Pemper, Levinovac,\u00a0 predsjednik<br \/>\n2.Stjepan Smi\u010di\u0107, Kumrovec , \u010dlan<br \/>\n3.Alen Zori\u0107, Gospi\u0107, \u010dlan<\/h3>\n<h3><em><strong>LIKVIDATOR &#8211;\u00a0<\/strong><\/em> Miroslav Filko<\/h3>\n<h3><strong><em>VODITELJ UZGOJNOG PROGRAMA<\/em> \u00a0\u00a0<\/strong> &#8211; dr.sc. Marin Kova\u0107i\u0107, Darda,<\/h3>\n<h3><strong>UPRAVLJANJE UZGOJNIM PROGRAMOM &#8211;\u00a0\u00a0<\/strong> Hrvatska agencija za poljoprivredu i hranu ( HAPIH ) u Osijeku.<\/h3>\n","protected":false},"excerpt":{"rendered":"<p>UPRAVNI ODBOR 1. Miroslav Filko, Dubrava Vrbove\u010dka, predsjednik 2. Miroslav Kobra, Grubi\u0161no Polje, zamjenik predsjednika 3. Nikola Ageli\u0107, Vrbanja, \u010dlan 4. Miroslav Antol\u010di\u0107, Velika Gorica, \u010dlan 5. Jurica Manestar, Crikvenica, \u010dlan \u00a0NADZORNI ODBOR 1. Zdenko Crnkovi\u0107, Zagreb, predsjednik 2. Darko Hru\u0161kar, Belec, \u010dlan 3. Ivica Grguri\u0107, V. Svinji\u010dko, \u010dlan SUD \u010cASTI 1. Zlatko Pemper, Levinovac,\u00a0 [&hellip;]<\/p>\n","protected":false},"author":129,"featured_media":0,"parent":0,"menu_order":0,"comment_status":"closed","ping_status":"closed","template":"","meta":{"footnotes":""},"class_list":["post-131","page","type-page","status-publish","hentry"],"_links":{"self":[{"href":"https:\/\/pubweb.carnet.hr\/matica\/wp-json\/wp\/v2\/pages\/131","targetHints":{"allow":["GET"]}}],"collection":[{"href":"https:\/\/pubweb.carnet.hr\/matica\/wp-json\/wp\/v2\/pages"}],"about":[{"href":"https:\/\/pubweb.carnet.hr\/matica\/wp-json\/wp\/v2\/types\/page"}],"author":[{"embeddable":true,"href":"https:\/\/pubweb.carnet.hr\/matica\/wp-json\/wp\/v2\/users\/129"}],"replies":[{"embeddable":true,"href":"https:\/\/pubweb.carnet.hr\/matica\/wp-json\/wp\/v2\/comments?post=131"}],"version-history":[{"count":2,"href":"https:\/\/pubweb.carnet.hr\/matica\/wp-json\/wp\/v2\/pages\/131\/revisions"}],"predecessor-version":[{"id":2404,"href":"https:\/\/pubweb.carnet.hr\/matica\/wp-json\/wp\/v2\/pages\/131\/revisions\/2404"}],"wp:attachment":[{"href":"https:\/\/pubweb.carnet.hr\/matica\/wp-json\/wp\/v2\/media?parent=131"}],"curies":[{"name":"wp","href":"https:\/\/api.w.org\/{rel}","templated":true}]}}