{"id":95,"date":"2014-09-17T08:29:28","date_gmt":"2014-09-17T08:29:28","guid":{"rendered":"http:\/\/pubweb.carnet.hr\/kud-gaj\/?page_id=95"},"modified":"2014-09-25T09:09:28","modified_gmt":"2014-09-25T09:09:28","slug":"ivan-miter","status":"publish","type":"page","link":"https:\/\/pubweb.carnet.hr\/kud-gaj\/?page_id=95","title":{"rendered":"Ivan Miter"},"content":{"rendered":"<p style=\"text-align: justify\"><a href=\"http:\/\/pubweb.carnet.hr\/kud-gaj\/wp-content\/uploads\/sites\/136\/2014\/09\/imiter.jpg\"><img loading=\"lazy\" decoding=\"async\" class=\" wp-image-84 alignleft\" src=\"http:\/\/pubweb.carnet.hr\/kud-gaj\/wp-content\/uploads\/sites\/136\/2014\/09\/imiter.jpg\" alt=\"imiter\" width=\"100\" height=\"111\" \/><\/a><b>\u00a0\u00a0\u00a0\u00a0\u00a0\u00a0\u00a0\u00a0 IVAN MITER<\/b> je \u0161kolovanje za tamburu zapo\u010deo u Osnovnoj glazbenoj \u0161koli\u00a0 Slatina. Srednje glazbeno obrazovanje nastavlja u Glazbenoj \u0161koli Alberta \u0160trige u Kri\u017eevcima gdje je 2011. godine maturirao na odjelu za tambure u klasi prof. Igora Kudeljnjaka te stje\u010de naziv glazbenika &#8211; tambura\u0161a. Od 2011. studira na U\u010diteljskom fakultetu Sveu\u010dili\u0161ta u Zagrebu. Posljednjih 12 godina svira u tambura\u0161kim orkestrima u Slatini te u Kri\u017eevcima gdje kao \u010dlan srednjo\u0161kolskog orkestra osvaja brojna dr\u017eavna natjecanja u Dubrovniku te prvo mjesto (Cum laude) u Belgiji na me\u0111unarodnom natjecanju. \u010clan tambura\u0161kog orkestra KUD-a \u201eGaj\u201c postao je 2009. godine.<\/p>\n<p style=\"text-align: justify\">Od 2011. vodi po\u010detni\u010dke sekcije KUD-a \u201eGaj\u201c unutar projekta Tamburica po\u010detnica.<\/p>\n","protected":false},"excerpt":{"rendered":"<p>\u00a0\u00a0\u00a0\u00a0\u00a0\u00a0\u00a0\u00a0 IVAN MITER je \u0161kolovanje za tamburu zapo\u010deo u Osnovnoj glazbenoj \u0161koli\u00a0 Slatina. Srednje glazbeno obrazovanje nastavlja u Glazbenoj \u0161koli Alberta \u0160trige u Kri\u017eevcima gdje je 2011. godine maturirao na odjelu za tambure u klasi prof. Igora Kudeljnjaka te stje\u010de &hellip;<\/p>\n<p class=\"read-more\"> <a class=\"more-link\" href=\"https:\/\/pubweb.carnet.hr\/kud-gaj\/?page_id=95\"> <span class=\"screen-reader-text\">Ivan Miter<\/span> Read More &raquo;<\/a><\/p>\n","protected":false},"author":133,"featured_media":0,"parent":80,"menu_order":3,"comment_status":"closed","ping_status":"closed","template":"full-width-page.php","meta":{"footnotes":""},"class_list":["post-95","page","type-page","status-publish","hentry"],"_links":{"self":[{"href":"https:\/\/pubweb.carnet.hr\/kud-gaj\/index.php?rest_route=\/wp\/v2\/pages\/95","targetHints":{"allow":["GET"]}}],"collection":[{"href":"https:\/\/pubweb.carnet.hr\/kud-gaj\/index.php?rest_route=\/wp\/v2\/pages"}],"about":[{"href":"https:\/\/pubweb.carnet.hr\/kud-gaj\/index.php?rest_route=\/wp\/v2\/types\/page"}],"author":[{"embeddable":true,"href":"https:\/\/pubweb.carnet.hr\/kud-gaj\/index.php?rest_route=\/wp\/v2\/users\/133"}],"replies":[{"embeddable":true,"href":"https:\/\/pubweb.carnet.hr\/kud-gaj\/index.php?rest_route=%2Fwp%2Fv2%2Fcomments&post=95"}],"version-history":[{"count":0,"href":"https:\/\/pubweb.carnet.hr\/kud-gaj\/index.php?rest_route=\/wp\/v2\/pages\/95\/revisions"}],"up":[{"embeddable":true,"href":"https:\/\/pubweb.carnet.hr\/kud-gaj\/index.php?rest_route=\/wp\/v2\/pages\/80"}],"wp:attachment":[{"href":"https:\/\/pubweb.carnet.hr\/kud-gaj\/index.php?rest_route=%2Fwp%2Fv2%2Fmedia&parent=95"}],"curies":[{"name":"wp","href":"https:\/\/api.w.org\/{rel}","templated":true}]}}