{"id":91,"date":"2014-09-17T08:24:45","date_gmt":"2014-09-17T08:24:45","guid":{"rendered":"http:\/\/pubweb.carnet.hr\/kud-gaj\/?page_id=91"},"modified":"2015-12-30T10:53:46","modified_gmt":"2015-12-30T10:53:46","slug":"kresimir-racic","status":"publish","type":"page","link":"https:\/\/pubweb.carnet.hr\/kud-gaj\/?page_id=91","title":{"rendered":"Kre\u0161imir Ra\u010di\u0107"},"content":{"rendered":"<p style=\"text-align: justify\"><b><a href=\"http:\/\/pubweb.carnet.hr\/kud-gaj\/wp-content\/uploads\/sites\/136\/2014\/09\/kracic.jpg\"><img loading=\"lazy\" decoding=\"async\" class=\"size-full wp-image-83 alignleft\" src=\"http:\/\/pubweb.carnet.hr\/kud-gaj\/wp-content\/uploads\/sites\/136\/2014\/09\/kracic.jpg\" alt=\"kracic\" width=\"163\" height=\"188\" srcset=\"https:\/\/pubweb.carnet.hr\/kud-gaj\/wp-content\/uploads\/sites\/136\/2014\/09\/kracic.jpg 163w, https:\/\/pubweb.carnet.hr\/kud-gaj\/wp-content\/uploads\/sites\/136\/2014\/09\/kracic-100x115.jpg 100w, https:\/\/pubweb.carnet.hr\/kud-gaj\/wp-content\/uploads\/sites\/136\/2014\/09\/kracic-150x173.jpg 150w\" sizes=\"auto, (max-width: 163px) 100vw, 163px\" \/><\/a>\u00a0\u00a0\u00a0\u00a0\u00a0\u00a0\u00a0\u00a0\u00a0\u00a0 KRE\u0160IMIR RA\u010cI\u0106<\/b> je \u010dlan TD-a \u201eGaj\u201c od 1997. godine. Glazbenu teoriju, sviranje i poduke dirigiranja pro\u0161ao je kod prof. Ljudevita Adameka. Uz sviranje tambura\u0161ke glazbe bavio se i sviranjem klavijatura u Centru za kulturu Novi Zagreb (od 1994.) u klasi prof. Daniela Fabera i prof. Hrvoja Marjanovi\u0107a. Dirigent orkestra postao je 2009. godine. Dirigiranje je stru\u010dno usavr\u0161avao na te\u010daju prof. Sini\u0161e Leopolda u organizaciji Hrvatskog sabora kulture. Vi\u0161egodi\u0161njim prou\u010davanjem orkestralne tambura\u0161ke glazbe rezultiralo je bogatom tambura\u0161kom arhivom partitura (u materijalnom aspketu) kao i velikom ljubavi za taj tip glazbe (u nematerijalnom obliku) koji mu je prenio velikan tambura\u0161tva Julije Njiko\u0161. Tako\u0111er, 2009. godine od velike glazbeno-teorijske pomo\u0107i kao i prakti\u010dno-glazbenih savjeta bio mu je hrvatski glazbeni i pedago\u0161ki velikan, prof. Adalbert Markovi\u0107.<br \/>\nKao dirigent tambura\u0161kog orkestra TD-a \u201eGaj\u201c postigao je zna\u010dajne rezultate: 7 zlatnih plaketa \u201eTambura Paje Kolari\u0107a\u201c na Me\u0111unarodnim festivalima hrvatske tambura\u0161ke glazbe u Osijeku (2009.-2015.), 2., 3. i 1. mjesto na Dr\u017eavnim susretima tambura\u0161kih orkestara (2012., 2014., 2015.), 2. mjesto na 3. Me\u0111unarodnom festivalu tambura\u0161ke glazbe u Dugom Selu (2010. i 2012.),\u00a02. mjesto na 2. Samoborskom tamburatoriju (2014.), a na IX. me\u0111unarodnom festivalu slavenske kulture u Moskvi osvaja visoki laureat druge razine (2103.) te na Me\u0111unarodnom glazbenom festivalu u Be\u010du drugu nagradu (2013.).\u00a0 Tako\u0111er, dirigiraju\u0107i orkestru Gaj, trostruki je dobitnik nagrade Hrvatskog dru\u0161tva skladatelja za najbolju izvedbu djela hrvatskog autora na Festivalima hrvatske tambura\u0161ke glazbe u Osijeku te Dr\u017eavnom susretu tambura\u0161kih orkestara (2008. godine praizvev\u0161i djelo <em>Vu \u00b4noj crnoj gori<\/em> skladatelja Josipa Magdi\u0107a, 2013. za najbolju izvedbu Varijacija Emila Cossetta te 2014. praizvev\u0161i <em>Prazni\u010dnu raspodiju<\/em> Zdravka \u0160ljivca). Tako\u0111er, za svoj rad je dobio mnoga priznanja od renomiranih glazbenih institucija i glazbenih kriti\u010dara.<br \/>\nNositelj je i idejni za\u010detnik 5 velikih projekata TD-a Gaj \u2013 Tamburice po\u010detnice, Tamburice skrbnice, Tamburice umjetnice (s dva bienalna memorijala \u2013 Adalbertu Markovi\u0107u i Juliju Njiko\u0161u), Tamburica nakladnice te Tamburice ba\u0161tinice.<br \/>\nOd 2012. godine predsjednika je Hrvatskog tambura\u0161kog saveza u Osijeku. \u010clan je glazbenih institucija te odbora festivala i susreta.<\/p>\n","protected":false},"excerpt":{"rendered":"<p>\u00a0\u00a0\u00a0\u00a0\u00a0\u00a0\u00a0\u00a0\u00a0\u00a0 KRE\u0160IMIR RA\u010cI\u0106 je \u010dlan TD-a \u201eGaj\u201c od 1997. godine. Glazbenu teoriju, sviranje i poduke dirigiranja pro\u0161ao je kod prof. Ljudevita Adameka. Uz sviranje tambura\u0161ke glazbe bavio se i sviranjem klavijatura u Centru za kulturu Novi Zagreb (od 1994.) u &hellip;<\/p>\n<p class=\"read-more\"> <a class=\"more-link\" href=\"https:\/\/pubweb.carnet.hr\/kud-gaj\/?page_id=91\"> <span class=\"screen-reader-text\">Kre\u0161imir Ra\u010di\u0107<\/span> Read More &raquo;<\/a><\/p>\n","protected":false},"author":133,"featured_media":0,"parent":80,"menu_order":2,"comment_status":"closed","ping_status":"closed","template":"full-width-page.php","meta":{"footnotes":""},"class_list":["post-91","page","type-page","status-publish","hentry"],"_links":{"self":[{"href":"https:\/\/pubweb.carnet.hr\/kud-gaj\/index.php?rest_route=\/wp\/v2\/pages\/91","targetHints":{"allow":["GET"]}}],"collection":[{"href":"https:\/\/pubweb.carnet.hr\/kud-gaj\/index.php?rest_route=\/wp\/v2\/pages"}],"about":[{"href":"https:\/\/pubweb.carnet.hr\/kud-gaj\/index.php?rest_route=\/wp\/v2\/types\/page"}],"author":[{"embeddable":true,"href":"https:\/\/pubweb.carnet.hr\/kud-gaj\/index.php?rest_route=\/wp\/v2\/users\/133"}],"replies":[{"embeddable":true,"href":"https:\/\/pubweb.carnet.hr\/kud-gaj\/index.php?rest_route=%2Fwp%2Fv2%2Fcomments&post=91"}],"version-history":[{"count":2,"href":"https:\/\/pubweb.carnet.hr\/kud-gaj\/index.php?rest_route=\/wp\/v2\/pages\/91\/revisions"}],"predecessor-version":[{"id":1380,"href":"https:\/\/pubweb.carnet.hr\/kud-gaj\/index.php?rest_route=\/wp\/v2\/pages\/91\/revisions\/1380"}],"up":[{"embeddable":true,"href":"https:\/\/pubweb.carnet.hr\/kud-gaj\/index.php?rest_route=\/wp\/v2\/pages\/80"}],"wp:attachment":[{"href":"https:\/\/pubweb.carnet.hr\/kud-gaj\/index.php?rest_route=%2Fwp%2Fv2%2Fmedia&parent=91"}],"curies":[{"name":"wp","href":"https:\/\/api.w.org\/{rel}","templated":true}]}}