{"id":556,"date":"2014-09-25T09:36:09","date_gmt":"2014-09-25T09:36:09","guid":{"rendered":"http:\/\/pubweb.carnet.hr\/kud-gaj\/?page_id=556"},"modified":"2016-07-22T08:10:54","modified_gmt":"2016-07-22T08:10:54","slug":"festivali","status":"publish","type":"page","link":"https:\/\/pubweb.carnet.hr\/kud-gaj\/?page_id=556","title":{"rendered":"Festivali"},"content":{"rendered":"<p>Tambura\u0161ki orkestar za svoj umjetni\u010dki rad primio je brojne nagrade i priznanja. Posebno se isti\u010du srebrna i trinaest zlatnih plaketa Tambura Paje Kolari\u0107a osvojenih na Festivalima hrvatske tambura\u0161ke glazbe u Osijeku. Tako\u0111er treba istaknuti nagradu Josip Andri\u0107 Hrvatskog dru\u0161tva skladatelja koju je Orkestar dobio 2008. godine za najbolju praizvedbu na Festivalu hrvatske tambura\u0161ke glazbe u Osijeku (praizvedba Vu \u00b4noj crnoj gori skladatelja Josipa Magdi\u0107a). Na 19. dr\u017eavnim susretima tambura\u0161kih orkestara u Ogulinu 2012. Orkestar je osvojio drugu nagradu. Ova 2013. predstavlja povijesnu prekretnicu u postojanju ansambla zbog uspjeha na \u010dak dva presti\u017ena me\u0111unarodna festivalska natjecanja. U svibnju 2013. Orkestar sudjeluje na IX. me\u0111unarodnom festivalu slavenske kulture u Moskvi gdje izvodi Varijacije Emila Cossetta i Valcer iz Jazz suite br. 2 Dmitrija \u0160ostakovi\u010da za koje je progla\u0161en visokim laureatom druge razine. U lipnju iste godine na Me\u0111unarodnom glazbenom festivalu u Be\u010du predstavlja Suitu iz starog Zagreba Adalberta Markovi\u0107a te Odu radosti iz 9. simfonije Ludwiga van Beethovena za koje osvaja drugu nagradu.<\/p>\n<div id=\"metaslider-id-246\" style=\"width: 100%;\" class=\"ml-slider-3-105-0 metaslider metaslider-flex metaslider-246 ml-slider has-dots-nav ms-theme-default\" role=\"region\" aria-label=\"Nastup na 36. Me\u0111unardodnom festivalu hrvatske tambura\u0161ke glazbe\" data-height=\"500\" data-width=\"900\">\n    <div id=\"metaslider_container_246\">\n        <div id=\"metaslider_246\">\n            <ul class='slides'>\n            <\/ul>\n        <\/div>\n        \n    <\/div>\n<\/div>\n","protected":false},"excerpt":{"rendered":"<p>Tambura\u0161ki orkestar za svoj umjetni\u010dki rad primio je brojne nagrade i priznanja. Posebno se isti\u010du srebrna i trinaest zlatnih plaketa Tambura Paje Kolari\u0107a osvojenih na Festivalima hrvatske tambura\u0161ke glazbe u Osijeku. Tako\u0111er treba istaknuti nagradu Josip Andri\u0107 Hrvatskog dru\u0161tva skladatelja &hellip;<\/p>\n<p class=\"read-more\"> <a class=\"more-link\" href=\"https:\/\/pubweb.carnet.hr\/kud-gaj\/?page_id=556\"> <span class=\"screen-reader-text\">Festivali<\/span> Read More &raquo;<\/a><\/p>\n","protected":false},"author":133,"featured_media":0,"parent":520,"menu_order":14,"comment_status":"closed","ping_status":"closed","template":"full-width-page.php","meta":{"footnotes":""},"class_list":["post-556","page","type-page","status-publish","hentry"],"_links":{"self":[{"href":"https:\/\/pubweb.carnet.hr\/kud-gaj\/index.php?rest_route=\/wp\/v2\/pages\/556","targetHints":{"allow":["GET"]}}],"collection":[{"href":"https:\/\/pubweb.carnet.hr\/kud-gaj\/index.php?rest_route=\/wp\/v2\/pages"}],"about":[{"href":"https:\/\/pubweb.carnet.hr\/kud-gaj\/index.php?rest_route=\/wp\/v2\/types\/page"}],"author":[{"embeddable":true,"href":"https:\/\/pubweb.carnet.hr\/kud-gaj\/index.php?rest_route=\/wp\/v2\/users\/133"}],"replies":[{"embeddable":true,"href":"https:\/\/pubweb.carnet.hr\/kud-gaj\/index.php?rest_route=%2Fwp%2Fv2%2Fcomments&post=556"}],"version-history":[{"count":1,"href":"https:\/\/pubweb.carnet.hr\/kud-gaj\/index.php?rest_route=\/wp\/v2\/pages\/556\/revisions"}],"predecessor-version":[{"id":1567,"href":"https:\/\/pubweb.carnet.hr\/kud-gaj\/index.php?rest_route=\/wp\/v2\/pages\/556\/revisions\/1567"}],"up":[{"embeddable":true,"href":"https:\/\/pubweb.carnet.hr\/kud-gaj\/index.php?rest_route=\/wp\/v2\/pages\/520"}],"wp:attachment":[{"href":"https:\/\/pubweb.carnet.hr\/kud-gaj\/index.php?rest_route=%2Fwp%2Fv2%2Fmedia&parent=556"}],"curies":[{"name":"wp","href":"https:\/\/api.w.org\/{rel}","templated":true}]}}