{"id":551,"date":"2014-09-25T09:35:05","date_gmt":"2014-09-25T09:35:05","guid":{"rendered":"http:\/\/pubweb.carnet.hr\/kud-gaj\/?page_id=551"},"modified":"2016-01-18T11:11:14","modified_gmt":"2016-01-18T11:11:14","slug":"memorijal-njikos","status":"publish","type":"page","link":"https:\/\/pubweb.carnet.hr\/kud-gaj\/?page_id=551","title":{"rendered":"Glazbeni memorijal Julije Njiko\u0161"},"content":{"rendered":"<p><a href=\"http:\/\/pubweb.carnet.hr\/kud-gaj\/wp-content\/uploads\/sites\/136\/2014\/09\/memorijalnjikos.jpg\"><img loading=\"lazy\" decoding=\"async\" class=\"size-full wp-image-552 aligncenter\" src=\"http:\/\/pubweb.carnet.hr\/kud-gaj\/wp-content\/uploads\/sites\/136\/2014\/09\/memorijalnjikos.jpg\" alt=\"memorijalnjikos\" width=\"600\" height=\"240\" srcset=\"https:\/\/pubweb.carnet.hr\/kud-gaj\/wp-content\/uploads\/sites\/136\/2014\/09\/memorijalnjikos.jpg 600w, https:\/\/pubweb.carnet.hr\/kud-gaj\/wp-content\/uploads\/sites\/136\/2014\/09\/memorijalnjikos-300x120.jpg 300w, https:\/\/pubweb.carnet.hr\/kud-gaj\/wp-content\/uploads\/sites\/136\/2014\/09\/memorijalnjikos-100x40.jpg 100w, https:\/\/pubweb.carnet.hr\/kud-gaj\/wp-content\/uploads\/sites\/136\/2014\/09\/memorijalnjikos-150x60.jpg 150w, https:\/\/pubweb.carnet.hr\/kud-gaj\/wp-content\/uploads\/sites\/136\/2014\/09\/memorijalnjikos-200x80.jpg 200w, https:\/\/pubweb.carnet.hr\/kud-gaj\/wp-content\/uploads\/sites\/136\/2014\/09\/memorijalnjikos-450x180.jpg 450w\" sizes=\"auto, (max-width: 600px) 100vw, 600px\" \/><\/a><\/p>\n<p>Po uzoru na pro\u0161logodi\u0161nji memorijal posve\u0107en velikom hrvatskom skladatelju Adalbertu Markovi\u0107u, koji je polu\u010dio veliki odjek i uspjeh kod glazbene publike i kod glazbenih kriti\u010dara, kre\u0107emo u stvaranje novog memorijala. Pod visokim pokroviteljstvom predsjednika Republike Hrvatske prof.dr.sc. Ive Josipovi\u0107a, Glazbeni memorijal \u201eJulije Njiko\u0161\u201c nastao je s namjerom da se odu\u017eimo Juliju Njiko\u0161u za 70 godina dug muzikolo\u0161ki, melografski, skladateljski i dirigentski rad u tambura\u0161kom svijetu. Iza sebe je ostavio mno\u0161tvo skladbi za tambura\u0161ke orkestre i vokalno-instrumentalnih skladbi za soliste, zbor i tambura\u0161ke orkestre u kojima je opisivao ljepote Slavonije, ali i cijele Hrvatske. Sa \u017eeljom da se koncertna tambura\u0161ka glazba o\u010duva i dobije nove poklonike utemeljio je i Festival hrvatske tambura\u0161ke glazbe u Osijeku davne 1961., a koji postoji i danas.<\/p>\n<p>Ovaj Memorijal prikazat \u0107e reprezentativna djela iz opusa Julija Njiko\u0161a kao \u0161to su Slavonska rapsodija, \u0160oka\u010dka krv, Legenda o tamburici, Osijek je du\u0161a du\u0161e moje, Veliko srce Domovina ima&#8230; pri \u010demu \u0107e se obuhvatiti sve glazbene forme kojima se slu\u017eio (kantate, suite, vesele predigre, koncerta kola i plesovi te ciklusi rapsodija). Bit \u0107e vrlo zahtjevno iz tako bogate i plodne glazbene ostav\u0161tine odabrati najzrelije skladbe, ali izra\u017eavamo nadu da \u0107e memorijal trajati baremo toliko dugo da \u0107e sve skladbe o\u017eivjeti kroz izvo\u0111enje na istom.<\/p>\n<p>U do\u010daravanju skladateljskog rada na pozornici su dosad nastupiti Vera Svoboda (legenda hrvatske starogradske i varo\u0161ke pjesme), Arsen Dedi\u0107, Lidija Horvat Dunjko, Miroslav \u017divkovi\u0107, Blanka Do\u0161en Togonal, Barbara Othman, Stanko \u0160ari\u0107, Matija Podnar, Nikolina Pinko, Elizabeta Kri\u017eani\u0107 i mnogi drugi. Tambura\u0161ko dru\u0161tvo Gaj iz Zagreba sa svojim gostima \u0107e se u ime hrvatske metropole i cijele Republike Hrvatske kroz navedeni memorijal, bienalno, prisje\u0107ati velikog imena hrvatske tambura\u0161ke glazbe, animatora i reformatora, veliko promicatelja vrijednosti hrvatske kulturne ba\u0161tine Julija Njiko\u0161a svima nam dragog i od srca i u srcu zapam\u0107enog \u0110ule. Neka glazba ispri\u010da svoje!<\/p>\n<div id=\"metaslider-id-341\" style=\"width: 100%;\" class=\"ml-slider-3-105-0 metaslider metaslider-flex metaslider-341 ml-slider has-dots-nav ms-theme-default\" role=\"region\" aria-label=\"Memorijan Njiko\u0161\" data-height=\"500\" data-width=\"900\">\n    <div id=\"metaslider_container_341\">\n        <div id=\"metaslider_341\">\n            <ul class='slides'>\n            <\/ul>\n        <\/div>\n        \n    <\/div>\n<\/div>\n","protected":false},"excerpt":{"rendered":"<p>Po uzoru na pro\u0161logodi\u0161nji memorijal posve\u0107en velikom hrvatskom skladatelju Adalbertu Markovi\u0107u, koji je polu\u010dio veliki odjek i uspjeh kod glazbene publike i kod glazbenih kriti\u010dara, kre\u0107emo u stvaranje novog memorijala. Pod visokim pokroviteljstvom predsjednika Republike Hrvatske prof.dr.sc. Ive Josipovi\u0107a, Glazbeni &hellip;<\/p>\n<p class=\"read-more\"> <a class=\"more-link\" href=\"https:\/\/pubweb.carnet.hr\/kud-gaj\/?page_id=551\"> <span class=\"screen-reader-text\">Glazbeni memorijal Julije Njiko\u0161<\/span> Read More &raquo;<\/a><\/p>\n","protected":false},"author":133,"featured_media":0,"parent":520,"menu_order":10,"comment_status":"closed","ping_status":"closed","template":"full-width-page.php","meta":{"footnotes":""},"class_list":["post-551","page","type-page","status-publish","hentry"],"_links":{"self":[{"href":"https:\/\/pubweb.carnet.hr\/kud-gaj\/index.php?rest_route=\/wp\/v2\/pages\/551","targetHints":{"allow":["GET"]}}],"collection":[{"href":"https:\/\/pubweb.carnet.hr\/kud-gaj\/index.php?rest_route=\/wp\/v2\/pages"}],"about":[{"href":"https:\/\/pubweb.carnet.hr\/kud-gaj\/index.php?rest_route=\/wp\/v2\/types\/page"}],"author":[{"embeddable":true,"href":"https:\/\/pubweb.carnet.hr\/kud-gaj\/index.php?rest_route=\/wp\/v2\/users\/133"}],"replies":[{"embeddable":true,"href":"https:\/\/pubweb.carnet.hr\/kud-gaj\/index.php?rest_route=%2Fwp%2Fv2%2Fcomments&post=551"}],"version-history":[{"count":2,"href":"https:\/\/pubweb.carnet.hr\/kud-gaj\/index.php?rest_route=\/wp\/v2\/pages\/551\/revisions"}],"predecessor-version":[{"id":1394,"href":"https:\/\/pubweb.carnet.hr\/kud-gaj\/index.php?rest_route=\/wp\/v2\/pages\/551\/revisions\/1394"}],"up":[{"embeddable":true,"href":"https:\/\/pubweb.carnet.hr\/kud-gaj\/index.php?rest_route=\/wp\/v2\/pages\/520"}],"wp:attachment":[{"href":"https:\/\/pubweb.carnet.hr\/kud-gaj\/index.php?rest_route=%2Fwp%2Fv2%2Fmedia&parent=551"}],"curies":[{"name":"wp","href":"https:\/\/api.w.org\/{rel}","templated":true}]}}