{"id":547,"date":"2014-09-25T09:32:49","date_gmt":"2014-09-25T09:32:49","guid":{"rendered":"http:\/\/pubweb.carnet.hr\/kud-gaj\/?page_id=547"},"modified":"2016-07-22T08:10:12","modified_gmt":"2016-07-22T08:10:12","slug":"memorijal-markovic","status":"publish","type":"page","link":"https:\/\/pubweb.carnet.hr\/kud-gaj\/?page_id=547","title":{"rendered":"Glazbeni memorijal Adalbert Markovi\u0107"},"content":{"rendered":"<p><a href=\"http:\/\/pubweb.carnet.hr\/kud-gaj\/wp-content\/uploads\/sites\/136\/2014\/09\/memorijalmarkovic.jpg\"><img loading=\"lazy\" decoding=\"async\" class=\"size-full wp-image-548 aligncenter\" src=\"http:\/\/pubweb.carnet.hr\/kud-gaj\/wp-content\/uploads\/sites\/136\/2014\/09\/memorijalmarkovic.jpg\" alt=\"memorijalmarkovic\" width=\"600\" height=\"240\" srcset=\"https:\/\/pubweb.carnet.hr\/kud-gaj\/wp-content\/uploads\/sites\/136\/2014\/09\/memorijalmarkovic.jpg 600w, https:\/\/pubweb.carnet.hr\/kud-gaj\/wp-content\/uploads\/sites\/136\/2014\/09\/memorijalmarkovic-300x120.jpg 300w, https:\/\/pubweb.carnet.hr\/kud-gaj\/wp-content\/uploads\/sites\/136\/2014\/09\/memorijalmarkovic-100x40.jpg 100w, https:\/\/pubweb.carnet.hr\/kud-gaj\/wp-content\/uploads\/sites\/136\/2014\/09\/memorijalmarkovic-150x60.jpg 150w, https:\/\/pubweb.carnet.hr\/kud-gaj\/wp-content\/uploads\/sites\/136\/2014\/09\/memorijalmarkovic-200x80.jpg 200w, https:\/\/pubweb.carnet.hr\/kud-gaj\/wp-content\/uploads\/sites\/136\/2014\/09\/memorijalmarkovic-450x180.jpg 450w\" sizes=\"auto, (max-width: 600px) 100vw, 600px\" \/><\/a>Prof. Adalbert Markovi\u0107 jedan je od najve\u0107ih hrvatskih suvremenih skladatelja. Njegova djela njeguju sve vrste glazbala i izvo\u0111a\u010da, od komornih i tambura\u0161kih orkestara do zborova i vokalnih solista. Cilj ovog, ali i budu\u0107ih Memorijala je prikazati \u0161irok opus njegovog rada, od njegovih po\u010detaka pa sve do zrelih godina. Iako su mnogi njegovi kolege njegovali suvremene polifoni\u010dne i disonantne melodije, prof. Markovi\u0107 je u du\u0161i bio veliki romantik, a takve su i njegove skladbe.<br \/>\nTambura\u0161ki orkestar Tambura\u0161kog dru\u0161tva \u201eGaj\u201c i njegov osniva\u010d prof. Ljudevit Adamek od samih po\u010detaka su bili posebno vezani za prof. Markovi\u0107a i njegove skladbe. Iz te suradnje iznikla je monumentalna skladba \u010cetiri razglednice iz starog Zagreba, koja prikazuje obostranu ljubav prema Zagrebu. Kao jo\u0161 jedan znak pa\u017enje i po\u0161tovanja, tambura\u0161ki orkestar TD-a \u201eGaj\u201c je priredio koncert Lirske melodioznosti povodom njegovog 80. ro\u0111endana. Iz tog koncerta izrodila se ideja o ovom Memorijalu kao priredbi koja \u0107e bijenalno prikazivati najve\u0107e dosege Markovi\u0107evih djela.<br \/>\nKulturna i umjetni\u010dka vrijednost Memorijala prepoznata je od mnogih uglednih kulturnih institucija \u2013 Hrvatskog dru\u0161tva skladatelja, Centra za kulturu Tre\u0161njevka i Centra za kulturu Novi Zagreb, a posebna nam je \u010dast da je pokroviteljstvo prihvatila i Predsjednica RH . Zajedni\u010dkim snagama okupili smo kolege i u\u010denike prof. Markovi\u0107a da svojim sudjelovanjem uveli\u010daju i odaju po\u010dast ovom velikom bardu hrvatske glazbe.<br \/>\n\u017delja nam je da njegove lirske i melankoli\u010dne melodije osvoje jo\u0161 mnoga srca te da vje\u010dno ostanu kao spomen na ovog velikana. Neka glazba ispri\u010da svoje.<\/p>\n<p style=\"text-align: center\"><a title=\"Fotogalerija: Glazbeni Memorijal Adalbert Markovi\u0107\" href=\"https:\/\/plus.google.com\/photos\/114248218577098128220\/albums\/6062948510366664433\" target=\"_blank\">Fotogalerija: Glazbeni Memorijal Adalbert Markovi\u0107<\/a><\/p>\n<p style=\"text-align: center\"><img loading=\"lazy\" decoding=\"async\" class=\"alignnone wp-image-705\" src=\"http:\/\/pubweb.carnet.hr\/kud-gaj\/wp-content\/uploads\/sites\/136\/2014\/09\/foto441.jpg\" alt=\"foto44\" width=\"437\" height=\"249\" srcset=\"https:\/\/pubweb.carnet.hr\/kud-gaj\/wp-content\/uploads\/sites\/136\/2014\/09\/foto441.jpg 800w, https:\/\/pubweb.carnet.hr\/kud-gaj\/wp-content\/uploads\/sites\/136\/2014\/09\/foto441-300x170.jpg 300w, https:\/\/pubweb.carnet.hr\/kud-gaj\/wp-content\/uploads\/sites\/136\/2014\/09\/foto441-100x56.jpg 100w, https:\/\/pubweb.carnet.hr\/kud-gaj\/wp-content\/uploads\/sites\/136\/2014\/09\/foto441-150x85.jpg 150w, https:\/\/pubweb.carnet.hr\/kud-gaj\/wp-content\/uploads\/sites\/136\/2014\/09\/foto441-200x113.jpg 200w, https:\/\/pubweb.carnet.hr\/kud-gaj\/wp-content\/uploads\/sites\/136\/2014\/09\/foto441-450x255.jpg 450w, https:\/\/pubweb.carnet.hr\/kud-gaj\/wp-content\/uploads\/sites\/136\/2014\/09\/foto441-600x341.jpg 600w\" sizes=\"auto, (max-width: 437px) 100vw, 437px\" \/><\/p>\n<p>&nbsp;<\/p>\n","protected":false},"excerpt":{"rendered":"<p>Prof. Adalbert Markovi\u0107 jedan je od najve\u0107ih hrvatskih suvremenih skladatelja. Njegova djela njeguju sve vrste glazbala i izvo\u0111a\u010da, od komornih i tambura\u0161kih orkestara do zborova i vokalnih solista. Cilj ovog, ali i budu\u0107ih Memorijala je prikazati \u0161irok opus njegovog rada, &hellip;<\/p>\n<p class=\"read-more\"> <a class=\"more-link\" href=\"https:\/\/pubweb.carnet.hr\/kud-gaj\/?page_id=547\"> <span class=\"screen-reader-text\">Glazbeni memorijal Adalbert Markovi\u0107<\/span> Read More &raquo;<\/a><\/p>\n","protected":false},"author":133,"featured_media":0,"parent":520,"menu_order":8,"comment_status":"closed","ping_status":"closed","template":"full-width-page.php","meta":{"footnotes":""},"class_list":["post-547","page","type-page","status-publish","hentry"],"_links":{"self":[{"href":"https:\/\/pubweb.carnet.hr\/kud-gaj\/index.php?rest_route=\/wp\/v2\/pages\/547","targetHints":{"allow":["GET"]}}],"collection":[{"href":"https:\/\/pubweb.carnet.hr\/kud-gaj\/index.php?rest_route=\/wp\/v2\/pages"}],"about":[{"href":"https:\/\/pubweb.carnet.hr\/kud-gaj\/index.php?rest_route=\/wp\/v2\/types\/page"}],"author":[{"embeddable":true,"href":"https:\/\/pubweb.carnet.hr\/kud-gaj\/index.php?rest_route=\/wp\/v2\/users\/133"}],"replies":[{"embeddable":true,"href":"https:\/\/pubweb.carnet.hr\/kud-gaj\/index.php?rest_route=%2Fwp%2Fv2%2Fcomments&post=547"}],"version-history":[{"count":1,"href":"https:\/\/pubweb.carnet.hr\/kud-gaj\/index.php?rest_route=\/wp\/v2\/pages\/547\/revisions"}],"predecessor-version":[{"id":1566,"href":"https:\/\/pubweb.carnet.hr\/kud-gaj\/index.php?rest_route=\/wp\/v2\/pages\/547\/revisions\/1566"}],"up":[{"embeddable":true,"href":"https:\/\/pubweb.carnet.hr\/kud-gaj\/index.php?rest_route=\/wp\/v2\/pages\/520"}],"wp:attachment":[{"href":"https:\/\/pubweb.carnet.hr\/kud-gaj\/index.php?rest_route=%2Fwp%2Fv2%2Fmedia&parent=547"}],"curies":[{"name":"wp","href":"https:\/\/api.w.org\/{rel}","templated":true}]}}