{"id":534,"date":"2014-09-25T09:24:21","date_gmt":"2014-09-25T09:24:21","guid":{"rendered":"http:\/\/pubweb.carnet.hr\/kud-gaj\/?page_id=534"},"modified":"2016-01-26T11:32:00","modified_gmt":"2016-01-26T11:32:00","slug":"tamburica-skrbnica","status":"publish","type":"page","link":"https:\/\/pubweb.carnet.hr\/kud-gaj\/?page_id=534","title":{"rendered":"Tamburica skrbnica"},"content":{"rendered":"<p style=\"padding-left: 180px\"><a href=\"http:\/\/pubweb.carnet.hr\/kud-gaj\/wp-content\/uploads\/sites\/136\/2014\/09\/IMG_7789.jpg\"><img loading=\"lazy\" decoding=\"async\" class=\"size-medium wp-image-537 alignnone\" src=\"http:\/\/pubweb.carnet.hr\/kud-gaj\/wp-content\/uploads\/sites\/136\/2014\/09\/IMG_7789-300x225.jpg\" alt=\"IMG_7789\" width=\"300\" height=\"225\" srcset=\"https:\/\/pubweb.carnet.hr\/kud-gaj\/wp-content\/uploads\/sites\/136\/2014\/09\/IMG_7789-300x225.jpg 300w, https:\/\/pubweb.carnet.hr\/kud-gaj\/wp-content\/uploads\/sites\/136\/2014\/09\/IMG_7789-100x75.jpg 100w, https:\/\/pubweb.carnet.hr\/kud-gaj\/wp-content\/uploads\/sites\/136\/2014\/09\/IMG_7789-150x112.jpg 150w, https:\/\/pubweb.carnet.hr\/kud-gaj\/wp-content\/uploads\/sites\/136\/2014\/09\/IMG_7789-200x150.jpg 200w, https:\/\/pubweb.carnet.hr\/kud-gaj\/wp-content\/uploads\/sites\/136\/2014\/09\/IMG_7789-450x337.jpg 450w, https:\/\/pubweb.carnet.hr\/kud-gaj\/wp-content\/uploads\/sites\/136\/2014\/09\/IMG_7789-600x450.jpg 600w, https:\/\/pubweb.carnet.hr\/kud-gaj\/wp-content\/uploads\/sites\/136\/2014\/09\/IMG_7789-900x675.jpg 900w, https:\/\/pubweb.carnet.hr\/kud-gaj\/wp-content\/uploads\/sites\/136\/2014\/09\/IMG_7789.jpg 1024w\" sizes=\"auto, (max-width: 300px) 100vw, 300px\" \/><\/a> <a href=\"http:\/\/pubweb.carnet.hr\/kud-gaj\/wp-content\/uploads\/sites\/136\/2014\/09\/IMG_7790.jpg\"><img loading=\"lazy\" decoding=\"async\" class=\"size-medium wp-image-538 alignnone\" src=\"http:\/\/pubweb.carnet.hr\/kud-gaj\/wp-content\/uploads\/sites\/136\/2014\/09\/IMG_7790-300x225.jpg\" alt=\"IMG_7790\" width=\"300\" height=\"225\" srcset=\"https:\/\/pubweb.carnet.hr\/kud-gaj\/wp-content\/uploads\/sites\/136\/2014\/09\/IMG_7790-300x225.jpg 300w, https:\/\/pubweb.carnet.hr\/kud-gaj\/wp-content\/uploads\/sites\/136\/2014\/09\/IMG_7790-100x75.jpg 100w, https:\/\/pubweb.carnet.hr\/kud-gaj\/wp-content\/uploads\/sites\/136\/2014\/09\/IMG_7790-150x112.jpg 150w, https:\/\/pubweb.carnet.hr\/kud-gaj\/wp-content\/uploads\/sites\/136\/2014\/09\/IMG_7790-200x150.jpg 200w, https:\/\/pubweb.carnet.hr\/kud-gaj\/wp-content\/uploads\/sites\/136\/2014\/09\/IMG_7790-450x337.jpg 450w, https:\/\/pubweb.carnet.hr\/kud-gaj\/wp-content\/uploads\/sites\/136\/2014\/09\/IMG_7790-600x450.jpg 600w, https:\/\/pubweb.carnet.hr\/kud-gaj\/wp-content\/uploads\/sites\/136\/2014\/09\/IMG_7790-900x675.jpg 900w, https:\/\/pubweb.carnet.hr\/kud-gaj\/wp-content\/uploads\/sites\/136\/2014\/09\/IMG_7790.jpg 1024w\" sizes=\"auto, (max-width: 300px) 100vw, 300px\" \/><\/a><\/p>\n<p>Tamburica skrbnica je orijentirana na osobe starije \u017eivotne dobi, ve\u0107inom korisnike zagreba\u010dkih domova za starije i nemo\u0107ne osobe. Navedeni projekt proizi\u0161ao je iz jednog od tri temeljna op\u0107a cilja glazbene udruge, skrbni\u010dkog\/prevencijskog koji se nadovezuje i s ostala dva cilja (umjetni\u010dki i edukacijski) \u010dini svrsishodnu cjelinu i usmjerenost djelovanja \u010ditave udruge.<br \/>\nTD \u201eGaj\u201c je prepoznao da starije osobe izuzetno vole glazbu, posebno u izvedbi tambure, pa je odlu\u010dio da svoje koncerte prenese iz koncertnih dvorana u njima prikladnije prostore. Do sada je ovaj program nai\u0161ao na veliko odobravanje u nekoliko zagreba\u010dkih domova za starije i nemo\u0107ne osobe. Tambura\u0161ki orkestar TD-a \u201eGaj\u201c ve\u0107inom je prire\u0111ivao prigodne programe za blagdane kao \u0161to je Bo\u017ei\u0107. Ukazalo se i pokazalo kako korisnici domova za starije \u017eude za ovakvim tipom programa. Terapijski u\u010dinci koji se posti\u017eu ovakvim djelovanjem imaju multipliciraju\u0107i efekt na cjelokupan projekt (od umjetnika, preko programa do korisnika te \u0161ire socijetalne okoline).<br \/>\nU 2012. godini odr\u017eano je ukupno 5 koncerata na kojima su korisnici domova imali priliku slu\u0161ati tradicionalne bo\u017ei\u0107ne pjesme u izvedbi tambura, ali i skladbe originalno skladane za tambura\u0161ki orkestar. U 2013. pro\u0161irena je suradnja te je sklopljeno partnerstvo s institucijama za starije kako bi se organizirali programi tijekom cijele godine. Isto je nastavljeno i u 2014. te 2015. s vrlo pozitivnim reakcijama kada nam se i Grad Zagreb pridru\u017euje i projektu kroz Gradski ured za socijalnu za\u0161titu i osobe s invaliditetom. Hvala svima koji svojom aktinosti doprinose realizacije ovog ciljno usmjerenog projekta.<\/p>\n<p>Institucije partneri:<\/p>\n<table style=\"height: 121px\" width=\"452\">\n<tbody>\n<tr>\n<td width=\"324\">Dom za starije i nemo\u0107ne osobe Maksimir<\/td>\n<td width=\"64\"><a href=\"http:\/\/kud-gaj.hr\/?p=1185\">nastup 2014.<\/a><\/td>\n<td style=\"text-align: left\" width=\"64\">\u00a0<a href=\"http:\/\/td-gaj.hr\/?p=1358\" target=\"_blank\">nastup 2015.<\/a><\/td>\n<\/tr>\n<tr>\n<td width=\"324\">Dom za starije i nemo\u0107ne osobe Sv. Ana (Dugave)<\/td>\n<td width=\"64\"><a href=\"http:\/\/kud-gaj.hr\/?p=1196\">nastup 2014.<\/a><\/td>\n<td width=\"64\">\u00a0<a href=\"http:\/\/td-gaj.hr\/?p=1358\" target=\"_blank\">nastup 2015.<\/a><\/td>\n<\/tr>\n<tr>\n<td width=\"324\">Dom za starije i nemo\u0107ne osobe Sv. Josip (Sveti Duh)<\/td>\n<td width=\"64\"><a href=\"http:\/\/kud-gaj.hr\/?p=55\">nastup 2014.<\/a><\/td>\n<td width=\"64\">\u00a0<a href=\"http:\/\/td-gaj.hr\/?p=1358\" target=\"_blank\">nastup 2015.<\/a><\/td>\n<\/tr>\n<tr>\n<td width=\"324\">Dom za starije i nemo\u0107ne osobe Centar<\/td>\n<td width=\"64\"><a href=\"http:\/\/kud-gaj.hr\/?p=59\">nastup 2014.<\/a><\/td>\n<td width=\"64\"><\/td>\n<\/tr>\n<tr>\n<td width=\"324\">Dom za starije i nemo\u0107ne osobe Tre\u0161njevka<\/td>\n<td width=\"64\"><\/td>\n<td><\/td>\n<\/tr>\n<tr>\n<td width=\"324\">Caritas Zagreba\u010dke nadbiskupije<\/td>\n<td width=\"64\"><\/td>\n<td><\/td>\n<\/tr>\n<\/tbody>\n<\/table>\n<p><a href=\"http:\/\/pubweb.carnet.hr\/kud-gaj\/wp-content\/uploads\/sites\/136\/2014\/09\/IMG_7826.jpg\"><img loading=\"lazy\" decoding=\"async\" class=\"size-medium wp-image-539 aligncenter\" src=\"http:\/\/pubweb.carnet.hr\/kud-gaj\/wp-content\/uploads\/sites\/136\/2014\/09\/IMG_7826-300x225.jpg\" alt=\"IMG_7826\" width=\"300\" height=\"225\" srcset=\"https:\/\/pubweb.carnet.hr\/kud-gaj\/wp-content\/uploads\/sites\/136\/2014\/09\/IMG_7826-300x225.jpg 300w, https:\/\/pubweb.carnet.hr\/kud-gaj\/wp-content\/uploads\/sites\/136\/2014\/09\/IMG_7826-100x75.jpg 100w, https:\/\/pubweb.carnet.hr\/kud-gaj\/wp-content\/uploads\/sites\/136\/2014\/09\/IMG_7826-150x112.jpg 150w, https:\/\/pubweb.carnet.hr\/kud-gaj\/wp-content\/uploads\/sites\/136\/2014\/09\/IMG_7826-200x150.jpg 200w, https:\/\/pubweb.carnet.hr\/kud-gaj\/wp-content\/uploads\/sites\/136\/2014\/09\/IMG_7826-450x337.jpg 450w, https:\/\/pubweb.carnet.hr\/kud-gaj\/wp-content\/uploads\/sites\/136\/2014\/09\/IMG_7826-600x450.jpg 600w, https:\/\/pubweb.carnet.hr\/kud-gaj\/wp-content\/uploads\/sites\/136\/2014\/09\/IMG_7826-900x675.jpg 900w, https:\/\/pubweb.carnet.hr\/kud-gaj\/wp-content\/uploads\/sites\/136\/2014\/09\/IMG_7826.jpg 1024w\" sizes=\"auto, (max-width: 300px) 100vw, 300px\" \/><\/a><\/p>\n","protected":false},"excerpt":{"rendered":"<p>Tamburica skrbnica je orijentirana na osobe starije \u017eivotne dobi, ve\u0107inom korisnike zagreba\u010dkih domova za starije i nemo\u0107ne osobe. Navedeni projekt proizi\u0161ao je iz jednog od tri temeljna op\u0107a cilja glazbene udruge, skrbni\u010dkog\/prevencijskog koji se nadovezuje i s ostala dva cilja &hellip;<\/p>\n<p class=\"read-more\"> <a class=\"more-link\" href=\"https:\/\/pubweb.carnet.hr\/kud-gaj\/?page_id=534\"> <span class=\"screen-reader-text\">Tamburica skrbnica<\/span> Read More &raquo;<\/a><\/p>\n","protected":false},"author":133,"featured_media":0,"parent":520,"menu_order":2,"comment_status":"closed","ping_status":"closed","template":"full-width-page.php","meta":{"footnotes":""},"class_list":["post-534","page","type-page","status-publish","hentry"],"_links":{"self":[{"href":"https:\/\/pubweb.carnet.hr\/kud-gaj\/index.php?rest_route=\/wp\/v2\/pages\/534","targetHints":{"allow":["GET"]}}],"collection":[{"href":"https:\/\/pubweb.carnet.hr\/kud-gaj\/index.php?rest_route=\/wp\/v2\/pages"}],"about":[{"href":"https:\/\/pubweb.carnet.hr\/kud-gaj\/index.php?rest_route=\/wp\/v2\/types\/page"}],"author":[{"embeddable":true,"href":"https:\/\/pubweb.carnet.hr\/kud-gaj\/index.php?rest_route=\/wp\/v2\/users\/133"}],"replies":[{"embeddable":true,"href":"https:\/\/pubweb.carnet.hr\/kud-gaj\/index.php?rest_route=%2Fwp%2Fv2%2Fcomments&post=534"}],"version-history":[{"count":2,"href":"https:\/\/pubweb.carnet.hr\/kud-gaj\/index.php?rest_route=\/wp\/v2\/pages\/534\/revisions"}],"predecessor-version":[{"id":1400,"href":"https:\/\/pubweb.carnet.hr\/kud-gaj\/index.php?rest_route=\/wp\/v2\/pages\/534\/revisions\/1400"}],"up":[{"embeddable":true,"href":"https:\/\/pubweb.carnet.hr\/kud-gaj\/index.php?rest_route=\/wp\/v2\/pages\/520"}],"wp:attachment":[{"href":"https:\/\/pubweb.carnet.hr\/kud-gaj\/index.php?rest_route=%2Fwp%2Fv2%2Fmedia&parent=534"}],"curies":[{"name":"wp","href":"https:\/\/api.w.org\/{rel}","templated":true}]}}