{"id":395,"date":"2014-09-25T08:53:02","date_gmt":"2014-09-25T08:53:02","guid":{"rendered":"http:\/\/pubweb.carnet.hr\/kud-gaj\/?page_id=395"},"modified":"2014-09-25T09:10:52","modified_gmt":"2014-09-25T09:10:52","slug":"pokrovitelji","status":"publish","type":"page","link":"https:\/\/pubweb.carnet.hr\/kud-gaj\/?page_id=395","title":{"rendered":"Linkovi"},"content":{"rendered":"<div align=\"center\"><b>Neki korisni linkovi:<\/b><\/p>\n<div style=\"margin-top: 10px;margin-bottom: 10px\"><a href=\"http:\/\/www.htso.hr\/\">Me\u0111unarodni festival hrvatske tambura\u0161ke glazbe<\/a><\/div>\n<div style=\"margin-top: 10px;margin-bottom: 10px\"><a href=\"http:\/\/www.htso.hr\/\">Hrvatski tambura\u0161ki savez u Osijeku<\/a><\/div>\n<div style=\"margin-top: 10px;margin-bottom: 10px\"><a href=\"http:\/\/www.cekate.hr\/zagrebacki-glazbeni-podij.html\">Zagreba\u010dki glazbeni podij<\/a><\/div>\n<div style=\"margin-top: 10px;margin-bottom: 10px\"><a href=\"http:\/\/www.czk-novi-zagreb.hr\">Centar za kulturu Novi Zagreb<\/a><\/div>\n<div style=\"margin-top: 10px;margin-bottom: 10px\"><a href=\"http:\/\/www.cekate.hr\">Centar za kulturu Tre\u0161njevka<\/a><\/div>\n<div style=\"margin-top: 10px;margin-bottom: 10px\"><a href=\"http:\/\/zupa-knezija.hr\/\">\u017dupa Marije Pomo\u0107nice &#8211; Kne\u017eija<\/a><\/div>\n<div style=\"margin-top: 10px;margin-bottom: 10px\"><a href=\"http:\/\/www.culturenet.hr\/\">Culturenet.hr <\/a><\/div>\n<div style=\"margin-top: 10px;margin-bottom: 10px\"><a href=\"http:\/\/www.hrsk.hr\/\">Hrvatski sabor kulture<\/a><\/div>\n<div style=\"margin-top: 10px;margin-bottom: 10px\"><a href=\"http:\/\/www.hds.hr\">Hrvatsko dru\u0161tvo skladatelja<\/a><\/div>\n<div style=\"margin-top: 10px;margin-bottom: 10px\"><a href=\"http:\/\/www.min-kulture.hr\/\">Ministarstvo kulture Republike Hrvatske <\/a><\/div>\n<div style=\"margin-top: 10px;margin-bottom: 10px\"><a href=\"http:\/\/www.zagreb.hr\/\">Zagreb Online<\/a><\/div>\n<div style=\"margin-top: 10px;margin-bottom: 10px\"><a href=\"http:\/\/www.pou.hr\/\">Pu\u010dko otvoreno u\u010dili\u0161te Zagreb <\/a><\/div>\n<div style=\"margin-top: 10px;margin-bottom: 10px\"><a href=\"http:\/\/www.ceska-beseda-zg.hr\">\u010ce\u0161ka beseda Zagreb <\/a><\/div>\n<div style=\"margin-top: 10px;margin-bottom: 10px\"><a href=\"http:\/\/www.hfhs.hr\">Hrvatski ferijalni hostelski savez <\/a><\/div>\n<div style=\"margin-top: 10px;margin-bottom: 10px\"><a href=\"http:\/\/www.bestmusic.hr\">BeSTMUSIC \u2212 glazbena produkcija<\/a><\/div>\n<\/div>\n","protected":false},"excerpt":{"rendered":"<p>Neki korisni linkovi: Me\u0111unarodni festival hrvatske tambura\u0161ke glazbe Hrvatski tambura\u0161ki savez u Osijeku Zagreba\u010dki glazbeni podij Centar za kulturu Novi Zagreb Centar za kulturu Tre\u0161njevka \u017dupa Marije Pomo\u0107nice &#8211; Kne\u017eija Culturenet.hr Hrvatski sabor kulture Hrvatsko dru\u0161tvo skladatelja Ministarstvo kulture Republike &hellip;<\/p>\n<p class=\"read-more\"> <a class=\"more-link\" href=\"https:\/\/pubweb.carnet.hr\/kud-gaj\/?page_id=395\"> <span class=\"screen-reader-text\">Linkovi<\/span> Read More &raquo;<\/a><\/p>\n","protected":false},"author":133,"featured_media":0,"parent":0,"menu_order":12,"comment_status":"closed","ping_status":"closed","template":"full-width-page.php","meta":{"footnotes":""},"class_list":["post-395","page","type-page","status-publish","hentry"],"_links":{"self":[{"href":"https:\/\/pubweb.carnet.hr\/kud-gaj\/index.php?rest_route=\/wp\/v2\/pages\/395","targetHints":{"allow":["GET"]}}],"collection":[{"href":"https:\/\/pubweb.carnet.hr\/kud-gaj\/index.php?rest_route=\/wp\/v2\/pages"}],"about":[{"href":"https:\/\/pubweb.carnet.hr\/kud-gaj\/index.php?rest_route=\/wp\/v2\/types\/page"}],"author":[{"embeddable":true,"href":"https:\/\/pubweb.carnet.hr\/kud-gaj\/index.php?rest_route=\/wp\/v2\/users\/133"}],"replies":[{"embeddable":true,"href":"https:\/\/pubweb.carnet.hr\/kud-gaj\/index.php?rest_route=%2Fwp%2Fv2%2Fcomments&post=395"}],"version-history":[{"count":0,"href":"https:\/\/pubweb.carnet.hr\/kud-gaj\/index.php?rest_route=\/wp\/v2\/pages\/395\/revisions"}],"wp:attachment":[{"href":"https:\/\/pubweb.carnet.hr\/kud-gaj\/index.php?rest_route=%2Fwp%2Fv2%2Fmedia&parent=395"}],"curies":[{"name":"wp","href":"https:\/\/api.w.org\/{rel}","templated":true}]}}