{"id":182,"date":"2014-09-17T09:09:07","date_gmt":"2014-09-17T09:09:07","guid":{"rendered":"http:\/\/pubweb.carnet.hr\/kud-gaj\/?page_id=182"},"modified":"2014-09-25T11:10:48","modified_gmt":"2014-09-25T11:10:48","slug":"fotogalerija","status":"publish","type":"page","link":"https:\/\/pubweb.carnet.hr\/kud-gaj\/?page_id=182","title":{"rendered":"Fotogalerija"},"content":{"rendered":"<p style=\"text-align: center\"><strong><a title=\"Samoborski Tamburatorij\" href=\"https:\/\/plus.google.com\/photos\/114248218577098128220\/albums\/6062951909175631521\" target=\"_blank\">Fotogalerija: Samoborski Tamburatorij<\/a><\/strong><\/p>\n<p style=\"text-align: center\"><a href=\"http:\/\/pubweb.carnet.hr\/kud-gaj\/wp-content\/uploads\/sites\/136\/2014\/09\/1095079_193246580860492_1419924392_n.jpg\"><img loading=\"lazy\" decoding=\"async\" class=\"wp-image-715\" src=\"http:\/\/pubweb.carnet.hr\/kud-gaj\/wp-content\/uploads\/sites\/136\/2014\/09\/1095079_193246580860492_1419924392_n.jpg\" alt=\"1095079_193246580860492_1419924392_n\" width=\"437\" height=\"291\" srcset=\"https:\/\/pubweb.carnet.hr\/kud-gaj\/wp-content\/uploads\/sites\/136\/2014\/09\/1095079_193246580860492_1419924392_n.jpg 960w, https:\/\/pubweb.carnet.hr\/kud-gaj\/wp-content\/uploads\/sites\/136\/2014\/09\/1095079_193246580860492_1419924392_n-300x200.jpg 300w, https:\/\/pubweb.carnet.hr\/kud-gaj\/wp-content\/uploads\/sites\/136\/2014\/09\/1095079_193246580860492_1419924392_n-100x66.jpg 100w, https:\/\/pubweb.carnet.hr\/kud-gaj\/wp-content\/uploads\/sites\/136\/2014\/09\/1095079_193246580860492_1419924392_n-150x100.jpg 150w, https:\/\/pubweb.carnet.hr\/kud-gaj\/wp-content\/uploads\/sites\/136\/2014\/09\/1095079_193246580860492_1419924392_n-200x133.jpg 200w, https:\/\/pubweb.carnet.hr\/kud-gaj\/wp-content\/uploads\/sites\/136\/2014\/09\/1095079_193246580860492_1419924392_n-450x300.jpg 450w, https:\/\/pubweb.carnet.hr\/kud-gaj\/wp-content\/uploads\/sites\/136\/2014\/09\/1095079_193246580860492_1419924392_n-600x400.jpg 600w, https:\/\/pubweb.carnet.hr\/kud-gaj\/wp-content\/uploads\/sites\/136\/2014\/09\/1095079_193246580860492_1419924392_n-900x600.jpg 900w\" sizes=\"auto, (max-width: 437px) 100vw, 437px\" \/><\/a><\/p>\n<hr \/>\n<p style=\"text-align: center\"><strong>\u00a0<a href=\"https:\/\/plus.google.com\/photos\/114248218577098128220\/albums\/6062953310695521185\" target=\"_blank\">Fotogalerija: 2. Glazbeni Memorijal Adalbert Markovi\u0107<\/a><\/strong><\/p>\n<p style=\"text-align: center\"><a href=\"http:\/\/pubweb.carnet.hr\/kud-gaj\/wp-content\/uploads\/sites\/136\/2014\/09\/ADO2399.jpg\"><img loading=\"lazy\" decoding=\"async\" class=\"alignnone wp-image-718\" src=\"http:\/\/pubweb.carnet.hr\/kud-gaj\/wp-content\/uploads\/sites\/136\/2014\/09\/ADO2399.jpg\" alt=\"_ADO2399\" width=\"437\" height=\"270\" srcset=\"https:\/\/pubweb.carnet.hr\/kud-gaj\/wp-content\/uploads\/sites\/136\/2014\/09\/ADO2399.jpg 1024w, https:\/\/pubweb.carnet.hr\/kud-gaj\/wp-content\/uploads\/sites\/136\/2014\/09\/ADO2399-300x185.jpg 300w, https:\/\/pubweb.carnet.hr\/kud-gaj\/wp-content\/uploads\/sites\/136\/2014\/09\/ADO2399-100x61.jpg 100w, https:\/\/pubweb.carnet.hr\/kud-gaj\/wp-content\/uploads\/sites\/136\/2014\/09\/ADO2399-150x92.jpg 150w, https:\/\/pubweb.carnet.hr\/kud-gaj\/wp-content\/uploads\/sites\/136\/2014\/09\/ADO2399-200x123.jpg 200w, https:\/\/pubweb.carnet.hr\/kud-gaj\/wp-content\/uploads\/sites\/136\/2014\/09\/ADO2399-450x277.jpg 450w, https:\/\/pubweb.carnet.hr\/kud-gaj\/wp-content\/uploads\/sites\/136\/2014\/09\/ADO2399-600x370.jpg 600w, https:\/\/pubweb.carnet.hr\/kud-gaj\/wp-content\/uploads\/sites\/136\/2014\/09\/ADO2399-900x555.jpg 900w\" sizes=\"auto, (max-width: 437px) 100vw, 437px\" \/><\/a><\/p>\n<hr \/>\n<p style=\"text-align: center\"><strong><a href=\"https:\/\/plus.google.com\/u\/0\/photos\/114248218577098128220\/albums\/6062954939730651873\" target=\"_blank\">20. susret hrvatskih tambura\u0161kih orkestara i sastava<\/a><\/strong><\/p>\n<p style=\"text-align: center\"><a href=\"http:\/\/pubweb.carnet.hr\/kud-gaj\/wp-content\/uploads\/sites\/136\/2014\/09\/581795_579662215414514_1763837874_n-e1411642260548.jpg\"><img loading=\"lazy\" decoding=\"async\" class=\"alignnone wp-image-723\" src=\"http:\/\/pubweb.carnet.hr\/kud-gaj\/wp-content\/uploads\/sites\/136\/2014\/09\/581795_579662215414514_1763837874_n-e1411642260548.jpg\" alt=\"\" width=\"437\" height=\"289\" srcset=\"https:\/\/pubweb.carnet.hr\/kud-gaj\/wp-content\/uploads\/sites\/136\/2014\/09\/581795_579662215414514_1763837874_n-e1411642260548.jpg 903w, https:\/\/pubweb.carnet.hr\/kud-gaj\/wp-content\/uploads\/sites\/136\/2014\/09\/581795_579662215414514_1763837874_n-e1411642260548-300x198.jpg 300w, https:\/\/pubweb.carnet.hr\/kud-gaj\/wp-content\/uploads\/sites\/136\/2014\/09\/581795_579662215414514_1763837874_n-e1411642260548-100x66.jpg 100w, https:\/\/pubweb.carnet.hr\/kud-gaj\/wp-content\/uploads\/sites\/136\/2014\/09\/581795_579662215414514_1763837874_n-e1411642260548-150x99.jpg 150w, https:\/\/pubweb.carnet.hr\/kud-gaj\/wp-content\/uploads\/sites\/136\/2014\/09\/581795_579662215414514_1763837874_n-e1411642260548-200x132.jpg 200w, https:\/\/pubweb.carnet.hr\/kud-gaj\/wp-content\/uploads\/sites\/136\/2014\/09\/581795_579662215414514_1763837874_n-e1411642260548-450x298.jpg 450w, https:\/\/pubweb.carnet.hr\/kud-gaj\/wp-content\/uploads\/sites\/136\/2014\/09\/581795_579662215414514_1763837874_n-e1411642260548-600x397.jpg 600w, https:\/\/pubweb.carnet.hr\/kud-gaj\/wp-content\/uploads\/sites\/136\/2014\/09\/581795_579662215414514_1763837874_n-e1411642260548-900x596.jpg 900w\" sizes=\"auto, (max-width: 437px) 100vw, 437px\" \/><\/a><\/p>\n<hr \/>\n<p style=\"text-align: center\"><strong><a title=\"Fotogalerija: 1. Glazbeni Memorijal Adalbert Markovi\u0107\" href=\"https:\/\/plus.google.com\/photos\/114248218577098128220\/albums\/6062948510366664433\" target=\"_blank\">Fotogalerija: Glazbeni Memorijal Adalbert Markovi\u0107<\/a><\/strong><\/p>\n<p style=\"text-align: center\"><a href=\"http:\/\/pubweb.carnet.hr\/kud-gaj\/wp-content\/uploads\/sites\/136\/2014\/09\/foto441.jpg\"><img loading=\"lazy\" decoding=\"async\" class=\"alignnone wp-image-705\" src=\"http:\/\/pubweb.carnet.hr\/kud-gaj\/wp-content\/uploads\/sites\/136\/2014\/09\/foto441.jpg\" alt=\"foto44\" width=\"437\" height=\"249\" srcset=\"https:\/\/pubweb.carnet.hr\/kud-gaj\/wp-content\/uploads\/sites\/136\/2014\/09\/foto441.jpg 800w, https:\/\/pubweb.carnet.hr\/kud-gaj\/wp-content\/uploads\/sites\/136\/2014\/09\/foto441-300x170.jpg 300w, https:\/\/pubweb.carnet.hr\/kud-gaj\/wp-content\/uploads\/sites\/136\/2014\/09\/foto441-100x56.jpg 100w, https:\/\/pubweb.carnet.hr\/kud-gaj\/wp-content\/uploads\/sites\/136\/2014\/09\/foto441-150x85.jpg 150w, https:\/\/pubweb.carnet.hr\/kud-gaj\/wp-content\/uploads\/sites\/136\/2014\/09\/foto441-200x113.jpg 200w, https:\/\/pubweb.carnet.hr\/kud-gaj\/wp-content\/uploads\/sites\/136\/2014\/09\/foto441-450x255.jpg 450w, https:\/\/pubweb.carnet.hr\/kud-gaj\/wp-content\/uploads\/sites\/136\/2014\/09\/foto441-600x341.jpg 600w\" sizes=\"auto, (max-width: 437px) 100vw, 437px\" \/><\/a><\/p>\n<p>&nbsp;<\/p>\n<hr \/>\n<p style=\"text-align: center\"><strong><a href=\"https:\/\/plus.google.com\/photos\/114248218577098128220\/albums\/6062957825291286225\" target=\"_blank\">Fotogalerija: 36. MFHTG<\/a><\/strong><\/p>\n<h5 style=\"text-align: center\"><a href=\"http:\/\/pubweb.carnet.hr\/kud-gaj\/wp-content\/uploads\/sites\/136\/2014\/09\/36.MFHTG28.png\"><img loading=\"lazy\" decoding=\"async\" class=\"alignnone wp-image-729\" src=\"http:\/\/pubweb.carnet.hr\/kud-gaj\/wp-content\/uploads\/sites\/136\/2014\/09\/36.MFHTG28.png\" alt=\"36.MFHTG28\" width=\"437\" height=\"256\" srcset=\"https:\/\/pubweb.carnet.hr\/kud-gaj\/wp-content\/uploads\/sites\/136\/2014\/09\/36.MFHTG28.png 800w, https:\/\/pubweb.carnet.hr\/kud-gaj\/wp-content\/uploads\/sites\/136\/2014\/09\/36.MFHTG28-300x175.png 300w, https:\/\/pubweb.carnet.hr\/kud-gaj\/wp-content\/uploads\/sites\/136\/2014\/09\/36.MFHTG28-100x58.png 100w, https:\/\/pubweb.carnet.hr\/kud-gaj\/wp-content\/uploads\/sites\/136\/2014\/09\/36.MFHTG28-150x87.png 150w, https:\/\/pubweb.carnet.hr\/kud-gaj\/wp-content\/uploads\/sites\/136\/2014\/09\/36.MFHTG28-200x117.png 200w, https:\/\/pubweb.carnet.hr\/kud-gaj\/wp-content\/uploads\/sites\/136\/2014\/09\/36.MFHTG28-450x263.png 450w, https:\/\/pubweb.carnet.hr\/kud-gaj\/wp-content\/uploads\/sites\/136\/2014\/09\/36.MFHTG28-600x351.png 600w\" sizes=\"auto, (max-width: 437px) 100vw, 437px\" \/><\/a><\/h5>\n<hr \/>\n<p>&nbsp;<\/p>\n<p style=\"text-align: center\"><a href=\"https:\/\/plus.google.com\/photos\/114248218577098128220\/albums\/6062958728713252465\" target=\"_blank\"><strong>Fotogalerija: Susret umirovljenika<\/strong><\/a><\/p>\n<h5 style=\"text-align: center\"><a href=\"http:\/\/pubweb.carnet.hr\/kud-gaj\/wp-content\/uploads\/sites\/136\/2014\/09\/foto101.jpg\"><img loading=\"lazy\" decoding=\"async\" class=\"alignnone wp-image-732\" src=\"http:\/\/pubweb.carnet.hr\/kud-gaj\/wp-content\/uploads\/sites\/136\/2014\/09\/foto101.jpg\" alt=\"foto10\" width=\"437\" height=\"352\" srcset=\"https:\/\/pubweb.carnet.hr\/kud-gaj\/wp-content\/uploads\/sites\/136\/2014\/09\/foto101.jpg 1892w, https:\/\/pubweb.carnet.hr\/kud-gaj\/wp-content\/uploads\/sites\/136\/2014\/09\/foto101-300x241.jpg 300w, https:\/\/pubweb.carnet.hr\/kud-gaj\/wp-content\/uploads\/sites\/136\/2014\/09\/foto101-1024x823.jpg 1024w, https:\/\/pubweb.carnet.hr\/kud-gaj\/wp-content\/uploads\/sites\/136\/2014\/09\/foto101-100x80.jpg 100w, https:\/\/pubweb.carnet.hr\/kud-gaj\/wp-content\/uploads\/sites\/136\/2014\/09\/foto101-150x120.jpg 150w, https:\/\/pubweb.carnet.hr\/kud-gaj\/wp-content\/uploads\/sites\/136\/2014\/09\/foto101-200x160.jpg 200w, https:\/\/pubweb.carnet.hr\/kud-gaj\/wp-content\/uploads\/sites\/136\/2014\/09\/foto101-450x361.jpg 450w, https:\/\/pubweb.carnet.hr\/kud-gaj\/wp-content\/uploads\/sites\/136\/2014\/09\/foto101-600x482.jpg 600w, https:\/\/pubweb.carnet.hr\/kud-gaj\/wp-content\/uploads\/sites\/136\/2014\/09\/foto101-900x723.jpg 900w\" sizes=\"auto, (max-width: 437px) 100vw, 437px\" \/><\/a><\/h5>\n<hr \/>\n<p>&nbsp;<\/p>\n<p style=\"text-align: center\"><a href=\"https:\/\/plus.google.com\/photos\/114248218577098128220\/albums\/6062959774646079265\" target=\"_blank\"><strong>Fotogalerija: 25.godina Kud-a &#8220;Gaj&#8221;<\/strong><\/a><\/p>\n<h5 style=\"text-align: center\"><a href=\"http:\/\/pubweb.carnet.hr\/kud-gaj\/wp-content\/uploads\/sites\/136\/2014\/09\/foto221.jpg\"><img loading=\"lazy\" decoding=\"async\" class=\"alignnone wp-image-735\" src=\"http:\/\/pubweb.carnet.hr\/kud-gaj\/wp-content\/uploads\/sites\/136\/2014\/09\/foto221.jpg\" alt=\"foto22\" width=\"437\" height=\"253\" srcset=\"https:\/\/pubweb.carnet.hr\/kud-gaj\/wp-content\/uploads\/sites\/136\/2014\/09\/foto221.jpg 800w, https:\/\/pubweb.carnet.hr\/kud-gaj\/wp-content\/uploads\/sites\/136\/2014\/09\/foto221-300x173.jpg 300w, https:\/\/pubweb.carnet.hr\/kud-gaj\/wp-content\/uploads\/sites\/136\/2014\/09\/foto221-100x57.jpg 100w, https:\/\/pubweb.carnet.hr\/kud-gaj\/wp-content\/uploads\/sites\/136\/2014\/09\/foto221-150x86.jpg 150w, https:\/\/pubweb.carnet.hr\/kud-gaj\/wp-content\/uploads\/sites\/136\/2014\/09\/foto221-200x115.jpg 200w, https:\/\/pubweb.carnet.hr\/kud-gaj\/wp-content\/uploads\/sites\/136\/2014\/09\/foto221-450x260.jpg 450w, https:\/\/pubweb.carnet.hr\/kud-gaj\/wp-content\/uploads\/sites\/136\/2014\/09\/foto221-600x347.jpg 600w\" sizes=\"auto, (max-width: 437px) 100vw, 437px\" \/><\/a><\/h5>\n<hr \/>\n<p>&nbsp;<\/p>\n<p style=\"text-align: center\"><a href=\"https:\/\/plus.google.com\/photos\/114248218577098128220\/albums\/6062960223673871873\" target=\"_blank\"><strong>Fotogalerija: \u010ce\u0161ka 2012<\/strong><\/a><\/p>\n<h5 style=\"text-align: center\"><a href=\"http:\/\/pubweb.carnet.hr\/kud-gaj\/wp-content\/uploads\/sites\/136\/2014\/09\/foto152.jpg\"><img loading=\"lazy\" decoding=\"async\" class=\"alignnone wp-image-759\" src=\"http:\/\/pubweb.carnet.hr\/kud-gaj\/wp-content\/uploads\/sites\/136\/2014\/09\/foto152.jpg\" alt=\"foto15\" width=\"437\" height=\"328\" srcset=\"https:\/\/pubweb.carnet.hr\/kud-gaj\/wp-content\/uploads\/sites\/136\/2014\/09\/foto152.jpg 960w, https:\/\/pubweb.carnet.hr\/kud-gaj\/wp-content\/uploads\/sites\/136\/2014\/09\/foto152-300x225.jpg 300w, https:\/\/pubweb.carnet.hr\/kud-gaj\/wp-content\/uploads\/sites\/136\/2014\/09\/foto152-100x75.jpg 100w, https:\/\/pubweb.carnet.hr\/kud-gaj\/wp-content\/uploads\/sites\/136\/2014\/09\/foto152-150x112.jpg 150w, https:\/\/pubweb.carnet.hr\/kud-gaj\/wp-content\/uploads\/sites\/136\/2014\/09\/foto152-200x150.jpg 200w, https:\/\/pubweb.carnet.hr\/kud-gaj\/wp-content\/uploads\/sites\/136\/2014\/09\/foto152-450x337.jpg 450w, https:\/\/pubweb.carnet.hr\/kud-gaj\/wp-content\/uploads\/sites\/136\/2014\/09\/foto152-600x450.jpg 600w, https:\/\/pubweb.carnet.hr\/kud-gaj\/wp-content\/uploads\/sites\/136\/2014\/09\/foto152-900x675.jpg 900w\" sizes=\"auto, (max-width: 437px) 100vw, 437px\" \/><\/a><\/h5>\n<hr \/>\n<p>&nbsp;<\/p>\n<p style=\"text-align: center\"><a href=\"https:\/\/plus.google.com\/photos\/114248218577098128220\/albums\/6062960717048157665\" target=\"_blank\"><strong>Fotogalerija: Glazbeni Memorijal Julije Njiko\u0161<\/strong> <\/a><\/p>\n<h5 style=\"text-align: center\">[<a href=\"http:\/\/pubweb.carnet.hr\/kud-gaj\/wp-content\/uploads\/sites\/136\/2014\/09\/foto91.jpg\"><img loading=\"lazy\" decoding=\"async\" class=\"alignnone wp-image-760\" src=\"http:\/\/pubweb.carnet.hr\/kud-gaj\/wp-content\/uploads\/sites\/136\/2014\/09\/foto91.jpg\" alt=\"foto9\" width=\"437\" height=\"265\" srcset=\"https:\/\/pubweb.carnet.hr\/kud-gaj\/wp-content\/uploads\/sites\/136\/2014\/09\/foto91.jpg 960w, https:\/\/pubweb.carnet.hr\/kud-gaj\/wp-content\/uploads\/sites\/136\/2014\/09\/foto91-300x181.jpg 300w, https:\/\/pubweb.carnet.hr\/kud-gaj\/wp-content\/uploads\/sites\/136\/2014\/09\/foto91-100x60.jpg 100w, https:\/\/pubweb.carnet.hr\/kud-gaj\/wp-content\/uploads\/sites\/136\/2014\/09\/foto91-150x90.jpg 150w, https:\/\/pubweb.carnet.hr\/kud-gaj\/wp-content\/uploads\/sites\/136\/2014\/09\/foto91-200x121.jpg 200w, https:\/\/pubweb.carnet.hr\/kud-gaj\/wp-content\/uploads\/sites\/136\/2014\/09\/foto91-450x272.jpg 450w, https:\/\/pubweb.carnet.hr\/kud-gaj\/wp-content\/uploads\/sites\/136\/2014\/09\/foto91-600x363.jpg 600w, https:\/\/pubweb.carnet.hr\/kud-gaj\/wp-content\/uploads\/sites\/136\/2014\/09\/foto91-900x545.jpg 900w\" sizes=\"auto, (max-width: 437px) 100vw, 437px\" \/><\/a><\/h5>\n<hr \/>\n<p>&nbsp;<\/p>\n<p style=\"text-align: center\"><a href=\"https:\/\/plus.google.com\/photos\/114248218577098128220\/albums\/6062961293816220609\" target=\"_blank\"><strong>Fotogalerija: Osijek<\/strong><\/a><\/p>\n<h5 style=\"text-align: center\"><a href=\"http:\/\/pubweb.carnet.hr\/kud-gaj\/wp-content\/uploads\/sites\/136\/2014\/09\/foto142.jpg\"><img loading=\"lazy\" decoding=\"async\" class=\"alignnone wp-image-776\" src=\"http:\/\/pubweb.carnet.hr\/kud-gaj\/wp-content\/uploads\/sites\/136\/2014\/09\/foto142.jpg\" alt=\"foto14\" width=\"437\" height=\"291\" srcset=\"https:\/\/pubweb.carnet.hr\/kud-gaj\/wp-content\/uploads\/sites\/136\/2014\/09\/foto142.jpg 720w, https:\/\/pubweb.carnet.hr\/kud-gaj\/wp-content\/uploads\/sites\/136\/2014\/09\/foto142-300x200.jpg 300w, https:\/\/pubweb.carnet.hr\/kud-gaj\/wp-content\/uploads\/sites\/136\/2014\/09\/foto142-100x66.jpg 100w, https:\/\/pubweb.carnet.hr\/kud-gaj\/wp-content\/uploads\/sites\/136\/2014\/09\/foto142-150x100.jpg 150w, https:\/\/pubweb.carnet.hr\/kud-gaj\/wp-content\/uploads\/sites\/136\/2014\/09\/foto142-200x133.jpg 200w, https:\/\/pubweb.carnet.hr\/kud-gaj\/wp-content\/uploads\/sites\/136\/2014\/09\/foto142-450x300.jpg 450w, https:\/\/pubweb.carnet.hr\/kud-gaj\/wp-content\/uploads\/sites\/136\/2014\/09\/foto142-600x400.jpg 600w\" sizes=\"auto, (max-width: 437px) 100vw, 437px\" \/><\/a><\/h5>\n<hr \/>\n<p>&nbsp;<\/p>\n<p style=\"text-align: center\"><a href=\"https:\/\/plus.google.com\/photos\/114248218577098128220\/albums\/6062961730711773537\" target=\"_blank\"><strong>Fotogalerija: Velenje<\/strong><\/a><\/p>\n<h5 style=\"text-align: center\"><a href=\"http:\/\/pubweb.carnet.hr\/kud-gaj\/wp-content\/uploads\/sites\/136\/2014\/09\/foto162.jpg\"><img loading=\"lazy\" decoding=\"async\" class=\"alignnone wp-image-777\" src=\"http:\/\/pubweb.carnet.hr\/kud-gaj\/wp-content\/uploads\/sites\/136\/2014\/09\/foto162.jpg\" alt=\"foto16\" width=\"437\" height=\"291\" srcset=\"https:\/\/pubweb.carnet.hr\/kud-gaj\/wp-content\/uploads\/sites\/136\/2014\/09\/foto162.jpg 1024w, https:\/\/pubweb.carnet.hr\/kud-gaj\/wp-content\/uploads\/sites\/136\/2014\/09\/foto162-300x199.jpg 300w, https:\/\/pubweb.carnet.hr\/kud-gaj\/wp-content\/uploads\/sites\/136\/2014\/09\/foto162-100x66.jpg 100w, https:\/\/pubweb.carnet.hr\/kud-gaj\/wp-content\/uploads\/sites\/136\/2014\/09\/foto162-150x99.jpg 150w, https:\/\/pubweb.carnet.hr\/kud-gaj\/wp-content\/uploads\/sites\/136\/2014\/09\/foto162-200x133.jpg 200w, https:\/\/pubweb.carnet.hr\/kud-gaj\/wp-content\/uploads\/sites\/136\/2014\/09\/foto162-450x299.jpg 450w, https:\/\/pubweb.carnet.hr\/kud-gaj\/wp-content\/uploads\/sites\/136\/2014\/09\/foto162-600x399.jpg 600w, https:\/\/pubweb.carnet.hr\/kud-gaj\/wp-content\/uploads\/sites\/136\/2014\/09\/foto162-900x599.jpg 900w\" sizes=\"auto, (max-width: 437px) 100vw, 437px\" \/><\/a><\/h5>\n","protected":false},"excerpt":{"rendered":"<p>Fotogalerija: Samoborski Tamburatorij \u00a0Fotogalerija: 2. Glazbeni Memorijal Adalbert Markovi\u0107 20. susret hrvatskih tambura\u0161kih orkestara i sastava Fotogalerija: Glazbeni Memorijal Adalbert Markovi\u0107 &nbsp; Fotogalerija: 36. MFHTG &nbsp; Fotogalerija: Susret umirovljenika &nbsp; Fotogalerija: 25.godina Kud-a &#8220;Gaj&#8221; &nbsp; Fotogalerija: \u010ce\u0161ka 2012 &nbsp; Fotogalerija: &hellip;<\/p>\n<p class=\"read-more\"> <a class=\"more-link\" href=\"https:\/\/pubweb.carnet.hr\/kud-gaj\/?page_id=182\"> <span class=\"screen-reader-text\">Fotogalerija<\/span> Read More &raquo;<\/a><\/p>\n","protected":false},"author":133,"featured_media":0,"parent":0,"menu_order":4,"comment_status":"closed","ping_status":"closed","template":"full-width-page.php","meta":{"footnotes":""},"class_list":["post-182","page","type-page","status-publish","hentry"],"_links":{"self":[{"href":"https:\/\/pubweb.carnet.hr\/kud-gaj\/index.php?rest_route=\/wp\/v2\/pages\/182","targetHints":{"allow":["GET"]}}],"collection":[{"href":"https:\/\/pubweb.carnet.hr\/kud-gaj\/index.php?rest_route=\/wp\/v2\/pages"}],"about":[{"href":"https:\/\/pubweb.carnet.hr\/kud-gaj\/index.php?rest_route=\/wp\/v2\/types\/page"}],"author":[{"embeddable":true,"href":"https:\/\/pubweb.carnet.hr\/kud-gaj\/index.php?rest_route=\/wp\/v2\/users\/133"}],"replies":[{"embeddable":true,"href":"https:\/\/pubweb.carnet.hr\/kud-gaj\/index.php?rest_route=%2Fwp%2Fv2%2Fcomments&post=182"}],"version-history":[{"count":0,"href":"https:\/\/pubweb.carnet.hr\/kud-gaj\/index.php?rest_route=\/wp\/v2\/pages\/182\/revisions"}],"wp:attachment":[{"href":"https:\/\/pubweb.carnet.hr\/kud-gaj\/index.php?rest_route=%2Fwp%2Fv2%2Fmedia&parent=182"}],"curies":[{"name":"wp","href":"https:\/\/api.w.org\/{rel}","templated":true}]}}