{"id":1274,"date":"2015-09-26T19:26:50","date_gmt":"2015-09-26T19:26:50","guid":{"rendered":"http:\/\/pubweb.carnet.hr\/kud-gaj\/?page_id=1274"},"modified":"2016-07-22T08:08:31","modified_gmt":"2016-07-22T08:08:31","slug":"tamburica-bastinica","status":"publish","type":"page","link":"https:\/\/pubweb.carnet.hr\/kud-gaj\/?page_id=1274","title":{"rendered":"Tamburica ba\u0161tinica"},"content":{"rendered":"<p>Tamburica ba\u0161tinica je projekt Tambura\u0161kog orkestra Tambura\u0161kog dru\u0161tva Gaj koji povezuje glazbu sa za\u0161ti\u010denim kulturnim objektima\u00a0(spajaju\u0107i tako zvuk i arhitekturu koji u sinergiji stvaraju novi glazbeni do\u017eivljaj).<\/p>\n<p>&nbsp;<\/p>\n<p><a href=\"http:\/\/pubweb.carnet.hr\/kud-gaj\/?p=1267\" target=\"_blank\">Cantum Sacrum &#8211; Tisno 2015.<\/a><\/p>\n","protected":false},"excerpt":{"rendered":"<p>Tamburica ba\u0161tinica je projekt Tambura\u0161kog orkestra Tambura\u0161kog dru\u0161tva Gaj koji povezuje glazbu sa za\u0161ti\u010denim kulturnim objektima\u00a0(spajaju\u0107i tako zvuk i arhitekturu koji u sinergiji stvaraju novi glazbeni do\u017eivljaj). &nbsp; Cantum Sacrum &#8211; Tisno 2015.<\/p>\n","protected":false},"author":133,"featured_media":0,"parent":520,"menu_order":3,"comment_status":"closed","ping_status":"closed","template":"","meta":{"footnotes":""},"class_list":["post-1274","page","type-page","status-publish","hentry"],"_links":{"self":[{"href":"https:\/\/pubweb.carnet.hr\/kud-gaj\/index.php?rest_route=\/wp\/v2\/pages\/1274","targetHints":{"allow":["GET"]}}],"collection":[{"href":"https:\/\/pubweb.carnet.hr\/kud-gaj\/index.php?rest_route=\/wp\/v2\/pages"}],"about":[{"href":"https:\/\/pubweb.carnet.hr\/kud-gaj\/index.php?rest_route=\/wp\/v2\/types\/page"}],"author":[{"embeddable":true,"href":"https:\/\/pubweb.carnet.hr\/kud-gaj\/index.php?rest_route=\/wp\/v2\/users\/133"}],"replies":[{"embeddable":true,"href":"https:\/\/pubweb.carnet.hr\/kud-gaj\/index.php?rest_route=%2Fwp%2Fv2%2Fcomments&post=1274"}],"version-history":[{"count":1,"href":"https:\/\/pubweb.carnet.hr\/kud-gaj\/index.php?rest_route=\/wp\/v2\/pages\/1274\/revisions"}],"predecessor-version":[{"id":1563,"href":"https:\/\/pubweb.carnet.hr\/kud-gaj\/index.php?rest_route=\/wp\/v2\/pages\/1274\/revisions\/1563"}],"up":[{"embeddable":true,"href":"https:\/\/pubweb.carnet.hr\/kud-gaj\/index.php?rest_route=\/wp\/v2\/pages\/520"}],"wp:attachment":[{"href":"https:\/\/pubweb.carnet.hr\/kud-gaj\/index.php?rest_route=%2Fwp%2Fv2%2Fmedia&parent=1274"}],"curies":[{"name":"wp","href":"https:\/\/api.w.org\/{rel}","templated":true}]}}