{"id":122,"date":"2014-09-17T08:49:59","date_gmt":"2014-09-17T08:49:59","guid":{"rendered":"http:\/\/pubweb.carnet.hr\/kud-gaj\/?page_id=122"},"modified":"2014-09-25T09:10:43","modified_gmt":"2014-09-25T09:10:43","slug":"snimke","status":"publish","type":"page","link":"https:\/\/pubweb.carnet.hr\/kud-gaj\/?page_id=122","title":{"rendered":"Snimke"},"content":{"rendered":"<p style=\"text-align: center\"><strong>Diskografija<\/strong><\/p>\n<table align=\"center\">\n<tbody>\n<tr>\n<td>\n<div style=\"margin-left: 6px;text-align: center\">\n<p><a href=\"http:\/\/pubweb.carnet.hr\/kud-gaj\/wp-content\/uploads\/sites\/136\/2014\/09\/cd1.jpg\"><img loading=\"lazy\" decoding=\"async\" class=\"alignnone wp-image-132\" src=\"http:\/\/pubweb.carnet.hr\/kud-gaj\/wp-content\/uploads\/sites\/136\/2014\/09\/cd1-300x293.jpg\" alt=\"cd1\" width=\"180\" height=\"176\" srcset=\"https:\/\/pubweb.carnet.hr\/kud-gaj\/wp-content\/uploads\/sites\/136\/2014\/09\/cd1-300x293.jpg 300w, https:\/\/pubweb.carnet.hr\/kud-gaj\/wp-content\/uploads\/sites\/136\/2014\/09\/cd1-100x97.jpg 100w, https:\/\/pubweb.carnet.hr\/kud-gaj\/wp-content\/uploads\/sites\/136\/2014\/09\/cd1-150x146.jpg 150w, https:\/\/pubweb.carnet.hr\/kud-gaj\/wp-content\/uploads\/sites\/136\/2014\/09\/cd1-200x195.jpg 200w, https:\/\/pubweb.carnet.hr\/kud-gaj\/wp-content\/uploads\/sites\/136\/2014\/09\/cd1.jpg 350w\" sizes=\"auto, (max-width: 180px) 100vw, 180px\" \/><\/a><\/p>\n<p>&#8220;Pjesme bez rije\u010di&#8221;, 2004.<\/p>\n<p>Producent: <a href=\"http:\/\/www.brankostarc.com\/\">Branko Starc<\/a><\/p>\n<p>Izdava\u010d: BeSTMUSIC<\/p>\n<\/div>\n<\/td>\n<td>\n<div style=\"margin-left: 6px;text-align: center\">\n<p><a href=\"http:\/\/pubweb.carnet.hr\/kud-gaj\/wp-content\/uploads\/sites\/136\/2014\/09\/covermarkovic.jpg\"><img loading=\"lazy\" decoding=\"async\" class=\"alignnone wp-image-133\" src=\"http:\/\/pubweb.carnet.hr\/kud-gaj\/wp-content\/uploads\/sites\/136\/2014\/09\/covermarkovic-300x300.jpg\" alt=\"covermarkovic\" width=\"176\" height=\"176\" srcset=\"https:\/\/pubweb.carnet.hr\/kud-gaj\/wp-content\/uploads\/sites\/136\/2014\/09\/covermarkovic-300x299.jpg 300w, https:\/\/pubweb.carnet.hr\/kud-gaj\/wp-content\/uploads\/sites\/136\/2014\/09\/covermarkovic-150x149.jpg 150w, https:\/\/pubweb.carnet.hr\/kud-gaj\/wp-content\/uploads\/sites\/136\/2014\/09\/covermarkovic-100x99.jpg 100w, https:\/\/pubweb.carnet.hr\/kud-gaj\/wp-content\/uploads\/sites\/136\/2014\/09\/covermarkovic-200x199.jpg 200w, https:\/\/pubweb.carnet.hr\/kud-gaj\/wp-content\/uploads\/sites\/136\/2014\/09\/covermarkovic-450x449.jpg 450w, https:\/\/pubweb.carnet.hr\/kud-gaj\/wp-content\/uploads\/sites\/136\/2014\/09\/covermarkovic.jpg 600w\" sizes=\"auto, (max-width: 176px) 100vw, 176px\" \/><\/a><\/p>\n<p>&#8220;Lirske melodioznosti&#8221;, 2010.<\/p>\n<p>Producent: <a>Jurica Grosinger<\/a><\/p>\n<p>Izdava\u010d: KUD Gaj<\/p>\n<\/div>\n<\/td>\n<\/tr>\n<tr>\n<td>\n<div style=\"margin-left: 6px;text-align: center\">\n<p><a href=\"http:\/\/pubweb.carnet.hr\/kud-gaj\/wp-content\/uploads\/sites\/136\/2014\/09\/covertrolistvok.jpg\"><img loading=\"lazy\" decoding=\"async\" class=\"alignnone wp-image-134\" src=\"http:\/\/pubweb.carnet.hr\/kud-gaj\/wp-content\/uploads\/sites\/136\/2014\/09\/covertrolistvok-300x300.jpg\" alt=\"covertrolistvok\" width=\"176\" height=\"176\" srcset=\"https:\/\/pubweb.carnet.hr\/kud-gaj\/wp-content\/uploads\/sites\/136\/2014\/09\/covertrolistvok-300x300.jpg 300w, https:\/\/pubweb.carnet.hr\/kud-gaj\/wp-content\/uploads\/sites\/136\/2014\/09\/covertrolistvok-150x150.jpg 150w, https:\/\/pubweb.carnet.hr\/kud-gaj\/wp-content\/uploads\/sites\/136\/2014\/09\/covertrolistvok-100x100.jpg 100w, https:\/\/pubweb.carnet.hr\/kud-gaj\/wp-content\/uploads\/sites\/136\/2014\/09\/covertrolistvok-200x200.jpg 200w, https:\/\/pubweb.carnet.hr\/kud-gaj\/wp-content\/uploads\/sites\/136\/2014\/09\/covertrolistvok-450x450.jpg 450w, https:\/\/pubweb.carnet.hr\/kud-gaj\/wp-content\/uploads\/sites\/136\/2014\/09\/covertrolistvok.jpg 600w\" sizes=\"auto, (max-width: 176px) 100vw, 176px\" \/><\/a><\/p>\n<p>&#8220;Tambura\u0161ki trolist&#8221;, 2011.<\/p>\n<p>Producent: <a>Jurica Grosinger<\/a><\/p>\n<p>Izdava\u010d: KUD Gaj<\/p>\n<\/div>\n<\/td>\n<td>\n<div style=\"margin-left: 6px;text-align: center\">\n<p><a href=\"http:\/\/pubweb.carnet.hr\/kud-gaj\/wp-content\/uploads\/sites\/136\/2014\/09\/covertrolistinstr.jpg\"><img loading=\"lazy\" decoding=\"async\" class=\"alignnone wp-image-135\" src=\"http:\/\/pubweb.carnet.hr\/kud-gaj\/wp-content\/uploads\/sites\/136\/2014\/09\/covertrolistinstr-300x300.jpg\" alt=\"covertrolistinstr\" width=\"176\" height=\"176\" srcset=\"https:\/\/pubweb.carnet.hr\/kud-gaj\/wp-content\/uploads\/sites\/136\/2014\/09\/covertrolistinstr-300x300.jpg 300w, https:\/\/pubweb.carnet.hr\/kud-gaj\/wp-content\/uploads\/sites\/136\/2014\/09\/covertrolistinstr-150x150.jpg 150w, https:\/\/pubweb.carnet.hr\/kud-gaj\/wp-content\/uploads\/sites\/136\/2014\/09\/covertrolistinstr-100x100.jpg 100w, https:\/\/pubweb.carnet.hr\/kud-gaj\/wp-content\/uploads\/sites\/136\/2014\/09\/covertrolistinstr-200x200.jpg 200w, https:\/\/pubweb.carnet.hr\/kud-gaj\/wp-content\/uploads\/sites\/136\/2014\/09\/covertrolistinstr-450x450.jpg 450w, https:\/\/pubweb.carnet.hr\/kud-gaj\/wp-content\/uploads\/sites\/136\/2014\/09\/covertrolistinstr.jpg 600w\" sizes=\"auto, (max-width: 176px) 100vw, 176px\" \/><\/a><\/p>\n<p>&#8220;Tambura\u0161ki trolist&#8221;, 2011.<\/p>\n<p>Producent: <a>Jurica Grosinger<\/a><\/p>\n<p>Izdava\u010d: KUD Gaj<\/p>\n<\/div>\n<\/td>\n<\/tr>\n<\/tbody>\n<\/table>\n<hr \/>\n<p>&nbsp;<\/p>\n<p><b>Snimka nastupa: 36. Me\u0111unarodni festival hrvatske tambura\u0161ke glazbe<\/b><\/p>\n<p><a href=\"http:\/\/www.youtube.com\/watch?v=seQQk4np-o4\"> Emil Cosseto: Varijacije <\/a><\/p>\n<p><a href=\"http:\/\/www.youtube.com\/watch?v=EE1BhSfR_cE\"> Sini\u0161a Leopold: Frka <\/a><\/p>\n<p><a href=\"http:\/\/www.youtube.com\/watch?v=ZAUff2pNPC4\"> Ivan Poto\u010dnik: \u0160e\u0107er na kraju <\/a><\/p>\n<hr \/>\n<p>&nbsp;<\/p>\n<p><b>Snimka koncerta: Glazbeni memorijal Julije Njiko\u0161 &#8211; 21.10.2012., Mala dvorana V. Lisinskog u Zagrebu <\/b><\/p>\n<p><a href=\"http:\/\/www.youtube.com\/watch?v=kHHXZJ2CiI0\"> Julije Njiko\u0161: Osijek je du\u0161a du\u0161e moje <\/a><\/p>\n<p><a href=\"http:\/\/www.youtube.com\/watch?v=Xs4anGDtYu0\"> Julije Njiko\u0161: Primi ove ru\u017ee <\/a><\/p>\n<p><a href=\"http:\/\/www.youtube.com\/watch?v=HR3thuhqSZo\"> Julije Njiko\u0161: \u0110akova\u010dki vezovi <\/a><\/p>\n<p><a href=\"http:\/\/www.youtube.com\/watch?v=sxx-aAcJjgo\"> Julije Njiko\u0161: \u010carda\u0161 <\/a><\/p>\n<p><a href=\"http:\/\/www.youtube.com\/watch?v=62tbnBs_cno\"> Julije Njiko\u0161: Zemlja je ova tkana od zlata <\/a><\/p>\n<p><a href=\"http:\/\/www.youtube.com\/watch?v=S6aUMeBoouE\"> Julije Njiko\u0161: Veliko srce domovina ima <\/a><\/p>\n<p><a href=\"http:\/\/www.youtube.com\/watch?v=LNq1jHAXcQ4\"> Julije Njiko\u0161: Legenda o tamburici <\/a><\/p>\n<p><a href=\"http:\/\/www.youtube.com\/watch?v=viemaKW9hSI\"> Julije Njiko\u0161: Pono\u0107ni svira\u010di <\/a><\/p>\n<p><a href=\"http:\/\/www.youtube.com\/watch?v=nk-N2it3oJE\"> Julije Njiko\u0161: Bunjeva\u010dka grana <\/a><\/p>\n<p><a href=\"http:\/\/www.youtube.com\/watch?v=VLH6FbkJ4S8\"> Julije Njiko\u0161: \u0160oka\u010dka krv <\/a><\/p>\n<p><a href=\"http:\/\/www.youtube.com\/watch?v=3uQlk9ULbgY\"> Julije Njiko\u0161: I bit \u0107e Vukovar <\/a><\/p>\n<p><a href=\"http:\/\/www.youtube.com\/watch?v=azXMBG4OAaw\"> Julije Njiko\u0161: Moderato cantabile <\/a><\/p>\n<p><a href=\"http:\/\/www.youtube.com\/watch?v=MEr4s24bUbw\"> Julije Njiko\u0161: Bolujem ja <\/a><\/p>\n<p><a href=\"http:\/\/www.youtube.com\/watch?v=qz0kTcqNtaI\"> Julije Njiko\u0161: Blagdan (sve\u010dana uvertira) <\/a><\/p>\n<p><a href=\"http:\/\/www.youtube.com\/watch?v=jx-gPavADHo\">Julije Njiko\u0161: Osijekom cvjetalo cvije\u0107e<\/a><\/p>\n<hr \/>\n<p>&nbsp;<\/p>\n<p><b>Snimka nastupa: 19.dr\u017eavni susreti tambura\u0161kih orkestara &#8211; 13.10.2012., Ogulin <\/b><\/p>\n<p><a href=\"http:\/\/www.youtube.com\/watch?v=OsK96_bokhA\"> Jakov Gotovac: Kolo posko\u010dnica iz opere Morana <\/a><\/p>\n<p><a href=\"http:\/\/www.youtube.com\/watch?v=HJH2QVkMB8k\"> Nik\u0161a Njiri\u010d: Istarski scherzo <\/a><\/p>\n<p><a href=\"http:\/\/www.youtube.com\/watch?v=0xgRiHt2OrU\"> Bo\u017eo Poto\u010dnik: Sun\u010dane ravni <\/a><\/p>\n<hr \/>\n<p>&nbsp;<\/p>\n<p><b>Snimka koncerta: Melodije zajedni\u0161tva &#8211; 30.06.2012., Velenje (Slovenija)<\/b><\/p>\n<p><a href=\"http:\/\/www.youtube.com\/watch?v=_XrB9_1p0R0\"> Adalbert Markovi\u0107: 2. razglednice is Starog Zagreba <\/a><\/p>\n<p><a href=\"http:\/\/www.youtube.com\/watch?v=nuNVTxb539A\"> Hrabroslav Otmar Vogri\u010d: Letni \u010dasi <\/a><\/p>\n<p><a href=\"http:\/\/www.youtube.com\/watch?v=xv-NeAqfcnI\"> Tihomil Vido\u0161i\u0107: Narodni ples br.1 <\/a><\/p>\n<p><a href=\"http:\/\/www.youtube.com\/watch?v=Kz-UznkqHN0\"> Emil Adami\u010d: Dva koncertna kola <\/a><\/p>\n<p><a href=\"http:\/\/www.youtube.com\/watch?v=BlxAKzTqzW4\"> Jakov Gotovac: Zavr\u0161no kolo iz opere Ero s onoga svijeta<\/a><\/p>\n<p><a href=\"http:\/\/www.youtube.com\/watch?v=bJH7xiLv60E\"> Vinko Vodopivec: Karneval u Zagrebu\u00a0 <\/a><\/p>\n<hr \/>\n<p>&nbsp;<\/p>\n<p><b>Snimka koncerta: Glazbeni memorijal \u201eAdalbert Markovi\u0107&#8221; &#8211; 10.06.2011., Mala dvorana Vatroslava Lisinskog u Zagrebu<\/b><\/p>\n<p><a href=\"http:\/\/www.youtube.com\/watch?v=SnYrtlCTKWM\"> Adalbert Markovi\u0107: Idila za dvoje <\/a><\/p>\n<p><a href=\"http:\/\/www.youtube.com\/watch?v=R6HdQ0KzswU\"> Adalbert Markovi\u0107: Tambure u srcu <\/a><\/p>\n<p><a href=\"http:\/\/www.youtube.com\/watch?v=araw13eKIh8\"> Adalbert Markovi\u0107: Melodija <\/a><\/p>\n<p><a href=\"http:\/\/www.youtube.com\/watch?v=gkn5N17Eu68\"> Adalbert Markovi\u0107: Prolje\u0107e u Vukovaru <\/a><\/p>\n<p><a href=\"http:\/\/www.youtube.com\/watch?v=3HPvdwN_sXA\"> Adalbert Markovi\u0107: 4.razglednice iz Starog Zagreba-IV:Konjski tramvaj <\/a><\/p>\n<p><a href=\"http:\/\/www.youtube.com\/watch?v=4nsKuJB70QY\"> Adalbert Markovi\u0107: 4.razglednice iz Starog Zagreba-III:Kamenita vrata <\/a><\/p>\n<p><a href=\"http:\/\/www.youtube.com\/watch?v=eVi1nmCDdYc\"> Adalbert Markovi\u0107: Cantilena <\/a><\/p>\n<p><a href=\"http:\/\/www.youtube.com\/watch?v=GEBMj78OGQU\"> Adalbert Markovi\u0107: Poema eroica <\/a><\/p>\n<p><a href=\"http:\/\/www.youtube.com\/watch?v=ObMxl_JFfEM\"> Adalbert Markovi\u0107: Meditacija <\/a><\/p>\n<p><a href=\"http:\/\/www.youtube.com\/watch?v=KvEWIkR5LkI\"> Adalbert Markovi\u0107: Osijeku u spomen\u00a0 <\/a><\/p>\n<hr \/>\n<p>&nbsp;<\/p>\n<p><b>Snimka koncerta: Zagreb na Balk\u00e1nsk\u00e9 dny kultury &#8211; 19.05.2012., D\u011blnick\u00fd D\u016fm &#8211; Studenka (Republika \u010ce\u0161ka) <\/b><\/p>\n<p><a href=\"http:\/\/www.youtube.com\/watch?v=_nIRs1f1iE4\"> Tihomil Vido\u0161i\u0107: Bella rossa i Marmon <\/a><\/p>\n<p><a href=\"http:\/\/www.youtube.com\/watch?v=mzPDzSftQ4g\"> Nikica Kalogjera: Zagreba\u010dka promenada <\/a><\/p>\n<p><a href=\"http:\/\/www.youtube.com\/watch?v=NsXBYKiu1FQ\"> V.G.Bro\u017e: Uspomena na zlatni Prag <\/a><\/p>\n<p><a href=\"http:\/\/www.youtube.com\/watch?v=Ew34Z5wdfms\"> Za jedan \u010dasak radosti \/Ej lu\u010dka lu\u010dka <\/a><\/p>\n<p><a href=\"http:\/\/www.youtube.com\/watch?v=LVQTBqu-gIw\"> Pod na\u0161ima okny<\/a><\/p>\n<p><a href=\"http:\/\/www.youtube.com\/watch?v=WDBwF3rleR0\"> Ivan pl.Zajc: Koncertni Allegro za tambure <\/a><\/p>\n<p><a href=\"http:\/\/www.youtube.com\/watch?v=pmI9nrOzHTI\"> Tihomi\u010d Vido\u0161i\u0107: Hercegova\u010dki ples br.2 <\/a><\/p>\n<p><a href=\"http:\/\/www.youtube.com\/watch?v=hqnd56d8uro\"> Josip Kaplan: Pjesma i ples br.2-Kamen se bjelasa <\/a><\/p>\n<p><a href=\"http:\/\/www.youtube.com\/watch?v=NZhqUyhG2bk\"> M\u011bs\u00ed\u010dek sv\u00edt\u00ed <\/a><\/p>\n<p><a href=\"http:\/\/www.youtube.com\/watch?v=i-d5FhkELRc\"> Julije Njiko\u0161: Baranjska rapsodija <\/a><\/p>\n<p><a href=\"http:\/\/www.youtube.com\/watch?v=w8duYMIb2H4\"> \u0160ly panenky silnic\u00ed\u00a0 <\/a><\/p>\n<hr \/>\n<p>&nbsp;<\/p>\n<p><b>Snimka nastupa : 35. Me\u0111unarodni festivalu hrvatske tambura\u0161ke glazbe &#8211; 11.05.2012., HNK u Osijeku<\/b><\/p>\n<p><a href=\"http:\/\/www.youtube.com\/watch?v=GzMnnwAe9d4\"> Julije Njiko\u0161: Baranjska rapsodija <\/a><\/p>\n<p><a href=\"http:\/\/www.youtube.com\/watch?v=ri7oB-PZ5Ck\"> Bo\u017eo Poto\u010dnik: Sun\u010dane ravni <\/a><\/p>\n<p><a href=\"http:\/\/www.youtube.com\/watch?v=JPW2KEhMW_I\"> Nik\u0161a Njiri\u0107: Istarski scherzo <\/a><\/p>\n<p><a href=\"http:\/\/www.youtube.com\/watch?v=nLsstMKIsSI\"> Stjepan Mihaljinec: Bijeli jasmini\u00a0 <\/a><\/p>\n<hr \/>\n<p>&nbsp;<\/p>\n<p><b>Snimka nastupa: 34. Me\u0111unarodni festivalu hrvatske tambura\u0161ke glazbe &#8211; 22.05.2011., Dom kulture Na\u0161ice <\/b><\/p>\n<p><a href=\"http:\/\/www.youtube.com\/watch?v=PQ7UMOCztmU\"> Nik\u0161a Njiri\u0107: Fantazija, praizvedba <\/a><\/p>\n<p><a href=\"http:\/\/www.youtube.com\/watch?v=1kylU62z_z4\"> Vilim Gustav Bro\u017e: Nazdravica mornara <\/a><\/p>\n<p><a href=\"http:\/\/www.youtube.com\/watch?v=5iU3xhgpQ2Y\"> Julije Njiko\u0161: Koncert za bra\u010d i TO (1. stavak: Allegretto-Andantino) <\/a><\/p>\n<p><a href=\"http:\/\/www.youtube.com\/watch?v=Fx9dyEXwhx4\"> Julije Njiko\u0161: Koncert za bra\u010d i TO (2. stavak: Andante cantabile) <\/a><\/p>\n<p><a href=\"http:\/\/www.youtube.com\/watch?v=vClq6T74YQE\"> Julije Njiko\u0161: Koncert za bra\u010d i TO (3. stavak) <\/a><\/p>\n<hr \/>\n<p>&nbsp;<\/p>\n<p><b>Snimka nastupa: 33. Me\u0111unarodni festivalu hrvatske tambura\u0161ke glazbe &#8211; 22.05.2010., Amatersko kazali\u0161tu u Beli\u0161\u0107u. <\/b><\/p>\n<p><a href=\"http:\/\/www.youtube.com\/watch?v=N8Kjzvd-nOs\"> Boris Krnic: Sve\u010dana predigra i fuga u e-molu <\/a><\/p>\n<p><a href=\"http:\/\/www.youtube.com\/watch?v=A-dO1RnwhAI\"> Adalbert Markovi\u0107: Pejza\u017e <\/a><\/p>\n<p><a href=\"http:\/\/www.youtube.com\/watch?v=aZeA8vg0HH0\"> Julije Njiko\u0161: Podravina <\/a><\/p>\n<p><a href=\"http:\/\/www.youtube.com\/watch?v=TRHRQvlM73w\"> Pero Gotovac: Rano moja\u00a0 <\/a><\/p>\n<hr \/>\n<p>&nbsp;<\/p>\n<p><b>Snimka nastupa: 31. Me\u0111unarodni festival hrvatske tambura\u0161ke glazbe &#8211; 25.05.2008., Gradsko kazali\u0161te &#8220;Joza Ivaki\u0107&#8221; u Vinkovcima<\/b><\/p>\n<p><a href=\"http:\/\/www.youtube.com\/watch?v=DWSJJHKIn7Y\"> Julije Njiko\u0161: Tri ru\u017ee <\/a><\/p>\n<p><a href=\"http:\/\/www.youtube.com\/watch?v=BaqnNvwFwP8\"> Julije Njiko\u0161: \u010carda\u0161 <\/a><\/p>\n<p><a href=\"http:\/\/www.youtube.com\/watch?v=IytdObOXMuI\"> Josip Magdi\u0107: Varijacije na zagorski napjev &#8220;Vu &#8216;noj crnoj gori&#8221; <\/a><\/p>\n<p><a href=\"http:\/\/www.youtube.com\/watch?v=34Zeg1Hx8Ow\"> \u0160andor Bosiljevac: Sokol <\/a><\/p>\n","protected":false},"excerpt":{"rendered":"<p>Diskografija &#8220;Pjesme bez rije\u010di&#8221;, 2004. Producent: Branko Starc Izdava\u010d: BeSTMUSIC &#8220;Lirske melodioznosti&#8221;, 2010. Producent: Jurica Grosinger Izdava\u010d: KUD Gaj &#8220;Tambura\u0161ki trolist&#8221;, 2011. Producent: Jurica Grosinger Izdava\u010d: KUD Gaj &#8220;Tambura\u0161ki trolist&#8221;, 2011. Producent: Jurica Grosinger Izdava\u010d: KUD Gaj &nbsp; Snimka nastupa: &hellip;<\/p>\n<p class=\"read-more\"> <a class=\"more-link\" href=\"https:\/\/pubweb.carnet.hr\/kud-gaj\/?page_id=122\"> <span class=\"screen-reader-text\">Snimke<\/span> Read More &raquo;<\/a><\/p>\n","protected":false},"author":133,"featured_media":0,"parent":0,"menu_order":6,"comment_status":"closed","ping_status":"closed","template":"full-width-page.php","meta":{"footnotes":""},"class_list":["post-122","page","type-page","status-publish","hentry"],"_links":{"self":[{"href":"https:\/\/pubweb.carnet.hr\/kud-gaj\/index.php?rest_route=\/wp\/v2\/pages\/122","targetHints":{"allow":["GET"]}}],"collection":[{"href":"https:\/\/pubweb.carnet.hr\/kud-gaj\/index.php?rest_route=\/wp\/v2\/pages"}],"about":[{"href":"https:\/\/pubweb.carnet.hr\/kud-gaj\/index.php?rest_route=\/wp\/v2\/types\/page"}],"author":[{"embeddable":true,"href":"https:\/\/pubweb.carnet.hr\/kud-gaj\/index.php?rest_route=\/wp\/v2\/users\/133"}],"replies":[{"embeddable":true,"href":"https:\/\/pubweb.carnet.hr\/kud-gaj\/index.php?rest_route=%2Fwp%2Fv2%2Fcomments&post=122"}],"version-history":[{"count":0,"href":"https:\/\/pubweb.carnet.hr\/kud-gaj\/index.php?rest_route=\/wp\/v2\/pages\/122\/revisions"}],"wp:attachment":[{"href":"https:\/\/pubweb.carnet.hr\/kud-gaj\/index.php?rest_route=%2Fwp%2Fv2%2Fmedia&parent=122"}],"curies":[{"name":"wp","href":"https:\/\/api.w.org\/{rel}","templated":true}]}}