{"id":1159,"date":"2014-12-12T14:31:20","date_gmt":"2014-12-12T14:31:20","guid":{"rendered":"http:\/\/pubweb.carnet.hr\/kud-gaj\/?page_id=1159"},"modified":"2016-09-16T14:29:24","modified_gmt":"2016-09-16T14:29:24","slug":"tamburica-nakladnica","status":"publish","type":"page","link":"https:\/\/pubweb.carnet.hr\/kud-gaj\/?page_id=1159","title":{"rendered":"Tamburica nakladnica"},"content":{"rendered":"<p style=\"text-align: justify\">U nedostatku tiskanih skladbi i dionica namjenjenih za tambura\u0161ke orkestre koncertantnog usmjerenja, Tambura\u0161ko dru\u0161tvo Gaj odlu\u010dio se za pokretanje notne edicije Tamburica nakladnica. Nakon tiska prve skladbe <em>4. razglednice iz starog Zagreba<\/em> Adalberta Markovi\u0107a (2013.), slijede izdanja: <em>Plesna suita<\/em> Jurja Stahuljaka (2014.) te Zbirke koncertantnih skladbi za tambura\u0161ke orkestre akademika Lovre \u017dupanovi\u0107a (2015.) i Tomislava Uhlika (2016.). Valja napomenuti kako \u017dupanovi\u0107eva zbirka sadr\u017ei 5, a Uhlikova 9 originalnih skladbi pisanih za tambure. Sve skladbe navedenih autora su tiskane, a dionice istih dostupne su na CD-u u digitalnoj formi u prilogu tiskane partiture. Ovakva kombinacija tiskanog i digitalnog materijala novitet je u notnim izdanjima i predstavlja prekretnicu prema multifunkcionalnosti takvog tipa izdanja.<\/p>\n<p style=\"text-align: justify\">Tambura\u0161ko dru\u0161tvo Gaj se nada kako \u0107e tiskane skladbe u okviru projekta Tamburice nakladnice do\u0107i u \u0161to vi\u0161e tambura\u0161kih ruku i biti postavljene na repertoar mnogih tambura\u0161kih orkestara u Hrvatskoj i \u0161ire. Time poti\u010demo izvo\u0111enje glazbe hrvatskih autora i njihovu popularizaciju i promociju. Ako ne \u017eelimo da rukopis ostane pohranjen u arhivi iza stjenovitih ormara, potrebno je tiskati ga i distribuirati. Tako mu dajemo \u0161ansu za njegovo o\u017eivljavanje putem izvo\u0111enja i ne dopu\u0161tamo protoku vremena da ga izbri\u0161e. Stara izreka ka\u017ee da se znanje mno\u017ei djeljenjem. Isto je i s partiturama putem njihove dostupnosti. Vrijedne partiture hrvatskih autora potrebno je \u0161iriti me\u0111u orkestrima i u\u010diniti ih pristupa\u010dnima.\u00a0 Vjerujemo kako \u0107e kroz ovaj projekt mnoge skladbe namjenjene koncertantnim tambura\u0161kih orkestrima iz rukopisa pre\u0107i u digitalnu formu i izbje\u0107i zaboravu vremena, a orkestre potaknuti na njihovo izvo\u0111enje. Time \u0107e se omogu\u0107iti daljnja afirmacija tambura\u0161ke literature hrvatskih autora koja stremi visokim umjetni\u010dkim mogu\u0107nostima.<\/p>\n<p><a href=\"http:\/\/pubweb.carnet.hr\/kud-gaj\/wp-content\/uploads\/sites\/136\/2014\/12\/uhlik.jpg\"><img loading=\"lazy\" decoding=\"async\" class=\"image alignnone wp-image-1583 size-medium\" src=\"http:\/\/pubweb.carnet.hr\/kud-gaj\/wp-content\/uploads\/sites\/136\/2014\/12\/uhlik-211x300.jpg\" alt=\"uhlik\" width=\"211\" height=\"300\" srcset=\"https:\/\/pubweb.carnet.hr\/kud-gaj\/wp-content\/uploads\/sites\/136\/2014\/12\/uhlik-211x300.jpg 211w, https:\/\/pubweb.carnet.hr\/kud-gaj\/wp-content\/uploads\/sites\/136\/2014\/12\/uhlik-100x142.jpg 100w, https:\/\/pubweb.carnet.hr\/kud-gaj\/wp-content\/uploads\/sites\/136\/2014\/12\/uhlik-150x213.jpg 150w, https:\/\/pubweb.carnet.hr\/kud-gaj\/wp-content\/uploads\/sites\/136\/2014\/12\/uhlik-200x284.jpg 200w, https:\/\/pubweb.carnet.hr\/kud-gaj\/wp-content\/uploads\/sites\/136\/2014\/12\/uhlik-300x427.jpg 300w, https:\/\/pubweb.carnet.hr\/kud-gaj\/wp-content\/uploads\/sites\/136\/2014\/12\/uhlik-450x640.jpg 450w, https:\/\/pubweb.carnet.hr\/kud-gaj\/wp-content\/uploads\/sites\/136\/2014\/12\/uhlik-600x853.jpg 600w, https:\/\/pubweb.carnet.hr\/kud-gaj\/wp-content\/uploads\/sites\/136\/2014\/12\/uhlik.jpg 664w\" sizes=\"auto, (max-width: 211px) 100vw, 211px\" \/><\/a><a href=\"http:\/\/pubweb.carnet.hr\/kud-gaj\/wp-content\/uploads\/sites\/136\/2014\/12\/zupanoovic.jpg\"><img loading=\"lazy\" decoding=\"async\" class=\"image alignnone wp-image-1584 size-medium\" src=\"http:\/\/pubweb.carnet.hr\/kud-gaj\/wp-content\/uploads\/sites\/136\/2014\/12\/zupanoovic-209x300.jpg\" alt=\"zupanoovic\" width=\"209\" height=\"300\" srcset=\"https:\/\/pubweb.carnet.hr\/kud-gaj\/wp-content\/uploads\/sites\/136\/2014\/12\/zupanoovic-209x300.jpg 209w, https:\/\/pubweb.carnet.hr\/kud-gaj\/wp-content\/uploads\/sites\/136\/2014\/12\/zupanoovic-100x143.jpg 100w, https:\/\/pubweb.carnet.hr\/kud-gaj\/wp-content\/uploads\/sites\/136\/2014\/12\/zupanoovic-150x215.jpg 150w, https:\/\/pubweb.carnet.hr\/kud-gaj\/wp-content\/uploads\/sites\/136\/2014\/12\/zupanoovic-200x287.jpg 200w, https:\/\/pubweb.carnet.hr\/kud-gaj\/wp-content\/uploads\/sites\/136\/2014\/12\/zupanoovic-300x430.jpg 300w, https:\/\/pubweb.carnet.hr\/kud-gaj\/wp-content\/uploads\/sites\/136\/2014\/12\/zupanoovic-450x645.jpg 450w, https:\/\/pubweb.carnet.hr\/kud-gaj\/wp-content\/uploads\/sites\/136\/2014\/12\/zupanoovic-600x861.jpg 600w, https:\/\/pubweb.carnet.hr\/kud-gaj\/wp-content\/uploads\/sites\/136\/2014\/12\/zupanoovic.jpg 663w\" sizes=\"auto, (max-width: 209px) 100vw, 209px\" \/><\/a><a href=\"http:\/\/pubweb.carnet.hr\/kud-gaj\/wp-content\/uploads\/sites\/136\/2014\/12\/PartituraStahuljak20141.jpg\"><img loading=\"lazy\" decoding=\"async\" class=\"image alignnone wp-image-1164 size-medium\" src=\"http:\/\/pubweb.carnet.hr\/kud-gaj\/wp-content\/uploads\/sites\/136\/2014\/12\/PartituraStahuljak20141-211x300.jpg\" alt=\"PartituraStahuljak2014\" width=\"211\" height=\"300\" srcset=\"https:\/\/pubweb.carnet.hr\/kud-gaj\/wp-content\/uploads\/sites\/136\/2014\/12\/PartituraStahuljak20141-211x300.jpg 211w, https:\/\/pubweb.carnet.hr\/kud-gaj\/wp-content\/uploads\/sites\/136\/2014\/12\/PartituraStahuljak20141-100x141.jpg 100w, https:\/\/pubweb.carnet.hr\/kud-gaj\/wp-content\/uploads\/sites\/136\/2014\/12\/PartituraStahuljak20141-150x212.jpg 150w, https:\/\/pubweb.carnet.hr\/kud-gaj\/wp-content\/uploads\/sites\/136\/2014\/12\/PartituraStahuljak20141-200x283.jpg 200w, https:\/\/pubweb.carnet.hr\/kud-gaj\/wp-content\/uploads\/sites\/136\/2014\/12\/PartituraStahuljak20141.jpg 595w\" sizes=\"auto, (max-width: 211px) 100vw, 211px\" \/><\/a> <a href=\"http:\/\/pubweb.carnet.hr\/kud-gaj\/wp-content\/uploads\/sites\/136\/2014\/12\/PartituraMarkovi\u01072013.jpg\"><img loading=\"lazy\" decoding=\"async\" class=\"image alignnone wp-image-1163 size-medium\" src=\"http:\/\/pubweb.carnet.hr\/kud-gaj\/wp-content\/uploads\/sites\/136\/2014\/12\/PartituraMarkovi\u01072013-211x300.jpg\" alt=\"PartituraMarkovi\u01072013\" width=\"211\" height=\"300\" srcset=\"https:\/\/pubweb.carnet.hr\/kud-gaj\/wp-content\/uploads\/sites\/136\/2014\/12\/PartituraMarkovi\u01072013-211x300.jpg 211w, https:\/\/pubweb.carnet.hr\/kud-gaj\/wp-content\/uploads\/sites\/136\/2014\/12\/PartituraMarkovi\u01072013-100x141.jpg 100w, https:\/\/pubweb.carnet.hr\/kud-gaj\/wp-content\/uploads\/sites\/136\/2014\/12\/PartituraMarkovi\u01072013-150x212.jpg 150w, https:\/\/pubweb.carnet.hr\/kud-gaj\/wp-content\/uploads\/sites\/136\/2014\/12\/PartituraMarkovi\u01072013-200x283.jpg 200w, https:\/\/pubweb.carnet.hr\/kud-gaj\/wp-content\/uploads\/sites\/136\/2014\/12\/PartituraMarkovi\u01072013.jpg 595w\" sizes=\"auto, (max-width: 211px) 100vw, 211px\" \/><\/a><\/p>\n<p><a href=\"http:\/\/pubweb.carnet.hr\/kud-gaj\/wp-content\/uploads\/sites\/136\/2014\/12\/Popis-tiskanih-djela_Uhlik.pdf\">\u00a0\u00a0 \u00a0 Popis tiskanih djela_Uhlik<\/a>\u00a0\u00a0\u00a0\u00a0\u00a0\u00a0 \u00a0\u00a0\u00a0 \u00a0 \u00a0 <a href=\"http:\/\/pubweb.carnet.hr\/kud-gaj\/wp-content\/uploads\/sites\/136\/2014\/12\/Popis-tiskanih-djela_\u017dupanovi\u0107.pdf\">Popis tiskanih djela_\u017dupanovi\u0107<\/a><\/p>\n","protected":false},"excerpt":{"rendered":"<p>U nedostatku tiskanih skladbi i dionica namjenjenih za tambura\u0161ke orkestre koncertantnog usmjerenja, Tambura\u0161ko dru\u0161tvo Gaj odlu\u010dio se za pokretanje notne edicije Tamburica nakladnica. Nakon tiska prve skladbe 4. razglednice iz starog Zagreba Adalberta Markovi\u0107a (2013.), slijede izdanja: Plesna suita Jurja &hellip;<\/p>\n<p class=\"read-more\"> <a class=\"more-link\" href=\"https:\/\/pubweb.carnet.hr\/kud-gaj\/?page_id=1159\"> <span class=\"screen-reader-text\">Tamburica nakladnica<\/span> Read More &raquo;<\/a><\/p>\n","protected":false},"author":133,"featured_media":0,"parent":520,"menu_order":5,"comment_status":"closed","ping_status":"closed","template":"full-width-page.php","meta":{"footnotes":""},"class_list":["post-1159","page","type-page","status-publish","hentry"],"_links":{"self":[{"href":"https:\/\/pubweb.carnet.hr\/kud-gaj\/index.php?rest_route=\/wp\/v2\/pages\/1159","targetHints":{"allow":["GET"]}}],"collection":[{"href":"https:\/\/pubweb.carnet.hr\/kud-gaj\/index.php?rest_route=\/wp\/v2\/pages"}],"about":[{"href":"https:\/\/pubweb.carnet.hr\/kud-gaj\/index.php?rest_route=\/wp\/v2\/types\/page"}],"author":[{"embeddable":true,"href":"https:\/\/pubweb.carnet.hr\/kud-gaj\/index.php?rest_route=\/wp\/v2\/users\/133"}],"replies":[{"embeddable":true,"href":"https:\/\/pubweb.carnet.hr\/kud-gaj\/index.php?rest_route=%2Fwp%2Fv2%2Fcomments&post=1159"}],"version-history":[{"count":2,"href":"https:\/\/pubweb.carnet.hr\/kud-gaj\/index.php?rest_route=\/wp\/v2\/pages\/1159\/revisions"}],"predecessor-version":[{"id":1618,"href":"https:\/\/pubweb.carnet.hr\/kud-gaj\/index.php?rest_route=\/wp\/v2\/pages\/1159\/revisions\/1618"}],"up":[{"embeddable":true,"href":"https:\/\/pubweb.carnet.hr\/kud-gaj\/index.php?rest_route=\/wp\/v2\/pages\/520"}],"wp:attachment":[{"href":"https:\/\/pubweb.carnet.hr\/kud-gaj\/index.php?rest_route=%2Fwp%2Fv2%2Fmedia&parent=1159"}],"curies":[{"name":"wp","href":"https:\/\/api.w.org\/{rel}","templated":true}]}}