{"id":110,"date":"2014-09-17T08:43:42","date_gmt":"2014-09-17T08:43:42","guid":{"rendered":"http:\/\/pubweb.carnet.hr\/kud-gaj\/?page_id=110"},"modified":"2014-09-25T09:09:51","modified_gmt":"2014-09-25T09:09:51","slug":"repertoar","status":"publish","type":"page","link":"https:\/\/pubweb.carnet.hr\/kud-gaj\/?page_id=110","title":{"rendered":"Repertoar"},"content":{"rendered":"<table border=\"0\" width=\"600\" cellpadding=\"5\" align=\"LEFT\">\n<tbody>\n<tr>\n<td>\n<div align=\"left\"><b>PARTITURE U ARHIVI<\/b><br \/>\nVi\u0161e detalja o pojedinoj skladbi (autor teksta, aran\u017eman) te popis ostalih skladbi u arhivi dru\u0161tva mo\u017eete vidjeti u Excel ili pdf datoteci:<\/div>\n<div align=\"left\"><\/div>\n<div align=\"left\"><\/div>\n<div align=\"left\"><a href=\"http:\/\/pubweb.carnet.hr\/kud-gaj\/wp-content\/uploads\/sites\/136\/2014\/09\/partiturearhiva.xls\">PARTITURE U ARHIVI DRU\u0160TVA (.xls)<\/a><\/div>\n<div align=\"left\"><a href=\"http:\/\/pubweb.carnet.hr\/kud-gaj\/wp-content\/uploads\/sites\/136\/2014\/09\/partiturearhiva.pdf\">PARTITURE U ARHIVI DRU\u0160TVA (.pdf)<\/a><\/div>\n<\/td>\n<\/tr>\n<\/tbody>\n<\/table>\n<p>&nbsp;<\/p>\n<hr \/>\n<p>&nbsp;<\/p>\n<table border=\"0\" width=\"600\" cellspacing=\"1\" cellpadding=\"5\">\n<tbody>\n<tr>\n<td><b>KONCERTNE SKLADBE<\/b><br \/>\nEmil Adami\u010d: DVA KONCERTNA KOLA<br \/>\nJosip Andri\u0107: KOLO NA RASKR\u0160\u0106U<br \/>\nJosip Andri\u0107: STRA\u017dILOVSKO VE\u010cE<br \/>\nLuigi Boccherini: MENUET<br \/>\nHugo Boreni\u0107: \u0110A\u010cKO KOLO<br \/>\n\u0160andor Bosiljevac: SOKOL, uvertira<br \/>\nIvan Bo\u017ei\u010devi\u0107: KASKADE<br \/>\nJosip Cani\u0107: \u0110A\u010cKA LJUBAV<br \/>\nJosip Cani\u0107: PJESMA BEZ RIJE\u010cI<br \/>\nJakov Gotovac: KOLO &#8211; POSKO\u010cNICA iz opere &#8220;Morana&#8221;<br \/>\nJakov Gotovac: ZAVR\u0160NO KOLO iz opere &#8220;Ero s onoga svijeta&#8221;<br \/>\nPero Gotovac: DELMATINA, Notturno, glazbena skica<br \/>\nPero Gotovac: RANO MOJA<br \/>\nJanko Gregorc: SLOVENSKI PLES<br \/>\nRudolf A. Hrandek: UVERTIRA &#8220;PRIJATELJA TAMBURE&#8221;<br \/>\nDragutin Hruza: SAN ZARU\u010cNICE<br \/>\nAlfi Kabiljo: NEKA CIJELI OVAJ SVIJET iz mjuzikla &#8220;Jalta, Jalta&#8221;<br \/>\nNikica Kalogjera: MONFRINA<br \/>\nJosip Kaplan: PJESMA I PLES BR. 9 (Prolje\u0107e u proplancima)<br \/>\nBoris Krnic: KONCERT ZA KLAVIR I T.O. U G-duru<br \/>\nBoris Krnic: SVE\u010cANA PREDIGRA I FUGA<br \/>\nFranjo Ksaver Kuha\u010d: OSJE\u010cKI GALOP<br \/>\nJosip Magdi\u0107: VARIJACIJE na zagorski napjev &#8220;Vu &#8216;noj crnoj gori&#8221;<br \/>\nAdalbert Markovi\u0107: 4 RAZGLEDNICE IZ STAROG ZAGREBA<br \/>\nI. Ve\u010der na Savi<br \/>\nII. Zrinjeva\u010dki korzo<br \/>\nIII. Kamenita vrata<br \/>\nIV. Konjski tramvaj u Ilici<br \/>\nAdalbert Markovi\u0107: DVA KONTRASTA<br \/>\nAdalbert Markovi\u0107: MEDITACIJA<br \/>\nAdalbert Markovi\u0107: NISAM SAMA<br \/>\nAdalbert Markovi\u0107: PASTORALA<br \/>\nAdalbert Markovi\u0107: PEJZA\u017d<br \/>\nAdalbert Markovi\u0107: OSIJEKU U SPOMEN<br \/>\nAdalbert Markovi\u0107: PROLJE\u0106E U VUKOVARU<br \/>\nAdalbert Markovi\u0107: RASTANAK<br \/>\nAdalbert Markovi\u0107: TAMBURE U SRCU<br \/>\nAdalbert Markovi\u0107: VUKOVAR U MJESE\u010cINI<br \/>\nPietro Mascagni: INTERMEZZO iz opere &#8220;Cavaleria rusticana&#8221;<br \/>\nFelix Mendelsson: SAN LJETNE NO\u0106I \u2013 svadbena kora\u010dnica<br \/>\nJulije Njiko\u0161: BARANJSKA RAPSODIJA<br \/>\nJulije Njiko\u0161: \u010cARDA\u0160<br \/>\nJulije Njiko\u0161: HRVATSKI PLES BR. 1 \u2013 SLAVONSKI<br \/>\nJulije Njiko\u0161: HRVATSKI PLES BR. 2 \u2013 ZAGORSKI<br \/>\nJulije Njiko\u0161: MODERATO CANTABILE<br \/>\nJulije Njiko\u0161: PJESMA BEZ RIJE\u010cI<br \/>\nJulije Njiko\u0161: PODOKNICA<br \/>\nJulije Njiko\u0161: PODRAVINA<br \/>\nJulije Njiko\u0161: PONO\u0106NI SVIRA\u010cI<br \/>\nJulije Njiko\u0161: ROMANCA U G-DURU<br \/>\nJulije Njiko\u0161: SLAVONSKA ELEGIJA<br \/>\nJulije Njiko\u0161: STARI SALETL<br \/>\nJulije Njiko\u0161: TRI RU\u017dE<br \/>\nJulije Njiko\u0161: ZLATNI DANCI<br \/>\nJulije Njiko\u0161: \u017dETVA, predigra za narodni igrokaz<br \/>\nNik\u0161a Njiri\u0107: MALA UVERTIRA<br \/>\nNik\u0161a Njiri\u0107: ROMANCA<br \/>\nIvan Ocvirk: IDILA<br \/>\nJacques Offenbach: BARKAROLA iz opere &#8220;Hoffmannove pri\u010de&#8221;<br \/>\nRudolf Rajter: DUNJA<br \/>\nArthur Rubinstein: MELODIJA<br \/>\nRoko \u0160imunaci &#8220;Mravec&#8221;: NA OBALI SAVE, val\u010dik<br \/>\nZlatko \u0160poljar: VE\u010cER NA DRAVI, suita<br \/>\nVladimir Tomerlin: PJESMA O PJESMI<br \/>\nTihomil Vido\u0161i\u0107: BELLA ROSA, MARMON &#8211; stari dalmatinski plesovi<br \/>\nTihomil Vido\u0161i\u0107: SLAVONSKI SCHERZO \u2013 koncertna varijanta na temu &#8220;Sitna ki\u0161a&#8221;<br \/>\nRichard Wagner: SVADBENA KORA\u010cNICA iz opere &#8220;Lohengrin&#8221;<br \/>\nIvan pl. Zajc: KONCERTNI ALLEGRO ZA TAMBURE<br \/>\nIvan pl. Zajc: KONCERTNO KOLO<br \/>\nIvan pl. Zajc: U BOJ iz opere &#8220;Nikola \u0160ubi\u0107 Zrinjski&#8221;<br \/>\nLovro \u017dupanovi\u0107: MALENKOSTI<br \/>\nLovro \u017dupanovi\u0107: MALI DIVERTIMENTO<b>SAKRALNE SKLADBE<\/b><br \/>\n<em>MISE<\/em><br \/>\nHrvatska misa (Peran)<br \/>\nMisa \u201cTebi slavu pjevamo\u201d (P\u0161ag)<br \/>\nMissa facillima (Gr\u017ein\u010di\u0107)<em>BO\u017dI\u0106NE<\/em><br \/>\nDanas se \u010duje<br \/>\nDjete\u0161ce nam se rodilo<br \/>\nKad se Isus rodi<br \/>\nKirie eleison<br \/>\nNarodi nam se<br \/>\nO Betleme<br \/>\nRadujte se narodi<br \/>\nSvim na zemlji<br \/>\nTiha no\u0107 (F Gruber)<br \/>\nU to vrijeme godi\u0161ta<br \/>\nVeselje ti navje\u0161\u0107ujem<em>KORIZMENE<\/em><br \/>\nGrijeh je du\u0161u ranio (Cith. oct.)<br \/>\nJa se kajem (V. Novak)<br \/>\nSlava Tebi &#8230; (M. Le\u0161\u0107an)<br \/>\nStala pla\u010du\u0107 (Cith. oct.)<em>ANTIFONE I PSALMI<\/em><br \/>\nBog je u svom svetom hramu &#8230;<br \/>\nBo\u017ee moj<br \/>\nDo\u0111i Gospode<br \/>\nGospodine, pomozi nam<br \/>\nKli\u010di Bogu &#8230;<br \/>\nKriste Kralju &#8230;.<br \/>\nPjevajte Gospodu (M. Le\u0161\u0107an)<br \/>\nPo\u0161alji duha svojega<br \/>\nSmiluj mi se, Bo\u017ee<br \/>\nVeli\u010da &#8230;<br \/>\nVje\u010dna je ljubav Njegova<br \/>\nZahvaljujte Gospodinu<\/p>\n<p><em>MARIJANSKE<\/em><br \/>\nAve Maria (A. Hlondonsky)<br \/>\nDajte mi sladak pjev<br \/>\nKraljice neba, raduj se<br \/>\nLjiljane bijeli<br \/>\nMajko draga, Djevo sveta<br \/>\nO, Marijo na stazi<br \/>\nSav raj te slavi Kraljice<br \/>\nZdravo budi, Marijo<br \/>\nZdravo, Djevo (A. Smolko)<br \/>\nZdravo, Marijo (A. Klobu\u010dar)<\/p>\n<p><em>PRIKAZNE<\/em><br \/>\nJedan kruh (M. Le\u0161\u0107an)<br \/>\nO, sveta gozbo (\u0160. Marovi\u0107)<br \/>\nPrikazanje (Darove kruha i vina &#8230;)<\/p>\n<p><em>OSTALE SAKRALNE SKLADBE<\/em><br \/>\nBli\u017ee, o Bo\u017ee moj<br \/>\nDo nebesa (A. Smolka)<br \/>\nDobri kralju mira<br \/>\nGospodin slavno uskrsnu<br \/>\nHvala<br \/>\nIsus pobje\u0111uje<br \/>\nJubilejski himan<br \/>\nKakav prijatelj je Isus<br \/>\nKrist na \u017ealu<br \/>\nKriste, u tvoje ime<br \/>\nKriste, o\u010dev sjaju<br \/>\nMilost<br \/>\nNa nebu moje du\u0161e (L. van Beethoven)<br \/>\nNa nebu zora rudi<br \/>\nNa\u0161a srca<br \/>\nOd sva se \u010detiri vjetra<br \/>\nOdzivam se Isuse<br \/>\nOstani s nama<br \/>\nSlava, \u010dast i hvala ti (Lj. Galeti\u0107)<br \/>\nSvi slavimo<br \/>\nTajna vjere (Tvoju smrt &#8230;)<br \/>\nTebe Boga hvalimo<br \/>\nTiho, ti\u0161e (P. Gotovac)<br \/>\nU onaj dan<br \/>\nUzmi kruh<br \/>\nVeselo, bra\u0107o, kliknimo (Marinovi\u0107)<\/p>\n<p><b>NARODNE, ZABAVNE, DOMOLJUBNE I OSTALE PJESME<\/b><br \/>\nAndulko \u0160afa\u0159ova (\u010ce\u0161ka)<br \/>\nAy Jalisco (Meksiko)<br \/>\nBaru\u0161ka (\u010ce\u0161ka)<br \/>\nBlijedi mjesec<br \/>\nBo\u017ee, \u010duvaj Hrvatsku (Mar\u0161an)<br \/>\nBud\u011bjce (\u010ce\u0161ka)<br \/>\nCiklama (L. \u017dupanovi\u0107)<br \/>\n\u010cerven\u00e9 \u0161\u00e1te\u010dku (Moravska)<br \/>\n\u0106iro (slavonsko kolo, obr. J. Njiko\u0161)<br \/>\nDobro mi do\u0161el prijatel<br \/>\nEj, l\u00fa\u010dka, l\u00fa\u010dka (\u010ce\u0161ka)<br \/>\nFala (V. Paljetak)<br \/>\nJa te ljubim, djevo mila<br \/>\nJesenska<br \/>\nJutros nam je&#8230;<br \/>\nKad bi ove ru\u017ee male (obr. J. Njiko\u0161)<br \/>\nKalendara (slavonsko kolo, obr. J. Njiko\u0161)<br \/>\nKolo (Crnko)<br \/>\nLipa mladost (S. Jankovi\u0107)<br \/>\nMaestral (Stama\u0107)<br \/>\nM\u011bs\u00ed\u010dek sv\u00edt\u00ed (\u010ce\u0161ka)<br \/>\nMi smo, bra\u0107o, hrvatskog (M. Hajko)<br \/>\nMu\u017eika\u0161i (I. Robi\u0107)<br \/>\nNajdra\u017ei moj grade (S. Mihaljinec)<br \/>\nNa rastanku smo (J. Njiko\u0161)<br \/>\nNa tom pra\u017esk\u00fdm most\u011b (\u010ce\u0161ka)<br \/>\nNe dirajte mi ravnicu (M. \u0160koro)<br \/>\nNeposlu\u0161no srce (Meksiko)<br \/>\nOdavno smo grani\u010dari stari<br \/>\nOj, ti vilo Velebita<br \/>\nPjesma li\u010dkoga junaka<br \/>\nPjesma o pjesmi (Tomerlin)<br \/>\nPjevala je ptica kos<br \/>\nPode mlejnem (\u010ce\u0161ka)<br \/>\nPod mojim prozorom<br \/>\nPod na\u0161ima okny (\u010ce\u0161ka)<br \/>\nPodravino moja mila (obr. J. Njiko\u0161)<br \/>\nPopevke sem slagal (V. Paljetak)<br \/>\nPrigorska polka<br \/>\nProsto zrakom (V. Lisinski)<br \/>\nRo\u017eica sem bila<br \/>\nRukavice (slavonsko kolo, obr. J. Njiko\u0161)<br \/>\nSamoborski drme\u0161<br \/>\nSino\u0107 kad je pao mrak<br \/>\nSiromah &#8211; sirota<br \/>\nSje\u0107anje na Velu Luku (B. \u017duvela)<br \/>\nSuka\u010dko (ples iz okolice Zagreba)<br \/>\nSuze liju plave o\u010di (ameri\u010dka pjesma)<br \/>\nSve pti\u010dice iz gore<br \/>\n\u0160ly panenki silnic\u00ed (\u010ce\u0161ka)<br \/>\n\u0160umi, \u0161umi javore (M. \u0160koro)<br \/>\nTancuj, tancuj (Slova\u010dka)<br \/>\nU livadi pod jasenom<br \/>\nUzalud vam trud svira\u010di (J. Houra)<br \/>\nZagorska polka<br \/>\nZagreb, Zagreb (A. Vu\u010der)<br \/>\nZora zori, dan se bijeli<br \/>\n\u017divila Hrvatska (I. Zajc)<\/td>\n<\/tr>\n<\/tbody>\n<\/table>\n<p>&nbsp;<\/p>\n","protected":false},"excerpt":{"rendered":"<p>PARTITURE U ARHIVI Vi\u0161e detalja o pojedinoj skladbi (autor teksta, aran\u017eman) te popis ostalih skladbi u arhivi dru\u0161tva mo\u017eete vidjeti u Excel ili pdf datoteci: PARTITURE U ARHIVI DRU\u0160TVA (.xls) PARTITURE U ARHIVI DRU\u0160TVA (.pdf) &nbsp; &nbsp; KONCERTNE SKLADBE Emil &hellip;<\/p>\n<p class=\"read-more\"> <a class=\"more-link\" href=\"https:\/\/pubweb.carnet.hr\/kud-gaj\/?page_id=110\"> <span class=\"screen-reader-text\">Repertoar<\/span> Read More &raquo;<\/a><\/p>\n","protected":false},"author":133,"featured_media":0,"parent":0,"menu_order":3,"comment_status":"closed","ping_status":"closed","template":"full-width-page.php","meta":{"footnotes":""},"class_list":["post-110","page","type-page","status-publish","hentry"],"_links":{"self":[{"href":"https:\/\/pubweb.carnet.hr\/kud-gaj\/index.php?rest_route=\/wp\/v2\/pages\/110","targetHints":{"allow":["GET"]}}],"collection":[{"href":"https:\/\/pubweb.carnet.hr\/kud-gaj\/index.php?rest_route=\/wp\/v2\/pages"}],"about":[{"href":"https:\/\/pubweb.carnet.hr\/kud-gaj\/index.php?rest_route=\/wp\/v2\/types\/page"}],"author":[{"embeddable":true,"href":"https:\/\/pubweb.carnet.hr\/kud-gaj\/index.php?rest_route=\/wp\/v2\/users\/133"}],"replies":[{"embeddable":true,"href":"https:\/\/pubweb.carnet.hr\/kud-gaj\/index.php?rest_route=%2Fwp%2Fv2%2Fcomments&post=110"}],"version-history":[{"count":0,"href":"https:\/\/pubweb.carnet.hr\/kud-gaj\/index.php?rest_route=\/wp\/v2\/pages\/110\/revisions"}],"wp:attachment":[{"href":"https:\/\/pubweb.carnet.hr\/kud-gaj\/index.php?rest_route=%2Fwp%2Fv2%2Fmedia&parent=110"}],"curies":[{"name":"wp","href":"https:\/\/api.w.org\/{rel}","templated":true}]}}