{"id":104,"date":"2014-09-17T08:38:20","date_gmt":"2014-09-17T08:38:20","guid":{"rendered":"http:\/\/pubweb.carnet.hr\/kud-gaj\/?page_id=104"},"modified":"2016-07-22T08:04:56","modified_gmt":"2016-07-22T08:04:56","slug":"o-orkestru","status":"publish","type":"page","link":"https:\/\/pubweb.carnet.hr\/kud-gaj\/?page_id=104","title":{"rendered":"O orkestru"},"content":{"rendered":"<div align=\"justify\">\n<p>&nbsp;<\/p>\n<p><b><a href=\"http:\/\/pubweb.carnet.hr\/kud-gaj\/wp-content\/uploads\/sites\/136\/2014\/09\/orkestar.jpg\"><img loading=\"lazy\" decoding=\"async\" class=\"wp-image-105 aligncenter\" src=\"http:\/\/pubweb.carnet.hr\/kud-gaj\/wp-content\/uploads\/sites\/136\/2014\/09\/orkestar.jpg\" alt=\"orkestar\" width=\"655\" height=\"320\" srcset=\"https:\/\/pubweb.carnet.hr\/kud-gaj\/wp-content\/uploads\/sites\/136\/2014\/09\/orkestar.jpg 600w, https:\/\/pubweb.carnet.hr\/kud-gaj\/wp-content\/uploads\/sites\/136\/2014\/09\/orkestar-300x146.jpg 300w, https:\/\/pubweb.carnet.hr\/kud-gaj\/wp-content\/uploads\/sites\/136\/2014\/09\/orkestar-100x48.jpg 100w, https:\/\/pubweb.carnet.hr\/kud-gaj\/wp-content\/uploads\/sites\/136\/2014\/09\/orkestar-150x73.jpg 150w, https:\/\/pubweb.carnet.hr\/kud-gaj\/wp-content\/uploads\/sites\/136\/2014\/09\/orkestar-200x97.jpg 200w, https:\/\/pubweb.carnet.hr\/kud-gaj\/wp-content\/uploads\/sites\/136\/2014\/09\/orkestar-450x219.jpg 450w\" sizes=\"auto, (max-width: 655px) 100vw, 655px\" \/><\/a><\/b><\/p>\n<p><strong>Tambura\u0161ki orkestar Tambura\u0161kog dru\u0161tva \u201cGaj\u201d<\/strong> iz Zagreba stariji je od Dru\u0161tva kojemu pripada kao jedna od njegovih sekcija. Njegovi za\u010deci se\u017eu u \u0161kolsku godinu 1986.\/\u00b487. kada u zagreba\u010dkoj Osnovnoj \u0161koli \u201cBra\u0107a Horvat\u201d (danas Osnovna \u0161kola \u201cSavski Gaj\u201d) profesor glazbene kulture Ljudevit Adamek, u sklopu izvannastavnih aktivnosti, zapo\u010dinje podu\u010davati tamburu i osniva Tambura\u0161ki orkestar. Od 1995. godine Orkestar djeluje kao sekcija novoosnovanog Tambura\u0161ko-pjeva\u010dkog dru\u0161tva \u201cGaj\u201d. U jesen 1999. na inicijativu Programa \u201cZagreb te zove\u201d za socijalnu prevenciju djece i mlade\u017ei Grada Zagreba, Orkestar postaje temelj nastanku Tambura\u0161kog dru\u0161tva \u201cGaj\u201d u sklopu kojega djeluje i danas. Uz Orkestar, u TD-u djeluju jo\u0161 i tambura\u0161ki podmladak te po\u010detni\u010dka tambura\u0161ka sekcija. Tambura\u0161ki orkestar svojim je djelovanjem postigao veoma zapa\u017eene uspjehe na mnogim koncertima i nastupima u zemlji i inozemstvu. Stekao je ugled vrsnog ansambla s jasno profiliranim repertoarom i dobio visoke ocjene glazbenih stru\u010dnjaka na festivalima i glazbenim susretima. Misija orkestra je afirmirati tamburu kao koncertantno glazbalo, tambura\u0161ki orkestar promovirati kao pandan simfonijskom orkestru, a umjetni\u010dku tambura\u0161ku glazbu potaknuti na daljni razvoj.<\/p>\n<p>Posebno se isti\u010du srebrna i trinaest zlatnih plaketa \u201eTambura Paje Kolari\u0107a\u201d osvojenih na Festivalima hrvatske tambura\u0161ke glazbe u Osijeku. Tako\u0111er treba istaknuti nagradu \u201eJosip Andri\u0107\u02dd Hrvatskog dru\u0161tva skladatelja za najbolju praizvedbu na Festivalu hrvatske tambura\u0161ke glazbe u Osijeku koju je Orkestar dobio u tri navrata: 2008. godine praizvev\u0161i djelo <em>Vu \u00b4noj crnoj gori<\/em> skladatelja Josipa Magdi\u0107a, 2014. praizvev\u0161i <em>Prazni\u010dnu rapsodiju<\/em> Zdravka \u0160ljivca te 2016. za izvedbu <em>Pripovjednog \u010darda\u0161a<\/em> Tihomira Ranogajca. Na 19. dr\u017eavnim susretima tambura\u0161kih orkestara u Ogulinu 2012., Orkestar je osvojio drugu nagradu, a na 21. Susretima 2014. u Dugom Selu tre\u0107u nagradu, a na 22. Susretima 2015. PRVU NAGRADU. 2013. godina, predstavlja povijesnu prekretnicu u postojanju ansambla zbog uspjeha na \u010dak dva presti\u017ena me\u0111unarodna festivalska natjecanja.<\/p>\n<p>U svibnju 2013. Orkestar sudjeluje na IX. me\u0111unarodnom festivalu slavenske kulture u Moskvi gdje izvodi <em>Varijacije<\/em> Emila Cossetta i <em>Valcer <\/em>iz<em> Jazz suite<\/em> br. 2 Dmitrija \u0160ostakovi\u010da za koje je progla\u0161en visokim laureatom druge razine. U lipnju iste godine na Me\u0111unarodnom glazbenom festivalu u Be\u010du predstavlja <em>Suitu iz starog Zagreba<\/em> Adalberta Markovi\u0107a te <em>Odu radosti<\/em> iz 9. simfonije Ludwiga van Beethovena za koje osvaja drugu nagradu. Nastavljaju\u0107i taj uspje\u0161ni niz, 5. listopada 2013., Orkestar trijumfira na 20. susretima hrvatskih tambura\u0161kih orkestara u Dugome Selu kao nositelj Nagrade Hrvatskog dru\u0161tva skladatelja za najbolju izvedbu skladbe hrvatskog autora. Radilo se o opusu <em>Varijacije<\/em> Emila Cossetta koji su mladi glazbenici izveli prema izvornom skladateljevom rukopisu.<\/p>\n<p>Posljednjih godina Tambura\u0161ki orkestar aktivno sura\u0111uje s uglednim hrvatskim vokalnim i instrumentalnim umjetnicima kao \u0161to su pijanistica Katarina Krpan, violinist An\u0111elko Krpan te vokalni solisti Arsen Dedi\u0107, Lidija Horvat Dunjko, Barbara Othman, Blanka Do\u0161en Togonal, Miroslav \u017divkovi\u0107, Vera Svoboda, Bo\u017eidar Brajkovi\u0107, Stanko \u0160ari\u0107 i brojni drugi. Umjetni\u010dkom ugledu Orkestra pridonosi hrvatski repertoar i izvedbe opusa istaknutih skladatelja koncertne tambura\u0161ke glazbe \u2013 Adalberta Markovi\u0107a, akademika Brune Bjelinskog, akademika Igora Kuljeri\u0107a, akademika Lovre \u017dupanovi\u0107a, Tomislava Uhlika, Josipa Magdi\u0107a, Pere Gotovca, Emila Cossetta, Tihomila Vido\u0161i\u0107a, Josipa Kaplana, Nik\u0161e Njiri\u0107a, Julija Njiko\u0161a, dr. Huberta Pettana, Josipa Stojanovi\u0107a, Zdravka \u0160ljivca, dr. Josipa Andri\u0107a i mnogih drugih. Orkestar je od 2011. nositelj velikog umjetni\u010dkog bienalnog projekta \u201eGlazbeni memorijal Adalbert Markovi\u0107\u201d, koji se odr\u017eava u Zagrebu, pod pokroviteljstvom Predsjednika Republike Hrvatske te Ureda za obrazovanje, kulturu i sport Grada Zagreba, a od 2012. i Glazbenog memorijala Julije Njiko\u0161, tako\u0111er u Zagrebu.<\/p>\n<p>Utemeljitelj i umjetni\u010dki voditelj Orkestra od njegova osnivanja bio je prof. Ljudevit Adamek, a od 2009. godine vodi ga dirigent Kre\u0161imir Ra\u010di\u0107, dugogodi\u0161nji \u010dlan i korepetitor Tambura\u0161kog orkestra.<\/p>\n<p><b>Dirigent:<\/b> <a href=\"mailto:umjetnicki-voditelj@kud-gaj.hr\">Kre\u0161imir Ra\u010di\u0107<\/a><b>\u010clanovi tambura\u0161kog orkestra:<\/b> Ida Balkovi\u0107,\u00a0Mirko Bartol, Katarina Bosak, Tena Buljanovi\u0107, Tomislav \u0110uri\u0107, Leo Gvozden, Dino Gvozden, Ivan Habrka, Ana Jazbec, Lovro Juki\u0107, Luka Juki\u0107, Ivan Kopri\u0107, Tomislav Kopri\u0107, Marijana Krznar, Tomislav Krznar, Fabijan Kumer, Barbara Lali\u0107, Luka Lovrekovi\u0107, Ivan Miter, Matej Magdi\u0107, Damir Novak, Franjo Pe\u0107ari\u0107, Morana Ra\u010di\u0107, Stjepan Schweizer, Vid \u0160arkanj, Ivan Topi\u0107, Timotej Tu\u0161ek<\/p>\n<\/div>\n","protected":false},"excerpt":{"rendered":"<p>&nbsp; Tambura\u0161ki orkestar Tambura\u0161kog dru\u0161tva \u201cGaj\u201d iz Zagreba stariji je od Dru\u0161tva kojemu pripada kao jedna od njegovih sekcija. Njegovi za\u010deci se\u017eu u \u0161kolsku godinu 1986.\/\u00b487. kada u zagreba\u010dkoj Osnovnoj \u0161koli \u201cBra\u0107a Horvat\u201d (danas Osnovna \u0161kola \u201cSavski Gaj\u201d) profesor glazbene &hellip;<\/p>\n<p class=\"read-more\"> <a class=\"more-link\" href=\"https:\/\/pubweb.carnet.hr\/kud-gaj\/?page_id=104\"> <span class=\"screen-reader-text\">O orkestru<\/span> Read More &raquo;<\/a><\/p>\n","protected":false},"author":133,"featured_media":105,"parent":0,"menu_order":1,"comment_status":"closed","ping_status":"closed","template":"full-width-page.php","meta":{"footnotes":""},"class_list":["post-104","page","type-page","status-publish","has-post-thumbnail","hentry"],"_links":{"self":[{"href":"https:\/\/pubweb.carnet.hr\/kud-gaj\/index.php?rest_route=\/wp\/v2\/pages\/104","targetHints":{"allow":["GET"]}}],"collection":[{"href":"https:\/\/pubweb.carnet.hr\/kud-gaj\/index.php?rest_route=\/wp\/v2\/pages"}],"about":[{"href":"https:\/\/pubweb.carnet.hr\/kud-gaj\/index.php?rest_route=\/wp\/v2\/types\/page"}],"author":[{"embeddable":true,"href":"https:\/\/pubweb.carnet.hr\/kud-gaj\/index.php?rest_route=\/wp\/v2\/users\/133"}],"replies":[{"embeddable":true,"href":"https:\/\/pubweb.carnet.hr\/kud-gaj\/index.php?rest_route=%2Fwp%2Fv2%2Fcomments&post=104"}],"version-history":[{"count":2,"href":"https:\/\/pubweb.carnet.hr\/kud-gaj\/index.php?rest_route=\/wp\/v2\/pages\/104\/revisions"}],"predecessor-version":[{"id":1561,"href":"https:\/\/pubweb.carnet.hr\/kud-gaj\/index.php?rest_route=\/wp\/v2\/pages\/104\/revisions\/1561"}],"wp:featuredmedia":[{"embeddable":true,"href":"https:\/\/pubweb.carnet.hr\/kud-gaj\/index.php?rest_route=\/wp\/v2\/media\/105"}],"wp:attachment":[{"href":"https:\/\/pubweb.carnet.hr\/kud-gaj\/index.php?rest_route=%2Fwp%2Fv2%2Fmedia&parent=104"}],"curies":[{"name":"wp","href":"https:\/\/api.w.org\/{rel}","templated":true}]}}