{"id":97,"date":"2014-10-13T19:36:15","date_gmt":"2014-10-13T19:36:15","guid":{"rendered":"http:\/\/pubweb.carnet.hr\/kdvz\/?page_id=97"},"modified":"2014-11-07T10:44:58","modified_gmt":"2014-11-07T10:44:58","slug":"linkovi","status":"publish","type":"page","link":"https:\/\/pubweb.carnet.hr\/kdvz\/galerija\/linkovi\/","title":{"rendered":"Linkovi"},"content":{"rendered":"<ul>\n<li>Facebook profil KD Vara\u017edinske \u017eupanije\u00a0 <a title=\"https:\/\/www.facebook.com\/KDVzupanije\" href=\"https:\/\/www.facebook.com\/KDVzupanije\">https:\/\/www.facebook.com\/KDVzupanije<\/a><\/li>\n<li>Hrvatsko knji\u017eni\u010darsko dru\u0161tvo\u00a0 <a title=\"http:\/\/www.hkdrustvo.hr\/\" href=\"http:\/\/www.hkdrustvo.hr\/\">http:\/\/www.hkdrustvo.hr\/<\/a><\/li>\n<li>Vjesnik biliotekara Hrvatske<a title=\"http:\/\/www.hkdrustvo.hr\/vbh\/\" href=\"http:\/\/www.hkdrustvo.hr\/vbh\/\"> http:\/\/www.hkdrustvo.hr\/vbh\/<\/a><\/li>\n<li>HKD Novosti <a title=\"http:\/\/www.hkdrustvo.hr\/hkdnovosti\/\" href=\"http:\/\/www.hkdrustvo.hr\/hkdnovosti\/\">http:\/\/www.hkdrustvo.hr\/hkdnovosti\/<\/a><\/li>\n<li>Centar za stalno stru\u010dno usavr\u0161avanje knji\u017eni\u010dara <a title=\"http:\/\/cssu.nsk.hr\/\" href=\"http:\/\/cssu.nsk.hr\/\">http:\/\/cssu.nsk.hr\/<\/a><\/li>\n<li>Digitalna knji\u017enica Metelwin Digital Library &#8211;\u00a0 &#8220;Metelgrad&#8221; <a title=\"http:\/\/library.foi.hr\/metelgrad\/\" href=\"http:\/\/library.foi.hr\/metelgrad\/\">http:\/\/library.foi.hr\/metelgrad\/<\/a><\/li>\n<li>&#8220;Warasdiniensia&#8221; digitalizirana zavi\u010dajna zbirka Gradske knji\u017enice i \u010ditaonice &#8220;Metel O\u017eegovi\u0107&#8221; Vara\u017edin\u00a0 <a title=\"vi\u0161e\" href=\"http:\/\/library.foi.hr\/ZBIRKE\/varazdin\/index.php?page=main\">http:\/\/library.foi.hr\/ZBIRKE\/varazdin\/index.php?page=main<\/a><\/li>\n<li>Dogodilo se na dana\u0161nji dan <a title=\"vi\u0161e\" href=\"http:\/\/library.foi.hr\/dlib\/index.php?page=dogadjaji\">http:\/\/library.foi.hr\/dlib\/index.php?page=dogadjaji<\/a><\/li>\n<\/ul>\n","protected":false},"excerpt":{"rendered":"<p>Facebook profil KD Vara\u017edinske \u017eupanije\u00a0 https:\/\/www.facebook.com\/KDVzupanije Hrvatsko knji\u017eni\u010darsko dru\u0161tvo\u00a0 http:\/\/www.hkdrustvo.hr\/ Vjesnik biliotekara Hrvatske http:\/\/www.hkdrustvo.hr\/vbh\/ HKD Novosti http:\/\/www.hkdrustvo.hr\/hkdnovosti\/ Centar za stalno stru\u010dno usavr\u0161avanje knji\u017eni\u010dara http:\/\/cssu.nsk.hr\/ Digitalna knji\u017enica Metelwin Digital Library &#8211;\u00a0 &#8220;Metelgrad&#8221; http:\/\/library.foi.hr\/metelgrad\/ &#8220;Warasdiniensia&#8221; digitalizirana zavi\u010dajna zbirka Gradske knji\u017enice i \u010ditaonice &#8220;Metel O\u017eegovi\u0107&#8221; Vara\u017edin\u00a0 http:\/\/library.foi.hr\/ZBIRKE\/varazdin\/index.php?page=main Dogodilo se na dana\u0161nji dan http:\/\/library.foi.hr\/dlib\/index.php?page=dogadjaji<\/p>\n","protected":false},"author":226,"featured_media":0,"parent":132,"menu_order":4,"comment_status":"open","ping_status":"open","template":"","meta":{"footnotes":""},"class_list":["post-97","page","type-page","status-publish","hentry"],"_links":{"self":[{"href":"https:\/\/pubweb.carnet.hr\/kdvz\/wp-json\/wp\/v2\/pages\/97","targetHints":{"allow":["GET"]}}],"collection":[{"href":"https:\/\/pubweb.carnet.hr\/kdvz\/wp-json\/wp\/v2\/pages"}],"about":[{"href":"https:\/\/pubweb.carnet.hr\/kdvz\/wp-json\/wp\/v2\/types\/page"}],"author":[{"embeddable":true,"href":"https:\/\/pubweb.carnet.hr\/kdvz\/wp-json\/wp\/v2\/users\/226"}],"replies":[{"embeddable":true,"href":"https:\/\/pubweb.carnet.hr\/kdvz\/wp-json\/wp\/v2\/comments?post=97"}],"version-history":[{"count":0,"href":"https:\/\/pubweb.carnet.hr\/kdvz\/wp-json\/wp\/v2\/pages\/97\/revisions"}],"up":[{"embeddable":true,"href":"https:\/\/pubweb.carnet.hr\/kdvz\/wp-json\/wp\/v2\/pages\/132"}],"wp:attachment":[{"href":"https:\/\/pubweb.carnet.hr\/kdvz\/wp-json\/wp\/v2\/media?parent=97"}],"curies":[{"name":"wp","href":"https:\/\/api.w.org\/{rel}","templated":true}]}}