{"id":820,"date":"2018-04-05T12:00:06","date_gmt":"2018-04-05T12:00:06","guid":{"rendered":"http:\/\/pubweb.carnet.hr\/kdvz\/?page_id=820"},"modified":"2026-01-07T12:21:50","modified_gmt":"2026-01-07T12:21:50","slug":"napredovanja-u-struci","status":"publish","type":"page","link":"https:\/\/pubweb.carnet.hr\/kdvz\/napredovanja-u-struci\/","title":{"rendered":"Napredovanja u struci"},"content":{"rendered":"<p><span style=\"color: #ffff00\"><strong>Stru\u010dni suradnici \u0161kolski knji\u017eni\u010dari koji su napredovali u zvanja mentora i savjetnika:<\/strong><\/span><\/p>\n<p style=\"margin: 0cm;margin-bottom: .0001pt\"><strong>Josip Rihtari\u0107,<\/strong> II. osnovna \u0161kola Vara\u017edin \u2013 <strong>izvrsni savjetnik (2022)<\/strong><\/p>\n<p style=\"margin: 0cm;margin-bottom: .0001pt\"><strong>Dra\u017eenka Stan\u010di\u0107<\/strong>, O\u0160 Ivana Kukuljevi\u0107a Sakcinskog, Ivanec &#8211;\u00a0<strong>izvrsni savjetnik (2021.)<\/strong><\/p>\n<p style=\"margin: 0cm;margin-bottom: .0001pt\"><strong>Jasminka Horvati\u0107 Bedenik<\/strong>, Prva gimnazija Vara\u017edin \u2013 <strong>savjetnik (2019)<\/strong><\/p>\n<p style=\"margin: 0cm;margin-bottom: .0001pt\"><strong>Nikolina Hader, <\/strong>Osnovna \u0161kola Martijanec<strong> \u2013 mentor (2021)<\/strong><\/p>\n<p style=\"margin: 0cm;margin-bottom: .0001pt\"><strong>Barbara Dukari\u0107<\/strong>, Gospodarska \u0161kola Vara\u017edin &#8211; <strong>savjetnik (2023.)<\/strong><\/p>\n<p style=\"margin: 0cm;margin-bottom: .0001pt\"><strong>Snje\u017eana Sedlar, <\/strong>Osnovna \u0161kola Podrute \u2013 <strong>mentor (2023.)<\/strong><\/p>\n<p style=\"margin: 0cm;margin-bottom: .0001pt\"><strong>Marina Mavrek, <\/strong>4. osnovna \u0161kola Vara\u017edin \u2013 <strong>mentor (2023.)<\/strong><\/p>\n<p><span style=\"color: #ffff00\"><strong>Vi\u0161a stru\u010dna zvanja u knji\u017eni\u010darskoj struci na prijedlog Hrvatskoga knji\u017eni\u010dnog vije\u0107a dodjeljuje Ministarstvo kulture RH:<\/strong><\/span><\/p>\n<p><strong>Bernarda Kos<\/strong>, mag. inf., dipl. knji\u017e., Fakultet organizacije i informatike, Vara\u017edin \u2013 <strong>vi\u0161i knji\u017eni\u010dar<\/strong> <strong>(2016.)<\/strong><\/p>\n<p><strong>Ljiljana Hajdin<\/strong>, mag. bibl., Fakultet organizacije i informatike, Vara\u017edin &#8211;<strong> vi\u0161i knji\u017eni\u010dar (2023.)<\/strong><\/p>\n<p><strong>Andreja Toljan<\/strong>, Gradska knji\u017enica i \u010ditaonica \u201eMetel O\u017eegovi\u0107\u201c Vara\u017edin \u2013 <strong>vi\u0161i knji\u017eni\u010dar (2025.)<\/strong><\/p>\n<p><strong>Jasna \u0160ipek<\/strong>, Sveu\u010dili\u0161te Sjever &#8211; <strong>vi\u0161i knji\u017eni\u010darski tehni\u010dar (2022.)<\/strong><\/p>\n<p>&nbsp;<\/p>\n","protected":false},"excerpt":{"rendered":"<p>Stru\u010dni suradnici \u0161kolski knji\u017eni\u010dari koji su napredovali u zvanja mentora i savjetnika: Josip Rihtari\u0107, II. osnovna \u0161kola Vara\u017edin \u2013 izvrsni savjetnik (2022) Dra\u017eenka Stan\u010di\u0107, O\u0160 Ivana Kukuljevi\u0107a Sakcinskog, Ivanec &#8211;\u00a0izvrsni savjetnik (2021.) Jasminka Horvati\u0107 Bedenik, Prva gimnazija Vara\u017edin \u2013 savjetnik (2019) Nikolina Hader, Osnovna \u0161kola Martijanec \u2013 mentor (2021) Barbara Dukari\u0107, Gospodarska \u0161kola Vara\u017edin &#8211;&#133;<\/p>\n","protected":false},"author":226,"featured_media":0,"parent":0,"menu_order":0,"comment_status":"closed","ping_status":"closed","template":"","meta":{"footnotes":""},"class_list":["post-820","page","type-page","status-publish","hentry"],"_links":{"self":[{"href":"https:\/\/pubweb.carnet.hr\/kdvz\/wp-json\/wp\/v2\/pages\/820","targetHints":{"allow":["GET"]}}],"collection":[{"href":"https:\/\/pubweb.carnet.hr\/kdvz\/wp-json\/wp\/v2\/pages"}],"about":[{"href":"https:\/\/pubweb.carnet.hr\/kdvz\/wp-json\/wp\/v2\/types\/page"}],"author":[{"embeddable":true,"href":"https:\/\/pubweb.carnet.hr\/kdvz\/wp-json\/wp\/v2\/users\/226"}],"replies":[{"embeddable":true,"href":"https:\/\/pubweb.carnet.hr\/kdvz\/wp-json\/wp\/v2\/comments?post=820"}],"version-history":[{"count":3,"href":"https:\/\/pubweb.carnet.hr\/kdvz\/wp-json\/wp\/v2\/pages\/820\/revisions"}],"predecessor-version":[{"id":1768,"href":"https:\/\/pubweb.carnet.hr\/kdvz\/wp-json\/wp\/v2\/pages\/820\/revisions\/1768"}],"wp:attachment":[{"href":"https:\/\/pubweb.carnet.hr\/kdvz\/wp-json\/wp\/v2\/media?parent=820"}],"curies":[{"name":"wp","href":"https:\/\/api.w.org\/{rel}","templated":true}]}}