{"id":82,"date":"2014-10-14T17:27:15","date_gmt":"2014-10-14T17:27:15","guid":{"rendered":"http:\/\/pubweb.carnet.hr\/kdvz\/?page_id=82"},"modified":"2018-04-05T13:18:54","modified_gmt":"2018-04-05T13:18:54","slug":"popis-knjiznica-2","status":"publish","type":"page","link":"https:\/\/pubweb.carnet.hr\/kdvz\/galerija\/popis-knjiznica-2\/","title":{"rendered":"Popis knji\u017enica"},"content":{"rendered":"<p><a title=\"Narodne knji\u017enice\" href=\"http:\/\/pubweb.carnet.hr\/kdvz\/popis-knjiznica-2\/narodne-knjiznice\/\">NARODNE KNJI\u017dNICE<\/a><\/p>\n<p><a title=\"\u0160kolske knji\u017enice\" href=\"http:\/\/pubweb.carnet.hr\/kdvz\/popis-knjiznica-2\/skolske-knjiznice\/\">\u0160KOLSKE KNJI\u017dNICE<\/a><\/p>\n<p><a title=\"Visoko\u0161kolske knji\u017enice\" href=\"http:\/\/pubweb.carnet.hr\/kdvz\/popis-knjiznica-2\/visokoskolske-knjiznice\/\">VISOKO\u0160KOLSKE KNJI\u017dNICE<\/a><\/p>\n<p><a title=\"Specijalne knji\u017enice\" href=\"http:\/\/pubweb.carnet.hr\/kdvz\/popis-knjiznica-2\/specijalne-knjiznice\/\">SPECIJALNE KNJI\u017dNICE<\/a><\/p>\n","protected":false},"excerpt":{"rendered":"<p>NARODNE KNJI\u017dNICE \u0160KOLSKE KNJI\u017dNICE VISOKO\u0160KOLSKE KNJI\u017dNICE SPECIJALNE KNJI\u017dNICE<\/p>\n","protected":false},"author":226,"featured_media":0,"parent":132,"menu_order":2,"comment_status":"closed","ping_status":"closed","template":"","meta":{"footnotes":""},"class_list":["post-82","page","type-page","status-publish","hentry"],"_links":{"self":[{"href":"https:\/\/pubweb.carnet.hr\/kdvz\/wp-json\/wp\/v2\/pages\/82","targetHints":{"allow":["GET"]}}],"collection":[{"href":"https:\/\/pubweb.carnet.hr\/kdvz\/wp-json\/wp\/v2\/pages"}],"about":[{"href":"https:\/\/pubweb.carnet.hr\/kdvz\/wp-json\/wp\/v2\/types\/page"}],"author":[{"embeddable":true,"href":"https:\/\/pubweb.carnet.hr\/kdvz\/wp-json\/wp\/v2\/users\/226"}],"replies":[{"embeddable":true,"href":"https:\/\/pubweb.carnet.hr\/kdvz\/wp-json\/wp\/v2\/comments?post=82"}],"version-history":[{"count":1,"href":"https:\/\/pubweb.carnet.hr\/kdvz\/wp-json\/wp\/v2\/pages\/82\/revisions"}],"predecessor-version":[{"id":838,"href":"https:\/\/pubweb.carnet.hr\/kdvz\/wp-json\/wp\/v2\/pages\/82\/revisions\/838"}],"up":[{"embeddable":true,"href":"https:\/\/pubweb.carnet.hr\/kdvz\/wp-json\/wp\/v2\/pages\/132"}],"wp:attachment":[{"href":"https:\/\/pubweb.carnet.hr\/kdvz\/wp-json\/wp\/v2\/media?parent=82"}],"curies":[{"name":"wp","href":"https:\/\/api.w.org\/{rel}","templated":true}]}}