{"id":472,"date":"2015-11-02T07:08:01","date_gmt":"2015-11-02T07:08:01","guid":{"rendered":"http:\/\/pubweb.carnet.hr\/kdvz\/?page_id=472"},"modified":"2023-01-09T13:54:40","modified_gmt":"2023-01-09T13:54:40","slug":"upisnica","status":"publish","type":"page","link":"https:\/\/pubweb.carnet.hr\/kdvz\/upisnica\/","title":{"rendered":"Upisnica"},"content":{"rendered":"<p>Godi\u0161nja \u010dlanarina iznosi 10 eura (75,34 kn), a upisnicu u \u010dlanstvo Knji\u017eni\u010darskog dru\u0161tva Vara\u017edinske \u017eupanije mo\u017eete preuzeti ovdje: <a href=\"http:\/\/pubweb.carnet.hr\/kdvz\/wp-content\/uploads\/sites\/214\/2022\/03\/Upisnica.doc\">Upisnica<\/a><\/p>\n<p>Podsje\u0107amo da \u010dlanovi Dru\u0161tva uplatom \u010dlanarine ostvaruju besplatan upis u narodnu knji\u017enicu na svojem podru\u010dju.<\/p>\n<p>Navedeni iznos mo\u017eete uplatiti na blagajni Dru\u0161tva\u00a0(Irena \u017dunec) ili uplatom na ra\u010dun (banka Raiffeisen):<\/p>\n<p><b>Broj ra\u010duna: 2484008-1107144052<\/b><b><br \/>\n<\/b><b><br \/>\n<\/b><b>IBAN: HR5624840081107144052<\/b><\/p>\n","protected":false},"excerpt":{"rendered":"<p>Godi\u0161nja \u010dlanarina iznosi 10 eura (75,34 kn), a upisnicu u \u010dlanstvo Knji\u017eni\u010darskog dru\u0161tva Vara\u017edinske \u017eupanije mo\u017eete preuzeti ovdje: Upisnica Podsje\u0107amo da \u010dlanovi Dru\u0161tva uplatom \u010dlanarine ostvaruju besplatan upis u narodnu knji\u017enicu na svojem podru\u010dju. Navedeni iznos mo\u017eete uplatiti na blagajni Dru\u0161tva\u00a0(Irena \u017dunec) ili uplatom na ra\u010dun (banka Raiffeisen): Broj ra\u010duna: 2484008-1107144052 IBAN: HR5624840081107144052<\/p>\n","protected":false},"author":226,"featured_media":0,"parent":0,"menu_order":0,"comment_status":"closed","ping_status":"closed","template":"","meta":{"footnotes":""},"class_list":["post-472","page","type-page","status-publish","hentry"],"_links":{"self":[{"href":"https:\/\/pubweb.carnet.hr\/kdvz\/wp-json\/wp\/v2\/pages\/472","targetHints":{"allow":["GET"]}}],"collection":[{"href":"https:\/\/pubweb.carnet.hr\/kdvz\/wp-json\/wp\/v2\/pages"}],"about":[{"href":"https:\/\/pubweb.carnet.hr\/kdvz\/wp-json\/wp\/v2\/types\/page"}],"author":[{"embeddable":true,"href":"https:\/\/pubweb.carnet.hr\/kdvz\/wp-json\/wp\/v2\/users\/226"}],"replies":[{"embeddable":true,"href":"https:\/\/pubweb.carnet.hr\/kdvz\/wp-json\/wp\/v2\/comments?post=472"}],"version-history":[{"count":3,"href":"https:\/\/pubweb.carnet.hr\/kdvz\/wp-json\/wp\/v2\/pages\/472\/revisions"}],"predecessor-version":[{"id":1491,"href":"https:\/\/pubweb.carnet.hr\/kdvz\/wp-json\/wp\/v2\/pages\/472\/revisions\/1491"}],"wp:attachment":[{"href":"https:\/\/pubweb.carnet.hr\/kdvz\/wp-json\/wp\/v2\/media?parent=472"}],"curies":[{"name":"wp","href":"https:\/\/api.w.org\/{rel}","templated":true}]}}