{"id":348,"date":"2014-11-18T09:41:37","date_gmt":"2014-11-18T09:41:37","guid":{"rendered":"http:\/\/pubweb.carnet.hr\/kdvz\/?page_id=348"},"modified":"2018-06-29T08:40:35","modified_gmt":"2018-06-29T08:40:35","slug":"maticna-djelatnost","status":"publish","type":"page","link":"https:\/\/pubweb.carnet.hr\/kdvz\/galerija\/maticna-djelatnost\/","title":{"rendered":"Mati\u010dna djelatnost"},"content":{"rendered":"<p><strong><em>Mati\u010dna djelatnost za narodne i \u0161kolske knji\u017enice<\/em><\/strong><\/p>\n<p>Gradska knji\u017enica i \u010ditaonica &#8216;Metel O\u017eegovi\u0107&#8217; obavlja mati\u010dnu djelatnost za narodne i \u0161kolske knji\u017enice u <a href=\"http:\/\/knjiznica-vz.hr\/index.php?option=com_content&amp;task=view&amp;id=112&amp;Itemid=162\">Vara\u017edinskoj \u017eupaniji<\/a>, sukladno va\u017ee\u0107im <a href=\"http:\/\/knjiznica-vz.hr\/index.php?option=com_content&amp;task=view&amp;id=200\">propisima<\/a> &#8211; Zakonu o knji\u017enicama (Narodne novine br. 105\/1997, 8\/1998, 104\/2000) i Pravilniku o mati\u010dnoj djelatnosti knji\u017enica u Republici Hrvatskoj (Narodne novine br. 43\/ 2001).<\/p>\n<p>Voditeljica mati\u010dne slu\u017ebe: Andreja Toljan<br \/>\ntel.: 042\/212 767<br \/>\ne-mail: <a href=\"mailto:andreja-4@net.hr\">andreja-4@net.hr<\/a><\/p>\n<p><strong><em>Mati\u010dna djelatnost za visoko\u0161kolske i specijalne knji\u017enice<\/em><\/strong><\/p>\n<p>Nacionalna i sveu\u010dili\u0161na knji\u017enica u Zagrebu mati\u010dna je knji\u017enica za sveu\u010dili\u0161ne, visoko\u0161kole i specijalne knji\u017enice u Republici Hrvatskoj.<br \/>\nVoditeljica mati\u010dne slu\u017ebe: Dr. sc. Aleksandra Piki\u0107, knj\u017eni\u010darska savjetnica<br \/>\ntel.: ++385 1 616 4358<br \/>\ne-mail: <a href=\"mailto:apikic@nsk.hr\">apikic@nsk.hr<\/a><\/p>\n<p><em><strong>Mati\u010dna djelatnost za ba\u0161tinske zbirke\/knji\u017enice<\/strong><br \/>\n<\/em><\/p>\n<p>Nacionalna i sveu\u010dili\u0161na knji\u017enica u Zagrebu mati\u010dna je knji\u017enica za ba\u0161tinske zbirke\/knji\u017enice u Republici Hrvatskoj.<br \/>\nVoditeljica mati\u010dne slu\u017ebe: Dr. sc. Tinka Kati\u0107, knj\u017eni\u010darska savjetnica<br \/>\ntel.: 01\/ 616 4130<br \/>\ne-mail: <a href=\"mailto:tkatic@nsk.hr\">tkatic@nsk.hr<\/a><\/p>\n","protected":false},"excerpt":{"rendered":"<p>Mati\u010dna djelatnost za narodne i \u0161kolske knji\u017enice Gradska knji\u017enica i \u010ditaonica &#8216;Metel O\u017eegovi\u0107&#8217; obavlja mati\u010dnu djelatnost za narodne i \u0161kolske knji\u017enice u Vara\u017edinskoj \u017eupaniji, sukladno va\u017ee\u0107im propisima &#8211; Zakonu o knji\u017enicama (Narodne novine br. 105\/1997, 8\/1998, 104\/2000) i Pravilniku o mati\u010dnoj djelatnosti knji\u017enica u Republici Hrvatskoj (Narodne novine br. 43\/ 2001). Voditeljica mati\u010dne slu\u017ebe: Andreja&#133;<\/p>\n","protected":false},"author":226,"featured_media":0,"parent":132,"menu_order":0,"comment_status":"closed","ping_status":"closed","template":"","meta":{"footnotes":""},"class_list":["post-348","page","type-page","status-publish","hentry"],"_links":{"self":[{"href":"https:\/\/pubweb.carnet.hr\/kdvz\/wp-json\/wp\/v2\/pages\/348","targetHints":{"allow":["GET"]}}],"collection":[{"href":"https:\/\/pubweb.carnet.hr\/kdvz\/wp-json\/wp\/v2\/pages"}],"about":[{"href":"https:\/\/pubweb.carnet.hr\/kdvz\/wp-json\/wp\/v2\/types\/page"}],"author":[{"embeddable":true,"href":"https:\/\/pubweb.carnet.hr\/kdvz\/wp-json\/wp\/v2\/users\/226"}],"replies":[{"embeddable":true,"href":"https:\/\/pubweb.carnet.hr\/kdvz\/wp-json\/wp\/v2\/comments?post=348"}],"version-history":[{"count":3,"href":"https:\/\/pubweb.carnet.hr\/kdvz\/wp-json\/wp\/v2\/pages\/348\/revisions"}],"predecessor-version":[{"id":902,"href":"https:\/\/pubweb.carnet.hr\/kdvz\/wp-json\/wp\/v2\/pages\/348\/revisions\/902"}],"up":[{"embeddable":true,"href":"https:\/\/pubweb.carnet.hr\/kdvz\/wp-json\/wp\/v2\/pages\/132"}],"wp:attachment":[{"href":"https:\/\/pubweb.carnet.hr\/kdvz\/wp-json\/wp\/v2\/media?parent=348"}],"curies":[{"name":"wp","href":"https:\/\/api.w.org\/{rel}","templated":true}]}}