{"id":31,"date":"2014-10-13T14:17:52","date_gmt":"2014-10-13T14:17:52","guid":{"rendered":"http:\/\/pubweb.carnet.hr\/kdvz\/?page_id=31"},"modified":"2026-03-09T08:26:01","modified_gmt":"2026-03-09T08:26:01","slug":"statut","status":"publish","type":"page","link":"https:\/\/pubweb.carnet.hr\/kdvz\/o-nama\/statut\/","title":{"rendered":"Dokumenti"},"content":{"rendered":"<p><a href=\"http:\/\/pubweb.carnet.hr\/kdvz\/wp-content\/uploads\/sites\/214\/2022\/03\/Statut-2022.docx\">STATUT KDVZ<\/a><\/p>\n<p><a title=\"Eti\u010dki kodeks\" href=\"http:\/\/pubweb.carnet.hr\/kdvz\/eticki-kodeks\/\">ETI\u010cKI KODEKS<\/a><\/p>\n<p><a href=\"http:\/\/pubweb.carnet.hr\/kdvz\/wp-content\/uploads\/sites\/214\/2026\/03\/Financijski-izvjestaj-KDVZ-2023.doc\">Financijski izvje\u0161taj 2023<\/a><\/p>\n<p><a href=\"http:\/\/pubweb.carnet.hr\/kdvz\/wp-content\/uploads\/sites\/214\/2026\/03\/Financijski-izvjestaj-KDVZ-2024.doc\">Financijski izvje\u0161taj 2024<\/a><\/p>\n<p><a href=\"http:\/\/pubweb.carnet.hr\/kdvz\/wp-content\/uploads\/sites\/214\/2026\/03\/Financijski-izvjestaj-KDVZ-2025.doc\">Financijski izvje\u0161taj 2025<\/a><\/p>\n<p><a href=\"http:\/\/pubweb.carnet.hr\/kdvz\/wp-content\/uploads\/sites\/214\/2026\/03\/Plan-rada-kdvz2025.docx\">Plan rada 2025<\/a><\/p>\n<p><a href=\"http:\/\/pubweb.carnet.hr\/kdvz\/wp-content\/uploads\/sites\/214\/2026\/03\/Plan-rada-kdvz2026.doc\">Plan rada 2026<\/a><\/p>\n<p><a href=\"http:\/\/pubweb.carnet.hr\/kdvz\/wp-content\/uploads\/sites\/214\/2019\/10\/pravilnik_vanda_milcetic_0001.pdf\">Pravilnik o dodjeljivanju nagrade &#8220;Vanda Mil\u010deti\u0107&#8221;<\/a><\/p>\n<p><a href=\"http:\/\/pubweb.carnet.hr\/kdvz\/wp-content\/uploads\/sites\/214\/2019\/10\/poslovnik_vanda_milcetic_0001.pdf\">Poslovnik Ocjenjiva\u010dko odbora za dodjelu nagrade &#8220;Vanda Mil\u010deti\u0107&#8221;<\/a><\/p>\n<p><a href=\"http:\/\/pubweb.carnet.hr\/kdvz\/wp-content\/uploads\/sites\/214\/2022\/03\/Upisnica.doc\">Upisnica<\/a><\/p>\n<p><a href=\"http:\/\/pubweb.carnet.hr\/kdvz\/wp-content\/uploads\/sites\/214\/2022\/03\/kdvz_suglasnost_za_obradu_osobnih_podataka.docx\">kdvz_suglasnost_za_obradu_osobnih_podataka<\/a><\/p>\n<p><a href=\"http:\/\/pubweb.carnet.hr\/kdvz\/wp-content\/uploads\/sites\/214\/2022\/03\/kdvz_obavijest_o_privatnosti.docx\">kdvz_obavijest_o_privatnosti<\/a><\/p>\n","protected":false},"excerpt":{"rendered":"<p>STATUT KDVZ ETI\u010cKI KODEKS Financijski izvje\u0161taj 2023 Financijski izvje\u0161taj 2024 Financijski izvje\u0161taj 2025 Plan rada 2025 Plan rada 2026 Pravilnik o dodjeljivanju nagrade &#8220;Vanda Mil\u010deti\u0107&#8221; Poslovnik Ocjenjiva\u010dko odbora za dodjelu nagrade &#8220;Vanda Mil\u010deti\u0107&#8221; Upisnica kdvz_suglasnost_za_obradu_osobnih_podataka kdvz_obavijest_o_privatnosti<\/p>\n","protected":false},"author":226,"featured_media":0,"parent":11,"menu_order":0,"comment_status":"closed","ping_status":"closed","template":"","meta":{"footnotes":""},"class_list":["post-31","page","type-page","status-publish","hentry"],"_links":{"self":[{"href":"https:\/\/pubweb.carnet.hr\/kdvz\/wp-json\/wp\/v2\/pages\/31","targetHints":{"allow":["GET"]}}],"collection":[{"href":"https:\/\/pubweb.carnet.hr\/kdvz\/wp-json\/wp\/v2\/pages"}],"about":[{"href":"https:\/\/pubweb.carnet.hr\/kdvz\/wp-json\/wp\/v2\/types\/page"}],"author":[{"embeddable":true,"href":"https:\/\/pubweb.carnet.hr\/kdvz\/wp-json\/wp\/v2\/users\/226"}],"replies":[{"embeddable":true,"href":"https:\/\/pubweb.carnet.hr\/kdvz\/wp-json\/wp\/v2\/comments?post=31"}],"version-history":[{"count":1,"href":"https:\/\/pubweb.carnet.hr\/kdvz\/wp-json\/wp\/v2\/pages\/31\/revisions"}],"predecessor-version":[{"id":1777,"href":"https:\/\/pubweb.carnet.hr\/kdvz\/wp-json\/wp\/v2\/pages\/31\/revisions\/1777"}],"up":[{"embeddable":true,"href":"https:\/\/pubweb.carnet.hr\/kdvz\/wp-json\/wp\/v2\/pages\/11"}],"wp:attachment":[{"href":"https:\/\/pubweb.carnet.hr\/kdvz\/wp-json\/wp\/v2\/media?parent=31"}],"curies":[{"name":"wp","href":"https:\/\/api.w.org\/{rel}","templated":true}]}}