{"id":29,"date":"2014-10-13T14:17:52","date_gmt":"2014-10-13T14:17:52","guid":{"rendered":"http:\/\/pubweb.carnet.hr\/kdvz\/?page_id=29"},"modified":"2025-04-01T11:29:42","modified_gmt":"2025-04-01T11:29:42","slug":"povijest","status":"publish","type":"page","link":"https:\/\/pubweb.carnet.hr\/kdvz\/o-nama\/povijest\/","title":{"rendered":"Povijest"},"content":{"rendered":"<p><strong>Povijest Knji\u017eni\u010darskog dru\u0161tva Vara\u017edinske \u017eupanije<\/strong><\/p>\n<p>Svjetsko udru\u017eenje knji\u017eni\u010dara IFLA (International Federation of Librarian Association) osnovano je 1934., Hrvatsko knji\u017eni\u010darsko dru\u0161tvo (danas HKD, a onda HBD)osnovano je 1940. godine, a prvi pisani dokumenti o djelovanju knji\u017eni\u010darskih djelatnika ovog podru\u010dja na razini stru\u010dne udruge se\u017eu unatrag do <strong>1949.<\/strong> godine. Naime, tada se u Vara\u017edinu, kao ve\u0107em knji\u017eni\u010darskom sredi\u0161tu, osnovalo <em><strong>Povjereni\u0161tvo<\/strong><\/em> koje je odr\u017eavalo intenzivne kontakte sa sredi\u0161njicom u Zagrebu. Aktivnosti su se provodile prema mogu\u0107nostima doti\u010du\u0107i sva stru\u010dna pitanja. Prva povjerenica, izabrana 1949. godine, bila je <strong>Vanda Mil\u010deti\u0107<\/strong>, ravnateljica Gradske knji\u017enice i \u010ditaonice &#8220;Sloboda&#8221; Vara\u017edin. (Kada je 1968. godine Hrvatsko bibliotekarsko dru\u0161tvo po prvi puta dodjeljivalo &#8220;Kukuljevi\u0107evu povelju&#8221;\u00a0 za osobite zasluge svojim \u010dlanovima, me\u0111u njima je bila i Vanda Mil\u010deti\u0107.)<\/p>\n<p>Godine <strong>1958.<\/strong> Vara\u017edinsko je Povjereni\u0161tvo sudjelovalo u organizaciji 9. redovne skup\u0161tine Dru\u0161tva bibliotekara Hrvatske, u okviru proslave 120. obljetnice Ilirske \u010ditaonice u Vara\u017edinu.<\/p>\n<p>Kona\u010dno, <strong>1977.<\/strong> godine stekli su se uvjeti za transformaciju vara\u017edinskog Povjereni\u0161tva u <em><strong>Dru\u0161tvo bibliotekara Zajednice op\u0107ina Vara\u017edin<\/strong><\/em>. Dru\u0161tvo je djelovalo na podru\u010dju op\u0107ina \u010cakovec, Ivanec, Ludbreg, Novi Marof i Vara\u017edin i okupljalo je dvadesetak \u010dlanova. Za predsjednicu je bila izabrana <strong>Bo\u017eica Kudumija<\/strong>. Na 21. redovnoj skup\u0161tini Hrvatskoga bibliotekarskog dru\u0161tva, odr\u017eanoj u Splitu u lipnju 1977. godine, Dru\u0161tvo bibliotekara Zajednice op\u0107ina Vara\u017edin primljeno je u Hrvatsko bibliotekarsko dru\u0161tvo.<\/p>\n<p>Godine <strong>1981.<\/strong> Dru\u0161tvo bibliotekara Zajednice op\u0107ina Vara\u017edin uspje\u0161no je organiziralo 23. skup\u0161tinu Hrvatskoga bibliotekarskog dru\u0161tva s temom &#8220;Bibliote\u010dni informacijski centri dru\u0161tveno politi\u010dke zajednice&#8221;. Broj \u010dlanova je bio oko 30.<!--more--><\/p>\n<p>Tijekom godina mijenjao se broj \u010dlanova (polako raste), nekoliko se puta mijenjalo ime samoga Dru\u0161tva (Dru\u0161tvo bibliotekara regije Vara\u017edin, 1990-1994.; Dru\u0161tvo bibliotekara Vara\u017edinske i Me\u0111imurske \u017eupanije 1994-1998.)<\/p>\n<p>Nakon \u0161to je <strong>1998.<\/strong> godine osnovano zasebno Knji\u017eni\u010darsko dru\u0161tvo Me\u0111imurske \u017eupanije, Dru\u0161tvo koje otada okuplja knji\u017eni\u010darske djelatnike samo s podru\u010dja vara\u017edinske \u017eupanije, nanovo se registrira pod slu\u017ebenim nazivom <strong>Knji\u017eni\u010darsko dru\u0161tvo Vara\u017edinske \u017eupanije<\/strong>, a na Osniva\u010dkoj skup\u0161tini odr\u017eanoj 12.01.1998. donesen je i novi statut uskla\u0111en sa Zakonom o udrugama (NN 70\/97). Za predsjednika Dru\u0161tva izabran je <strong>\u017deljan \u010ce\u010d<\/strong>.<\/p>\n<p>Od 1997. godine pregled svih knji\u017enica na podru\u010dju vara\u017edinske \u017eupanije dostupan je, u tiskanom obliku, u Vodi\u010du koji je izdala Gradska knji\u017enica i \u010ditaonica &#8220;Metel O\u017eegovi\u0107&#8221; Vara\u017edin. Od 2007. sli\u010dne informacije su dostupne i u elektronskom obliku (<em>vidi<\/em> Mati\u010dna djelatnost na stranicama <em>Gradske knji\u017enice i \u010ditaonice &#8220;Metel O\u017eegovi\u0107&#8221; Vara\u017edin<\/em> (voditelj Andreja Toljan), na adresi <a href=\"http:\/\/www.knjiznica-vz.hr\/\">www.knjiznica-vz.hr<\/a>).<\/p>\n<p>Dru\u0161tvo sudjeluje i u organizaciji raznih stru\u010dnih okupljanja. Jedno od va\u017enijih svakako je Me\u0111unarodno savjetovanje &#8220;Knji\u017enice europskih gradova u 21-om stolje\u0107u&#8221; odr\u017eano u Vara\u017edinu 1998. godine.<br \/>\nDanas Dru\u0161tvo ima 49 \u010dlanova, a okuplja knji\u017eni\u010dare iz narodnih, \u0161kolskih, visoko\u0161kolskih i specijalnih knji\u017enica s podru\u010dja \u017eupanije.<\/p>\n","protected":false},"excerpt":{"rendered":"<p>Povijest Knji\u017eni\u010darskog dru\u0161tva Vara\u017edinske \u017eupanije Svjetsko udru\u017eenje knji\u017eni\u010dara IFLA (International Federation of Librarian Association) osnovano je 1934., Hrvatsko knji\u017eni\u010darsko dru\u0161tvo (danas HKD, a onda HBD)osnovano je 1940. godine, a prvi pisani dokumenti o djelovanju knji\u017eni\u010darskih djelatnika ovog podru\u010dja na razini stru\u010dne udruge se\u017eu unatrag do 1949. godine. Naime, tada se u Vara\u017edinu, kao ve\u0107em knji\u017eni\u010darskom&#133;<\/p>\n","protected":false},"author":226,"featured_media":0,"parent":11,"menu_order":0,"comment_status":"closed","ping_status":"closed","template":"","meta":{"footnotes":""},"class_list":["post-29","page","type-page","status-publish","hentry"],"_links":{"self":[{"href":"https:\/\/pubweb.carnet.hr\/kdvz\/wp-json\/wp\/v2\/pages\/29","targetHints":{"allow":["GET"]}}],"collection":[{"href":"https:\/\/pubweb.carnet.hr\/kdvz\/wp-json\/wp\/v2\/pages"}],"about":[{"href":"https:\/\/pubweb.carnet.hr\/kdvz\/wp-json\/wp\/v2\/types\/page"}],"author":[{"embeddable":true,"href":"https:\/\/pubweb.carnet.hr\/kdvz\/wp-json\/wp\/v2\/users\/226"}],"replies":[{"embeddable":true,"href":"https:\/\/pubweb.carnet.hr\/kdvz\/wp-json\/wp\/v2\/comments?post=29"}],"version-history":[{"count":2,"href":"https:\/\/pubweb.carnet.hr\/kdvz\/wp-json\/wp\/v2\/pages\/29\/revisions"}],"predecessor-version":[{"id":1684,"href":"https:\/\/pubweb.carnet.hr\/kdvz\/wp-json\/wp\/v2\/pages\/29\/revisions\/1684"}],"up":[{"embeddable":true,"href":"https:\/\/pubweb.carnet.hr\/kdvz\/wp-json\/wp\/v2\/pages\/11"}],"wp:attachment":[{"href":"https:\/\/pubweb.carnet.hr\/kdvz\/wp-json\/wp\/v2\/media?parent=29"}],"curies":[{"name":"wp","href":"https:\/\/api.w.org\/{rel}","templated":true}]}}