{"id":277,"date":"2014-11-03T09:45:06","date_gmt":"2014-11-03T09:45:06","guid":{"rendered":"http:\/\/pubweb.carnet.hr\/kdvz\/?page_id=277"},"modified":"2023-09-02T07:24:07","modified_gmt":"2023-09-02T07:24:07","slug":"specijalne-knjiznice","status":"publish","type":"page","link":"https:\/\/pubweb.carnet.hr\/kdvz\/galerija\/popis-knjiznica-2\/specijalne-knjiznice\/","title":{"rendered":"Specijalne knji\u017enice"},"content":{"rendered":"<p><b>Specijalne knji\u017enice<\/b><\/p>\n<p>Op\u0107a bolnica Vara\u017edin- Knji\u017enica<br \/>\nIvana Me\u0161trovi\u0107a 1, 42000 Vara\u017edin<br \/>\nE-po\u0161ta: <a class=\"moz-txt-link-abbreviated\" href=\"mailto:biblioteka@obv.hr\">biblioteka@obv.hr<\/a> ; <a class=\"moz-txt-link-abbreviated\" href=\"mailto:msakac@obv.hr\">msakac@obv.hr<\/a><br \/>\nWeb:\u00a0 <a class=\"moz-txt-link-freetext\" href=\"http:\/\/www.obv.hr\/?task=group&amp;gid=21\">http:\/\/www.obv.hr\/?task=group&amp;gid=21<\/a><br \/>\nKnji\u017eni\u010darka: Marina Saka\u010d<\/p>\n<p>Biskupijska knji\u017enica Vara\u017edin<br \/>\nZagreba\u010dka 3, 42000 Vara\u017edin<br \/>\nE-po\u0161ta: <a title=\"http:\/\/library.foi.hr\/M3\/kupit.asp?B=573\" href=\"http:\/\/library.foi.hr\/M3\/kupit.asp?B=573\">knjiznica@biskupija-varazdinska.hr<\/a><br \/>\nWeb: <a title=\"http:\/\/library.foi.hr\/M3\/kupit.asp?B=573\" href=\"http:\/\/library.foi.hr\/M3\/kupit.asp?B=573\">http:\/\/library.foi.hr\/M3\/kupit.asp?B=573<\/a><br \/>\nKnji\u017eni\u010darke: Irena Gotal, Ivana An\u0111elkovi\u0107<\/p>\n<div dir=\"ltr\">Franjeva\u010dki samostan u Vara\u017edinu &#8211; Knji\u017enica<\/div>\n<div dir=\"ltr\">Franjeva\u010dki trg 8, 42000, Vara\u017edin<\/div>\n<p>Kapucinski samostan Vara\u017edin<br \/>\nKnji\u017enica Kapucinskog samostana<br \/>\nKapucinski trg 7, 42000 Vara\u017edin<br \/>\nE-po\u0161ta: <a title=\" mirko.kemives@vz.t-com.hr\" href=\"%20mirko.kemives@vz.t-com.hr\">mirko.kemives@vz.t-com.hr<\/a><br \/>\nOdgovorna osoba za rad u knji\u017enici: fra Mirko Kemive\u0161, \u017eupnik<\/p>\n<p>Ur\u0161ulinski samostan Vara\u017edin<br \/>\nKnji\u017enica Ur\u0161ulinskog samostana<br \/>\nUr\u0161ulinska 3, 42000 Vara\u017edin<br \/>\nE-po\u0161ta: <a title=\"magdalenasurjan@yahoo.hr\" href=\"mailto:magdalenasurjan@yahoo.hr\">magdalenasurjan@yahoo.fr<\/a><br \/>\nOdgovorna osoba za rad u knji\u017enici: sestra Mirjam Magdalena \u0160urjan<\/p>\n<div id=\"yui_3_16_0_1_1415345179364_16815\" dir=\"ltr\"><span id=\"yui_3_16_0_1_1415345179364_16940\">Dr\u017eavni arhiv u Vara\u017edinu &#8211; Knji\u017enica<\/span><\/div>\n<div id=\"yui_3_16_0_1_1415345179364_16815\" dir=\"ltr\"><span id=\"yui_3_16_0_1_1415345179364_17132\">Trstenjakova 7, 42 000 Vara\u017edin<\/span><\/div>\n<div id=\"yui_3_16_0_1_1415345179364_16815\" dir=\"ltr\"><span id=\"yui_3_16_0_1_1415345179364_16914\">E-po\u0161ta: <a title=\"citaonica@dav.hr\" href=\"mailto:citaonica@dav.hr\">citaonica@dav.hr<\/a>, <a title=\"knjiznica@dav.hr\" href=\"mailto:knjiznica@dav.hr\">knjiznica@dav.hr<\/a><\/span><\/div>\n<div id=\"yui_3_16_0_1_1415345179364_16815\" dir=\"ltr\">Odgovorna osoba za rad u knjiznici: Kruno Sudec, arhivist<\/div>\n<div dir=\"ltr\"><\/div>\n<p>&nbsp;<\/p>\n<div><\/div>\n<div dir=\"ltr\">\n<div dir=\"ltr\"><\/div>\n<\/div>\n<div dir=\"ltr\"><\/div>\n<div dir=\"ltr\"><\/div>\n","protected":false},"excerpt":{"rendered":"<p>Specijalne knji\u017enice Op\u0107a bolnica Vara\u017edin- Knji\u017enica Ivana Me\u0161trovi\u0107a 1, 42000 Vara\u017edin E-po\u0161ta: biblioteka@obv.hr ; msakac@obv.hr Web:\u00a0 http:\/\/www.obv.hr\/?task=group&amp;gid=21 Knji\u017eni\u010darka: Marina Saka\u010d Biskupijska knji\u017enica Vara\u017edin Zagreba\u010dka 3, 42000 Vara\u017edin E-po\u0161ta: knjiznica@biskupija-varazdinska.hr Web: http:\/\/library.foi.hr\/M3\/kupit.asp?B=573 Knji\u017eni\u010darke: Irena Gotal, Ivana An\u0111elkovi\u0107 Franjeva\u010dki samostan u Vara\u017edinu &#8211; Knji\u017enica Franjeva\u010dki trg 8, 42000, Vara\u017edin Kapucinski samostan Vara\u017edin Knji\u017enica Kapucinskog samostana Kapucinski trg&#133;<\/p>\n","protected":false},"author":226,"featured_media":0,"parent":82,"menu_order":0,"comment_status":"closed","ping_status":"closed","template":"","meta":{"footnotes":""},"class_list":["post-277","page","type-page","status-publish","hentry"],"_links":{"self":[{"href":"https:\/\/pubweb.carnet.hr\/kdvz\/wp-json\/wp\/v2\/pages\/277","targetHints":{"allow":["GET"]}}],"collection":[{"href":"https:\/\/pubweb.carnet.hr\/kdvz\/wp-json\/wp\/v2\/pages"}],"about":[{"href":"https:\/\/pubweb.carnet.hr\/kdvz\/wp-json\/wp\/v2\/types\/page"}],"author":[{"embeddable":true,"href":"https:\/\/pubweb.carnet.hr\/kdvz\/wp-json\/wp\/v2\/users\/226"}],"replies":[{"embeddable":true,"href":"https:\/\/pubweb.carnet.hr\/kdvz\/wp-json\/wp\/v2\/comments?post=277"}],"version-history":[{"count":2,"href":"https:\/\/pubweb.carnet.hr\/kdvz\/wp-json\/wp\/v2\/pages\/277\/revisions"}],"predecessor-version":[{"id":1530,"href":"https:\/\/pubweb.carnet.hr\/kdvz\/wp-json\/wp\/v2\/pages\/277\/revisions\/1530"}],"up":[{"embeddable":true,"href":"https:\/\/pubweb.carnet.hr\/kdvz\/wp-json\/wp\/v2\/pages\/82"}],"wp:attachment":[{"href":"https:\/\/pubweb.carnet.hr\/kdvz\/wp-json\/wp\/v2\/media?parent=277"}],"curies":[{"name":"wp","href":"https:\/\/api.w.org\/{rel}","templated":true}]}}