{"id":267,"date":"2014-11-03T09:34:57","date_gmt":"2014-11-03T09:34:57","guid":{"rendered":"http:\/\/pubweb.carnet.hr\/kdvz\/?page_id=267"},"modified":"2023-09-02T07:31:30","modified_gmt":"2023-09-02T07:31:30","slug":"visokoskolske-knjiznice","status":"publish","type":"page","link":"https:\/\/pubweb.carnet.hr\/kdvz\/galerija\/popis-knjiznica-2\/visokoskolske-knjiznice\/","title":{"rendered":"Visoko\u0161kolske knji\u017enice"},"content":{"rendered":"<p><strong>Visoko\u0161kolske knji\u017enice<\/strong><\/p>\n<p>Sveu\u010dili\u0161te u Zagrebu<br \/>\nFakultet organizacije i informatike<br \/>\n42000 Vara\u017edin, Pavlinska 2<br \/>\nKnji\u017eni\u010dari: Bernarda Kos, Ljiljana Hajdin, Ladislav Cvetko<br \/>\nE-po\u0161ta: <a title=\"knji\u017enica@foi.hr\" href=\"knji\u017enica@foi.hr\">knji\u017enica@foi.hr<\/a><br \/>\nWeb: <a title=\"http:\/\/www.foi.unizg.hr\/knjiznica\" href=\"http:\/\/www.foi.unizg.hr\/knjiznica\">http:\/\/www.foi.unizg.hr\/knjiznica<\/a><\/p>\n<p>Sveu\u010dili\u0161te u Zagrebu<br \/>\nGeotehni\u010dki fakultet<br \/>\n42000 Vara\u017edin, Hallerova aleja 7<br \/>\nKnji\u017eni\u010darka: Ivan\u010dica Rosner<br \/>\nE-po\u0161ta: <a title=\"knjiznica@gfv.hr\" href=\"mailto:knjiznica@gfv.hr\">knjiznica@gfv.hr<\/a><br \/>\nWeb: <a title=\"http:\/\/www.gfv.unizg.hr\/hr\/knjiznica.html\" href=\"http:\/\/www.gfv.unizg.hr\/hr\/knjiznica.html\">http:\/\/www.gfv.unizg.hr\/hr\/knjiznica.html<\/a><\/p>\n<p>Sveu\u010dili\u0161te Sjever &#8211; Sveu\u010dili\u0161ni centar Vara\u017edin<br \/>\n42000 Vara\u017edin,\u00a0 104. brigade 1<br \/>\nE-po\u0161ta: <a title=\"knjiznica.vz@unin.hr\" href=\"mailto:knjiznica.vz@unin.hr\">knjiznica.vz@unin.hr<\/a><br \/>\nKnji\u017eni\u010dar:\u00a0 Jasna \u0160ipek<br \/>\nWeb: <a title=\"http:\/\/www.unin.hr\/sveucilisna-knjiznica\/kontakt-i-radno-vrijeme\/\" href=\"http:\/\/www.unin.hr\/sveucilisna-knjiznica\/kontakt-i-radno-vrijeme\/\">http:\/\/www.unin.hr\/sveucilisna-knjiznica\/kontakt-i-radno-vrijeme\/<\/a><\/p>\n","protected":false},"excerpt":{"rendered":"<p>Visoko\u0161kolske knji\u017enice Sveu\u010dili\u0161te u Zagrebu Fakultet organizacije i informatike 42000 Vara\u017edin, Pavlinska 2 Knji\u017eni\u010dari: Bernarda Kos, Ljiljana Hajdin, Ladislav Cvetko E-po\u0161ta: knji\u017enica@foi.hr Web: http:\/\/www.foi.unizg.hr\/knjiznica Sveu\u010dili\u0161te u Zagrebu Geotehni\u010dki fakultet 42000 Vara\u017edin, Hallerova aleja 7 Knji\u017eni\u010darka: Ivan\u010dica Rosner E-po\u0161ta: knjiznica@gfv.hr Web: http:\/\/www.gfv.unizg.hr\/hr\/knjiznica.html Sveu\u010dili\u0161te Sjever &#8211; Sveu\u010dili\u0161ni centar Vara\u017edin 42000 Vara\u017edin,\u00a0 104. brigade 1 E-po\u0161ta: knjiznica.vz@unin.hr Knji\u017eni\u010dar:\u00a0&#133;<\/p>\n","protected":false},"author":226,"featured_media":0,"parent":82,"menu_order":0,"comment_status":"closed","ping_status":"closed","template":"","meta":{"footnotes":""},"class_list":["post-267","page","type-page","status-publish","hentry"],"_links":{"self":[{"href":"https:\/\/pubweb.carnet.hr\/kdvz\/wp-json\/wp\/v2\/pages\/267","targetHints":{"allow":["GET"]}}],"collection":[{"href":"https:\/\/pubweb.carnet.hr\/kdvz\/wp-json\/wp\/v2\/pages"}],"about":[{"href":"https:\/\/pubweb.carnet.hr\/kdvz\/wp-json\/wp\/v2\/types\/page"}],"author":[{"embeddable":true,"href":"https:\/\/pubweb.carnet.hr\/kdvz\/wp-json\/wp\/v2\/users\/226"}],"replies":[{"embeddable":true,"href":"https:\/\/pubweb.carnet.hr\/kdvz\/wp-json\/wp\/v2\/comments?post=267"}],"version-history":[{"count":2,"href":"https:\/\/pubweb.carnet.hr\/kdvz\/wp-json\/wp\/v2\/pages\/267\/revisions"}],"predecessor-version":[{"id":1531,"href":"https:\/\/pubweb.carnet.hr\/kdvz\/wp-json\/wp\/v2\/pages\/267\/revisions\/1531"}],"up":[{"embeddable":true,"href":"https:\/\/pubweb.carnet.hr\/kdvz\/wp-json\/wp\/v2\/pages\/82"}],"wp:attachment":[{"href":"https:\/\/pubweb.carnet.hr\/kdvz\/wp-json\/wp\/v2\/media?parent=267"}],"curies":[{"name":"wp","href":"https:\/\/api.w.org\/{rel}","templated":true}]}}