{"id":264,"date":"2014-11-03T09:33:40","date_gmt":"2014-11-03T09:33:40","guid":{"rendered":"http:\/\/pubweb.carnet.hr\/kdvz\/?page_id=264"},"modified":"2026-01-07T12:25:18","modified_gmt":"2026-01-07T12:25:18","slug":"skolske-knjiznice","status":"publish","type":"page","link":"https:\/\/pubweb.carnet.hr\/kdvz\/galerija\/popis-knjiznica-2\/skolske-knjiznice\/","title":{"rendered":"\u0160kolske knji\u017enice"},"content":{"rendered":"<p><strong>\u0160kolske knji\u017enice<\/strong><\/p>\n<p>1. <strong>Osnovno\u0161kolske knji\u017enice<\/strong><\/p>\n<p>Osnovna \u0161kola Franje Serta Bednja<br \/>\nUlica Ljudevita Gaja 15, 42253 Bednja<br \/>\nKnji\u017eni\u010dar: Berislav Njegovec<br \/>\nWeb: <a title=\"http:\/\/os-fserta-bednja.skole.hr\/skola\/knjiznica\" href=\"http:\/\/os-fserta-bednja.skole.hr\/skola\/knjiznica\">http:\/\/os-fserta-bednja.skole.hr\/skola\/knjiznica<\/a><br \/>\nPodru\u010dna \u0161kola Josipa Jedvaja Vrbno<\/p>\n<p>Osnovna \u0161kola Beletinec<br \/>\nUlica Stjepana Radi\u0107a 4, Beletinec, 42214 Sv. Ilija<br \/>\nKnji\u017eni\u010dar: Ivan Vincek<br \/>\nWeb: <a title=\"http:\/\/os-beletinec.skole.hr\/skola\/knjiznica\" href=\"http:\/\/os-beletinec.skole.hr\/skola\/knjiznica\">http:\/\/os-beletinec.skole.hr\/skola\/knjiznica<\/a><\/p>\n<p>Osnovna \u0161kola Bisag<br \/>\nBisag 24\/1, 42226 Bisag<br \/>\nKnji\u017eni\u010darka: Ivan Vincek<br \/>\nWeb: <a title=\"http:\/\/os-bisag.skole.hr\/skola\/knjiznica\" href=\"http:\/\/os-bisag.skole.hr\/skola\/knjiznica\">http:\/\/os-bisag.skole.hr\/skola\/knjiznica<\/a><\/p>\n<p>Osnovna \u0161kola Brezni\u010dki Hum<br \/>\nBrezni\u010dki Hum 14, 42225 Brezni\u010dki Hum<br \/>\nKnji\u017eni\u010darka: Ivana Nogi\u0107<br \/>\nWeb: <a title=\"http:\/\/os-breznicki-hum.skole.hr\/skola\/knjiznica\" href=\"http:\/\/os-breznicki-hum.skole.hr\/skola\/knjiznica\">http:\/\/os-breznicki-hum.skole.hr\/skola\/knjiznica<\/a><\/p>\n<p>Osnovna \u0161kola Cestica<br \/>\nDravska 2, 42208 Cestica<br \/>\nKnji\u017eni\u010darka: Tatjana Skupnjak &#8211; \u017dagi<br \/>\nWeb: <a title=\"http:\/\/os-cestica.skole.hr\/skola\/knjiznica\" href=\"http:\/\/os-cestica.skole.hr\/skola\/knjiznica\">http:\/\/os-cestica.skole.hr\/skola\/knjiznica<\/a><br \/>\nPodru\u010dna \u0161kola Lovre\u010dan (Veliki Lovre\u010dan)<\/p>\n<p>Osnovna \u0161kola Andrije Ka\u010di\u0107a Mio\u0161i\u0107a Donja Vo\u0107a<br \/>\nDonja Vo\u0107a 19 d, 42245 Donja Vo\u0107a<br \/>\nKnji\u017eni\u010darka: Biljana Juri\u0107<br \/>\nWeb: <a title=\"http:\/\/os-akmiosica-donja-voca.skole.hr\/skola\/knjiznica\" href=\"http:\/\/os-akmiosica-donja-voca.skole.hr\/skola\/knjiznica\">http:\/\/os-akmiosica-donja-voca.skole.hr\/skola\/knjiznica<\/a><br \/>\nP\u0160 Antuna Gustava Mato\u0161a Gornja Vo\u0107a<\/p>\n<p>Osnovna \u0161kola Ivana Kukuljevi\u0107a Sakcinskog Ivanec<br \/>\nUlica akademika Ladislava \u0160abana 17, 42240 Ivanec<br \/>\nKnji\u017eni\u010darke: Dra\u017eenka Stan\u010di\u0107 i Danijela Pe\u010dek<br \/>\n\u010clanica HKD-a: Dra\u017eenka Stan\u010di\u0107<br \/>\nWeb: <a title=\"http:\/\/os-iksakcinskog-ivanec.skole.hr\/skola\/knjiznica\" href=\"http:\/\/os-iksakcinskog-ivanec.skole.hr\/skola\/knjiznica\">http:\/\/os-iksakcinskog-ivanec.skole.hr\/skola\/knjiznica<\/a><br \/>\nPodru\u010dna \u0161kola \u201eTin Ujevi\u0107\u201c Salinovec<\/p>\n<p>Osnovna \u0161kola \u201ePetar Zrinski\u201c Jal\u017eabet<br \/>\nVara\u017edinska 19 a, 42203 Jal\u017eabet<br \/>\nKnji\u017eni\u010darka: Ivan\u010dica Magi\u0107<br \/>\nWeb: <a title=\"http:\/\/os-pzrinski-jalzabet.skole.hr\/skola\/knjiznica\" href=\"http:\/\/os-pzrinski-jalzabet.skole.hr\/skola\/knjiznica\">http:\/\/os-pzrinski-jalzabet.skole.hr\/skola\/knjiznica<\/a><\/p>\n<p>Osnovna \u0161kola Ivana Rangera Kamenica<br \/>\nKamenica bb, 42250 Lepoglava<br \/>\nKnji\u017eni\u010darka: Emina Husnjak<\/p>\n<p>Osnovna \u0161kola grofa Janka Dra\u0161kovi\u0107a Klenovnik<br \/>\nKlenovnik 21, 42244 Klenovnik<br \/>\nKnji\u017eni\u010darka: Maja Bregovi\u0107<br \/>\nWeb: h<a title=\"ttp:\/\/os-grofa-jdraskovica-klenovnik.skole.hr\/skola\/knjiznica\" href=\"\/\/os-grofa-jdraskovica-klenovnik.skole.hr\/skola\/knjiznica\">ttp:\/\/os-grofa-jdraskovica-klenovnik.skole.hr\/skola\/knjiznica<\/a><\/p>\n<p>Osnovna \u0161kola Kneginec Gornji<br \/>\nTopli\u010dka 3b, Gornji Kneginec, 42204 Tur\u010din<br \/>\nKnji\u017eni\u010darka: Sanja Te\u017eak<br \/>\nWeb: <a title=\"http:\/\/os-gornji-kneginec.skole.hr\/skola\/knjiznica\" href=\"http:\/\/os-gornji-kneginec.skole.hr\/skola\/knjiznica\">http:\/\/os-gornji-kneginec.skole.hr\/skola\/knjiznica<\/a><\/p>\n<p>Osnovna \u0161kola Ante Star\u010devi\u0107a Lepoglava<br \/>\nHrvatskih pavlina 42, 42250 Lepoglava<br \/>\nKnji\u017eni\u010darka: Branka Ku\u0107a<br \/>\nWeb: <a title=\"http:\/\/os-astarcevica-lepoglava.skole.hr\/skola\/knjiznica\" href=\"http:\/\/os-astarcevica-lepoglava.skole.hr\/skola\/knjiznica\">http:\/\/os-astarcevica-lepoglava.skole.hr\/skola\/knjiznica<\/a><\/p>\n<p>Osnovna \u0161kola Ludbreg<br \/>\nKa\u010di\u0107eva 17, 42230 Ludbreg<br \/>\nKnji\u017eni\u010dar: Kami Othman<br \/>\nWeb: <a title=\"http:\/\/os-ludbreg.skole.hr\/skola\/knjiznica\" href=\"http:\/\/os-ludbreg.skole.hr\/skola\/knjiznica\">http:\/\/os-ludbreg.skole.hr\/skola\/knjiznica<\/a><\/p>\n<p>Osnovna \u0161kola Ljube\u0161\u010dica<br \/>\nZagreba\u010dka 22, 42222 Ljube\u0161\u010dica<br \/>\nKnji\u017eni\u010darka: Ivana Nogi\u0107<br \/>\nWeb: <a title=\"http:\/\/os-ljubescica.skole.hr\/skola\/knjiznica\" href=\"http:\/\/os-ljubescica.skole.hr\/skola\/knjiznica\">http:\/\/os-ljubescica.skole.hr\/skola\/knjiznica<\/a><\/p>\n<p>Osnovna \u0161kola Martijanec<br \/>\n\u0160kolska 3, 42232 Martijanec<br \/>\nKnji\u017eni\u010darka: Nikolina Hader<\/p>\n<p>Osnovna \u0161kola \u201eGustav Krklec\u201c Maru\u0161evec<br \/>\n\u010calinec 78, 42243 Maru\u0161evec<br \/>\nKnji\u017eni\u010dar: Dinko \u017dagi<br \/>\nWeb: <a title=\"http:\/\/os-gkrklec-calinec.skole.hr\/skola\/knjiznica\" href=\"http:\/\/os-gkrklec-calinec.skole.hr\/skola\/knjiznica\">http:\/\/os-gkrklec-calinec.skole.hr\/skola\/knjiznica<\/a><\/p>\n<p>Osnovna \u0161kola Novi Marof<br \/>\nZagorska 23, 42220 Novi Marof<br \/>\nKnji\u017eni\u010darke: Danijela Koren, Valentina \u0160afran<br \/>\nWeb: <a title=\"http:\/\/os-novi-marof.skole.hr\/skola\/knjiznica\" href=\"http:\/\/os-novi-marof.skole.hr\/skola\/knjiznica\">http:\/\/os-novi-marof.skole.hr\/skola\/knjiznica<\/a><\/p>\n<p>Osnovna \u0161kola Petrijanec<br \/>\nUlica Vladimira Nazora 42, 42206 Petrijanec,<br \/>\nKnji\u017eni\u010darka: Irina Kova\u010di\u0107<br \/>\nWeb: <a title=\"http:\/\/os-petrijanec.skole.hr\/ospetrijanec\/knjiznica\" href=\"http:\/\/os-petrijanec.skole.hr\/ospetrijanec\/knjiznica\">http:\/\/os-petrijanec.skole.hr\/ospetrijanec\/knjiznica<\/a><\/p>\n<p>Osnovna \u0161kola Podrute<br \/>\nDonje Makoi\u0161\u0107e 115, 42220 Novi Marof<br \/>\nKnji\u017eni\u010darka: Snje\u017eana Sedlar<br \/>\nWeb: <a title=\"http:\/\/os-podrute-donje-makoisce.skole.hr\/skola\/knjiznica\" href=\"http:\/\/os-podrute-donje-makoisce.skole.hr\/skola\/knjiznica\">http:\/\/os-podrute-donje-makoisce.skole.hr\/skola\/knjiznica<\/a><br \/>\nPodru\u010dna \u0161kola Zavr\u0161je<\/p>\n<p>Osnovna \u0161kola \u201eMetel O\u017eegovi\u0107\u201c Radovan<br \/>\nVara\u017edinska 14, 42242 Radovan<br \/>\nKnji\u017eni\u010dar: Vedran \u0160karica<br \/>\nWeb: <a title=\"http:\/\/os-metel-ozegovic-radovan.skole.hr\/skola\/knjiznica\" href=\"http:\/\/os-metel-ozegovic-radovan.skole.hr\/skola\/knjiznica\">http:\/\/os-metel-ozegovic-radovan.skole.hr\/skola\/knjiznica<\/a><\/p>\n<p>Osnovna \u0161kola Sra\u010dinec<br \/>\nVara\u017edinska 98, 42209 Sra\u010dinec<br \/>\nKnji\u017eni\u010darka: Grozdana Njegovec<br \/>\nWeb: <a title=\"http:\/\/os-sracinec.skole.hr\/skola\/knjiznica\" href=\"http:\/\/os-sracinec.skole.hr\/skola\/knjiznica\">http:\/\/os-sracinec.skole.hr\/skola\/knjiznica<\/a><\/p>\n<p>Osnovna \u0161kola Sveti \u0110ur\u0111<br \/>\nCvjetna 4, 42233 Sveti \u0110ur\u0111<br \/>\nKnji\u017eni\u010darka: Ljiljana \u0160arec<br \/>\nWeb: <a title=\"http:\/\/os-sveti-djurdj.skole.hr\/skola\/knjiznica\/\" href=\"http:\/\/os-sveti-djurdj.skole.hr\/skola\/knjiznica\/\">http:\/\/os-sveti-djurdj.skole.hr\/skola\/knjiznica\/<\/a><\/p>\n<p>Osnovna \u0161kola \u201eVladimir Nazor\u201c Sveti Ilija<br \/>\n\u0160kolska 13, 42214 Sveti Ilija<br \/>\nKnji\u017eni\u010darka: Tatjana Slunjski<br \/>\nWeb: <a title=\"http:\/\/os-vnazor-svetiilija.skole.hr\/skola\/knjiznica\/\" href=\"http:\/\/os-vnazor-svetiilija.skole.hr\/skola\/knjiznica\/\">http:\/\/os-vnazor-svetiilija.skole.hr\/skola\/knjiznica\/<\/a><\/p>\n<p>Osnovna \u0161kola Svibovec<br \/>\nBra\u0107e Radi\u0107 4, Svibovec Topli\u010dki, 42223 Vara\u017edinske Toplice<br \/>\nKnji\u017eni\u010darka: Anita Bala\u017einec<br \/>\nWeb: <a title=\"http:\/\/os-svibovec.skole.hr\/skola\/knjiznica\" href=\"http:\/\/os-svibovec.skole.hr\/skola\/knjiznica\">http:\/\/os-svibovec.skole.hr\/skola\/knjiznica<\/a><\/p>\n<p>Osnovna \u0161kola \u0160emovec<br \/>\nPlitvi\u010dka 2, \u0160emovec, 42202 Trnovec Bartolove\u010dki<br \/>\nKnji\u017eni\u010dar: Silvije Premu\u0161<br \/>\nWeb: <a title=\"http:\/\/os-semovec.skole.hr\/skola\/knjiznica\" href=\"http:\/\/os-semovec.skole.hr\/skola\/knjiznica\">http:\/\/os-semovec.skole.hr\/skola\/knjiznica<\/a><\/p>\n<p>Osnovna \u0161kola Trnovec<br \/>\nBartolove\u010dka 55, 42202 Trnovec<br \/>\nKnji\u017eni\u010darka: Violeta Luka\u010d<br \/>\nWeb: <a title=\"http:\/\/os-trnovec-bartolovecki.skole.hr\/knji_nic\" href=\"http:\/\/os-trnovec-bartolovecki.skole.hr\/knji_nic\">http:\/\/os-trnovec-bartolovecki.skole.hr\/knji_nic<\/a><\/p>\n<p>Osnovna \u0161kola Tu\u017eno<br \/>\nVara\u017edinska 16, Tu\u017eno, 42242 Radovan<br \/>\nKnji\u017eni\u010dar: Martina Zel\u010di\u0107 Kos<br \/>\nPodru\u010dna \u0161kola \u010cre\u0161njevo<\/p>\n<p>I. osnovna \u0161kola Vara\u017edin<br \/>\nUlica kralja Petra Kre\u0161imira IV. 10, 42000 Vara\u017edin<br \/>\nKnji\u017eni\u010darka: Renata Volar<br \/>\n\u010clanica HKD-a: Renata Volar<br \/>\nWeb: <a title=\"http:\/\/os-prva-vz.skole.hr\/knjiznica\" href=\"http:\/\/os-prva-vz.skole.hr\/knjiznica\">http:\/\/os-prva-vz.skole.hr\/knjiznica<\/a><\/p>\n<p>II. osnovna \u0161kola Vara\u017edin<br \/>\nUlica Augusta Cesarca 10, 42000 Vara\u017edin<br \/>\nKnji\u017eni\u010dar: Josip Rihtari\u0107<br \/>\n\u010clan HKD-a: Josip Rihtari\u0107<br \/>\nWeb: <a title=\"http:\/\/os-druga-vz.skole.hr\/skola\/knjiznica\/\" href=\"http:\/\/os-druga-vz.skole.hr\/skola\/knjiznica\/\">http:\/\/os-druga-vz.skole.hr\/skola\/knjiznica\/<\/a><\/p>\n<p>III. osnovna \u0161kola Vara\u017edin<br \/>\nTrg Ivana Perkovca 35, 42000 Vara\u017edin<br \/>\nKnji\u017eni\u010dar: Berislav Njegovec<br \/>\nWeb: <a title=\"http:\/\/www.os-treca-vz.skole.hr\/skola\/knjiznica\" href=\"http:\/\/www.os-treca-vz.skole.hr\/skola\/knjiznica\">http:\/\/www.os-treca-vz.skole.hr\/skola\/knjiznica<\/a><\/p>\n<p>IV. osnovna \u0161kola Vara\u017edin<br \/>\nUlica Antuna Matije Reljkovi\u0107a 36, 42000 Vara\u017edin<br \/>\nKnji\u017eni\u010darka: Marina Mavrek<br \/>\nWeb: <a title=\"http:\/\/www.os-cetvrta-vz.skole.hr\/?page_id=183\" href=\"http:\/\/www.os-cetvrta-vz.skole.hr\/?page_id=183\">http:\/\/www.os-cetvrta-vz.skole.hr\/?page_id=183<\/a><\/p>\n<p>V. osnovna \u0161kola Vara\u017edin<br \/>\nUlica Frana Kurelca 11\/1, 42000 Vara\u017edin<br \/>\nKnji\u017eni\u010dar: Pjerino Hrva\u0107anin<br \/>\nWeb: <a title=\"http:\/\/os-peta-vz.skole.hr\/skola\/knjiznica\/\" href=\"http:\/\/os-peta-vz.skole.hr\/skola\/knjiznica\/\">http:\/\/os-peta-vz.skole.hr\/skola\/knjiznica\/<\/a><\/p>\n<p>VI. osnovna \u0161kola Vara\u017edin<br \/>\nUlica Dimitrija Demetra 13, 42000 Vara\u017edin<br \/>\nKnji\u017eni\u010dar: Nata\u0161a Naran\u010di\u0107<br \/>\nWeb: <a title=\"http:\/\/os-sesta-vz.skole.hr\/knjiznica\" href=\"http:\/\/os-sesta-vz.skole.hr\/knjiznica\">http:\/\/os-sesta-vz.skole.hr\/knjiznica<\/a><\/p>\n<p>VII. osnovna \u0161kola Vara\u017edin<br \/>\nVara\u017edinska 131, Ku\u010dan Donji, 42000 Vara\u017edin<br \/>\nKnji\u017eni\u010darka: Vlasta Pokos<br \/>\nWeb: <a title=\"http:\/\/os-sedma-vz.skole.hr\/skola\/knjiznica\" href=\"http:\/\/os-sedma-vz.skole.hr\/skola\/knjiznica\">http:\/\/os-sedma-vz.skole.hr\/skola\/knjiznica<\/a><\/p>\n<p>Centar za odgoj i obrazovanje &#8216;Tomislav \u0160poljar&#8217; Vara\u017edin<br \/>\nUlica Jurja Kri\u017eani\u0107a 33, 42000 Vara\u017edin<br \/>\nKnji\u017eni\u010darka: Miroslava Vrbani\u0107<br \/>\nWeb: <a title=\"http:\/\/centar-tomislavspoljar.hr\/?page_id=175\" href=\"http:\/\/centar-tomislavspoljar.hr\/?page_id=175\">http:\/\/centar-tomislavspoljar.hr\/?page_id=175<\/a><\/p>\n<p>Osnovna \u0161kola \u201eAntun i Ivan Kukuljevi\u0107\u201c Vara\u017edinske Toplice<br \/>\nUlica Martina Pu\u0161teka 1, 42223 Vara\u017edinske Toplice<br \/>\nKnji\u017eni\u010dar: Domagoj \u0160pani\u0107<br \/>\nWeb: <a title=\"http:\/\/os-aiikukuljevica-varazdinske-toplice.skole.hr\/skola\/knjiznica\" href=\"http:\/\/os-aiikukuljevica-varazdinske-toplice.skole.hr\/skola\/knjiznica\">http:\/\/os-aiikukuljevica-varazdinske-toplice.skole.hr\/skola\/knjiznica<\/a><\/p>\n<p>Osnovna \u0161kola Veliki Bukovec<br \/>\nDravska 42, Veliki Bukovec, 42231 Mali Bukovec<br \/>\nKnji\u017eni\u010darka Marinka Mlinari\u0107<\/p>\n<p>Osnovna \u0161kola Vidovec<br \/>\n\u0160kolska 4, 42205 Vidovec<br \/>\nKnji\u017eni\u010darka: Ivana Mrvelj<br \/>\nWeb: <a title=\"http:\/\/os-vidovec.skole.hr\/knjiznica\" href=\"http:\/\/os-vidovec.skole.hr\/knjiznica\">http:\/\/os-vidovec.skole.hr\/knjiznica<\/a><\/p>\n<p>Osnovna \u0161kola Vinica<br \/>\nVini\u010dka 10, Mar\u010dan, 42207 Vinica<br \/>\nKnji\u017eni\u010darka: Dragana Bel\u0161\u010dak<br \/>\nWeb: <a title=\"http:\/\/os-vinica.skole.hr\/skola\/knjiznica\" href=\"http:\/\/os-vinica.skole.hr\/skola\/knjiznica\">http:\/\/os-vinica.skole.hr\/skola\/knjiznica<\/a><\/p>\n<p>Osnovna \u0161kola Visoko<br \/>\nVisoko 20, 42224 Visoko<br \/>\nKnji\u017eni\u010darka:\u00a0 Valentina Putar<br \/>\nWeb:\u00a0<a href=\"http:\/\/os-visoko.com.hr\/nastava\/knjiznica\">http:\/\/os-visoko.com.hr\/nastava\/knjiznica<\/a><\/p>\n<p>Osnovna \u0161kola Izidora Poljaka Vi\u0161njica<br \/>\nDonja Vi\u0161njica 1, 42255 Donja Vi\u0161njica<br \/>\nKnji\u017eni\u010dar: Pjerino Hrva\u0107anin<br \/>\nWeb: <a title=\"http:\/\/os-ipoljaka-visnjica.skole.hr\/skola\/knjiznica\/\" href=\"http:\/\/os-ipoljaka-visnjica.skole.hr\/skola\/knjiznica\/\">http:\/\/os-ipoljaka-visnjica.skole.hr\/skola\/knjiznica\/<\/a><\/p>\n<p>Podru\u010dna \u0161kola Julijane Erd\u00f6dy Dra\u0161kovi\u0107 Cvetlin<\/p>\n<p>Katoli\u010dka osnovna \u0161kola Svete Ur\u0161ule<br \/>\nUr\u0161ulinska 1, 42000 Vara\u017edin<br \/>\nKnji\u017eni\u010darka: Irena Jozi\u0107<br \/>\nWeb: <a href=\"http:\/\/os-svete-ursule.skole.hr\/skola\/knjiznica\">http:\/\/os-svete-ursule.skole.hr\/skola\/knjiznica<\/a><\/p>\n<p>&nbsp;<\/p>\n<p>2. <strong>Srednjo\u0161kolske knji\u017enice<\/strong><\/p>\n<p>Elektrostrojarska \u0161kola<br \/>\nHallerova aleja 5, 42000 Vara\u017edin<br \/>\nKnji\u017eni\u010dari: Natalija Martinovi\u0107<br \/>\nE-po\u0161ta: <a title=\"library@ess.hr\" href=\"mailto:library@ess.hr\">library@ess.hr<\/a><\/p>\n<p>Prva gimnazija Vara\u017edin<br \/>\nP. Preradovi\u0107a 14, 42000 Vara\u017edin<br \/>\nKnji\u017eni\u010dari: Jasminka Horvati\u0107-Bedenik, Marinela Mar\u010deti\u0107<br \/>\nWeb:<a title=\" http:\/\/www.gimnazija-varazdin.skole.hr\/skola\/knjiznica\" href=\"\/\/www.gimnazija-varazdin.skole.hr\/skola\/knjiznica\"> http:\/\/www.gimnazija-varazdin.skole.hr\/skola\/knjiznica<\/a><\/p>\n<p>Druga gimnazija Vara\u017edin<br \/>\nHallerova aleja 6 a, 42000 Vara\u017edin,<br \/>\nKnji\u017eni\u010darka: Jasminka Vukovi\u0107 Vida\u010di\u0107<br \/>\nWeb: <a title=\"http:\/\/www.gimnazija-druga-vz.skole.hr\/skola\/knjiznica\" href=\"http:\/\/www.gimnazija-druga-vz.skole.hr\/skola\/knjiznica\">http:\/\/www.gimnazija-druga-vz.skole.hr\/skola\/knjiznica<\/a><\/p>\n<p>Gospodarska \u0161kola Vara\u017edin<br \/>\nUlica Bo\u017eene Plazzeriano 4, 42000 Vara\u017edin,<br \/>\nKnji\u017eni\u010darka: Barbara Dukari\u0107<br \/>\nWeb:<a title=\" http:\/\/ss-gospodarska-vz.skole.hr\/knjiznica\" href=\"\/\/ss-gospodarska-vz.skole.hr\/knjiznica\"> http:\/\/ss-gospodarska-vz.skole.hr\/knjiznica<\/a><\/p>\n<p>Graditeljska, prirodoslovna i rudarska \u0161kola Vara\u017edin<br \/>\nHallerova aleja 3, 42000 Vara\u017edin,<br \/>\nKnji\u017eni\u010darka: Elvira Gotal<br \/>\nWeb:<a title=\"http:\/\/www.rudarska.hr\/index.php?option=com_content&amp;view=article&amp;id=195&amp;Itemid=181\" href=\"http:\/\/www.rudarska.hr\/index.php?option=com_content&amp;view=article&amp;id=195&amp;Itemid=181\"> http:\/\/www.rudarska.hr\/index.php?option=com_content&amp;view=article&amp;id=195&amp;Itemid=181<\/a><\/p>\n<p>Medicinska \u0161kola Vara\u017edin<br \/>\nMe\u0111eralova ulica bb, 42000 Vara\u017edin<br \/>\nKnji\u017eni\u010darke: Kornelija Klari\u0107, Jadranka Te\u017ea\u010dki<br \/>\nWeb:<a title=\"http:\/\/www.medskvz.org\/web\/knjiznica-2\/\" href=\"http:\/\/www.medskvz.org\/web\/knjiznica-2\/\"> http:\/\/www.medskvz.org\/web\/knjiznica-2\/<\/a><\/p>\n<p>Srednja strukovna \u0161kola Vara\u017edin<br \/>\nUlica Bo\u017eene Plazzeriano 4, 42000 Vara\u017edin,<br \/>\nKnji\u017eni\u010darka: Ana Ravi\u0107<br \/>\nWeb: <a title=\"http:\/\/www.ss-strukovna-vz.skole.hr\/knjiznica\/\" href=\"http:\/\/www.ss-strukovna-vz.skole.hr\/knjiznica\/\">http:\/\/www.ss-strukovna-vz.skole.hr\/knjiznica\/<\/a><\/p>\n<p>Strojarska i prometna \u0161kola Vara\u017edin<br \/>\nHallerova aleja 3a, 42000 Vara\u017edin<br \/>\nKnji\u017eni\u010darka: Ksenija Perhaj<br \/>\nWeb: <a title=\"http:\/\/www.sips.hr\/stranice\/knjiznica.html \" href=\"http:\/\/www.sips.hr\/stranice\/knjiznica.html%20\">http:\/\/www.sips.hr\/stranice\/knjiznica.html<\/a><\/p>\n<p>U\u010deni\u010dki dom Vara\u017edin<br \/>\nHallerova aleja 2, 42000 Vara\u017edin<br \/>\nPsihologinja: Martina Cika\u010d<br \/>\nWeb: <a title=\"http:\/\/www.ucenickidom-vz.hr\/index.php?content=Knjiznica\" href=\"http:\/\/www.ucenickidom-vz.hr\/index.php?content=Knjiznica\">http:\/\/www.ucenickidom-vz.hr\/index.php?content=Knjiznica<\/a><\/p>\n<p>Srednja \u0161kola Ivanec<br \/>\nUlica Eugena Kumi\u010di\u0107a 7, 42240 Ivanec<br \/>\nKnji\u017eni\u010darka: Iskra Petak<br \/>\nWeb: <a title=\"http:\/\/ss-ivanec.skole.hr\/knjiznica1\" href=\"http:\/\/ss-ivanec.skole.hr\/knjiznica1\">http:\/\/ss-ivanec.skole.hr\/knjiznica1<\/a><\/p>\n<p>Srednja \u0161kola \u201eArboretum Opeka\u201c Mar\u010dan<br \/>\nVini\u010dka 53, Mar\u010dan,, 42207 Vinica<br \/>\nKnji\u017eni\u010dar: Silvije Premu\u0161<br \/>\nWeb: <a title=\"http:\/\/ss-arboretumopeka-marcan.skole.hr\/knjiznica\" href=\"http:\/\/ss-arboretumopeka-marcan.skole.hr\/knjiznica\">http:\/\/ss-arboretumopeka-marcan.skole.hr\/knjiznica<\/a><\/p>\n<p>Srednja \u0161kola u Maru\u0161evcu s pravom javnosti<br \/>\nMaru\u0161evec 82, 42243 Maru\u0161evec,<br \/>\nKnji\u017eni\u010dar: Darko Fil\u010di\u0107<br \/>\nWeb: <a title=\"http:\/\/ss-marusevec.skole.hr\/skola\/knjiznica\" href=\"http:\/\/ss-marusevec.skole.hr\/skola\/knjiznica\">http:\/\/ss-marusevec.skole.hr\/skola\/knjiznica<\/a><\/p>\n","protected":false},"excerpt":{"rendered":"<p>\u0160kolske knji\u017enice 1. Osnovno\u0161kolske knji\u017enice Osnovna \u0161kola Franje Serta Bednja Ulica Ljudevita Gaja 15, 42253 Bednja Knji\u017eni\u010dar: Berislav Njegovec Web: http:\/\/os-fserta-bednja.skole.hr\/skola\/knjiznica Podru\u010dna \u0161kola Josipa Jedvaja Vrbno Osnovna \u0161kola Beletinec Ulica Stjepana Radi\u0107a 4, Beletinec, 42214 Sv. Ilija Knji\u017eni\u010dar: Ivan Vincek Web: http:\/\/os-beletinec.skole.hr\/skola\/knjiznica Osnovna \u0161kola Bisag Bisag 24\/1, 42226 Bisag Knji\u017eni\u010darka: Ivan Vincek Web: http:\/\/os-bisag.skole.hr\/skola\/knjiznica Osnovna&#133;<\/p>\n","protected":false},"author":226,"featured_media":0,"parent":82,"menu_order":0,"comment_status":"closed","ping_status":"closed","template":"","meta":{"footnotes":""},"class_list":["post-264","page","type-page","status-publish","hentry"],"_links":{"self":[{"href":"https:\/\/pubweb.carnet.hr\/kdvz\/wp-json\/wp\/v2\/pages\/264","targetHints":{"allow":["GET"]}}],"collection":[{"href":"https:\/\/pubweb.carnet.hr\/kdvz\/wp-json\/wp\/v2\/pages"}],"about":[{"href":"https:\/\/pubweb.carnet.hr\/kdvz\/wp-json\/wp\/v2\/types\/page"}],"author":[{"embeddable":true,"href":"https:\/\/pubweb.carnet.hr\/kdvz\/wp-json\/wp\/v2\/users\/226"}],"replies":[{"embeddable":true,"href":"https:\/\/pubweb.carnet.hr\/kdvz\/wp-json\/wp\/v2\/comments?post=264"}],"version-history":[{"count":3,"href":"https:\/\/pubweb.carnet.hr\/kdvz\/wp-json\/wp\/v2\/pages\/264\/revisions"}],"predecessor-version":[{"id":1769,"href":"https:\/\/pubweb.carnet.hr\/kdvz\/wp-json\/wp\/v2\/pages\/264\/revisions\/1769"}],"up":[{"embeddable":true,"href":"https:\/\/pubweb.carnet.hr\/kdvz\/wp-json\/wp\/v2\/pages\/82"}],"wp:attachment":[{"href":"https:\/\/pubweb.carnet.hr\/kdvz\/wp-json\/wp\/v2\/media?parent=264"}],"curies":[{"name":"wp","href":"https:\/\/api.w.org\/{rel}","templated":true}]}}