{"id":261,"date":"2014-11-03T09:31:54","date_gmt":"2014-11-03T09:31:54","guid":{"rendered":"http:\/\/pubweb.carnet.hr\/kdvz\/?page_id=261"},"modified":"2023-09-01T10:51:29","modified_gmt":"2023-09-01T10:51:29","slug":"narodne-knjiznice","status":"publish","type":"page","link":"https:\/\/pubweb.carnet.hr\/kdvz\/galerija\/popis-knjiznica-2\/narodne-knjiznice\/","title":{"rendered":"Narodne knji\u017enice"},"content":{"rendered":"<p><strong>Narodne knji\u017enice<\/strong><\/p>\n<p>Gradska knji\u017enica i \u010ditaonica &#8220;Gustav Krklec&#8221;<br \/>\nLadislava \u0160abana 3, 42240 Ivanec<br \/>\nE-po\u0161ta: <a href=\"mailto:knjiznica.krklec@optinet.hr\">knjiznica.krklec@optinet.hr<\/a><br \/>\nWeb: <a title=\"http:\/\/www.knjiznica.hr\/ivanec\" href=\"http:\/\/www.knjiznica.hr\/ivanec\">http:\/\/www.knjiznica.hr\/ivanec<\/a><br \/>\nRavnateljica: Marina Grudeni\u0107<\/p>\n<p>Gradska knji\u017enica &#8220;Ivana Belostenca&#8221; Lepoglava<br \/>\nUl. hrvatskih pavlina 7, 42250 Lepoglava<br \/>\nE-po\u0161ta: <a href=\"mailto:knjiznica-lepoglava1@vz.t-com.hr\">knjiznica-lepoglava1@vz.t-com.hr<\/a><br \/>\nWeb: <a title=\"http:\/\/www.knjiznica.hr\/lepoglava\" href=\"http:\/\/www.knjiznica.hr\/lepoglava\">http:\/\/www.knjiznica.hr\/lepoglava<\/a><br \/>\nRavnateljica: Margareta Ge\u010dek<\/p>\n<p>Gradska knji\u017enica i \u010ditaonica &#8216;Mladen Kerstner&#8217;<br \/>\nTrg Sv. Trojstva 19, 42300 Ludbreg<br \/>\nE-po\u0161ta: <a href=\"mailto:info@knjiznica-ludbreg.hr\">info@knjiznica-ludbreg.hr<\/a> ; <a href=\"mailto:ravnatelj@knjiznica-ludbreg.hr\">ravnatelj@knjiznica-ludbreg.hr<\/a><br \/>\nWeb: <a title=\"http:\/\/www.knjiznica-ludbreg.hr\" href=\"http:\/\/www.knjiznica-ludbreg.hr\">http:\/\/www.knjiznica-ludbreg.hr<\/a><br \/>\nRavnatelj: Stjepan Stjepi\u0107<\/p>\n<p>Gradska knji\u017enica i \u010ditaonica Novi Marof<br \/>\nKralja Tomislava 16, 42220 Novi Marof<br \/>\nE-po\u0161ta: <a title=\"gknm@gknm.hr\" href=\"mailto:gknm@gknm.hr\">gknm@gknm.hr<\/a><br \/>\nWeb: <a title=\"http:\/\/www.gknm.hr\" href=\"http:\/\/www.gknm.hr\">http:\/\/www.gknm.hr<\/a><br \/>\nRavnateljica: Lidija Ze\u010devi\u0107<\/p>\n<p>Gradska knji\u017enica i \u010ditaonica &#8216;Metel O\u017eegovi\u0107&#8217;<br \/>\nFranjeva\u010dki trg 4, 42000 Vara\u017edin<br \/>\nE-po\u0161ta: <a title=\"gknjizmo@vz.t-com.hr\" href=\"mailto:gknjizmo@vz.t-com.hr\">gknjizmo@vz.t-com.hr<\/a><br \/>\nWeb:<a title=\" http:\/\/library.foi.hr\/mo\/\" href=\"\/\/library.foi.hr\/mo\/\"> http:\/\/library.foi.hr\/mo\/<\/a><br \/>\nRavnatelj: Mario \u0160o\u0161tari\u0107<\/p>\n","protected":false},"excerpt":{"rendered":"<p>Narodne knji\u017enice Gradska knji\u017enica i \u010ditaonica &#8220;Gustav Krklec&#8221; Ladislava \u0160abana 3, 42240 Ivanec E-po\u0161ta: knjiznica.krklec@optinet.hr Web: http:\/\/www.knjiznica.hr\/ivanec Ravnateljica: Marina Grudeni\u0107 Gradska knji\u017enica &#8220;Ivana Belostenca&#8221; Lepoglava Ul. hrvatskih pavlina 7, 42250 Lepoglava E-po\u0161ta: knjiznica-lepoglava1@vz.t-com.hr Web: http:\/\/www.knjiznica.hr\/lepoglava Ravnateljica: Margareta Ge\u010dek Gradska knji\u017enica i \u010ditaonica &#8216;Mladen Kerstner&#8217; Trg Sv. Trojstva 19, 42300 Ludbreg E-po\u0161ta: info@knjiznica-ludbreg.hr ; ravnatelj@knjiznica-ludbreg.hr Web:&#133;<\/p>\n","protected":false},"author":226,"featured_media":0,"parent":82,"menu_order":0,"comment_status":"closed","ping_status":"closed","template":"","meta":{"footnotes":""},"class_list":["post-261","page","type-page","status-publish","hentry"],"_links":{"self":[{"href":"https:\/\/pubweb.carnet.hr\/kdvz\/wp-json\/wp\/v2\/pages\/261","targetHints":{"allow":["GET"]}}],"collection":[{"href":"https:\/\/pubweb.carnet.hr\/kdvz\/wp-json\/wp\/v2\/pages"}],"about":[{"href":"https:\/\/pubweb.carnet.hr\/kdvz\/wp-json\/wp\/v2\/types\/page"}],"author":[{"embeddable":true,"href":"https:\/\/pubweb.carnet.hr\/kdvz\/wp-json\/wp\/v2\/users\/226"}],"replies":[{"embeddable":true,"href":"https:\/\/pubweb.carnet.hr\/kdvz\/wp-json\/wp\/v2\/comments?post=261"}],"version-history":[{"count":2,"href":"https:\/\/pubweb.carnet.hr\/kdvz\/wp-json\/wp\/v2\/pages\/261\/revisions"}],"predecessor-version":[{"id":1525,"href":"https:\/\/pubweb.carnet.hr\/kdvz\/wp-json\/wp\/v2\/pages\/261\/revisions\/1525"}],"up":[{"embeddable":true,"href":"https:\/\/pubweb.carnet.hr\/kdvz\/wp-json\/wp\/v2\/pages\/82"}],"wp:attachment":[{"href":"https:\/\/pubweb.carnet.hr\/kdvz\/wp-json\/wp\/v2\/media?parent=261"}],"curies":[{"name":"wp","href":"https:\/\/api.w.org\/{rel}","templated":true}]}}