{"id":255,"date":"2014-11-03T09:24:24","date_gmt":"2014-11-03T09:24:24","guid":{"rendered":"http:\/\/pubweb.carnet.hr\/kdvz\/?page_id=255"},"modified":"2018-04-05T13:08:07","modified_gmt":"2018-04-05T13:08:07","slug":"eticki-kodeks","status":"publish","type":"page","link":"https:\/\/pubweb.carnet.hr\/kdvz\/o-nama\/statut\/eticki-kodeks\/","title":{"rendered":"Eti\u010dki kodeks"},"content":{"rendered":"<p><strong>Eti\u010dki kodeks Hrvatskog knji\u017eni\u010darskog dru\u0161tva\u00a0<\/strong><\/p>\n<p>Eti\u010dkim kodeksom Hrvatskoga knji\u017eni\u010darskog dru\u0161tva odre\u0111uju se temeljna pravila pona\u0161anja koja obvezuju djelatnike u knji\u017eni\u010darskoj struci.<\/p>\n<p>Kodeks treba upoznati nove \u010dlanove struke s pravilima profesionalnog pona\u0161anja, podsjetiti iskusne knji\u017eni\u010dare na njihovu profesionalnu odgovornost pred javno\u0161\u0107u te potvrditi u javnosti povjerenje u struku.<\/p>\n<p>Hrvatsko knji\u017eni\u010darsko dru\u0161tvo poziva knji\u017eni\u010dne djelatnike da se u svom radu rukovode na\u010delima navedenim u ovom kodeksu:<\/p>\n<p>1. Najvi\u0161a razina profesionalnog djelovanja u skladu s odgovaraju\u0107im me\u0111unarodnim i doma\u0107im stru\u010dnim normama radi unapre\u0111ivanja knji\u017eni\u010darske djelatnosti.<br \/>\n2. Razvoj i o\u010duvanje intelektualnih sloboda pojedinaca te za\u0161tita osnovnih demokratskih na\u010dela \u0161ire dru\u0161tvene zajednice.<br \/>\n3. Priznavanje prava na znanje i neometan pristup informacijama za sve.<br \/>\n4. Dostupnost razli\u010ditih vrsta gra\u0111e i izvora za sve skupine korisnika.<br \/>\n5. Po\u0161tivanje autorskog prava.<br \/>\n6. Po\u0161tivanje privatnosti korisnika.<br \/>\n7. Za\u0161tita i promicanje doma\u0107e i svjetske kulturne ba\u0161tine.<\/p>\n<p>Knji\u017eni\u010dni djelatnici provo\u0111enje navedenih op\u0107ih na\u010dela osiguravaju kroz profesionalno djelovanje zala\u017eu\u0107i se u svom radu posebno za:<\/p>\n<p>*jednak pristup informacijama za sve korisnike bez obzira na njihova osobna obilje\u017eja, posebne potrebe, spol, nacionalnu pripadnost, vjeru, politi\u010dko opredjeljenje i dru\u0161tveni status<br \/>\n*primjenu profesionalne prosudbe, bez utjecaja politi\u010dkih, moralnih i vjerskih gledi\u0161ta ili materijalnog interesa<br \/>\n*suprotstavljanje i neprihva\u0107anje bilo kojeg oblika cenzure<br \/>\n*po\u0161tivanje prava na povjerljivost i anonimnost korisnika<br \/>\n*stalno stru\u010dno usavr\u0161avanje i do\u017eivotno u\u010denje<br \/>\n*profesionalno uklju\u010divanje u nastavni, znanstveni i kulturni \u017eivot svoje sredine<br \/>\n*suradnju i kolegijalan odnos s pripadnicima svoje i srodnih struka<br \/>\n*\u010duvanje ugleda, dostojanstva i integriteta struke.<\/p>\n<p>Hrvatsko knji\u017eni\u010darsko dru\u0161tvo osigurava svojim \u010dlanovima punu potporu u provo\u0111enju ovog Kodeksa, pru\u017eaju\u0107i im primijenjenu za\u0161titu u primjeni na\u010dela Kodeksa.<\/p>\n<p>Za primjenu i po\u0161tivanje Kodeksa nadle\u017eno je Eti\u010dko povjerenstvo u skladu sa Statutom Hrvatskoga knji\u017eni\u010darskog dru\u0161tva.<\/p>\n","protected":false},"excerpt":{"rendered":"<p>Eti\u010dki kodeks Hrvatskog knji\u017eni\u010darskog dru\u0161tva\u00a0 Eti\u010dkim kodeksom Hrvatskoga knji\u017eni\u010darskog dru\u0161tva odre\u0111uju se temeljna pravila pona\u0161anja koja obvezuju djelatnike u knji\u017eni\u010darskoj struci. Kodeks treba upoznati nove \u010dlanove struke s pravilima profesionalnog pona\u0161anja, podsjetiti iskusne knji\u017eni\u010dare na njihovu profesionalnu odgovornost pred javno\u0161\u0107u te potvrditi u javnosti povjerenje u struku. Hrvatsko knji\u017eni\u010darsko dru\u0161tvo poziva knji\u017eni\u010dne djelatnike da se&#133;<\/p>\n","protected":false},"author":226,"featured_media":0,"parent":31,"menu_order":0,"comment_status":"closed","ping_status":"closed","template":"","meta":{"footnotes":""},"class_list":["post-255","page","type-page","status-publish","hentry"],"_links":{"self":[{"href":"https:\/\/pubweb.carnet.hr\/kdvz\/wp-json\/wp\/v2\/pages\/255","targetHints":{"allow":["GET"]}}],"collection":[{"href":"https:\/\/pubweb.carnet.hr\/kdvz\/wp-json\/wp\/v2\/pages"}],"about":[{"href":"https:\/\/pubweb.carnet.hr\/kdvz\/wp-json\/wp\/v2\/types\/page"}],"author":[{"embeddable":true,"href":"https:\/\/pubweb.carnet.hr\/kdvz\/wp-json\/wp\/v2\/users\/226"}],"replies":[{"embeddable":true,"href":"https:\/\/pubweb.carnet.hr\/kdvz\/wp-json\/wp\/v2\/comments?post=255"}],"version-history":[{"count":1,"href":"https:\/\/pubweb.carnet.hr\/kdvz\/wp-json\/wp\/v2\/pages\/255\/revisions"}],"predecessor-version":[{"id":836,"href":"https:\/\/pubweb.carnet.hr\/kdvz\/wp-json\/wp\/v2\/pages\/255\/revisions\/836"}],"up":[{"embeddable":true,"href":"https:\/\/pubweb.carnet.hr\/kdvz\/wp-json\/wp\/v2\/pages\/31"}],"wp:attachment":[{"href":"https:\/\/pubweb.carnet.hr\/kdvz\/wp-json\/wp\/v2\/media?parent=255"}],"curies":[{"name":"wp","href":"https:\/\/api.w.org\/{rel}","templated":true}]}}