{"id":230,"date":"2014-11-02T16:21:05","date_gmt":"2014-11-02T16:21:05","guid":{"rendered":"http:\/\/pubweb.carnet.hr\/kdvz\/?page_id=230"},"modified":"2025-01-22T08:05:22","modified_gmt":"2025-01-22T08:05:22","slug":"tijela-drustva","status":"publish","type":"page","link":"https:\/\/pubweb.carnet.hr\/kdvz\/tijela-drustva\/","title":{"rendered":"Tijela dru\u0161tva"},"content":{"rendered":"<p>Tijela upravljanja Dru\u0161tva su:<\/p>\n<ul>\n<li><strong>Skup\u0161tina<\/strong><\/li>\n<li><strong>Predsjednik<\/strong><\/li>\n<li><strong>Potpredsjednik<\/strong><\/li>\n<li><strong>Upravni odbor<\/strong><\/li>\n<li><strong>Nadzorni odbor<\/strong><\/li>\n<\/ul>\n<p><strong>Skup\u0161tina<\/strong> je je najvi\u0161e tijelo Dru\u0161tva. Skup\u0161tinu \u010dine svi \u010dlanovi Dru\u0161tva. Ona utvr\u0111uje osnove rada ( donosi Statut Dru\u0161tva, bira predsjednika, zastupnike za Glavnu skup\u0161tinu HKD-a, razmatra izvije\u0161\u0107a i prijedloge\u2026) .<\/p>\n<p><strong>Predsjednik<\/strong> organizira i rukovodi poslovanjem Dru\u0161tva, usmjerava djelatnost i zastupa interese Dru\u0161tva. \u010clan je Glavnog odbora HKD-a. Predsjednik Dru\u0161tva ima svog zamjenika &#8211; potpredsjednika Dru\u0161tva.<\/p>\n<p><strong>Upravni odbor<\/strong> je izvr\u0161no tijelo Dru\u0161tva i najvi\u0161e tijelo upravljanja izme\u0111u dvije sjednice Skup\u0161tine. Ono ostvaruje zaklju\u010dke Skup\u0161tine, organizira i upravlja radom Dru\u0161tva, predla\u017ee Program rada, financijski plan, priprema nacrt Statuta i drugih akata, te druge poslove odre\u0111ene Statutom KDV.<\/p>\n<p><strong>Nadzorni odbor<\/strong> kontrolira zakonitost rada i financijskog poslovanja Dru\u0161tva.<\/p>\n<p>&nbsp;<\/p>\n<p><strong>\u010clanovi Upravnog odbora Dru\u0161tva u mandatnom razdoblju 2024.-2026. godine su<\/strong>:<\/p>\n<ul>\n<li>Tina Bak\u0161aj Hunjadi, predsjednica Dru\u0161tva (e-mail: tbaksaj@gmail.com)<\/li>\n<li>Zrinka Lon\u010dar, potpredsjednica Dru\u0161tva (e-mail: zhrzenja@gmail.com)<\/li>\n<li>Marina Mavrek, \u010dlan<\/li>\n<li>Barbara Dukari\u0107, \u010dlan<\/li>\n<li>Irena \u017dunec, blagajnica (e-mail: irenazunec@gmail.com)<\/li>\n<\/ul>\n<p><strong>\u010clanovi Nadzornog odbora Dru\u0161tva u mandatnom razdoblju 2024.-2026. godine su<\/strong>:<\/p>\n<ul>\n<li>Andreja Toljan, predsjednica (e-mail: andreja-4@net.hr)<\/li>\n<li>Ljiljana Hajdin, \u010dlan<\/li>\n<li>Ana Jurekovi\u0107 Crn\u010dec, \u010dlan<\/li>\n<\/ul>\n","protected":false},"excerpt":{"rendered":"<p>Tijela upravljanja Dru\u0161tva su: Skup\u0161tina Predsjednik Potpredsjednik Upravni odbor Nadzorni odbor Skup\u0161tina je je najvi\u0161e tijelo Dru\u0161tva. Skup\u0161tinu \u010dine svi \u010dlanovi Dru\u0161tva. Ona utvr\u0111uje osnove rada ( donosi Statut Dru\u0161tva, bira predsjednika, zastupnike za Glavnu skup\u0161tinu HKD-a, razmatra izvije\u0161\u0107a i prijedloge\u2026) . Predsjednik organizira i rukovodi poslovanjem Dru\u0161tva, usmjerava djelatnost i zastupa interese Dru\u0161tva. \u010clan&#133;<\/p>\n","protected":false},"author":226,"featured_media":0,"parent":0,"menu_order":0,"comment_status":"closed","ping_status":"closed","template":"","meta":{"footnotes":""},"class_list":["post-230","page","type-page","status-publish","hentry"],"_links":{"self":[{"href":"https:\/\/pubweb.carnet.hr\/kdvz\/wp-json\/wp\/v2\/pages\/230","targetHints":{"allow":["GET"]}}],"collection":[{"href":"https:\/\/pubweb.carnet.hr\/kdvz\/wp-json\/wp\/v2\/pages"}],"about":[{"href":"https:\/\/pubweb.carnet.hr\/kdvz\/wp-json\/wp\/v2\/types\/page"}],"author":[{"embeddable":true,"href":"https:\/\/pubweb.carnet.hr\/kdvz\/wp-json\/wp\/v2\/users\/226"}],"replies":[{"embeddable":true,"href":"https:\/\/pubweb.carnet.hr\/kdvz\/wp-json\/wp\/v2\/comments?post=230"}],"version-history":[{"count":2,"href":"https:\/\/pubweb.carnet.hr\/kdvz\/wp-json\/wp\/v2\/pages\/230\/revisions"}],"predecessor-version":[{"id":1669,"href":"https:\/\/pubweb.carnet.hr\/kdvz\/wp-json\/wp\/v2\/pages\/230\/revisions\/1669"}],"wp:attachment":[{"href":"https:\/\/pubweb.carnet.hr\/kdvz\/wp-json\/wp\/v2\/media?parent=230"}],"curies":[{"name":"wp","href":"https:\/\/api.w.org\/{rel}","templated":true}]}}