{"id":1779,"date":"2026-03-09T08:37:09","date_gmt":"2026-03-09T08:37:09","guid":{"rendered":"https:\/\/pubweb.carnet.hr\/kdvz\/?page_id=1779"},"modified":"2026-03-09T09:44:41","modified_gmt":"2026-03-09T09:44:41","slug":"financijski-izvjestaj-i-plan-rada","status":"publish","type":"page","link":"https:\/\/pubweb.carnet.hr\/kdvz\/financijski-izvjestaj-i-plan-rada\/","title":{"rendered":"Financijski izvje\u0161taj i plan rada"},"content":{"rendered":"\n<p><a href=\"http:\/\/pubweb.carnet.hr\/kdvz\/wp-content\/uploads\/sites\/214\/2026\/03\/Financijski-izvjestaj-KDVZ-2023.doc\">Financijski izvje\u0161taj 2023<\/a><\/p>\n\n\n\n<p><a href=\"http:\/\/pubweb.carnet.hr\/kdvz\/wp-content\/uploads\/sites\/214\/2026\/03\/Financijski-izvjestaj-KDVZ-2024.doc\">Financijski izvje\u0161taj 2024<\/a><\/p>\n\n\n\n<p><a href=\"http:\/\/pubweb.carnet.hr\/kdvz\/wp-content\/uploads\/sites\/214\/2026\/03\/Financijski-izvjestaj-KDVZ-2025.doc\">Financijski izvje\u0161taj 2025<\/a><\/p>\n\n\n\n<p><a href=\"http:\/\/pubweb.carnet.hr\/kdvz\/wp-content\/uploads\/sites\/214\/2026\/03\/Plan-rada-kdvz2025.docx\">Plan rada 2025<\/a><\/p>\n\n\n\n<p><a href=\"http:\/\/pubweb.carnet.hr\/kdvz\/wp-content\/uploads\/sites\/214\/2026\/03\/Plan-rada-kdvz2026.doc\">Plan rada 2026<\/a><\/p>\n\n\n\n<p><\/p>\n\n\n\n<p>U slu\u010daju pote\u0161ko\u0107a sve dokumente mo\u017eete preuzeti na ovoj poveznici:<\/p>\n\n\n\n<p><a href=\"https:\/\/drive.google.com\/drive\/folders\/1fBeCKOq58Sx_AUocwRUQmBW70-_8Kp8D?usp=sharing\">https:\/\/drive.google.com\/drive\/folders\/1fBeCKOq58Sx_AUocwRUQmBW70-_8Kp8D?usp=sharing<\/a><\/p>\n\n\n\n<p><\/p>\n","protected":false},"excerpt":{"rendered":"<p>Financijski izvje\u0161taj 2023 Financijski izvje\u0161taj 2024 Financijski izvje\u0161taj 2025 Plan rada 2025 Plan rada 2026 U slu\u010daju pote\u0161ko\u0107a sve dokumente mo\u017eete preuzeti na ovoj poveznici: https:\/\/drive.google.com\/drive\/folders\/1fBeCKOq58Sx_AUocwRUQmBW70-_8Kp8D?usp=sharing<\/p>\n","protected":false},"author":226,"featured_media":0,"parent":0,"menu_order":0,"comment_status":"closed","ping_status":"closed","template":"","meta":{"footnotes":""},"class_list":["post-1779","page","type-page","status-publish","hentry"],"_links":{"self":[{"href":"https:\/\/pubweb.carnet.hr\/kdvz\/wp-json\/wp\/v2\/pages\/1779","targetHints":{"allow":["GET"]}}],"collection":[{"href":"https:\/\/pubweb.carnet.hr\/kdvz\/wp-json\/wp\/v2\/pages"}],"about":[{"href":"https:\/\/pubweb.carnet.hr\/kdvz\/wp-json\/wp\/v2\/types\/page"}],"author":[{"embeddable":true,"href":"https:\/\/pubweb.carnet.hr\/kdvz\/wp-json\/wp\/v2\/users\/226"}],"replies":[{"embeddable":true,"href":"https:\/\/pubweb.carnet.hr\/kdvz\/wp-json\/wp\/v2\/comments?post=1779"}],"version-history":[{"count":1,"href":"https:\/\/pubweb.carnet.hr\/kdvz\/wp-json\/wp\/v2\/pages\/1779\/revisions"}],"predecessor-version":[{"id":1785,"href":"https:\/\/pubweb.carnet.hr\/kdvz\/wp-json\/wp\/v2\/pages\/1779\/revisions\/1785"}],"wp:attachment":[{"href":"https:\/\/pubweb.carnet.hr\/kdvz\/wp-json\/wp\/v2\/media?parent=1779"}],"curies":[{"name":"wp","href":"https:\/\/api.w.org\/{rel}","templated":true}]}}