{"id":17,"date":"2014-10-10T15:46:26","date_gmt":"2014-10-10T15:46:26","guid":{"rendered":"http:\/\/pubweb.carnet.hr\/kdvz\/?page_id=17"},"modified":"2018-10-31T06:27:37","modified_gmt":"2018-10-31T06:27:37","slug":"poslanje","status":"publish","type":"page","link":"https:\/\/pubweb.carnet.hr\/kdvz\/o-nama\/poslanje\/","title":{"rendered":"Poslanje"},"content":{"rendered":"<p>Poslanje na\u0161eg Dru\u0161tva je okupljanje i organiziranje knji\u017eni\u010dara Vara\u017edinske \u017eupanije u svrhu razvoja\u00a0 svijesti o va\u017enosti i vrijednosti knji\u017eni\u010darske struke, promicanju struke i djelatnosti u javnosti, kao i stalnog stru\u010dnog usavr\u0161avanja i obrazovanja knji\u017eni\u010dara s ciljem omogu\u0107avanja slobodnog pristupa informacija za sve.<\/p>\n","protected":false},"excerpt":{"rendered":"<p>Poslanje na\u0161eg Dru\u0161tva je okupljanje i organiziranje knji\u017eni\u010dara Vara\u017edinske \u017eupanije u svrhu razvoja\u00a0 svijesti o va\u017enosti i vrijednosti knji\u017eni\u010darske struke, promicanju struke i djelatnosti u javnosti, kao i stalnog stru\u010dnog usavr\u0161avanja i obrazovanja knji\u017eni\u010dara s ciljem omogu\u0107avanja slobodnog pristupa informacija za sve.<\/p>\n","protected":false},"author":226,"featured_media":0,"parent":11,"menu_order":0,"comment_status":"closed","ping_status":"closed","template":"","meta":{"footnotes":""},"class_list":["post-17","page","type-page","status-publish","hentry"],"_links":{"self":[{"href":"https:\/\/pubweb.carnet.hr\/kdvz\/wp-json\/wp\/v2\/pages\/17","targetHints":{"allow":["GET"]}}],"collection":[{"href":"https:\/\/pubweb.carnet.hr\/kdvz\/wp-json\/wp\/v2\/pages"}],"about":[{"href":"https:\/\/pubweb.carnet.hr\/kdvz\/wp-json\/wp\/v2\/types\/page"}],"author":[{"embeddable":true,"href":"https:\/\/pubweb.carnet.hr\/kdvz\/wp-json\/wp\/v2\/users\/226"}],"replies":[{"embeddable":true,"href":"https:\/\/pubweb.carnet.hr\/kdvz\/wp-json\/wp\/v2\/comments?post=17"}],"version-history":[{"count":3,"href":"https:\/\/pubweb.carnet.hr\/kdvz\/wp-json\/wp\/v2\/pages\/17\/revisions"}],"predecessor-version":[{"id":974,"href":"https:\/\/pubweb.carnet.hr\/kdvz\/wp-json\/wp\/v2\/pages\/17\/revisions\/974"}],"up":[{"embeddable":true,"href":"https:\/\/pubweb.carnet.hr\/kdvz\/wp-json\/wp\/v2\/pages\/11"}],"wp:attachment":[{"href":"https:\/\/pubweb.carnet.hr\/kdvz\/wp-json\/wp\/v2\/media?parent=17"}],"curies":[{"name":"wp","href":"https:\/\/api.w.org\/{rel}","templated":true}]}}