{"id":1674,"date":"2025-01-22T08:16:50","date_gmt":"2025-01-22T08:16:50","guid":{"rendered":"http:\/\/pubweb.carnet.hr\/kdvz\/?page_id=1674"},"modified":"2025-01-22T08:18:19","modified_gmt":"2025-01-22T08:18:19","slug":"kontekst-10","status":"publish","type":"page","link":"https:\/\/pubweb.carnet.hr\/kdvz\/kontekst-10\/","title":{"rendered":"Kontekst 10\/2024"},"content":{"rendered":"<p>Na poveznici mo\u017eete pro\u010ditati deseti broj Konteksta, e-\u010dasopisa Knji\u017eni\u010darskog dru\u0161tva Vara\u017edinske \u017eupanije.<\/p>\n<p><a class=\"customize-unpreviewable\" href=\"https:\/\/drive.google.com\/file\/d\/1tyuvGJfr15D_BJCAHxS3kyJWntqqXUEJ\/view\">KONTEKST 10\/2024<\/a><\/p>\n","protected":false},"excerpt":{"rendered":"<p>Na poveznici mo\u017eete pro\u010ditati deseti broj Konteksta, e-\u010dasopisa Knji\u017eni\u010darskog dru\u0161tva Vara\u017edinske \u017eupanije. KONTEKST 10\/2024<\/p>\n","protected":false},"author":226,"featured_media":0,"parent":0,"menu_order":0,"comment_status":"closed","ping_status":"closed","template":"","meta":{"footnotes":""},"class_list":["post-1674","page","type-page","status-publish","hentry"],"_links":{"self":[{"href":"https:\/\/pubweb.carnet.hr\/kdvz\/wp-json\/wp\/v2\/pages\/1674","targetHints":{"allow":["GET"]}}],"collection":[{"href":"https:\/\/pubweb.carnet.hr\/kdvz\/wp-json\/wp\/v2\/pages"}],"about":[{"href":"https:\/\/pubweb.carnet.hr\/kdvz\/wp-json\/wp\/v2\/types\/page"}],"author":[{"embeddable":true,"href":"https:\/\/pubweb.carnet.hr\/kdvz\/wp-json\/wp\/v2\/users\/226"}],"replies":[{"embeddable":true,"href":"https:\/\/pubweb.carnet.hr\/kdvz\/wp-json\/wp\/v2\/comments?post=1674"}],"version-history":[{"count":2,"href":"https:\/\/pubweb.carnet.hr\/kdvz\/wp-json\/wp\/v2\/pages\/1674\/revisions"}],"predecessor-version":[{"id":1676,"href":"https:\/\/pubweb.carnet.hr\/kdvz\/wp-json\/wp\/v2\/pages\/1674\/revisions\/1676"}],"wp:attachment":[{"href":"https:\/\/pubweb.carnet.hr\/kdvz\/wp-json\/wp\/v2\/media?parent=1674"}],"curies":[{"name":"wp","href":"https:\/\/api.w.org\/{rel}","templated":true}]}}