{"id":1604,"date":"2024-03-13T08:58:10","date_gmt":"2024-03-13T08:58:10","guid":{"rendered":"http:\/\/pubweb.carnet.hr\/kdvz\/?page_id=1604"},"modified":"2024-05-15T08:18:34","modified_gmt":"2024-05-15T08:18:34","slug":"kontekst-9-2023","status":"publish","type":"page","link":"https:\/\/pubweb.carnet.hr\/kdvz\/kontekst-9-2023\/","title":{"rendered":"Kontekst 9\/2023"},"content":{"rendered":"<p>Na poveznici mo\u017eete pro\u010ditati deveti broj Konteksta, e-\u010dasopisa Knji\u017eni\u010darskog dru\u0161tva Vara\u017edinske \u017eupanije.<\/p>\n<p><a class=\"customize-unpreviewable\" href=\"http:\/\/drive.google.com\/file\/d\/1LUV95GGz7o8y_XKA_baN3wZsZ3X9jjPh\/view?usp=sharing\">KONTEKST 9\/2023<\/a><\/p>\n","protected":false},"excerpt":{"rendered":"<p>Na poveznici mo\u017eete pro\u010ditati deveti broj Konteksta, e-\u010dasopisa Knji\u017eni\u010darskog dru\u0161tva Vara\u017edinske \u017eupanije. KONTEKST 9\/2023<\/p>\n","protected":false},"author":226,"featured_media":0,"parent":0,"menu_order":0,"comment_status":"closed","ping_status":"closed","template":"","meta":{"footnotes":""},"class_list":["post-1604","page","type-page","status-publish","hentry"],"_links":{"self":[{"href":"https:\/\/pubweb.carnet.hr\/kdvz\/wp-json\/wp\/v2\/pages\/1604","targetHints":{"allow":["GET"]}}],"collection":[{"href":"https:\/\/pubweb.carnet.hr\/kdvz\/wp-json\/wp\/v2\/pages"}],"about":[{"href":"https:\/\/pubweb.carnet.hr\/kdvz\/wp-json\/wp\/v2\/types\/page"}],"author":[{"embeddable":true,"href":"https:\/\/pubweb.carnet.hr\/kdvz\/wp-json\/wp\/v2\/users\/226"}],"replies":[{"embeddable":true,"href":"https:\/\/pubweb.carnet.hr\/kdvz\/wp-json\/wp\/v2\/comments?post=1604"}],"version-history":[{"count":2,"href":"https:\/\/pubweb.carnet.hr\/kdvz\/wp-json\/wp\/v2\/pages\/1604\/revisions"}],"predecessor-version":[{"id":1621,"href":"https:\/\/pubweb.carnet.hr\/kdvz\/wp-json\/wp\/v2\/pages\/1604\/revisions\/1621"}],"wp:attachment":[{"href":"https:\/\/pubweb.carnet.hr\/kdvz\/wp-json\/wp\/v2\/media?parent=1604"}],"curies":[{"name":"wp","href":"https:\/\/api.w.org\/{rel}","templated":true}]}}