{"id":1450,"date":"2022-10-01T07:26:39","date_gmt":"2022-10-01T07:26:39","guid":{"rendered":"http:\/\/pubweb.carnet.hr\/kdvz\/?page_id=1450"},"modified":"2022-10-01T07:28:50","modified_gmt":"2022-10-01T07:28:50","slug":"kontekst-8-2022","status":"publish","type":"page","link":"https:\/\/pubweb.carnet.hr\/kdvz\/kontekst-8-2022\/","title":{"rendered":"Kontekst 8\/2022"},"content":{"rendered":"<p>Na poveznici mo\u017eete pro\u010ditati osmi broj Konteksta, e-\u010dasopisa Knji\u017eni\u010darskog dru\u0161tva Vara\u017edinske \u017eupanije.<\/p>\n<p><a class=\"customize-unpreviewable\" href=\"https:\/\/library.foi.hr\/pdf\/web\/viewercf.php?B=1&amp;sifra=S01202&amp;god=2022&amp;broj=00008\"><span style=\"color: #ff0000\">KONTEKST 8\/2022<\/span><\/a><\/p>\n","protected":false},"excerpt":{"rendered":"<p>Na poveznici mo\u017eete pro\u010ditati osmi broj Konteksta, e-\u010dasopisa Knji\u017eni\u010darskog dru\u0161tva Vara\u017edinske \u017eupanije. KONTEKST 8\/2022<\/p>\n","protected":false},"author":226,"featured_media":0,"parent":0,"menu_order":0,"comment_status":"closed","ping_status":"closed","template":"","meta":{"footnotes":""},"class_list":["post-1450","page","type-page","status-publish","hentry"],"_links":{"self":[{"href":"https:\/\/pubweb.carnet.hr\/kdvz\/wp-json\/wp\/v2\/pages\/1450","targetHints":{"allow":["GET"]}}],"collection":[{"href":"https:\/\/pubweb.carnet.hr\/kdvz\/wp-json\/wp\/v2\/pages"}],"about":[{"href":"https:\/\/pubweb.carnet.hr\/kdvz\/wp-json\/wp\/v2\/types\/page"}],"author":[{"embeddable":true,"href":"https:\/\/pubweb.carnet.hr\/kdvz\/wp-json\/wp\/v2\/users\/226"}],"replies":[{"embeddable":true,"href":"https:\/\/pubweb.carnet.hr\/kdvz\/wp-json\/wp\/v2\/comments?post=1450"}],"version-history":[{"count":2,"href":"https:\/\/pubweb.carnet.hr\/kdvz\/wp-json\/wp\/v2\/pages\/1450\/revisions"}],"predecessor-version":[{"id":1457,"href":"https:\/\/pubweb.carnet.hr\/kdvz\/wp-json\/wp\/v2\/pages\/1450\/revisions\/1457"}],"wp:attachment":[{"href":"https:\/\/pubweb.carnet.hr\/kdvz\/wp-json\/wp\/v2\/media?parent=1450"}],"curies":[{"name":"wp","href":"https:\/\/api.w.org\/{rel}","templated":true}]}}