{"id":141,"date":"2014-10-14T18:11:56","date_gmt":"2014-10-14T18:11:56","guid":{"rendered":"http:\/\/pubweb.carnet.hr\/kdvz\/?page_id=141"},"modified":"2023-09-01T11:11:19","modified_gmt":"2023-09-01T11:11:19","slug":"galerija-2","status":"publish","type":"page","link":"https:\/\/pubweb.carnet.hr\/kdvz\/galerija\/galerija-2\/","title":{"rendered":"\u010clanovi Dru\u0161tva"},"content":{"rendered":"<p>III. \u010cLANSTVO U DRU\u0160TVU<\/p>\n<p>\u010clanak 9.<br \/>\n\u010clanom Dru\u0161tva mo\u017ee postati svaka fizi\u010dka i pravna osoba, koja je zainteresirana za rad u Dru\u0161tvu i pru\u017eanje doprinosa ostvarivanju ciljeva Dru\u0161tva sukladno Zakonu i Statutu.<br \/>\nFizi\u010dka ili pravna osoba koja je zainteresirana za prijem u \u010dlanstvo Dru\u0161tva podnosi pisani zahtjev predsjedniku Dru\u0161tva, koji isti proslje\u0111uje Upravnom odboru. \u010clanstvo se ostvaruje prihva\u0107anjem Statuta, ispunjavanjem pristupnice i pla\u0107anjem godi\u0161nje \u010dlanarine.<br \/>\nPravna osoba svoje \u010dlanstvo u Dru\u0161tvu ostvaruje putem ovla\u0161tenog predstavnika.<br \/>\n\u010clanom Dru\u0161tva mogu postati i osobe mla\u0111e od 14 godina za koje pisanu izjavu o u\u010dlanjivanju u Dru\u0161tvo daje zakonski zastupnik ili skrbnik, dok za osobe s navr\u0161enih 14 godina zakonski zastupnik ili skrbnik daje pisanu suglasnost.<br \/>\n\u010clanstvo u Dru\u0161tvu je dobrovoljno.<br \/>\n\u010clanak 10.<br \/>\n\u010clanovi mogu biti redovni i po\u010dasni.<br \/>\nPo\u010dasni \u010dlan Dru\u0161tva mo\u017ee biti pojedinac iz zemlje ili inozemstva koji je dao zna\u010dajan doprinos razvoju knji\u017enica i knji\u017eni\u010darske djelatnosti. Skup\u0161tina Dru\u0161tva na prijedlog Upravnog odbora utvr\u0111uje uvjete i postupak za prijam u po\u010dasno \u010dlanstvo. Po\u010dasni \u010dlanovi izuzeti su od pla\u0107anja \u010dlanarine.<br \/>\n\u010clanak 11.<br \/>\n\u010clanom Dru\u0161tva se postaje potpisivanjem pristupnice s datumom upisa u popis \u010dlanova koji evidentira predsjednik.<br \/>\nPopis \u010dlanova vodi se elektroni\u010dki ili na drugi prikladan na\u010din i obvezno sadr\u017ei podatke o osobnom imenu (nazivu), osobnom identifikacijskom broju (OIB), datumu ro\u0111enja, datumu pristupanja Dru\u0161tvu, kategoriji \u010dlanstva, te datumu prestanka \u010dlanstva u Dru\u0161tvu.<br \/>\nPopis \u010dlanova uvijek je dostupan na uvid svim \u010dlanovima i nadle\u017enim tijelima na njihov zahtjev.<br \/>\n\u010clanovi pla\u0107aju godi\u0161nju \u010dlanarinu, \u010diju visinu odre\u0111uje Skup\u0161tina.<br \/>\n\u010clanak 12.<br \/>\nPrava \u010dlanova su:<br \/>\naktivno sudjelovati u upravljanju poslovima Dru\u0161tva<br \/>\nbirati i biti birani u tijela upravljanja Dru\u0161tvom (samo redovni \u010dlanovi),<br \/>\nbiti birani u stru\u010dna tijela, radne skupine i povjerenstva (svi \u010dlanovi),<br \/>\nbiti informirani o aktivnostima Dru\u0161tva<br \/>\naktivno sudjelovati u provedbi aktivnosti i nadzoru rada Dru\u0161tva<br \/>\npredlagati i ostvarivati godi\u0161nje, srednjoro\u010dne ili dugoro\u010dne programe i ciljeve Dru\u0161tva (svi \u010dlanovi),<br \/>\nbiti obavije\u0161teni o radu i poslovanju Dru\u0161tva i svih njegovih upravnih tijela (svi \u010dlanovi),<br \/>\nusmeno ili pismeno davati\u00a0prijedloge, mi\u0161ljenja i primjedbe na rad Dru\u0161tva (svi \u010dlanovi).<br \/>\n\u010clanak 13.<br \/>\nObveze \u010dlanova su:<br \/>\nu obavljanju djelatnosti Dru\u0161tva po\u0161tivati odredbe zakona i ovog Statuta i drugih op\u0107ih akata Dru\u0161tva (svi \u010dlanovi),<br \/>\nredovito pla\u0107ati \u010dlanarinu (redovni \u010dlanovi),<br \/>\n\u010duvati i podizati ugled Dru\u0161tva (svi \u010dlanovi),<br \/>\npoticati u\u010dlanjivanje novih \u010dlanova (svi \u010dlanovi).<br \/>\n\u010clanak 14.<br \/>\n\u010clanstvo u udruzi prestaje:<br \/>\ndragovoljnim istupom<br \/>\nnepla\u0107anjem \u010dlanarine<br \/>\nisklju\u010denjem<br \/>\n\u010clan se bri\u0161e iz Registra \u010dlanova, ako se nakon opomene, koja se \u0161alje dvije godine nakon nepla\u0107ene \u010dlanarine, ista ne uplati.<br \/>\nSvaki \u010dlan Dru\u0161tva mo\u017ee tra\u017eiti isklju\u010denje \u010dlana koji grubo kr\u0161i kodeks pona\u0161anja, postupa suprotno odlukama Skup\u0161tine ili \u0161teti ugledu Dru\u0161tva. Odluku o isklju\u010denju \u010dlana donosi Upravni odbor glasovanjem na svojoj sjednici natpolovi\u010dnom ve\u0107inom \u010dlanova. Isklju\u010deni \u010dlan ima pravo u roku od petnaest dana, ra\u010dunaju\u0107i od dana dostave odluke, podnijeti \u017ealbu Skup\u0161tini Udruge.<br \/>\nSkup\u0161tina je du\u017ena rije\u0161iti \u017ealbu u roku 30 dana ra\u010dunaju\u0107i od dana dostave \u017ealbe. Odluka Skup\u0161tine Dru\u0161tva o isklju\u010denju je kona\u010dna.<\/p>\n<p>Iz Statuta KDV.<\/p>\n<p>&nbsp;<\/p>\n<p>&nbsp;<\/p>\n","protected":false},"excerpt":{"rendered":"<p>III. \u010cLANSTVO U DRU\u0160TVU \u010clanak 9. \u010clanom Dru\u0161tva mo\u017ee postati svaka fizi\u010dka i pravna osoba, koja je zainteresirana za rad u Dru\u0161tvu i pru\u017eanje doprinosa ostvarivanju ciljeva Dru\u0161tva sukladno Zakonu i Statutu. Fizi\u010dka ili pravna osoba koja je zainteresirana za prijem u \u010dlanstvo Dru\u0161tva podnosi pisani zahtjev predsjedniku Dru\u0161tva, koji isti proslje\u0111uje Upravnom odboru. \u010clanstvo&#133;<\/p>\n","protected":false},"author":226,"featured_media":0,"parent":132,"menu_order":3,"comment_status":"closed","ping_status":"closed","template":"","meta":{"footnotes":""},"class_list":["post-141","page","type-page","status-publish","hentry"],"_links":{"self":[{"href":"https:\/\/pubweb.carnet.hr\/kdvz\/wp-json\/wp\/v2\/pages\/141","targetHints":{"allow":["GET"]}}],"collection":[{"href":"https:\/\/pubweb.carnet.hr\/kdvz\/wp-json\/wp\/v2\/pages"}],"about":[{"href":"https:\/\/pubweb.carnet.hr\/kdvz\/wp-json\/wp\/v2\/types\/page"}],"author":[{"embeddable":true,"href":"https:\/\/pubweb.carnet.hr\/kdvz\/wp-json\/wp\/v2\/users\/226"}],"replies":[{"embeddable":true,"href":"https:\/\/pubweb.carnet.hr\/kdvz\/wp-json\/wp\/v2\/comments?post=141"}],"version-history":[{"count":2,"href":"https:\/\/pubweb.carnet.hr\/kdvz\/wp-json\/wp\/v2\/pages\/141\/revisions"}],"predecessor-version":[{"id":1527,"href":"https:\/\/pubweb.carnet.hr\/kdvz\/wp-json\/wp\/v2\/pages\/141\/revisions\/1527"}],"up":[{"embeddable":true,"href":"https:\/\/pubweb.carnet.hr\/kdvz\/wp-json\/wp\/v2\/pages\/132"}],"wp:attachment":[{"href":"https:\/\/pubweb.carnet.hr\/kdvz\/wp-json\/wp\/v2\/media?parent=141"}],"curies":[{"name":"wp","href":"https:\/\/api.w.org\/{rel}","templated":true}]}}